{"id":2765,"date":"2026-01-25T16:33:18","date_gmt":"2026-01-25T14:33:18","guid":{"rendered":"https:\/\/webs.uab.cat\/laprec\/?page_id=2765"},"modified":"2026-01-25T16:47:56","modified_gmt":"2026-01-25T14:47:56","slug":"enllacos-dinteres","status":"publish","type":"page","link":"https:\/\/webs.uab.cat\/laprec\/omec\/recursos\/enllacos-dinteres\/","title":{"rendered":"Enlla\u00e7os d&#8217;inter\u00e8s"},"content":{"rendered":"\n<p>En aquesta secci\u00f3 es troben altres enlla\u00e7os \u00fatils i interessants, a m\u00e9s d&#8217;una s\u00e8rie de documents com manuals, toolkits, declaracions, etc., disponibles directament en PDF o amb l&#8217;enlla\u00e7 de la p\u00e0gina on es poden consultar.<\/p>\n\n\n\n<hr class=\"wp-block-separator has-alpha-channel-opacity\" \/>\n\n\n\n<h3 class=\"wp-block-heading\">Recursos<\/h3>\n\n\n\n<ul class=\"wp-block-list\">\n<li><a href=\"http:\/\/www.mediosparalapaz.org\/\" target=\"_blank\" rel=\"noreferrer noopener\">Medios para la paz<\/a><\/li>\n\n\n\n<li><a href=\"http:\/\/www.communicationforsocialchange.org\/\" target=\"_blank\" rel=\"noreferrer noopener\">Consorci de Comunicaci\u00f3 per al Canvi Social<\/a><\/li>\n\n\n\n<li><a href=\"http:\/\/www.memri.org\/content\/en\/main.htm\" target=\"_blank\" rel=\"noreferrer noopener\">The Middle East Media Research Institute (MEMRI)<\/a><\/li>\n\n\n\n<li><a href=\"http:\/\/www.comminit.com\/la\/\" target=\"_blank\" rel=\"noreferrer noopener\">Iniciativa de la Comunicaci\u00f3<\/a><\/li>\n\n\n\n<li><a href=\"http:\/\/periodismohumano.com\/\" target=\"_blank\" rel=\"noreferrer noopener\">Periodismo Humano<\/a><\/li>\n\n\n\n<li><a href=\"http:\/\/www.panos.org.uk\/\" target=\"_blank\" rel=\"noreferrer noopener\">PANOS London<\/a><\/li>\n\n\n\n<li><a href=\"http:\/\/www.panosparis.org\/\" target=\"_blank\" rel=\"noreferrer noopener\">PANOS Par\u00eds<\/a><\/li>\n\n\n\n<li><a href=\"http:\/\/hdr.undp.org\/es\/informes\/mundial\/idh2010\/\" target=\"_blank\" rel=\"noreferrer noopener\">Informes sobre \u00cdndex de Desenvolupament Hum\u00e0<\/a><\/li>\n\n\n\n<li><a href=\"http:\/\/www.undp.org\/spanish\/\" target=\"_blank\" rel=\"noreferrer noopener\">PNUD<\/a><\/li>\n\n\n\n<li><a href=\"http:\/\/portal.unesco.org\/es\/\" target=\"_blank\" rel=\"noreferrer noopener\">UNESCO<\/a><\/li>\n\n\n\n<li><a href=\"http:\/\/www.devdir.org\/es\/index.html\" target=\"_blank\" rel=\"noreferrer noopener\">Directori mundial d&#8217;entitats de Desenvolupament<\/a><\/li>\n<\/ul>\n","protected":false},"excerpt":{"rendered":"<p>En aquesta secci\u00f3 es troben altres enlla\u00e7os \u00fatils i interessants, a m\u00e9s d&#8217;una s\u00e8rie de documents com manuals, toolkits, declaracions, etc., disponibles directament en PDF o amb l&#8217;enlla\u00e7 de la p\u00e0gina on es poden consultar. Recursos<\/p>\n","protected":false},"author":20,"featured_media":0,"parent":2753,"menu_order":0,"comment_status":"closed","ping_status":"closed","template":"","meta":{"footnotes":""},"class_list":["post-2765","page","type-page","status-publish","hentry"],"_links":{"self":[{"href":"https:\/\/webs.uab.cat\/laprec\/wp-json\/wp\/v2\/pages\/2765","targetHints":{"allow":["GET"]}}],"collection":[{"href":"https:\/\/webs.uab.cat\/laprec\/wp-json\/wp\/v2\/pages"}],"about":[{"href":"https:\/\/webs.uab.cat\/laprec\/wp-json\/wp\/v2\/types\/page"}],"author":[{"embeddable":true,"href":"https:\/\/webs.uab.cat\/laprec\/wp-json\/wp\/v2\/users\/20"}],"replies":[{"embeddable":true,"href":"https:\/\/webs.uab.cat\/laprec\/wp-json\/wp\/v2\/comments?post=2765"}],"version-history":[{"count":1,"href":"https:\/\/webs.uab.cat\/laprec\/wp-json\/wp\/v2\/pages\/2765\/revisions"}],"predecessor-version":[{"id":2766,"href":"https:\/\/webs.uab.cat\/laprec\/wp-json\/wp\/v2\/pages\/2765\/revisions\/2766"}],"up":[{"embeddable":true,"href":"https:\/\/webs.uab.cat\/laprec\/wp-json\/wp\/v2\/pages\/2753"}],"wp:attachment":[{"href":"https:\/\/webs.uab.cat\/laprec\/wp-json\/wp\/v2\/media?parent=2765"}],"curies":[{"name":"wp","href":"https:\/\/api.w.org\/{rel}","templated":true}]}}