{"id":2767,"date":"2026-01-25T16:33:50","date_gmt":"2026-01-25T14:33:50","guid":{"rendered":"https:\/\/webs.uab.cat\/laprec\/?page_id=2767"},"modified":"2026-01-25T16:47:56","modified_gmt":"2026-01-25T14:47:56","slug":"mitjans-democracia-i-governabilitat","status":"publish","type":"page","link":"https:\/\/webs.uab.cat\/laprec\/omec\/recursos\/mitjans-democracia-i-governabilitat\/","title":{"rendered":"Mitjans, democr\u00e0cia i governabilitat"},"content":{"rendered":"\n<p>La transpar\u00e8ncia informativa, la llibertat d&#8217;expressi\u00f3 i un sistema plural de mitjans s\u00f3n garanties democr\u00e0tiques. Desenvolupar aquest model \u00e9s, per tant, un element essencial en els projectes destinats a millorar les garanties democr\u00e0tiques d&#8217;un pa\u00eds o regi\u00f3.<\/p>\n\n\n\n<p>M\u00e9s enll\u00e0 d&#8217;aquesta formulaci\u00f3, els processos participatius, en qu\u00e8 es convida la ciutadania a expressar-se i decidir sobre el seu futur, s\u00f3n tamb\u00e9 un exercici necessari per a l&#8217;enfortiment de les institucions.<\/p>\n\n\n\n<hr class=\"wp-block-separator has-alpha-channel-opacity\" \/>\n\n\n\n<h3 class=\"wp-block-heading\">Recursos<\/h3>\n\n\n\n<ul class=\"wp-block-list\">\n<li>Postolski, G., Santucho, A., Rodr\u00edguez, D. (s.d.). <strong><a href=\"https:\/\/webs.uab.cat\/laprec\/wp-content\/uploads\/sites\/240\/2025\/11\/0076.doc\" target=\"_blank\" rel=\"noreferrer noopener\">Comunicaci\u00f3n y dependencia: los medios de comunicaci\u00f3n en el centro de la crisis<\/a><\/strong>. Buenos Aires: Universidad de Buenos Aires.<\/li>\n\n\n\n<li>Instituto Prensa y Sociedad (s.d.). <strong><a href=\"https:\/\/webs.uab.cat\/laprec\/wp-content\/uploads\/sites\/240\/2025\/11\/0078.pdf\" target=\"_blank\" rel=\"noreferrer noopener\">Del medio de comunicaci\u00f3n a la comunidad de producci\u00f3n<\/a><\/strong>. Lima: Instituto Prensa y Sociedad.<\/li>\n\n\n\n<li>Prats i Catal\u00e0, J. (2001). <strong><a href=\"https:\/\/webs.uab.cat\/laprec\/wp-content\/uploads\/sites\/240\/2025\/11\/0099.pdf\" target=\"_blank\" rel=\"noreferrer noopener\">Gobernabilidad democr\u00e1tica para el desarrollo humano. Marco conceptual y anal\u00edtico<\/a><\/strong>. Revista Instituciones y Desarrollo, n\u00ba 10. Barcelona: Institut Internacional de Governabilitat de Catalunya.<\/li>\n\n\n\n<li>U.S. Agency for International Development (2002). <strong><a href=\"https:\/\/webs.uab.cat\/laprec\/wp-content\/uploads\/sites\/240\/2025\/11\/0158.pdf\" target=\"_blank\" rel=\"noreferrer noopener\">The Enabling Environment for Free and Independent Media. Contribution to Transparent and Accountable Governance<\/a><\/strong>. Washington: USAID.<\/li>\n\n\n\n<li>COMNET-IT (2002). <strong><a href=\"https:\/\/webs.uab.cat\/laprec\/wp-content\/uploads\/sites\/240\/2025\/11\/0054.pdf\" target=\"_blank\" rel=\"noreferrer noopener\">El gobierno electr\u00f3nico: perfiles de pa\u00edses<\/a><\/strong>. Par\u00eds: UNESCO.<\/li>\n\n\n\n<li>Comissi\u00f3 Europea (2004). <strong><a href=\"https:\/\/webs.uab.cat\/laprec\/wp-content\/uploads\/sites\/240\/2025\/11\/0081.pdf\" target=\"_blank\" rel=\"noreferrer noopener\">Handbook on promoting good governance in EC development and co-operation<\/a><\/strong>. Brussel\u00b7les: EuropeAid Cooperation Office.<\/li>\n\n\n\n<li>Bessette, G. (2004). <strong><a href=\"https:\/\/webs.uab.cat\/laprec\/wp-content\/uploads\/sites\/240\/2025\/11\/0048.pdf\" target=\"_blank\" rel=\"noreferrer noopener\">Involving the Community: a Guide to Participatory Development Communication<\/a><\/strong>. Canad\u00e0: International Development Research Centre.<\/li>\n\n\n\n<li>Mill\u00e1n, R., Gordon, S. (2004). <strong><a href=\"https:\/\/webs.uab.cat\/laprec\/wp-content\/uploads\/sites\/240\/2025\/11\/0075.pdf\" target=\"_blank\" rel=\"noreferrer noopener\">Capital social: una lectura de tres perspectivas cl\u00e1sicas<\/a><\/strong>. Revista Mexicana de Sociolog\u00eda, any 66, n\u00fam. 4.<\/li>\n\n\n\n<li>Malena, C. (2004). <strong><a href=\"https:\/\/webs.uab.cat\/laprec\/wp-content\/uploads\/sites\/240\/2025\/11\/0085.pdf\" target=\"_blank\" rel=\"noreferrer noopener\">Social Accountability. An Introduction to the Concept and emerging Practice<\/a><\/strong>. Washington: The World Bank.<\/li>\n\n\n\n<li>COSUDE (2004). <strong><a href=\"https:\/\/webs.uab.cat\/laprec\/wp-content\/uploads\/sites\/240\/2025\/11\/0051.pdf\" target=\"_blank\" rel=\"noreferrer noopener\">Informaci\u00f3n y gobernabilidad<\/a><\/strong>. Berna: COSUDE.<\/li>\n\n\n\n<li>COSUDE (2004). <strong><a href=\"https:\/\/webs.uab.cat\/laprec\/wp-content\/uploads\/sites\/240\/2025\/11\/0053.pdf\" target=\"_blank\" rel=\"noreferrer noopener\">Medios de Comunicaci\u00f3n y Gobernabilidad<\/a><\/strong>. Berna: COSUDE.<\/li>\n\n\n\n<li>VV.AA. (2005). <strong><a href=\"https:\/\/webs.uab.cat\/laprec\/wp-content\/uploads\/sites\/240\/2025\/11\/0094.pdf\" target=\"_blank\" rel=\"noreferrer noopener\">Libertad de prensa, medios y gobernabilidad<\/a><\/strong>. Butllet\u00ed de l&#8217;oficina regional de ci\u00e8ncia per a Am\u00e8rica Llatina i el Carib, maig\/juny 2005. UNESCO.<\/li>\n\n\n\n<li>UNESCO (2005). <strong><a href=\"https:\/\/webs.uab.cat\/laprec\/wp-content\/uploads\/sites\/240\/2025\/11\/0138.pdf\" target=\"_blank\" rel=\"noreferrer noopener\">e-Government Toolkit for Developing Countries<\/a><\/strong>. Par\u00eds: UNESCO.<\/li>\n\n\n\n<li>Corner, L. (2005). <strong><a href=\"https:\/\/webs.uab.cat\/laprec\/wp-content\/uploads\/sites\/240\/2025\/11\/0098.pdf\" target=\"_blank\" rel=\"noreferrer noopener\">Gender-sensitive and Pro-poor. Indicators of Good Governance<\/a><\/strong>. Oslo: PNUD.<\/li>\n\n\n\n<li>Azzarello, V. (2005). <strong><a href=\"https:\/\/webs.uab.cat\/laprec\/wp-content\/uploads\/sites\/240\/2025\/11\/0047.pdf\" target=\"_blank\" rel=\"noreferrer noopener\">Report on Mapping UNDP&#8217;s e-Governance Projects<\/a><\/strong>. Oslo: PNUD.<\/li>\n\n\n\n<li>Hilbert, M. (2005). <strong><a href=\"https:\/\/webs.uab.cat\/laprec\/wp-content\/uploads\/sites\/240\/2025\/11\/0087.pdf\" target=\"_blank\" rel=\"noreferrer noopener\">Development Trends and Challenges For Local e-Governments: Evidence From Municipalities in Chile and Peru<\/a><\/strong>. Santiago de Xile: ONU.<\/li>\n\n\n\n<li>VV.AA. (2005). <strong><a href=\"https:\/\/webs.uab.cat\/laprec\/wp-content\/uploads\/sites\/240\/2025\/11\/0046.pdf\" target=\"_blank\" rel=\"noreferrer noopener\">Global e-government. Readiness report 2005<\/a><\/strong>. Nova York: ONU.<\/li>\n\n\n\n<li>Strand, T. (2005). <strong><a href=\"https:\/\/webs.uab.cat\/laprec\/wp-content\/uploads\/sites\/240\/2025\/11\/0102.pdf\" target=\"_blank\" rel=\"noreferrer noopener\">A Guide to Civil Society Organizations working on Democratic Governance<\/a><\/strong>. Oslo: PNUD.<\/li>\n\n\n\n<li>Trelles Cruz, M.E. (2006). <strong><a href=\"https:\/\/webs.uab.cat\/laprec\/wp-content\/uploads\/sites\/240\/2025\/11\/0103.pdf\" target=\"_blank\" rel=\"noreferrer noopener\">Medios de comunicaci\u00f3n y gobernabilidad. Escenarios de interdependencia en la comunicaci\u00f3n pol\u00edtica<\/a><\/strong>. UNIrevista, vol. 1, n\u00ba 3. San Leopoldo (Brasil): Universidade do Vale do Rio dos Sinos.<\/li>\n\n\n\n<li>OEA (2006). <strong><a href=\"https:\/\/webs.uab.cat\/laprec\/wp-content\/uploads\/sites\/240\/2025\/11\/0077.doc\" target=\"_blank\" rel=\"noreferrer noopener\">Declaraci\u00f3n de Santo Domingo: gobernabilidad y desarrollo en la sociedad del conocimiento<\/a><\/strong>. Santo Domingo: OEA.<\/li>\n<\/ul>\n","protected":false},"excerpt":{"rendered":"<p>La transpar\u00e8ncia informativa, la llibertat d&#8217;expressi\u00f3 i un sistema plural de mitjans s\u00f3n garanties democr\u00e0tiques. Desenvolupar aquest model \u00e9s, per tant, un element essencial en els projectes destinats a millorar les garanties democr\u00e0tiques d&#8217;un pa\u00eds o regi\u00f3. M\u00e9s enll\u00e0 d&#8217;aquesta formulaci\u00f3, els processos participatius, en qu\u00e8 es convida la ciutadania a expressar-se i decidir sobre [&hellip;]<\/p>\n","protected":false},"author":20,"featured_media":0,"parent":2753,"menu_order":0,"comment_status":"closed","ping_status":"closed","template":"","meta":{"footnotes":""},"class_list":["post-2767","page","type-page","status-publish","hentry"],"_links":{"self":[{"href":"https:\/\/webs.uab.cat\/laprec\/wp-json\/wp\/v2\/pages\/2767","targetHints":{"allow":["GET"]}}],"collection":[{"href":"https:\/\/webs.uab.cat\/laprec\/wp-json\/wp\/v2\/pages"}],"about":[{"href":"https:\/\/webs.uab.cat\/laprec\/wp-json\/wp\/v2\/types\/page"}],"author":[{"embeddable":true,"href":"https:\/\/webs.uab.cat\/laprec\/wp-json\/wp\/v2\/users\/20"}],"replies":[{"embeddable":true,"href":"https:\/\/webs.uab.cat\/laprec\/wp-json\/wp\/v2\/comments?post=2767"}],"version-history":[{"count":1,"href":"https:\/\/webs.uab.cat\/laprec\/wp-json\/wp\/v2\/pages\/2767\/revisions"}],"predecessor-version":[{"id":2768,"href":"https:\/\/webs.uab.cat\/laprec\/wp-json\/wp\/v2\/pages\/2767\/revisions\/2768"}],"up":[{"embeddable":true,"href":"https:\/\/webs.uab.cat\/laprec\/wp-json\/wp\/v2\/pages\/2753"}],"wp:attachment":[{"href":"https:\/\/webs.uab.cat\/laprec\/wp-json\/wp\/v2\/media?parent=2767"}],"curies":[{"name":"wp","href":"https:\/\/api.w.org\/{rel}","templated":true}]}}