{"id":2908,"date":"2026-01-25T22:11:39","date_gmt":"2026-01-25T20:11:39","guid":{"rendered":"https:\/\/webs.uab.cat\/laprec\/?page_id=2908"},"modified":"2026-01-25T22:12:29","modified_gmt":"2026-01-25T20:12:29","slug":"tic-per-al-desenvolupament","status":"publish","type":"page","link":"https:\/\/webs.uab.cat\/laprec\/omec\/recursos\/tic-per-al-desenvolupament\/","title":{"rendered":"TIC per al desenvolupament"},"content":{"rendered":"\n<p>El desenvolupament de les Tecnologies de la Informaci\u00f3 i la Comunicaci\u00f3 (TIC), ha suposat un augment en quantitat i qualitat de les possibilitats comunicatives. Per\u00f2 els beneficis del desenvolupament t\u00e8cnic s&#8217;ha donat principalment en el m\u00f3n desenvolupat, i han quedat al marge els col\u00b7lectius m\u00e9s pobres.<\/p>\n\n\n\n<p>L&#8217;acc\u00e9s a aquestes tecnologies marca avui en dia una frontera entre aquelles persones que poden relacionar-se i comunicar-se amb normalitat i les que queden a\u00efllades. Un a\u00efllament que dificulta l&#8217;acc\u00e9s a serveis, oportunitats laborals o al desenvolupament de la salut.<\/p>\n\n\n\n<hr class=\"wp-block-separator has-alpha-channel-opacity\" \/>\n\n\n\n<h3 class=\"wp-block-heading\">Recursos<\/h3>\n\n\n\n<ul class=\"wp-block-list\">\n<li>Information Technologies Group, (2000), <strong><a href=\"https:\/\/webs.uab.cat\/laprec\/wp-content\/uploads\/sites\/240\/2025\/11\/0167-1.pdf\" target=\"_blank\" rel=\"noreferrer noopener\">Readiness for the Networked World. A Guide for Developing Countries<\/a><\/strong>, Cambridge, Information Technologies Group.<\/li>\n\n\n\n<li>Geerts, A., van Oeyen, V., (2001), <strong><a href=\"https:\/\/webs.uab.cat\/laprec\/wp-content\/uploads\/sites\/240\/2025\/11\/0137-1.pdf\" target=\"_blank\" rel=\"noreferrer noopener\">La radio popular frente al nuevo siglo: estudio de vigencia e incidencia<\/a><\/strong>, Quito, Asociaci\u00f3n Latinoamericana de Educaci\u00f3n Radiof\u00f3nica.<\/li>\n\n\n\n<li>Global e-Sustainability Initiative, (2002), <strong><a href=\"https:\/\/webs.uab.cat\/laprec\/wp-content\/uploads\/sites\/240\/2025\/11\/0132-1.pdf\" target=\"_blank\" rel=\"noreferrer noopener\">Industry as a partner for sustainable development: Information and Communications Technology<\/a><\/strong>, London, UNEP.<\/li>\n\n\n\n<li>VV.AA., (2003), <strong><a href=\"https:\/\/webs.uab.cat\/laprec\/wp-content\/uploads\/sites\/240\/2025\/11\/0014-1.pdf\" target=\"_blank\" rel=\"noreferrer noopener\">Information and Communication Technology (ICT) in Poverty Reduction Strategy<\/a><\/strong>, Par\u00eds, OCDE.<\/li>\n\n\n\n<li>UNESCO, (2003), <strong><a href=\"https:\/\/webs.uab.cat\/laprec\/wp-content\/uploads\/sites\/240\/2025\/11\/0171-1.pdf\" target=\"_blank\" rel=\"noreferrer noopener\">Diversit\u00e9 culturelle et linguistique dans la soci\u00e9t\u00e9 de l&#8217;information<\/a><\/strong>, Par\u00eds, UNESCO.<\/li>\n\n\n\n<li>Thioune, R. M. (ed), (2003), <strong><a href=\"https:\/\/webs.uab.cat\/laprec\/wp-content\/uploads\/sites\/240\/2025\/11\/0002-1.pdf\" target=\"_blank\" rel=\"noreferrer noopener\">Information and Communication Technologies for Development in Africa (vol.1, Opportunities and Challenges for Community Development)<\/a><\/strong>, Dakar, International Research Development Center.<\/li>\n\n\n\n<li>Rodes, J-M., Piejut, G., Plas, E., (2003), <strong><a href=\"https:\/\/webs.uab.cat\/laprec\/wp-content\/uploads\/sites\/240\/2025\/11\/0164-1.pdf\" target=\"_blank\" rel=\"noreferrer noopener\">La memoire de la Soci\u00e9t\u00e9 de l&#8217;Information<\/a><\/strong>, Par\u00eds, UNESCO.<\/li>\n\n\n\n<li>Minges, M., (2003), <strong><a href=\"https:\/\/webs.uab.cat\/laprec\/wp-content\/uploads\/sites\/240\/2025\/11\/0065-1.pdf\" target=\"_blank\" rel=\"noreferrer noopener\">Informe sobre el desarrollo mundial de las telecomunicaciones 2003<\/a><\/strong>, Ginebra, Uni\u00f3n Internacional de Telecomunicaciones.<\/li>\n\n\n\n<li>OCDE, (2003), <strong><a href=\"https:\/\/webs.uab.cat\/laprec\/wp-content\/uploads\/sites\/240\/2025\/11\/0063-1.pdf\" target=\"_blank\" rel=\"noreferrer noopener\">Donor ICT Strategies Matrix<\/a><\/strong>, Par\u00eds, OCDE.<\/li>\n\n\n\n<li>Gerster, R., Zimmermann, S., (2003), <strong><a href=\"https:\/\/webs.uab.cat\/laprec\/wp-content\/uploads\/sites\/240\/2025\/11\/0061-1.pdf\" target=\"_blank\" rel=\"noreferrer noopener\">Information and Communication Technologies (ICTs) and Poverty Reduction in Sub Saharan Africa<\/a><\/strong>, Richterswil, Gerster Consulting.<\/li>\n\n\n\n<li>Zachary, P., (2004), <strong><a href=\"https:\/\/webs.uab.cat\/laprec\/wp-content\/uploads\/sites\/240\/2025\/11\/0060-1.pdf\" target=\"_blank\" rel=\"noreferrer noopener\">Black Star: Ghana, Information Technology and Development in Africa<\/a><\/strong>, Columbia, Columbia University.<\/li>\n\n\n\n<li>Bigs, P., Dabbou, A., (2005), <strong><a href=\"https:\/\/webs.uab.cat\/laprec\/wp-content\/uploads\/sites\/240\/2025\/11\/0059-1.pdf\" target=\"_blank\" rel=\"noreferrer noopener\">The Digital Divide: ICT Development Indices 2004<\/a><\/strong>, Ginebra, ONU.<\/li>\n\n\n\n<li>Batchelor, S., Scott, N., (2005), <strong><a href=\"https:\/\/webs.uab.cat\/laprec\/wp-content\/uploads\/sites\/240\/2025\/11\/0057-1.pdf\" target=\"_blank\" rel=\"noreferrer noopener\">Good Practice Paper on ICT&#8217;s for Economic Growth and Poverty Reduction<\/a><\/strong>, Par\u00eds, OCDE.<\/li>\n\n\n\n<li>Surman, M., Reilly, K., (2005), <strong><a href=\"https:\/\/webs.uab.cat\/laprec\/wp-content\/uploads\/sites\/240\/2025\/11\/0064-1.pdf\" target=\"_blank\" rel=\"noreferrer noopener\">Apropiarse de Internet para el cambio social<\/a><\/strong>, Bilbao, Hegoa.<\/li>\n\n\n\n<li>Villatoro, P., Silva, A., (2005), <strong><a href=\"https:\/\/webs.uab.cat\/laprec\/wp-content\/uploads\/sites\/240\/2025\/11\/0096-1.pdf\" target=\"_blank\" rel=\"noreferrer noopener\">Estrategias, programas y experiencias de superaci\u00f3n de la brecha digital y universalizaci\u00f3n del acceso a las nuevas tecnolog\u00edas de la informaci\u00f3n y la comunicaci\u00f3n<\/a><\/strong>, Santiago de Chile, ONU.<\/li>\n\n\n\n<li>Fundaci\u00f3n Bip-Bip, (2005), <strong><a href=\"https:\/\/webs.uab.cat\/laprec\/wp-content\/uploads\/sites\/240\/2025\/11\/0123-1.pdf\" target=\"_blank\" rel=\"noreferrer noopener\">Estudio de diagn\u00f3stico sobre el nivel de utilizaci\u00f3n de las TIC en las entidades no lucrativas de acci\u00f3n social que trabajan en pro de la inserci\u00f3n laboral en Espa\u00f1a<\/a><\/strong>, Madrid, Fundaci\u00f3n Bip-Bip.<\/li>\n\n\n\n<li>de Funes, S. (ed), (2006), <strong><a href=\"https:\/\/webs.uab.cat\/laprec\/wp-content\/uploads\/sites\/240\/2025\/11\/0069-1.pdf\" target=\"_blank\" rel=\"noreferrer noopener\">Gu\u00eda para la incorporaci\u00f3n de las TIC en la Cooperaci\u00f3n espa\u00f1ola<\/a><\/strong>, Madrid, Ministerio de Asuntos Exteriores y Cooperaci\u00f3n.<\/li>\n\n\n\n<li>Panos London, (2006), <strong><a href=\"https:\/\/webs.uab.cat\/laprec\/wp-content\/uploads\/sites\/240\/2025\/11\/0070-1.pdf\" target=\"_blank\" rel=\"noreferrer noopener\">Going the last mile: what&#8217;s stopping a wireless revolution?<\/a><\/strong>, London, Panos London.<\/li>\n\n\n\n<li>Souter, D., (2007), <strong><a href=\"https:\/\/webs.uab.cat\/laprec\/wp-content\/uploads\/sites\/240\/2025\/11\/0067-1.pdf\" target=\"_blank\" rel=\"noreferrer noopener\">\u00bfDe qui\u00e9n es la cumbre? \u00bfDe qui\u00e9n es la sociedad de la informaci\u00f3n?<\/a><\/strong>, &#8220;s.l.&#8221;, Asociaci\u00f3n para el Progreso de las Comunicaciones.<\/li>\n\n\n\n<li>Pekkala, L., Johnston, W., (2007), <strong><a href=\"https:\/\/webs.uab.cat\/laprec\/wp-content\/uploads\/sites\/240\/2025\/11\/0062-1.pdf\" target=\"_blank\" rel=\"noreferrer noopener\">BENEDICT: Benchmarking European Development Cooperation (via) ITC<\/a><\/strong>, Rovaniemi, University of Lapland.<\/li>\n\n\n\n<li>Giner, F., Berrios, O., (2007), <strong><a href=\"https:\/\/webs.uab.cat\/laprec\/wp-content\/uploads\/sites\/240\/2025\/11\/0125-1.pdf\" target=\"_blank\" rel=\"noreferrer noopener\">Herramientas y buenas pr\u00e1cticas para las organizaciones no lucrativas en el uso de las tecnolog\u00edas de la informaci\u00f3n y la comunicaci\u00f3n<\/a><\/strong>, &#8220;s.l.&#8221;, Fundaci\u00f3n Chandra.<\/li>\n\n\n\n<li>International Telecomunication Union, (2008), <strong><a href=\"https:\/\/webs.uab.cat\/laprec\/wp-content\/uploads\/sites\/240\/2025\/11\/0136-1.pdf\" target=\"_blank\" rel=\"noreferrer noopener\">Report on the World Summit on the Information Society Stocktaking<\/a><\/strong>, Ginebra, International Communication Union.<\/li>\n\n\n\n<li>Panos London, (2008), <strong><a href=\"https:\/\/webs.uab.cat\/laprec\/wp-content\/uploads\/sites\/240\/2025\/11\/0071-1.pdf\" target=\"_blank\" rel=\"noreferrer noopener\">Better connected \u2013 empowering people through communications technology<\/a><\/strong>, London, Panos London.<\/li>\n\n\n\n<li>Travieso, J.L., Planella, J., (2008), <strong><a href=\"https:\/\/webs.uab.cat\/laprec\/wp-content\/uploads\/sites\/240\/2025\/11\/0066-1.pdf\" target=\"_blank\" rel=\"noreferrer noopener\">La alfabetizaci\u00f3n digital como factor de inclusi\u00f3n social: una mirada cr\u00edtica<\/a><\/strong>, &#8220;s.l.&#8221;, UOC.<\/li>\n\n\n\n<li>Kanti Sen, B. (ed), (2009), <strong><a href=\"https:\/\/webs.uab.cat\/laprec\/wp-content\/uploads\/sites\/240\/2025\/11\/0119-1.pdf\" target=\"_blank\" rel=\"noreferrer noopener\">Digital Archiving of Audio Content: Using WINISIS and Greenstone Software<\/a><\/strong>, &#8220;s.l.&#8221;, UNESCO.<\/li>\n\n\n\n<li>Garc\u00eda Gago, S., (2010), <strong><a href=\"https:\/\/webs.uab.cat\/laprec\/wp-content\/uploads\/sites\/240\/2025\/11\/0183-1.pdf\" target=\"_blank\" rel=\"noreferrer noopener\">Manual para Radialistas Analfat\u00e9cnicos<\/a><\/strong>, Quito, UNESCO.<\/li>\n\n\n\n<li>Rab, A. (ed.), (2010), <strong><a href=\"https:\/\/webs.uab.cat\/laprec\/wp-content\/uploads\/sites\/240\/2025\/11\/0185-1.pdf\" target=\"_blank\" rel=\"noreferrer noopener\">Information Society Policies. Annual World Report 2009<\/a><\/strong>, s.l., UNESCO.<\/li>\n\n\n\n<li>International Telecomunication Union, (2011), <strong><a href=\"https:\/\/webs.uab.cat\/laprec\/wp-content\/uploads\/sites\/240\/2025\/11\/0186.pdf\" target=\"_blank\" rel=\"noreferrer noopener\">Measuring the Information Society. 2011<\/a><\/strong>, Ginebra, ITU.<\/li>\n<\/ul>\n","protected":false},"excerpt":{"rendered":"<p>El desenvolupament de les Tecnologies de la Informaci\u00f3 i la Comunicaci\u00f3 (TIC), ha suposat un augment en quantitat i qualitat de les possibilitats comunicatives. Per\u00f2 els beneficis del desenvolupament t\u00e8cnic s&#8217;ha donat principalment en el m\u00f3n desenvolupat, i han quedat al marge els col\u00b7lectius m\u00e9s pobres. L&#8217;acc\u00e9s a aquestes tecnologies marca avui en dia una [&hellip;]<\/p>\n","protected":false},"author":30,"featured_media":0,"parent":2753,"menu_order":0,"comment_status":"closed","ping_status":"closed","template":"","meta":{"footnotes":""},"class_list":["post-2908","page","type-page","status-publish","hentry"],"_links":{"self":[{"href":"https:\/\/webs.uab.cat\/laprec\/wp-json\/wp\/v2\/pages\/2908","targetHints":{"allow":["GET"]}}],"collection":[{"href":"https:\/\/webs.uab.cat\/laprec\/wp-json\/wp\/v2\/pages"}],"about":[{"href":"https:\/\/webs.uab.cat\/laprec\/wp-json\/wp\/v2\/types\/page"}],"author":[{"embeddable":true,"href":"https:\/\/webs.uab.cat\/laprec\/wp-json\/wp\/v2\/users\/30"}],"replies":[{"embeddable":true,"href":"https:\/\/webs.uab.cat\/laprec\/wp-json\/wp\/v2\/comments?post=2908"}],"version-history":[{"count":2,"href":"https:\/\/webs.uab.cat\/laprec\/wp-json\/wp\/v2\/pages\/2908\/revisions"}],"predecessor-version":[{"id":2912,"href":"https:\/\/webs.uab.cat\/laprec\/wp-json\/wp\/v2\/pages\/2908\/revisions\/2912"}],"up":[{"embeddable":true,"href":"https:\/\/webs.uab.cat\/laprec\/wp-json\/wp\/v2\/pages\/2753"}],"wp:attachment":[{"href":"https:\/\/webs.uab.cat\/laprec\/wp-json\/wp\/v2\/media?parent=2908"}],"curies":[{"name":"wp","href":"https:\/\/api.w.org\/{rel}","templated":true}]}}