{"id":151,"date":"2013-12-13T12:01:14","date_gmt":"2013-12-13T12:01:14","guid":{"rendered":"https:\/\/webs.uab.cat\/laqu\/projects\/"},"modified":"2023-03-12T20:13:17","modified_gmt":"2023-03-12T20:13:17","slug":"projects","status":"publish","type":"page","link":"https:\/\/webs.uab.cat\/laqu\/en\/projects\/","title":{"rendered":"Projects"},"content":{"rendered":"\n<p><strong><strong>011-2013&nbsp;<\/strong><\/strong>PADICAT. Patrimoni Arqueol\u00f2gic Digital de Catalunya, Fundaci\u00f3 La Caixa, programa RecerCaixa 2010 (2010ACUP00165),&nbsp;Investigador principal:&nbsp;Barcel\u00f3 Alvarez, Juan Antonio<\/p>\n\n\n\n<p><strong>2011-2013 <\/strong>Agencia Nacional de Promoci\u00f3n Cient\u00edfica y Tecnol\u00f3gica. PICT 2011-0776: <em>Poblamiento y movilidad en espacios discontinuos: ca\u00f1ad\u00f3n del Tordillo (Neuqu\u00e9n) y arroyo Comallo (R\u00edo Negro). Aportes de la Arqueolog\u00eda a la construcci\u00f3n de 10000 a\u00f1os de historia regional y a la protecci\u00f3n y al manejo del patrimonio cultural<\/em>. Investigador responsable: Mabel Fern\u00e1ndez. Universidad de Buenos Aires.<\/p>\n\n\n\n<p><strong>2010- 2015 <\/strong><strong><em>Social and environmental transitions: Simulating the past to understand human behaviour (SimulPast).<\/em><\/strong><strong>Financiaci\u00f3n: Ministerio de&nbsp; Ciencia e Innovaci\u00f3n <em>Programa Ingenio 2010-Consolider<\/em> <\/strong><strong>(<\/strong><strong>CSD2010-00034<\/strong><strong>). <\/strong><span style=\"line-height: 20.799999237060547px;\">Coordinador: Marco Madella (Instituci\u00f3 Mil\u00e0 i Fontanals, CSIC). Grup 6, Investigador principal: Juan A. Barcel\u00f3 (UAB).<\/span><\/p>\n\n\n\n<p><strong>2009-2013<\/strong> <em>AGREST: Arqueolog\u00eda de la gesti\u00f3 dels Recursos Socials i Territori.<\/em> Entidad Financiadora: AGAUR (SGR 734 52170407J). Grups de Recerca dela Generalitat de Catalunya reconeguts finan\u00e7ats. Investigadora Responsable: Piqu\u00e9 Huerta, Raquel, Universidad Aut\u00f3noma de Barcelona, CSIC.<\/p>\n\n\n\n<p><strong>2009<\/strong><span style=\"line-height: 20.799999237060547px;\">&#8211;<\/span><strong>2012<\/strong><em>Experimentaci\u00f3n y Desarrollo de T\u00e9cnicas Avanzadas de Inteligencia Artificial para la Simulaci\u00f3n Computacional de la Din\u00e1mica Social y la Evoluci\u00f3n Hist\u00f3rica.<\/em><span style=\"line-height: 20.799999237060547px;\"> Entidad Financiadora: Programa Nacional de Investigaci\u00f3n Fundamental, Plan Nacional de I+D+i. Investigador Responsable: Joan Ant\u00f3n Barcel\u00f3 \u00c1lvarez (UAB-CONICET).<\/span><\/p>\n","protected":false},"excerpt":{"rendered":"<p>011-2013&nbsp;PADICAT. Patrimoni Arqueol\u00f2gic Digital de Catalunya, Fundaci\u00f3 La Caixa, programa RecerCaixa 2010 (2010ACUP00165),&nbsp;Investigador principal:&nbsp;Barcel\u00f3 Alvarez, Juan Antonio 2011-2013 Agencia Nacional de Promoci\u00f3n Cient\u00edfica y Tecnol\u00f3gica. PICT 2011-0776: Poblamiento y movilidad en espacios discontinuos: ca\u00f1ad\u00f3n del Tordillo (Neuqu\u00e9n) y arroyo Comallo (R\u00edo Negro). Aportes de la Arqueolog\u00eda a la construcci\u00f3n de 10000 a\u00f1os de historia regional [&hellip;]<\/p>\n","protected":false},"author":20,"featured_media":0,"parent":0,"menu_order":0,"comment_status":"closed","ping_status":"closed","template":"","meta":{"footnotes":""},"class_list":["post-151","page","type-page","status-publish","hentry"],"_links":{"self":[{"href":"https:\/\/webs.uab.cat\/laqu\/en\/wp-json\/wp\/v2\/pages\/151","targetHints":{"allow":["GET"]}}],"collection":[{"href":"https:\/\/webs.uab.cat\/laqu\/en\/wp-json\/wp\/v2\/pages"}],"about":[{"href":"https:\/\/webs.uab.cat\/laqu\/en\/wp-json\/wp\/v2\/types\/page"}],"author":[{"embeddable":true,"href":"https:\/\/webs.uab.cat\/laqu\/en\/wp-json\/wp\/v2\/users\/20"}],"replies":[{"embeddable":true,"href":"https:\/\/webs.uab.cat\/laqu\/en\/wp-json\/wp\/v2\/comments?post=151"}],"version-history":[{"count":1,"href":"https:\/\/webs.uab.cat\/laqu\/en\/wp-json\/wp\/v2\/pages\/151\/revisions"}],"predecessor-version":[{"id":430,"href":"https:\/\/webs.uab.cat\/laqu\/en\/wp-json\/wp\/v2\/pages\/151\/revisions\/430"}],"wp:attachment":[{"href":"https:\/\/webs.uab.cat\/laqu\/en\/wp-json\/wp\/v2\/media?parent=151"}],"curies":[{"name":"wp","href":"https:\/\/api.w.org\/{rel}","templated":true}]}}