{"id":113,"date":"2009-05-25T13:30:47","date_gmt":"2009-05-25T13:30:47","guid":{"rendered":"https:\/\/webs.uab.cat\/laqu\/quienes-somos\/"},"modified":"2023-03-12T19:56:19","modified_gmt":"2023-03-12T19:56:19","slug":"quienes-somos","status":"publish","type":"page","link":"https:\/\/webs.uab.cat\/laqu\/es\/quienes-somos\/","title":{"rendered":"Qui\u00e9nes somos"},"content":{"rendered":"\n<p>PAGINA EN PREPARACI\u00d3N<\/p>\n\n\n\n<p>Los datos arqueol\u00f3gicos, por tanto, no son cosas que se atesoran, sino medidas de la realidad. La variabilidad tambi\u00e9n debe ser medida, como una propiedad cuantitativa que es. La variabilidad es la caracter\u00edstica fundamental que posee la medida de una cierta propiedad en un conjunto de individuos, y seg\u00fan la cual, las medidas obtenidas son diferentes de un individuo a otro.<\/p>\n\n\n\n<figure class=\"wp-block-image size-full\"><img loading=\"lazy\" decoding=\"async\" width=\"700\" height=\"100\" src=\"https:\/\/webs.uab.cat\/laqu\/wp-content\/uploads\/sites\/380\/2013\/05\/700_100px-Mathematical_equa.jpg\" alt=\"\" class=\"wp-image-171\" srcset=\"https:\/\/webs.uab.cat\/laqu\/wp-content\/uploads\/sites\/380\/2013\/05\/700_100px-Mathematical_equa.jpg 700w, https:\/\/webs.uab.cat\/laqu\/wp-content\/uploads\/sites\/380\/2013\/05\/700_100px-Mathematical_equa-300x43.jpg 300w\" sizes=\"auto, (max-width: 700px) 100vw, 700px\" \/><\/figure>\n","protected":false},"excerpt":{"rendered":"<p>PAGINA EN PREPARACI\u00d3N Los datos arqueol\u00f3gicos, por tanto, no son cosas que se atesoran, sino medidas de la realidad. La variabilidad tambi\u00e9n debe ser medida, como una propiedad cuantitativa que es. La variabilidad es la caracter\u00edstica fundamental que posee la medida de una cierta propiedad en un conjunto de individuos, y seg\u00fan la cual, las [&hellip;]<\/p>\n","protected":false},"author":20,"featured_media":0,"parent":0,"menu_order":0,"comment_status":"closed","ping_status":"closed","template":"","meta":{"footnotes":""},"class_list":["post-113","page","type-page","status-publish","hentry"],"_links":{"self":[{"href":"https:\/\/webs.uab.cat\/laqu\/es\/wp-json\/wp\/v2\/pages\/113","targetHints":{"allow":["GET"]}}],"collection":[{"href":"https:\/\/webs.uab.cat\/laqu\/es\/wp-json\/wp\/v2\/pages"}],"about":[{"href":"https:\/\/webs.uab.cat\/laqu\/es\/wp-json\/wp\/v2\/types\/page"}],"author":[{"embeddable":true,"href":"https:\/\/webs.uab.cat\/laqu\/es\/wp-json\/wp\/v2\/users\/20"}],"replies":[{"embeddable":true,"href":"https:\/\/webs.uab.cat\/laqu\/es\/wp-json\/wp\/v2\/comments?post=113"}],"version-history":[{"count":1,"href":"https:\/\/webs.uab.cat\/laqu\/es\/wp-json\/wp\/v2\/pages\/113\/revisions"}],"predecessor-version":[{"id":414,"href":"https:\/\/webs.uab.cat\/laqu\/es\/wp-json\/wp\/v2\/pages\/113\/revisions\/414"}],"wp:attachment":[{"href":"https:\/\/webs.uab.cat\/laqu\/es\/wp-json\/wp\/v2\/media?parent=113"}],"curies":[{"name":"wp","href":"https:\/\/api.w.org\/{rel}","templated":true}]}}