{"id":115,"date":"2009-05-25T13:31:33","date_gmt":"2009-05-25T13:31:33","guid":{"rendered":"https:\/\/webs.uab.cat\/laqu\/nuestros-objetivos\/"},"modified":"2023-03-12T19:57:20","modified_gmt":"2023-03-12T19:57:20","slug":"nuestros-objetivos","status":"publish","type":"page","link":"https:\/\/webs.uab.cat\/laqu\/es\/nuestros-objetivos\/","title":{"rendered":"Nuestros objetivos"},"content":{"rendered":"\n<p>La tarea de arque\u00f3logos y arque\u00f3logas no es tanto descubrir y desenterrar artefactos, como medir ciertos efectos de la conducta humana que tuvieron lugar en el pasado. Y tal como hemos visto, s\u00f3lo hay cinco maneras gen\u00e9ricas de medir cuerpos s\u00f3lidos: teniendo en cuenta su tama\u00f1o, su forma, su textura, su composici\u00f3n y\/o su localizaci\u00f3n en el espacio y en el tiempo. M\u00e1s importante que las medidas individuales ser\u00e1n las relaciones entre ellas. Durante mucho tiempo arque\u00f3logos y arque\u00f3logas han permanecido absolutamente ajenos\/as a esta cuesti\u00f3n. O bien no se les ocurr\u00eda que sus datos arqueol\u00f3gicos pod\u00edan ser interpretados con ayuda de m\u00e9todos matem\u00e1ticos, o bien negaban expl\u00edcitamente esa posibilidad, creyendo que lo \u00fanico que hab\u00eda que hacer era encontrar una fecha para los cacharros que desenterraban. En los \u00faltimos a\u00f1os, sin embargo, son muchas las investigadoras e investigadores que han descubierto la necesidad de sustituir explicaciones tradicionales por estudios m\u00e1s completos que pretenden averiguar la causa social de la variabilidad material observada.<\/p>\n\n\n\n<p><span style=\"line-height: 20px;\">El objetivo del <strong>LAQU<\/strong> no es otro que integrar y coordinar labores de investigaci\u00f3n en esta direcci\u00f3n. El laboratorio nace con la idea de dar a conocer los trabajos realizados por los profesionales de la Universidad Aut\u00f3noma de Barcelona, pero tambi\u00e9n como grupo vertebrador y aval de esfuerzos de innovaci\u00f3n en muchas direcciones: <\/span><\/p>\n\n\n\n<p><span style=\"line-height: 20px;\">An\u00e1lisis de la Forma,<\/span><span style=\"line-height: 20px;\">Textura y composici\u00f3n de los observables arqueol\u00f3gicos, <\/span><\/p>\n\n\n\n<p><span style=\"line-height: 20px;\">Estad\u00edstica, <\/span><\/p>\n\n\n\n<p><span style=\"line-height: 20px;\">Inteligencia Artificial, <\/span><\/p>\n\n\n\n<p><span style=\"line-height: 20px;\">Miner\u00eda de datos arqueol\u00f3gicos, <\/span><\/p>\n\n\n\n<p><span style=\"line-height: 20px;\">An\u00e1lisis Espacial y temporal, <\/span><\/p>\n\n\n\n<p><span style=\"line-height: 20px;\">Sistemas de Informaci\u00f3n Geogr\u00e1ficos, <\/span><\/p>\n\n\n\n<p><span style=\"line-height: 20px;\">Dise\u00f1o de bases de datos y Ontolog\u00edas, <\/span><\/p>\n\n\n\n<p><span style=\"line-height: 20px;\">Visualizaci\u00f3n, Infograf\u00eda y Realidad Virtual. <\/span><\/p>\n\n\n\n<p><span style=\"line-height: 20px;\">Todas esas teor\u00edas, t\u00e9cnicas y tecnolog\u00edas han sido abordadas por&nbsp; arque\u00f3logos y arque\u00f3logas de los departamentos de Prehistoria y de Ciencias de la Antig\u00fcedad y de la Edad Media, tanto profesores como j\u00f3venes investigadores e investigadoras y estudiantes. Muchas publicaciones han sido el resultado de esos esfuerzos, libros, monograf\u00edas, tesis doctorales, art\u00edculos, trabajos de investigaci\u00f3n. Es nuestro prop\u00f3sito que el laboratorio de Arqueolog\u00eda Quantitativa contribuya a dar a conocer esos trabajos, as\u00ed como todas las innovadoras l\u00edneas de investigaci\u00f3n actualmente en curso. Al mismo tiempo queremos facilitar el acceso a las tecnolog\u00edas tanto a estudiantes como a profesionales en el \u00e1mbito de la arqueolog\u00eda, historia, historia del arte, antropolog\u00eda, geograf\u00eda, ciencias ambientales, etc. El Laboratorio es un espacio de integraci\u00f3n, de desarrollo, de innovaci\u00f3n, de puesta en pr\u00e1ctica, de formaci\u00f3n y transferencia del conocimiento, y por tanto est\u00e1 abierto a todos y a todas.<\/span><\/p>\n\n\n\n<p>Las matem\u00e1ticas en arqueolog\u00eda no sustituyen a las palabras, sino les proporcionan la base cient\u00edfica y nos permiten ir m\u00e1s all\u00e1 de capacidades de descripci\u00f3n verbal. Los n\u00fameros describen aspectos que los sustantivos, los adjetivos y los verbos no pueden. Por su especificidad, esta manera de trabajar requiere de herramientas espec\u00edficas (ordenadores, programas) no siempre accesibles. Esperamos que arque\u00f3logos profesionales, estudiantes de arqueolog\u00eda e historia, aficionados a estos temas encuentren aquello que necesitan en los conocimientos, materiales, programas inform\u00e1ticos y otra infraestructura facilitados por los\/las que trabajamos en el laboratorio.<\/p>\n\n\n\n<figure class=\"wp-block-image size-full\"><img loading=\"lazy\" decoding=\"async\" width=\"700\" height=\"100\" src=\"https:\/\/webs.uab.cat\/laqu\/wp-content\/uploads\/sites\/380\/2013\/05\/700_100px-Mathematical_equa.jpg\" alt=\"\" class=\"wp-image-171\" srcset=\"https:\/\/webs.uab.cat\/laqu\/wp-content\/uploads\/sites\/380\/2013\/05\/700_100px-Mathematical_equa.jpg 700w, https:\/\/webs.uab.cat\/laqu\/wp-content\/uploads\/sites\/380\/2013\/05\/700_100px-Mathematical_equa-300x43.jpg 300w\" sizes=\"auto, (max-width: 700px) 100vw, 700px\" \/><\/figure>\n\n\n\n<p><a href=\"http:\/\/webs.uab.cat\/laqu\/es\/inici\">Inicio<\/a><\/p>\n\n\n\n<p><a href=\"http:\/\/webs.uab.cat\/laqu\/es\/historia-del-grupo\">Historia del Grupo<\/a><\/p>\n\n\n\n<p><a href=\"https:\/\/webs.uab.cat\/laqu\/es\/quienes-somos\/\" data-type=\"page\" data-id=\"113\">Qui\u00e9nes somos<\/a><\/p>\n\n\n\n<p><a href=\"https:\/\/webs.uab.cat\/laqu\/es\/donde-encontrarnos\/\" data-type=\"page\" data-id=\"117\">Donde encontrarnos<\/a><\/p>\n","protected":false},"excerpt":{"rendered":"<p>La tarea de arque\u00f3logos y arque\u00f3logas no es tanto descubrir y desenterrar artefactos, como medir ciertos efectos de la conducta humana que tuvieron lugar en el pasado. Y tal como hemos visto, s\u00f3lo hay cinco maneras gen\u00e9ricas de medir cuerpos s\u00f3lidos: teniendo en cuenta su tama\u00f1o, su forma, su textura, su composici\u00f3n y\/o su localizaci\u00f3n [&hellip;]<\/p>\n","protected":false},"author":20,"featured_media":0,"parent":0,"menu_order":0,"comment_status":"closed","ping_status":"closed","template":"","meta":{"footnotes":""},"class_list":["post-115","page","type-page","status-publish","hentry"],"_links":{"self":[{"href":"https:\/\/webs.uab.cat\/laqu\/es\/wp-json\/wp\/v2\/pages\/115","targetHints":{"allow":["GET"]}}],"collection":[{"href":"https:\/\/webs.uab.cat\/laqu\/es\/wp-json\/wp\/v2\/pages"}],"about":[{"href":"https:\/\/webs.uab.cat\/laqu\/es\/wp-json\/wp\/v2\/types\/page"}],"author":[{"embeddable":true,"href":"https:\/\/webs.uab.cat\/laqu\/es\/wp-json\/wp\/v2\/users\/20"}],"replies":[{"embeddable":true,"href":"https:\/\/webs.uab.cat\/laqu\/es\/wp-json\/wp\/v2\/comments?post=115"}],"version-history":[{"count":1,"href":"https:\/\/webs.uab.cat\/laqu\/es\/wp-json\/wp\/v2\/pages\/115\/revisions"}],"predecessor-version":[{"id":415,"href":"https:\/\/webs.uab.cat\/laqu\/es\/wp-json\/wp\/v2\/pages\/115\/revisions\/415"}],"wp:attachment":[{"href":"https:\/\/webs.uab.cat\/laqu\/es\/wp-json\/wp\/v2\/media?parent=115"}],"curies":[{"name":"wp","href":"https:\/\/api.w.org\/{rel}","templated":true}]}}