{"id":119,"date":"2009-05-25T13:07:54","date_gmt":"2009-05-25T13:07:54","guid":{"rendered":"https:\/\/webs.uab.cat\/laqu\/inici-2\/"},"modified":"2023-03-12T19:55:06","modified_gmt":"2023-03-12T19:55:06","slug":"inici-2","status":"publish","type":"page","link":"https:\/\/webs.uab.cat\/laqu\/es\/","title":{"rendered":"Inicio"},"content":{"rendered":"\n<figure class=\"wp-block-image size-full\"><img loading=\"lazy\" decoding=\"async\" width=\"700\" height=\"100\" src=\"https:\/\/webs.uab.cat\/laqu\/wp-content\/uploads\/sites\/380\/2013\/05\/700_100px-Mathematical_equa.jpg\" alt=\"\" class=\"wp-image-171\" srcset=\"https:\/\/webs.uab.cat\/laqu\/wp-content\/uploads\/sites\/380\/2013\/05\/700_100px-Mathematical_equa.jpg 700w, https:\/\/webs.uab.cat\/laqu\/wp-content\/uploads\/sites\/380\/2013\/05\/700_100px-Mathematical_equa-300x43.jpg 300w\" sizes=\"auto, (max-width: 700px) 100vw, 700px\" \/><\/figure>\n\n\n\n<p><span style=\"line-height: 20px;\"><\/span><span style=\"line-height: 20px;\">Aunque la mayor\u00eda de arque\u00f3logos y arque\u00f3logas no lo crea, la arqueolog\u00eda es una disciplina matem\u00e1tica (seg\u00fan dijo en su d\u00eda <\/span><a href=\"http:\/\/en.wikipedia.org\/wiki\/David_L._Clarke\">David Clarke<\/a><span style=\"line-height: 20px;\">), en pie de igualdad con la qu\u00edmica, la f\u00edsica, etc. Es decir, para resolver problemas arqueol\u00f3gicos debemos utilizar m\u00e9todos de razonamiento desarrollados en lenguaje matem\u00e1tico.<\/span><\/p>\n\n\n\n<p>Desde hace m\u00e1s de 20 a\u00f1os, profesorado y personal de investigaci\u00f3n de la <a href=\"http:\/\/www.uab.cat\/\">Universidad Aut\u00f3noma de Barcelona<\/a> trabaja en <strong>m\u00e9todos cuantitativos y aplicaciones inform\u00e1ticas en arqueolog\u00eda<\/strong>. Nuestro objetivo ha sido siempre descubrir<\/p>\n\n\n\n<p><strong>qu\u00e9<span style=\"line-height: 20px; background-color: #ffffff;\">&nbsp; <\/span><span style=\"line-height: 20px; background-color: #ffffff;\">tipos de acci\u00f3n social pueden ponerse en relaci\u00f3n con conjuntos espec\u00edficos de observables arqueol\u00f3gicos. Es decir, qu\u00e9 efectos materiales produjo la acci\u00f3n social y de qu\u00e9 manera podemos \u201creconstruirla\u201d partiendo de la observaci\u00f3n de esos efectos,<\/span><\/strong><\/p>\n\n\n\n<p><strong>por qu\u00e9<span style=\"line-height: 20px; background-color: #ffffff;\">&nbsp;la acci\u00f3n social en cuesti\u00f3n se produjo en el pasado, cambi\u00f3 o&nbsp; permaneci\u00f3 estable. Es decir, por qu\u00e9 var\u00edan a lo largo del tiempo y\/o del espacio los efectos materiales de la acci\u00f3n social.<\/span><\/strong><\/p>\n\n\n\n<p><span style=\"line-height: 20px;\">Los datos arqueol\u00f3gicos, por tanto, no son cosas que se atesoran, sino medidas de la realidad. La variabilidad tambi\u00e9n debe ser medida, como una propiedad cuantitativa que es. La variabilidad es la caracter\u00edstica fundamental que posee la medida de una cierta propiedad en un conjunto de individuos, y seg\u00fan la cual, las medidas obtenidas son diferentes de un individuo a otro.<\/span><\/p>\n\n\n\n<p><a href=\"http:\/\/webs.uab.cat\/laqu\/es\/historia-del-grupo\">Historia del Grupo<\/a><\/p>\n\n\n\n<p><a href=\"https:\/\/webs.uab.cat\/laqu\/es\/quienes-somos\/\" data-type=\"page\" data-id=\"113\">Qui\u00e9nes somos<\/a><\/p>\n\n\n\n<p><a href=\"http:\/\/webs.uab.cat\/laqu\/es\/nuestros-objetivos\">Nuestros objetivos<\/a><\/p>\n\n\n\n<p><a href=\"https:\/\/webs.uab.cat\/laqu\/es\/donde-encontrarnos\/\" data-type=\"page\" data-id=\"117\">Donde encontrarnos<\/a><\/p>\n","protected":false},"excerpt":{"rendered":"<p>Aunque la mayor\u00eda de arque\u00f3logos y arque\u00f3logas no lo crea, la arqueolog\u00eda es una disciplina matem\u00e1tica (seg\u00fan dijo en su d\u00eda David Clarke), en pie de igualdad con la qu\u00edmica, la f\u00edsica, etc. Es decir, para resolver problemas arqueol\u00f3gicos debemos utilizar m\u00e9todos de razonamiento desarrollados en lenguaje matem\u00e1tico. Desde hace m\u00e1s de 20 a\u00f1os, profesorado [&hellip;]<\/p>\n","protected":false},"author":20,"featured_media":0,"parent":0,"menu_order":0,"comment_status":"closed","ping_status":"closed","template":"","meta":{"footnotes":""},"class_list":["post-119","page","type-page","status-publish","hentry"],"_links":{"self":[{"href":"https:\/\/webs.uab.cat\/laqu\/es\/wp-json\/wp\/v2\/pages\/119","targetHints":{"allow":["GET"]}}],"collection":[{"href":"https:\/\/webs.uab.cat\/laqu\/es\/wp-json\/wp\/v2\/pages"}],"about":[{"href":"https:\/\/webs.uab.cat\/laqu\/es\/wp-json\/wp\/v2\/types\/page"}],"author":[{"embeddable":true,"href":"https:\/\/webs.uab.cat\/laqu\/es\/wp-json\/wp\/v2\/users\/20"}],"replies":[{"embeddable":true,"href":"https:\/\/webs.uab.cat\/laqu\/es\/wp-json\/wp\/v2\/comments?post=119"}],"version-history":[{"count":1,"href":"https:\/\/webs.uab.cat\/laqu\/es\/wp-json\/wp\/v2\/pages\/119\/revisions"}],"predecessor-version":[{"id":412,"href":"https:\/\/webs.uab.cat\/laqu\/es\/wp-json\/wp\/v2\/pages\/119\/revisions\/412"}],"wp:attachment":[{"href":"https:\/\/webs.uab.cat\/laqu\/es\/wp-json\/wp\/v2\/media?parent=119"}],"curies":[{"name":"wp","href":"https:\/\/api.w.org\/{rel}","templated":true}]}}