{"id":140,"date":"2013-05-07T13:16:28","date_gmt":"2013-05-07T13:16:28","guid":{"rendered":"https:\/\/webs.uab.cat\/laqu\/gestio-de-dades\/"},"modified":"2023-03-12T19:09:49","modified_gmt":"2023-03-12T19:09:49","slug":"gestio-de-dades","status":"publish","type":"page","link":"https:\/\/webs.uab.cat\/laqu\/gestio-de-dades\/","title":{"rendered":"Gesti\u00f3 de Dades"},"content":{"rendered":"\n<p>Tota la investigaci\u00f3 arqueol\u00f2gica dep\u00e8n de les dades, i aquestes dades han de prendre forma digital per tal de ser utilitzades en diferents operacions d&#8217;an\u00e0lisi computacional. Avui en dia, les dades en format inform\u00e0tic s&#8217;utilitzen extensivament en arqueologia. No obstant aix\u00f2, l&#8217;acceptaci\u00f3 de les t\u00e8cniques inform\u00e0tiques resol una part dels problemes de gesti\u00f3 de dades, i obre un munt d&#8217;altres noves. Tot i que les dades digitals ja son una realitat de la pr\u00e0ctica arqueol\u00f2gica quotidiana, encara podem veure perman\u00e8ncia dels h\u00e0bits adquirits en l&#8217;aplicaci\u00f3 primerenca i tenir les seues conseq\u00fc\u00e8ncies. Aquesta documentaci\u00f3 &#8220;assistida per ordinador&#8221; produeix conjunts de dades mal estructurats, pitjor formalitzats i completament a\u00efllats, que en la majoria dels casos no serveixen per a res m\u00e9s que reproduir digitalment els vells calaixos plens d\u2019arxius impresos de documentaci\u00f3 arqueol\u00f2gica. Quan hem de fer servir aquest tipus de dades en qualsevol proc\u00e9s explicatiu, aquestes defici\u00e8ncies esdevenen agudament problem\u00e0tiques.<\/p>\n\n\n\n<p>En LAQU definim la Gesti\u00f3 de dades com un camp d&#8217;investigaci\u00f3 ampli, i sota aquest nom de camp abordem diverses l\u00ednies espec\u00edfiques que s&#8217;haurien d&#8217;integrar en un sistema inclusiu. La informaci\u00f3 no \u00e9s coneixement, per\u00f2 el coneixement \u00e9s impossible sense informaci\u00f3. El marc computacional en la qual la informaci\u00f3 i el coneixement poden interactuar \u00e9s un marc generatiu en el qual la gesti\u00f3 de dades i la creaci\u00f3 de coneixement estan integrats en una mateixa tasca. Hem anomenat aquest marc <a title=\"Telearchaeology\" href=\"http:\/\/telearchaeology.org\" target=\"_blank\" rel=\"noopener\">Telearqueologia<\/a> (Barcel\u00f3, Bogdanovic, Piqu\u00e9 2004) i ho hem definit com a conjunt de conceptes, solucions i eines per a la integraci\u00f3 i la manipulaci\u00f3 de les dades heterogenis distribu\u00efts en la WWW, amb l&#8217;objectiu de generar coneixement arqueol\u00f2gic. A trav\u00e9s de diferents projectes de recerca ens centrem en el desenvolupament del registre de dades en treball de camp, estructuraci\u00f3 de bases de dades, la formalitzaci\u00f3 de dades, emmagatzematge de dades (data warehousing), integraci\u00f3 de dades, ontologia i relacions sem\u00e0ntiques, mineria de dades per al descobriment de les relacions significatives, i representaci\u00f3 de les dades.<\/p>\n","protected":false},"excerpt":{"rendered":"<p>Tota la investigaci\u00f3 arqueol\u00f2gica dep\u00e8n de les dades, i aquestes dades han de prendre forma digital per tal de ser utilitzades en diferents operacions d&#8217;an\u00e0lisi computacional. Avui en dia, les dades en format inform\u00e0tic s&#8217;utilitzen extensivament en arqueologia. No obstant aix\u00f2, l&#8217;acceptaci\u00f3 de les t\u00e8cniques inform\u00e0tiques resol una part dels problemes de gesti\u00f3 de dades, [&hellip;]<\/p>\n","protected":false},"author":20,"featured_media":0,"parent":0,"menu_order":0,"comment_status":"closed","ping_status":"closed","template":"","meta":{"footnotes":""},"class_list":["post-140","page","type-page","status-publish","hentry"],"_links":{"self":[{"href":"https:\/\/webs.uab.cat\/laqu\/wp-json\/wp\/v2\/pages\/140","targetHints":{"allow":["GET"]}}],"collection":[{"href":"https:\/\/webs.uab.cat\/laqu\/wp-json\/wp\/v2\/pages"}],"about":[{"href":"https:\/\/webs.uab.cat\/laqu\/wp-json\/wp\/v2\/types\/page"}],"author":[{"embeddable":true,"href":"https:\/\/webs.uab.cat\/laqu\/wp-json\/wp\/v2\/users\/20"}],"replies":[{"embeddable":true,"href":"https:\/\/webs.uab.cat\/laqu\/wp-json\/wp\/v2\/comments?post=140"}],"version-history":[{"count":1,"href":"https:\/\/webs.uab.cat\/laqu\/wp-json\/wp\/v2\/pages\/140\/revisions"}],"predecessor-version":[{"id":379,"href":"https:\/\/webs.uab.cat\/laqu\/wp-json\/wp\/v2\/pages\/140\/revisions\/379"}],"wp:attachment":[{"href":"https:\/\/webs.uab.cat\/laqu\/wp-json\/wp\/v2\/media?parent=140"}],"curies":[{"name":"wp","href":"https:\/\/api.w.org\/{rel}","templated":true}]}}