{"id":145,"date":"2013-12-11T10:00:04","date_gmt":"2013-12-11T10:00:04","guid":{"rendered":"https:\/\/webs.uab.cat\/laqu\/aplicacions-tic-en-el-patrimoni-arqueologic\/"},"modified":"2023-03-12T19:10:00","modified_gmt":"2023-03-12T19:10:00","slug":"aplicacions-tic-en-el-patrimoni-arqueologic","status":"publish","type":"page","link":"https:\/\/webs.uab.cat\/laqu\/aplicacions-tic-en-el-patrimoni-arqueologic\/","title":{"rendered":"Aplicacions TIC en el patrimoni arqueol\u00f2gic"},"content":{"rendered":"\n<p>Les Tecnologies de la Informaci\u00f3 i Comunicaci\u00f3 (TIC) han millorat tamb\u00e9 el nostre potencial per explicar jaciments i paisatges arqueol\u00f2gics a un p\u00fablic ampli. Des d&#8217;una imatge de Realitat Virtual en 3D que proporciona una completa reconstrucci\u00f3 d&#8217;un edifici tal vegada completament perdut &#8211; i fins i tot la seva evoluci\u00f3 cronol\u00f2gica en fases &#8211; a un SIG que proporcioni informaci\u00f3 multim\u00e8dia relacionada amb una localitzaci\u00f3 georeferenciada. La nostra recerca inclou la creaci\u00f3 d&#8217;aquestes aplicacions que poden tenir una localitzaci\u00f3 fixa en Museus o Centres d&#8217;Interpretaci\u00f3 propers a parcs arqueol\u00f2gics aix\u00ed com en el mateix jaciment com a centres d&#8217;informaci\u00f3. La pres\u00e8ncia d&#8217;Internet i de la tecnologia m\u00f2bil ha obert noves possibilitats per oferir contingut multim\u00e8dia tant en interiors com en exteriors. A part de les aplicacions TIC, la nostra recerca inclou avaluar aquests projectes en termes econ\u00f2mics, t\u00e8cnics i did\u00e0ctics, aix\u00ed com la resposta del p\u00fablic.<\/p>\n","protected":false},"excerpt":{"rendered":"<p>Les Tecnologies de la Informaci\u00f3 i Comunicaci\u00f3 (TIC) han millorat tamb\u00e9 el nostre potencial per explicar jaciments i paisatges arqueol\u00f2gics a un p\u00fablic ampli. Des d&#8217;una imatge de Realitat Virtual en 3D que proporciona una completa reconstrucci\u00f3 d&#8217;un edifici tal vegada completament perdut &#8211; i fins i tot la seva evoluci\u00f3 cronol\u00f2gica en fases &#8211; [&hellip;]<\/p>\n","protected":false},"author":20,"featured_media":0,"parent":0,"menu_order":0,"comment_status":"closed","ping_status":"closed","template":"","meta":{"footnotes":""},"class_list":["post-145","page","type-page","status-publish","hentry"],"_links":{"self":[{"href":"https:\/\/webs.uab.cat\/laqu\/wp-json\/wp\/v2\/pages\/145","targetHints":{"allow":["GET"]}}],"collection":[{"href":"https:\/\/webs.uab.cat\/laqu\/wp-json\/wp\/v2\/pages"}],"about":[{"href":"https:\/\/webs.uab.cat\/laqu\/wp-json\/wp\/v2\/types\/page"}],"author":[{"embeddable":true,"href":"https:\/\/webs.uab.cat\/laqu\/wp-json\/wp\/v2\/users\/20"}],"replies":[{"embeddable":true,"href":"https:\/\/webs.uab.cat\/laqu\/wp-json\/wp\/v2\/comments?post=145"}],"version-history":[{"count":1,"href":"https:\/\/webs.uab.cat\/laqu\/wp-json\/wp\/v2\/pages\/145\/revisions"}],"predecessor-version":[{"id":380,"href":"https:\/\/webs.uab.cat\/laqu\/wp-json\/wp\/v2\/pages\/145\/revisions\/380"}],"wp:attachment":[{"href":"https:\/\/webs.uab.cat\/laqu\/wp-json\/wp\/v2\/media?parent=145"}],"curies":[{"name":"wp","href":"https:\/\/api.w.org\/{rel}","templated":true}]}}