{"id":82,"date":"2025-01-07T20:24:01","date_gmt":"2025-01-07T18:24:01","guid":{"rendered":"https:\/\/webs.uab.cat\/latpe\/?page_id=82"},"modified":"2025-03-03T17:39:20","modified_gmt":"2025-03-03T15:39:20","slug":"on-som","status":"publish","type":"page","link":"https:\/\/webs.uab.cat\/latpe\/latpe\/on-som\/","title":{"rendered":"On som?"},"content":{"rendered":"\n<p><strong>Laboratori de Tecnologia Prehist\u00f2rica Experimental (LATPE)<\/strong><br><br>Ens trobareu a:<br><br>M\u00f2dul BM3 &#8211; Departament de Prehist\u00f2ria<br>Facultat de Filosofia i Lletres<br>Universitat Aut\u00f2noma de Barcelona (UAB)<br>08193 &#8211; Bellaterra<br>Barcelona<br><br>Tel\u00e8fon de contacte: +34 935811958<br><\/p>\n\n\n\n<figure class=\"wp-block-image size-full\"><img loading=\"lazy\" decoding=\"async\" width=\"593\" height=\"281\" src=\"https:\/\/webs.uab.cat\/latpe\/wp-content\/uploads\/sites\/592\/2025\/03\/image-2.png\" alt=\"\" class=\"wp-image-176\" srcset=\"https:\/\/webs.uab.cat\/latpe\/wp-content\/uploads\/sites\/592\/2025\/03\/image-2.png 593w, https:\/\/webs.uab.cat\/latpe\/wp-content\/uploads\/sites\/592\/2025\/03\/image-2-300x142.png 300w\" sizes=\"auto, (max-width: 593px) 100vw, 593px\" \/><\/figure>\n\n\n\n<p><a href=\"https:\/\/maps.app.goo.gl\/zWw7EtFFfjEGgsmL6\" data-type=\"link\" data-id=\"https:\/\/maps.app.goo.gl\/zWw7EtFFfjEGgsmL6\">Localitzaci\u00f3 Google Maps<\/a><br><\/p>\n","protected":false},"excerpt":{"rendered":"<p>Laboratori de Tecnologia Prehist\u00f2rica Experimental (LATPE) Ens trobareu a: M\u00f2dul BM3 &#8211; Departament de Prehist\u00f2riaFacultat de Filosofia i LletresUniversitat Aut\u00f2noma de Barcelona (UAB)08193 &#8211; BellaterraBarcelona Tel\u00e8fon de contacte: +34 935811958 Localitzaci\u00f3 Google Maps<\/p>\n","protected":false},"author":2996,"featured_media":0,"parent":2,"menu_order":2,"comment_status":"closed","ping_status":"closed","template":"","meta":{"footnotes":""},"class_list":["post-82","page","type-page","status-publish","hentry"],"_links":{"self":[{"href":"https:\/\/webs.uab.cat\/latpe\/wp-json\/wp\/v2\/pages\/82","targetHints":{"allow":["GET"]}}],"collection":[{"href":"https:\/\/webs.uab.cat\/latpe\/wp-json\/wp\/v2\/pages"}],"about":[{"href":"https:\/\/webs.uab.cat\/latpe\/wp-json\/wp\/v2\/types\/page"}],"author":[{"embeddable":true,"href":"https:\/\/webs.uab.cat\/latpe\/wp-json\/wp\/v2\/users\/2996"}],"replies":[{"embeddable":true,"href":"https:\/\/webs.uab.cat\/latpe\/wp-json\/wp\/v2\/comments?post=82"}],"version-history":[{"count":4,"href":"https:\/\/webs.uab.cat\/latpe\/wp-json\/wp\/v2\/pages\/82\/revisions"}],"predecessor-version":[{"id":179,"href":"https:\/\/webs.uab.cat\/latpe\/wp-json\/wp\/v2\/pages\/82\/revisions\/179"}],"up":[{"embeddable":true,"href":"https:\/\/webs.uab.cat\/latpe\/wp-json\/wp\/v2\/pages\/2"}],"wp:attachment":[{"href":"https:\/\/webs.uab.cat\/latpe\/wp-json\/wp\/v2\/media?parent=82"}],"curies":[{"name":"wp","href":"https:\/\/api.w.org\/{rel}","templated":true}]}}