{"id":9,"date":"2024-11-27T15:57:08","date_gmt":"2024-11-27T13:57:08","guid":{"rendered":"https:\/\/webs.uab.cat\/latpe\/?page_id=9"},"modified":"2026-05-13T16:18:21","modified_gmt":"2026-05-13T14:18:21","slug":"9-2","status":"publish","type":"page","link":"https:\/\/webs.uab.cat\/latpe\/9-2\/","title":{"rendered":"Recerca"},"content":{"rendered":"\n<p>El LATPE \u00e9s a l&#8217;avantguarda de la investigaci\u00f3 sobre Tecnologia Prehist\u00f2rica, liderant i col\u00b7laborant en m\u00faltiples projectes d&#8217;abast nacional i internacional. A continuaci\u00f3, us oferim un panorama de les nostres iniciatives, centrant-nos en aquelles dirigides pel nostre equip o desenvolupades en conjunt amb la universitat.&nbsp;<\/p>\n\n\n\n<p><\/p>\n\n\n\n<p><\/p>\n","protected":false},"excerpt":{"rendered":"<p>El LATPE \u00e9s a l&#8217;avantguarda de la investigaci\u00f3 sobre Tecnologia Prehist\u00f2rica, liderant i col\u00b7laborant en m\u00faltiples projectes d&#8217;abast nacional i internacional. A continuaci\u00f3, us oferim un panorama de les nostres iniciatives, centrant-nos en aquelles dirigides pel nostre equip o desenvolupades en conjunt amb la universitat.&nbsp;<\/p>\n","protected":false},"author":2996,"featured_media":0,"parent":0,"menu_order":2,"comment_status":"closed","ping_status":"closed","template":"","meta":{"footnotes":""},"class_list":["post-9","page","type-page","status-publish","hentry"],"_links":{"self":[{"href":"https:\/\/webs.uab.cat\/latpe\/wp-json\/wp\/v2\/pages\/9","targetHints":{"allow":["GET"]}}],"collection":[{"href":"https:\/\/webs.uab.cat\/latpe\/wp-json\/wp\/v2\/pages"}],"about":[{"href":"https:\/\/webs.uab.cat\/latpe\/wp-json\/wp\/v2\/types\/page"}],"author":[{"embeddable":true,"href":"https:\/\/webs.uab.cat\/latpe\/wp-json\/wp\/v2\/users\/2996"}],"replies":[{"embeddable":true,"href":"https:\/\/webs.uab.cat\/latpe\/wp-json\/wp\/v2\/comments?post=9"}],"version-history":[{"count":8,"href":"https:\/\/webs.uab.cat\/latpe\/wp-json\/wp\/v2\/pages\/9\/revisions"}],"predecessor-version":[{"id":501,"href":"https:\/\/webs.uab.cat\/latpe\/wp-json\/wp\/v2\/pages\/9\/revisions\/501"}],"wp:attachment":[{"href":"https:\/\/webs.uab.cat\/latpe\/wp-json\/wp\/v2\/media?parent=9"}],"curies":[{"name":"wp","href":"https:\/\/api.w.org\/{rel}","templated":true}]}}