{"id":37,"date":"2014-10-07T12:44:16","date_gmt":"2014-10-07T10:44:16","guid":{"rendered":"https:\/\/webs.uab.cat\/lattal\/team\/"},"modified":"2025-09-12T14:07:43","modified_gmt":"2025-09-12T12:07:43","slug":"team","status":"publish","type":"page","link":"https:\/\/webs.uab.cat\/lattal\/team\/","title":{"rendered":"Team"},"content":{"rendered":"\n<div class=\"wp-block-media-text is-stacked-on-mobile\" style=\"grid-template-columns:30% auto\"><figure class=\"wp-block-media-text__media\"><img decoding=\"async\" src=\"https:\/\/webs.uab.cat\/lattal\/wp-content\/uploads\/sites\/229\/2014\/10\/fidora1.png\" alt=\"\" \/><\/figure><div class=\"wp-block-media-text__content\">\n<p class=\"has-small-font-size\"><strong>Alexander Fidora (PI)<\/strong><br><a href=\"mailto:Alexander.Fidora@icrea.cat\">Alexander.Fidora@icrea.cat<\/a><br>Phone:&nbsp;+34 93 5868837<\/p>\n\n\n\n<p class=\"has-small-font-size\">ICREA<br>Universitat Aut\u00f2noma de Barcelona<br>Dep. Ci\u00e8ncies de l&#8217;Antiguitat i de l&#8217;Edat Mitjana<br>Edifici MRA<br>08193 Bellaterra-Cerdanyola (Barcelona)<br>Spain<\/p>\n\n\n\n<p><a href=\"https:\/\/webs.uab.cat\/lattal\/information-alexander-fidora\/\" data-type=\"page\" data-id=\"81\">+ Info<\/a> &#8211; <a href=\"https:\/\/webs.uab.cat\/lattal\/publications-alexander-fidora\">Publications<\/a><\/p>\n<\/div><\/div>\n\n\n\n<div class=\"wp-block-media-text is-stacked-on-mobile\" style=\"grid-template-columns:30% auto\"><figure class=\"wp-block-media-text__media\"><img decoding=\"async\" src=\"https:\/\/webs.uab.cat\/lattal\/wp-content\/uploads\/sites\/229\/2014\/10\/cecini1.png\" alt=\"\" \/><\/figure><div class=\"wp-block-media-text__content\">\n<p class=\"has-small-font-size\"><strong>Ulisse Cecini<\/strong><br><a href=\"mailto:ulisse.cecini@uab.cat\">ulisse.cecini@uab.cat<\/a><br>Phone: +34 935868796<\/p>\n\n\n\n<p class=\"has-small-font-size\">Ram\u00f3n y Cajal&nbsp;Researcher<br>Universitat Aut\u00f2noma de Barcelona<br>Dep. Ci\u00e8ncies de l&#8217;Antiguitat i de l&#8217;Edat Mitjana<br>Edifici MRA<br>08193 Bellaterra-Cerdanyola (Barcelona)<br>Spain<\/p>\n\n\n\n<p class=\"has-small-font-size\"><a href=\"https:\/\/webs.uab.cat\/lattal\/information-ulisse-cecini\/\" data-type=\"page\" data-id=\"82\">+ Info<\/a> &#8211; <a href=\"https:\/\/webs.uab.cat\/lattal\/publications-ulisse-cecini\/\">Publications<\/a><\/p>\n<\/div><\/div>\n\n\n\n<div class=\"wp-block-media-text is-stacked-on-mobile\" style=\"grid-template-columns:30% auto\"><figure class=\"wp-block-media-text__media\"><img loading=\"lazy\" decoding=\"async\" width=\"367\" height=\"369\" src=\"https:\/\/webs.uab.cat\/lattal\/wp-content\/uploads\/sites\/229\/2014\/10\/fotooscar1.jpg\" alt=\"\" class=\"wp-image-30 size-full\" srcset=\"https:\/\/webs.uab.cat\/lattal\/wp-content\/uploads\/sites\/229\/2014\/10\/fotooscar1.jpg 367w, https:\/\/webs.uab.cat\/lattal\/wp-content\/uploads\/sites\/229\/2014\/10\/fotooscar1-298x300.jpg 298w, https:\/\/webs.uab.cat\/lattal\/wp-content\/uploads\/sites\/229\/2014\/10\/fotooscar1-150x150.jpg 150w\" sizes=\"auto, (max-width: 367px) 100vw, 367px\" \/><\/figure><div class=\"wp-block-media-text__content\">\n<p class=\"has-small-font-size\"><strong><strong><strong>\u00d3scar de la Cruz Palma<\/strong><\/strong><\/strong><br><a href=\"mailto:oscar.delacruz@uab.cat\">oscar.delacruz@uab.cat<\/a><br>Phone: +34 935814826<\/p>\n\n\n\n<p class=\"has-small-font-size\">Senior Researcher<br>Latin Philology<br>Universitat Aut\u00f2noma de Barcelona<br>Dep. Ci\u00e8ncies de l&#8217;Antiguitat i de l&#8217;Edat Mitjana<br>08193 Bellaterra-Cerdanyola (Barcelona)<br>Spain<\/p>\n\n\n\n<p class=\"has-small-font-size\"><a href=\"https:\/\/webs.uab.cat\/lattal\/information-oscar-de-la-cruz\/\" data-type=\"page\" data-id=\"89\">+ Info<\/a> &#8211; <a href=\"https:\/\/webs.uab.cat\/lattal\/publications-oscar-de-la-cruz\/\" data-type=\"page\" data-id=\"87\">Publications<\/a><\/p>\n<\/div><\/div>\n\n\n\n<div class=\"wp-block-media-text is-stacked-on-mobile\" style=\"grid-template-columns:30% auto\"><figure class=\"wp-block-media-text__media\"><img decoding=\"async\" src=\"https:\/\/0.academia-photos.com\/76077981\/19928444\/19731050\/s200_jos_antonio.fern_ndez_l_pez.jpg\" alt=\"Jos\u00e9 Antonio Fern\u00e1ndez L\u00f3pez\" \/><\/figure><div class=\"wp-block-media-text__content\">\n<p class=\"has-small-font-size\"><strong><strong><strong>Jos\u00e9 Antonio Fern\u00e1ndez L\u00f3pez<\/strong><\/strong><\/strong><br><a href=\"mailto:joselirola1968@gmail.com\">joselirola1968@gmail.com<\/a><\/p>\n\n\n\n<p class=\"has-small-font-size\">Professor of Jewish Philosophy<br>Departamento de Filosof\u00eda<br>Universidad de Murcia<br>Spain<\/p>\n\n\n\n<p class=\"has-small-font-size\"><a href=\"https:\/\/um-es.academia.edu\/Jos%C3%A9AntonioFern%C3%A1ndezL%C3%B3pez\" target=\"_blank\" rel=\"noreferrer noopener\">+ Info &#8211; Publications<\/a><\/p>\n<\/div><\/div>\n\n\n\n<div class=\"wp-block-media-text is-stacked-on-mobile\" style=\"grid-template-columns:30% auto\"><figure class=\"wp-block-media-text__media\"><img loading=\"lazy\" decoding=\"async\" width=\"283\" height=\"360\" src=\"https:\/\/webs.uab.cat\/lattal\/wp-content\/uploads\/sites\/229\/2023\/11\/Mario_foto-1-805x1024-1.jpeg\" alt=\"\" class=\"wp-image-437 size-full\" srcset=\"https:\/\/webs.uab.cat\/lattal\/wp-content\/uploads\/sites\/229\/2023\/11\/Mario_foto-1-805x1024-1.jpeg 283w, https:\/\/webs.uab.cat\/lattal\/wp-content\/uploads\/sites\/229\/2023\/11\/Mario_foto-1-805x1024-1-236x300.jpeg 236w\" sizes=\"auto, (max-width: 283px) 100vw, 283px\" \/><\/figure><div class=\"wp-block-media-text__content\">\n<p><\/p>\n\n\n\n<p><\/p>\n\n\n\n<p class=\"has-small-font-size\"><strong><strong><strong>Mario Mac\u00edas<\/strong><\/strong><\/strong><br><a href=\"mailto:mario.macias@uab.cat\">mario.macias@uab.cat<\/a><\/p>\n\n\n\n<p class=\"has-small-font-size\">Phone: +34 935868837<\/p>\n\n\n\n<p class=\"has-small-font-size\">Postdoctoral Researcher (Investigo)<br>Universitat Aut\u00f2noma de Barcelona<br>Dep. Ci\u00e8ncies de l\u2019Antiguitat i de l\u2019Edat Mitjana<br>Edifici MRA<br>08193 Bellaterra-Cerdanyola (Barcelona)<br>Spain<\/p>\n\n\n\n<p class=\"has-small-font-size\"><a href=\"https:\/\/uab.academia.edu\/MarioMac%C3%ADasL%C3%B3pez\" target=\"_blank\" rel=\"noreferrer noopener\">+ Info &#8211; Publications<\/a><\/p>\n<\/div><\/div>\n\n\n\n<p class=\"has-small-font-size\"><\/p>\n\n\n\n<div class=\"wp-block-media-text is-stacked-on-mobile\" style=\"grid-template-columns:30% auto\"><figure class=\"wp-block-media-text__media\"><a class=\"https:\/\/webs.uab.cat\/lattal\/wp-content\/uploads\/sites\/229\/2023\/11\/Gavalda-1.jpg\" href=\"https:\/\/webs.uab.cat\/lattal\/wp-content\/uploads\/sites\/229\/2023\/11\/Gavalda-1.jpg\" rel=\"https:\/\/webs.uab.cat\/lattal\/wp-content\/uploads\/sites\/229\/2023\/11\/Gavalda-1.jpg\"><img loading=\"lazy\" decoding=\"async\" width=\"270\" height=\"360\" src=\"https:\/\/webs.uab.cat\/lattal\/wp-content\/uploads\/sites\/229\/2023\/11\/Gavalda-1.jpg\" alt=\"\" class=\"wp-image-465 size-full\" srcset=\"https:\/\/webs.uab.cat\/lattal\/wp-content\/uploads\/sites\/229\/2023\/11\/Gavalda-1.jpg 270w, https:\/\/webs.uab.cat\/lattal\/wp-content\/uploads\/sites\/229\/2023\/11\/Gavalda-1-225x300.jpg 225w\" sizes=\"auto, (max-width: 270px) 100vw, 270px\" \/><\/a><\/figure><div class=\"wp-block-media-text__content\">\n<p class=\"has-small-font-size\"><\/p>\n\n\n\n<p><strong>Guillem Gavald\u00e0<\/strong><br><a href=\"mailto:guillem.gavalda@uab.cat\" target=\"_blank\" rel=\"noreferrer noopener\">guillem.gavalda@uab.cat<\/a><br>Phone: +34 935868839<\/p>\n\n\n\n<p>Doctoral Researcher (FPI)<br>Universitat Aut\u00f2noma de Barcelona<br>Dep. Ci\u00e8ncies de l\u2019Antiguitat i de l\u2019Edat Mitjana<br>Edifici MRA<br>08193 Bellaterra-Cerdanyola (Barcelona)<br>Spain<\/p>\n\n\n\n<p><a href=\"https:\/\/uab.academia.edu\/GuillemGavald%C3%A0\" target=\"_blank\" rel=\"noreferrer noopener\">+ Info \u2013 Publications<\/a><\/p>\n<\/div><\/div>\n\n\n\n<div class=\"wp-block-media-text is-stacked-on-mobile\" style=\"grid-template-columns:30% auto\"><figure class=\"wp-block-media-text__media\"><img loading=\"lazy\" decoding=\"async\" width=\"352\" height=\"352\" src=\"https:\/\/webs.uab.cat\/lattal\/wp-content\/uploads\/sites\/229\/2014\/10\/fotoannabel.jpg\" alt=\"\" class=\"wp-image-31 size-full\" srcset=\"https:\/\/webs.uab.cat\/lattal\/wp-content\/uploads\/sites\/229\/2014\/10\/fotoannabel.jpg 352w, https:\/\/webs.uab.cat\/lattal\/wp-content\/uploads\/sites\/229\/2014\/10\/fotoannabel-300x300.jpg 300w, https:\/\/webs.uab.cat\/lattal\/wp-content\/uploads\/sites\/229\/2014\/10\/fotoannabel-150x150.jpg 150w\" sizes=\"auto, (max-width: 352px) 100vw, 352px\" \/><\/figure><div class=\"wp-block-media-text__content\">\n<p class=\"has-small-font-size\"><strong><strong><strong>Annabel Gonz\u00e1lez Flores<\/strong><\/strong><br><a href=\"mailto:anabel.gonzalez@uab.cat\">anabel.gonzalez@uab.cat<\/a><\/strong><br>Phone: +34 935868839<\/p>\n\n\n\n<p class=\"has-small-font-size\">Post-doctoral Researcher<br>Hebrew Philology<br>Universitat Aut\u00f2noma de Barcelona<br>Dep. Ci\u00e8ncies de l&#8217;Antiguitat i de l&#8217;Edat Mitjana<br>08193 Bellaterra-Cerdanyola (Barcelona)<br>Spain<\/p>\n\n\n\n<p class=\"has-small-font-size\"><a href=\"https:\/\/webs.uab.cat\/lattal\/information-annabel-gonzalez-flores\/\" data-type=\"page\" data-id=\"98\">+ Info<\/a> &#8211; <a href=\"https:\/\/webs.uab.cat\/lattal\/publications-annabel-gonzalez-flores\/\" data-type=\"page\" data-id=\"99\">Publications<\/a><\/p>\n<\/div><\/div>\n\n\n\n<div class=\"wp-block-media-text is-stacked-on-mobile\" style=\"grid-template-columns:30% auto\"><figure class=\"wp-block-media-text__media\"><img loading=\"lazy\" decoding=\"async\" width=\"778\" height=\"581\" src=\"https:\/\/webs.uab.cat\/lattal\/wp-content\/uploads\/sites\/229\/2014\/10\/DalBo.jpeg\" alt=\"DalBo\" class=\"wp-image-32 size-full\" \/><\/figure><div class=\"wp-block-media-text__content\">\n<p class=\"has-small-font-size\"><strong>Federico Dal Bo<\/strong> (2016-2019, now Heidelberg University)<\/p>\n\n\n\n<p class=\"has-small-font-size\">Post-doctoral Researcher<br>Jewish Studies<\/p>\n\n\n\n<p><a href=\"https:\/\/www.uab.cat\/web\/el-departament\/investigadors-postdoctorals\/directori\/investigadors-postdoctorals-1345699487891.html?param1=null&amp;param2=1345710339313\">+ Info<\/a> &#8211; <a href=\"https:\/\/webs.uab.cat\/lattal\/publicacions-federico-dal-bo\/\" data-type=\"page\" data-id=\"122\">Publications<\/a><\/p>\n<\/div><\/div>\n\n\n\n<div class=\"wp-block-media-text is-stacked-on-mobile\" style=\"grid-template-columns:30% auto\"><figure class=\"wp-block-media-text__media\"><img loading=\"lazy\" decoding=\"async\" width=\"110\" height=\"140\" src=\"https:\/\/webs.uab.cat\/lattal\/wp-content\/uploads\/sites\/229\/2014\/10\/harvey1.png\" alt=\"\" class=\"wp-image-33 size-full\" \/><\/figure><div class=\"wp-block-media-text__content\">\n<p class=\"has-small-font-size\"><strong>Harvey Hames <\/strong>(2018\/2019)<br><a href=\"mailto:hames@bgu.ac.il\">hames@bgu.ac.il<\/a><\/p>\n\n\n\n<p class=\"has-small-font-size\">Ben-Gurion University of the Negev<br>Department of General History<br>Director, Center for the Study of Conversion and Inter-Religious Encounters David Berg and Family Chair in European History<br>P.O.Box 653<br>Beer-Sheva 8410501<br>Israel<\/p>\n\n\n\n<p class=\"has-small-font-size\"><a href=\"https:\/\/webs.uab.cat\/lattal\/information-harvey-hames\/\" data-type=\"page\" data-id=\"90\">+ Info<\/a> &#8211; <a href=\"https:\/\/webs.uab.cat\/lattal\/publications-harvey-hames\/\" data-type=\"page\" data-id=\"91\">Publications<\/a><\/p>\n<\/div><\/div>\n\n\n\n<div class=\"wp-block-media-text is-stacked-on-mobile\" style=\"grid-template-columns:30% auto\"><figure class=\"wp-block-media-text__media\"><img loading=\"lazy\" decoding=\"async\" width=\"180\" height=\"240\" src=\"https:\/\/webs.uab.cat\/lattal\/wp-content\/uploads\/sites\/229\/2014\/10\/fotohasselhoff.jpg\" alt=\"\" class=\"wp-image-34 size-full\" \/><\/figure><div class=\"wp-block-media-text__content\">\n<p class=\"has-small-font-size\"><strong>G\u00f6rge Hasselhoff<\/strong> (2016-2017)<br><a href=\"mailto:goerge.hasselhoff@tu-dortmund.de\">goerge.hasselhoff@udo.edu<\/a><\/p>\n\n\n\n<p class=\"has-small-font-size\">TU Dortmund<br>FB 14 Humanwissenschaften und Theologie<br>Emil-Figge-Str. 50; 2.406<br>D-44227 Dortmund \/ Germany<\/p>\n\n\n\n<p class=\"has-small-font-size\"><a href=\"https:\/\/webs.uab.cat\/lattal\/information-gorge-halsselhoff\/\" data-type=\"page\" data-id=\"104\">+ Info<\/a> &#8211; <a href=\"https:\/\/webs.uab.cat\/lattal\/publications-george-hasselhoff\/\" data-type=\"page\" data-id=\"93\">Publications<\/a><\/p>\n<\/div><\/div>\n\n\n\n<div class=\"wp-block-media-text is-stacked-on-mobile\" style=\"grid-template-columns:30% auto\"><figure class=\"wp-block-media-text__media\"><img loading=\"lazy\" decoding=\"async\" width=\"1488\" height=\"1960\" src=\"https:\/\/webs.uab.cat\/lattal\/wp-content\/uploads\/sites\/229\/2014\/10\/fotoisaac.jpg\" alt=\"\" class=\"wp-image-35 size-full\" srcset=\"https:\/\/webs.uab.cat\/lattal\/wp-content\/uploads\/sites\/229\/2014\/10\/fotoisaac.jpg 1488w, https:\/\/webs.uab.cat\/lattal\/wp-content\/uploads\/sites\/229\/2014\/10\/fotoisaac-228x300.jpg 228w, https:\/\/webs.uab.cat\/lattal\/wp-content\/uploads\/sites\/229\/2014\/10\/fotoisaac-777x1024.jpg 777w, https:\/\/webs.uab.cat\/lattal\/wp-content\/uploads\/sites\/229\/2014\/10\/fotoisaac-768x1012.jpg 768w, https:\/\/webs.uab.cat\/lattal\/wp-content\/uploads\/sites\/229\/2014\/10\/fotoisaac-1166x1536.jpg 1166w, https:\/\/webs.uab.cat\/lattal\/wp-content\/uploads\/sites\/229\/2014\/10\/fotoisaac-1200x1581.jpg 1200w\" sizes=\"auto, (max-width: 1488px) 100vw, 1488px\" \/><\/figure><div class=\"wp-block-media-text__content\">\n<p class=\"has-small-font-size\"><strong><strong><strong>Isaac Lampurlan\u00e9s Farr\u00e9<\/strong><\/strong> <\/strong>(2015-2019, now \u00d6sterreichische Akademie der Wissenschaften)<\/p>\n\n\n\n<p class=\"has-small-font-size\">Researcher<br>Latin Philology<\/p>\n\n\n\n<p class=\"has-small-font-size\"><a href=\"https:\/\/webs.uab.cat\/lattal\/information-isaac-lampurlanes\/\" data-type=\"page\" data-id=\"101\">+ Info<\/a> &#8211; <a href=\"https:\/\/webs.uab.cat\/lattal\/publications-isaac-lampurlanes\/\" data-type=\"page\" data-id=\"102\">Publications<\/a><\/p>\n<\/div><\/div>\n\n\n\n<div class=\"wp-block-media-text is-stacked-on-mobile\" style=\"grid-template-columns:30% auto\"><figure class=\"wp-block-media-text__media\"><img loading=\"lazy\" decoding=\"async\" width=\"837\" height=\"1077\" src=\"https:\/\/webs.uab.cat\/lattal\/wp-content\/uploads\/sites\/229\/2014\/10\/fotoeulalia.jpg\" alt=\"\" class=\"wp-image-36 size-full\" srcset=\"https:\/\/webs.uab.cat\/lattal\/wp-content\/uploads\/sites\/229\/2014\/10\/fotoeulalia.jpg 837w, https:\/\/webs.uab.cat\/lattal\/wp-content\/uploads\/sites\/229\/2014\/10\/fotoeulalia-233x300.jpg 233w, https:\/\/webs.uab.cat\/lattal\/wp-content\/uploads\/sites\/229\/2014\/10\/fotoeulalia-796x1024.jpg 796w, https:\/\/webs.uab.cat\/lattal\/wp-content\/uploads\/sites\/229\/2014\/10\/fotoeulalia-768x988.jpg 768w\" sizes=\"auto, (max-width: 837px) 100vw, 837px\" \/><\/figure><div class=\"wp-block-media-text__content\">\n<p class=\"has-small-font-size\"><span class=\"inline inline-none\"><strong><strong>Eul\u00e0lia Vernet<\/strong><\/strong> (2014-2019, now Universitat de Barcelona)<\/span><\/p>\n\n\n\n<p class=\"has-small-font-size\">Post-doctoral Researcher<br>Classical and Hebrew Philology<\/p>\n\n\n\n<p class=\"has-small-font-size\"><a href=\"https:\/\/webs.uab.cat\/lattal\/information-eulalia-vernet\/\" data-type=\"page\" data-id=\"95\">+ Info<\/a> &#8211; <a href=\"https:\/\/webs.uab.cat\/lattal\/publications-eulalia-vernet\/\" data-type=\"page\" data-id=\"96\">Publications<\/a><\/p>\n<\/div><\/div>\n","protected":false},"excerpt":{"rendered":"<p>Alexander Fidora (PI)Alexander.Fidora@icrea.catPhone:&nbsp;+34 93 5868837 ICREAUniversitat Aut\u00f2noma de BarcelonaDep. Ci\u00e8ncies de l&#8217;Antiguitat i de l&#8217;Edat MitjanaEdifici MRA08193 Bellaterra-Cerdanyola (Barcelona)Spain + Info &#8211; Publications Ulisse Ceciniulisse.cecini@uab.catPhone: +34 935868796 Ram\u00f3n y Cajal&nbsp;ResearcherUniversitat Aut\u00f2noma de BarcelonaDep. Ci\u00e8ncies de l&#8217;Antiguitat i de l&#8217;Edat MitjanaEdifici MRA08193 Bellaterra-Cerdanyola (Barcelona)Spain + Info &#8211; Publications \u00d3scar de la Cruz Palmaoscar.delacruz@uab.catPhone: +34 935814826 Senior [&hellip;]<\/p>\n","protected":false},"author":20,"featured_media":0,"parent":0,"menu_order":0,"comment_status":"closed","ping_status":"closed","template":"","meta":{"footnotes":""},"class_list":["post-37","page","type-page","status-publish","hentry"],"_links":{"self":[{"href":"https:\/\/webs.uab.cat\/lattal\/wp-json\/wp\/v2\/pages\/37","targetHints":{"allow":["GET"]}}],"collection":[{"href":"https:\/\/webs.uab.cat\/lattal\/wp-json\/wp\/v2\/pages"}],"about":[{"href":"https:\/\/webs.uab.cat\/lattal\/wp-json\/wp\/v2\/types\/page"}],"author":[{"embeddable":true,"href":"https:\/\/webs.uab.cat\/lattal\/wp-json\/wp\/v2\/users\/20"}],"replies":[{"embeddable":true,"href":"https:\/\/webs.uab.cat\/lattal\/wp-json\/wp\/v2\/comments?post=37"}],"version-history":[{"count":19,"href":"https:\/\/webs.uab.cat\/lattal\/wp-json\/wp\/v2\/pages\/37\/revisions"}],"predecessor-version":[{"id":566,"href":"https:\/\/webs.uab.cat\/lattal\/wp-json\/wp\/v2\/pages\/37\/revisions\/566"}],"wp:attachment":[{"href":"https:\/\/webs.uab.cat\/lattal\/wp-json\/wp\/v2\/media?parent=37"}],"curies":[{"name":"wp","href":"https:\/\/api.w.org\/{rel}","templated":true}]}}