{"id":503,"date":"2024-04-30T13:07:05","date_gmt":"2024-04-30T11:07:05","guid":{"rendered":"https:\/\/webs.uab.cat\/lattal\/?page_id=503"},"modified":"2026-04-10T09:38:58","modified_gmt":"2026-04-10T07:38:58","slug":"news-archive","status":"publish","type":"page","link":"https:\/\/webs.uab.cat\/lattal\/news-archive\/","title":{"rendered":"News Archive"},"content":{"rendered":"\n<ul class=\"wp-block-list\">\n<li>New book: Christian Readings of Rabbinic Sources in Medieval Polemic (T\u00fcbingen 2024), ed. A. Fidora &amp; M. Lutz-Bachmann. (<a href=\"https:\/\/www.mohrsiebeck.com\/en\/book\/christian-readings-of-rabbinic-sources-in-medieval-polemic-9783161639081\/\" target=\"_blank\" rel=\"noreferrer noopener\">link<\/a>)<\/li>\n\n\n\n<li>April 2024: A. Fidora and J. A. Fern\u00e1ndez L\u00f3pez publish a Dossier on Hasdai Cresques in Anales del Seminario de Historia de la Filosof\u00eda. (<a href=\"https:\/\/webs.uab.cat\/lattal\/wp-content\/uploads\/sites\/229\/2024\/05\/Monografico-Hasdai-Crescas.pdf\" target=\"_blank\" rel=\"noreferrer noopener\">link<\/a>)<\/li>\n\n\n\n<li>Dezember 2023: Internationale Konferenz. Religionsdialoge und Wissensordnungen in Sp\u00e4tantike, Mittelalter und Fr\u00fcher Neuzeit.<br>(<a href=\"https:\/\/webs.uab.cat\/lattal\/wp-content\/uploads\/sites\/229\/2023\/11\/Programm-Religionsdialoge.pdf\" target=\"_blank\" rel=\"noreferrer noopener\">link<\/a>)<\/li>\n\n\n\n<li>November 2023: International Congress &#8220;Christian Readings of Muslim Exegetical. Sources in Interreligious Perspective&#8221; (<a href=\"https:\/\/webs.uab.cat\/lattal\/wp-content\/uploads\/sites\/229\/2023\/11\/CongressUABTafsirProgram3.pdf\" target=\"_blank\" rel=\"noreferrer noopener\">link<\/a>)<\/li>\n\n\n\n<li>July 2023: the project organizes a panel at the 12th EAJS Congress: Branching Out (Frankfurt a.M., 16-20\/07\/2023) (<a href=\"https:\/\/eajs-2023.eu\/122291870\/12th_EAJS_Congress]\" target=\"_blank\" rel=\"noreferrer noopener\">link<\/a>)<\/li>\n\n\n\n<li>LATTAL secures important stocks of the Orientalist library of professor Hans Daiber for UAB\u2019s Biblioteca d\u2019Humanitats (May 2023) (<a href=\"https:\/\/webs.uab.cat\/lattal\/wp-content\/uploads\/sites\/229\/2023\/05\/1-web.pdf\" target=\"_blank\" rel=\"noreferrer noopener\">link<\/a>)<\/li>\n\n\n\n<li>Our project organizes the International Congress \u201c<a href=\"https:\/\/webs.uab.cat\/lattal\/wp-content\/uploads\/sites\/229\/2023\/05\/Web-2-Programme-Christian-Readings-Rabbinic-Sources-Dec-2022.pdf\" data-type=\"link\" data-id=\"https:\/\/webs.uab.cat\/lattal\/wp-content\/uploads\/sites\/229\/2023\/05\/Web-2-Programme-Christian-Readings-Rabbinic-Sources-Dec-2022.pdf\" target=\"_blank\" rel=\"noreferrer noopener\">Readings of Rabbinic Sources in Polemic Contexts<\/a>\u201d (12-13\/12\/2022)<\/li>\n\n\n\n<li>Our project organizes an <a href=\"https:\/\/webs.uab.cat\/lattal\/wp-content\/uploads\/sites\/229\/2022\/09\/valladolid.pdf\" target=\"_blank\" rel=\"noreferrer noopener\">International Congress on the Barcelona Rabbi Hasdai Cresques, d. 1413<\/a> (22-23\/2022)<\/li>\n\n\n\n<li>LATTAL organizes a panel at the <a href=\"https:\/\/webs.uab.cat\/lattal\/wp-content\/uploads\/sites\/229\/2022\/09\/valladolid.pdf\" target=\"_blank\" rel=\"noreferrer noopener\">VIII Congreso Internacional de Lat\u00edn Medieval Hisp\u00e1nico<\/a> (Valladolid, July 13, 2022)<\/li>\n\n\n\n<li>LATTAL in the Icrea Memoir 2021: Scientific Highlights<\/li>\n\n\n\n<li>The <a href=\"https:\/\/www.brepols.net\/products\/IS-9782503594934-1\" target=\"_blank\" rel=\"noreferrer noopener\">Extractiones de Talmud per ordinem thematic<\/a><a href=\"https:\/\/www.brepols.net\/products\/IS-9782503594934-1\">um<\/a> are now available in the Corpus Christianorum Continuatio Mediaevalis 291A-Brepols.<\/li>\n\n\n\n<li>New monograph: <a href=\"https:\/\/www.aschendorff-buchverlag.de\/detailview?no=11204\" target=\"_blank\" rel=\"noreferrer noopener\">Albertus Magnus und der Talmud<\/a> (A. Fidora)<\/li>\n\n\n\n<li>New book: <a href=\"https:\/\/www.brepols.net\/products\/IS-9782503586908-1\" target=\"_blank\" rel=\"noreferrer noopener\">The Excerptum de Talmud<\/a> (I. Lampurlan\u00e9s)<\/li>\n\n\n\n<li>LATTAL in the Icrea Memoir 2019: <a href=\"https:\/\/memoir.icrea.cat\/scientific-highlights\/\" target=\"_blank\" rel=\"noreferrer noopener\">Scientific Highlights<\/a><\/li>\n\n\n\n<li>New book: <a href=\"https:\/\/ddd.uab.cat\/pub\/llibres\/2019\/215917\/taldisdurhigmidage_a2019c.pdf\" target=\"_blank\" rel=\"noreferrer noopener\">The Talmud in Dispute During the High Middle Ages<\/a><\/li>\n\n\n\n<li><a href=\"https:\/\/www.brepols.net\/products\/IS-9782503582283-1\" target=\"_blank\" rel=\"noreferrer noopener\">The Extractiones de Talmud<\/a> [per ordinem sequentialem] publication is now available in the Corpus Christianorum Continuatio Mediaevalis 291 \u2013 Brepols.<\/li>\n\n\n\n<li>Interview about the Extractiones de Talmud in RECERCAT n.151, 2019 nov.<\/li>\n\n\n\n<li>Presentation of the critical edition of the Latin Talmud at TU Dortmund 2019.05.15.<\/li>\n\n\n\n<li>LATTAL at the <a href=\"https:\/\/webs.uab.cat\/lattal\/wp-content\/uploads\/sites\/229\/2014\/10\/forbidden_ideas_conference_-_oxford_16-17_april_2018_-_programme_-_for_distribution.pdf\" target=\"_blank\" rel=\"noreferrer noopener\">Forbidden Ideas-conferenc<\/a><a href=\"https:\/\/webs.uab.cat\/lattal\/wp-content\/uploads\/sites\/229\/2014\/10\/forbidden_ideas_conference_-_oxford_16-17_april_2018_-_programme_-_for_distribution.pdf\">e<\/a> in Oxford, April 17, 2018<\/li>\n\n\n\n<li>Joint workshop on the Latin Talmud by CSOC and LATTAL in Beersheva (February 13th, 2018)<\/li>\n\n\n\n<li>Just released: <a href=\"https:\/\/ddd.uab.cat\/pub\/llibres\/2017\/183594\/OE_ExSch8_PugioFidei_Final.pdf\" target=\"_blank\" rel=\"noreferrer noopener\">Ramon Mart\u00ed\u2019s Pugio fidei: Studies and Texts<\/a>, ed. G. K. Hasselhoff and A. Fidora<\/li>\n\n\n\n<li>Just published: <a href=\"https:\/\/ddd.uab.cat\/pub\/llibres\/2017\/183770\/DOC_113.pdf\" target=\"_blank\" rel=\"noreferrer noopener\">Studies on the Latin Talmud<\/a>, edited by U. Cecini and E. Vernet<\/li>\n\n\n\n<li>Alexander Fidora gives a lecture at the Abrahamic Programs Inaugural Symposium at the University of Connecticut.<\/li>\n\n\n\n<li>LATTAL at the World Congress of Jewish Studies in Jerusalem 6-10 August 2017) Programme<\/li>\n\n\n\n<li>LATTAL at the 14th Congress of the SIEPM in Porto Alegre (24-27 July 2017) Programme<\/li>\n\n\n\n<li>LATTAL at the Lisbon Conference \u201cConvivencia. Iberian to global Dynamics (500-1750)\u201d, 25-29 June 2017. <a href=\"https:\/\/www.mpiwg-berlin.mpg.de\/research\/projects\/Renn-Convivencia\" target=\"_blank\" rel=\"noreferrer noopener\">Official site<\/a>.<\/li>\n\n\n\n<li>LATTAL at the James Loeb Biennial Conference in Munich, 18-21 May 2017. Official site and programme.<\/li>\n\n\n\n<li>LATTAL at the 7th International Medieval Meeting Lleida, June 26-28, 2017. <a href=\"https:\/\/www.internationalmedievalmeetinglleida.udl.cat\/en\/\" target=\"_blank\" rel=\"noreferrer noopener\">Official site and programme<\/a>.<\/li>\n\n\n\n<li>LATTAL at the <a href=\"https:\/\/webs.uab.cat\/lattal\/wp-content\/uploads\/sites\/229\/2017\/05\/Bonn-2017_0.pdf\" target=\"_blank\" rel=\"noreferrer noopener\">17th Symposium of the Mediaevistenverband<\/a> in Bonn, March 20, 2017. <\/li>\n<\/ul>\n","protected":false},"excerpt":{"rendered":"","protected":false},"author":74,"featured_media":0,"parent":0,"menu_order":0,"comment_status":"closed","ping_status":"closed","template":"","meta":{"footnotes":""},"class_list":["post-503","page","type-page","status-publish","hentry"],"_links":{"self":[{"href":"https:\/\/webs.uab.cat\/lattal\/wp-json\/wp\/v2\/pages\/503","targetHints":{"allow":["GET"]}}],"collection":[{"href":"https:\/\/webs.uab.cat\/lattal\/wp-json\/wp\/v2\/pages"}],"about":[{"href":"https:\/\/webs.uab.cat\/lattal\/wp-json\/wp\/v2\/types\/page"}],"author":[{"embeddable":true,"href":"https:\/\/webs.uab.cat\/lattal\/wp-json\/wp\/v2\/users\/74"}],"replies":[{"embeddable":true,"href":"https:\/\/webs.uab.cat\/lattal\/wp-json\/wp\/v2\/comments?post=503"}],"version-history":[{"count":10,"href":"https:\/\/webs.uab.cat\/lattal\/wp-json\/wp\/v2\/pages\/503\/revisions"}],"predecessor-version":[{"id":603,"href":"https:\/\/webs.uab.cat\/lattal\/wp-json\/wp\/v2\/pages\/503\/revisions\/603"}],"wp:attachment":[{"href":"https:\/\/webs.uab.cat\/lattal\/wp-json\/wp\/v2\/media?parent=503"}],"curies":[{"name":"wp","href":"https:\/\/api.w.org\/{rel}","templated":true}]}}