{"id":63,"date":"2014-10-07T12:45:18","date_gmt":"2014-10-07T10:45:18","guid":{"rendered":"https:\/\/webs.uab.cat\/lattal\/events-and-books\/"},"modified":"2024-04-05T12:38:37","modified_gmt":"2024-04-05T10:38:37","slug":"events-and-books","status":"publish","type":"page","link":"https:\/\/webs.uab.cat\/lattal\/events-and-books\/","title":{"rendered":"Events and books"},"content":{"rendered":"\n<h2 class=\"wp-block-heading\"><strong>PhD Theses<\/strong><\/h2>\n\n\n\n<p>Isaac Lampurlan\u00e9s, <em>Excerptum de Talmud. Critical Edition and Study<\/em>. Defended January 2019.<\/p>\n\n\n\n<p>Annabel Gonz\u00e1lez, <em>La transmissi\u00f3 dels manuscrits del Talmud de Babil\u00f2nia a Europa: de l&#8217;original hebreu a la traducci\u00f3 llatina del Talmud (Par\u00eds 1244-1245). <\/em>Defended February 2020.<\/p>\n\n\n\n<h2 class=\"wp-block-heading\"><strong>BA Theses<\/strong><\/h2>\n\n\n\n<p>Laura Fortea Marin, <a href=\"https:\/\/ddd.uab.cat\/record\/210952\" target=\"_blank\" rel=\"noopener\">Glossae Salomonis in Exodum. Edici\u00f3n cr\u00edtica y traducci\u00f3n de la versi\u00f3n latina de las glosas de Rashi al \u00c9xodo<\/a>: term 2018-2019 (UAB)<\/p>\n\n\n\n<p>Jana Mellado S\u00e1nchez, <a href=\"https:\/\/ddd.uab.cat\/record\/210949\" target=\"_blank\" rel=\"noopener\">Edici\u00f3 cr\u00edtica i traducci\u00f3 de la versi\u00f3 llatina de les glosses de Raix\u00ed al G\u00e8nesi<\/a>: term 2018-2019 (UAB)<\/p>\n\n\n\n<p>Mar\u00eda Grafton,<a href=\"https:\/\/ddd.uab.cat\/record\/166521\" target=\"_blank\" rel=\"noopener\"> La presencia del franc\u00e9s medieval en el Talmud (en su versi\u00f3n latina)<\/a>: term 2015-2016 (UAB).<\/p>\n\n\n\n<h2 class=\"wp-block-heading\"><strong>Papers and Publications<\/strong><\/h2>\n\n\n\n<p>05\/04\/2024: Read a <a href=\"https:\/\/webs.uab.cat\/lattal\/wp-content\/uploads\/sites\/229\/2024\/04\/Lat-med-est-hisp.pdf\" target=\"_blank\" rel=\"noreferrer noopener\">Spanish article on the Latin Talmud and its origins<\/a> by U. Cecini, \u00d3. de la Cruz and A. Fidora<\/p>\n\n\n\n<p>22\/03\/2024: A. Fidora gives a keynote lecture on inter-faith disputations at the <a href=\"https:\/\/webs.uab.cat\/lattal\/wp-content\/uploads\/sites\/229\/2024\/04\/3-AvH.pdf\" target=\"_blank\" rel=\"noreferrer noopener\">Alexander von Humboldt Symposium<\/a> in Bamberg.<\/p>\n\n\n\n<p>13\/07\/2022: Read a <a href=\"https:\/\/webs.uab.cat\/lattal\/wp-content\/uploads\/sites\/229\/2014\/10\/sefarad_fidora.pdf\">Reassessment of the Trial against the Talmud<\/a> (Paris 1240), by A. Fidora.<\/p>\n\n\n\n<p>18\/01\/2022: U. Cecini lectures on &#8220;<a href=\"https:\/\/www.uni-erfurt.de\/philosophische-fakultaet\/seminare-professuren\/historisches-seminar\/professuren\/mittelalterliche-geschichte\">Die lateinischen Talmud\u00fcbersetzungen<\/a>&#8221; at Erfurt University.<\/p>\n\n\n\n<p>31\/12\/2021: New article by&nbsp;Fidora on the Latin Talmud and the <a href=\"https:\/\/shop.kohlhammer.de\/apologie-polemik-dialog-978-3-17-040992-7.html\">Barcelona Disputation 1263<\/a>.<\/p>\n\n\n\n<p>06\/10\/2021: U. Cecini speaks at the <a href=\"https:\/\/www.historikertag.de\/Muenchen2021\/en\/sektionen\/how-christians-explain-judaism-to-jews\/\">53. Deutscher Historikertag in Munich<\/a> on the Latin Talmud.<\/p>\n\n\n\n<p>07\/09\/2021: A. Fidora gives a <a href=\"https:\/\/webs.uab.cat\/lattal\/wp-content\/uploads\/sites\/229\/2014\/10\/oporto.pdf\">paper<\/a> on the Christian Hebraist Nicholas of Lyra at the <a href=\"https:\/\/sofime.eu\/de-cognitione\/\">8th Congress of SOFIME<\/a>.<\/p>\n\n\n\n<p>18\/03\/2021: Read an article by A. Fidora on the<a href=\"https:\/\/www.degruyter.com\/view\/title\/571584\"> Talmud in the Summa Halensis<\/a>.<\/p>\n\n\n\n<p>01\/10\/2020: I. Lampurlan\u00e9s&#8217;s PhD-thesis on the <a href=\"https:\/\/www.brepols.net\/Pages\/ShowProduct.aspx?prod_id=IS-9782503586908-1\">Exceptum de Talmud<\/a> published.<\/p>\n\n\n\n<p>01\/08\/2020: Read an article by A. Fidora on the <a href=\"https:\/\/medievalworlds.net\/0xc1aa5576_0x003ba1ce.pdf\">Latin Talmud and Papal Jurisdiction<\/a>.<\/p>\n\n\n\n<p>31\/03\/2020: New monograph by A. Fidora: <a href=\"www.aschendorff-buchverlag.de\/detailview?no=11204\">Albertus Magnus und der Talmud<\/a>.<\/p>\n\n\n\n<p>17\/12\/2019: New book edited by A. Fidora &amp; G. K. Hasselhoff: <a href=\"https:\/\/ddd.uab.cat\/pub\/llibres\/2019\/215917\/taldisdurhigmidage_a2019.pdf\">The Talmud in Dispute During the High Middle Ages<\/a>, including studies and text editions.<\/p>\n\n\n\n<p>08\/11\/2019: A Fidora gives the Lectio Albertina 2020 in Bonn on Albert the Great and the Talmud.<\/p>\n\n\n\n<p>01\/09\/2019: The special issue of <em>Henoch <\/em>on <a href=\"https:\/\/sites.google.com\/site\/henochmorcelliana\/\">Polemic translations of Jewish texts during the Middle Ages<\/a> has appeared.<\/p>\n\n\n\n<p>28\/06\/2018: LATTAL organizes a session at the<a href=\"https:\/\/www.internationalmedievalmeetinglleida.udl.cat\/export\/sites\/MedievalMeeting\/en\/.galleries\/Documents\/Programa-definitiu.pdf\"> International Medieval Meeting in Lleida<\/a>.<\/p>\n\n\n\n<p>08\/05\/2018: Read an article by G. Hasselhoff on &#8220;<a href=\"https:\/\/webs.uab.cat\/lattal\/wp-content\/uploads\/sites\/229\/2014\/10\/hasselhoff_-_yerushalmi_fragments_in_ramon_marti_-_trumah_2018.pdf\">The Yerushalmi Quotations in Ramon Mart\u00ed&#8217;s Pugio fidei<\/a>&#8220;.<\/p>\n\n\n\n<p>17\/03\/2018: A. Fidora will give a paper on the <a href=\"https:\/\/webs.uab.cat\/lattal\/wp-content\/uploads\/sites\/229\/2014\/10\/forbidden_ideas_conference_-_oxford_16-17_april_2018_-_programme_-_for_distribution.pdf\">Latin Talmud at the Forbidded Ideas-conference<\/a> in Oxford.<\/p>\n\n\n\n<p>13\/02\/2018: <a href=\"https:\/\/pagines.uab.cat\/lattal\/sites\/pagines.uab.cat.lattal\/files\/program_beersheva_0.pdf\">Joint workshop on the Latin Talmud<\/a> by the CSOC and LATTAL in Beersheva. Follow the <a href=\"https:\/\/www.youtube.com\/watch?v=RvpTWfNQ8jE\">Introduction<\/a> and the papers on Youtube.<\/p>\n\n\n\n<p>11\/01\/2018: U. Cecini and E. Vernet publish the collective volume <em>Studies on the Latin Talmud<\/em> (contributions by U. Cecini, F. Dal Bo, A. Fidora, A. Geiger, A. Gonz\u00e1lez, G. K. Hasselhoff, I. Lampurlan\u00e9s, M. Leyra, \u00d3. de la Cruz and E. Vernet). <a href=\"https:\/\/ddd.uab.cat\/pub\/llibres\/2017\/183770\/DOC_113.pdf\">Read on-line<\/a>.<\/p>\n\n\n\n<p>10\/01\/2018: G. K. Hasselhoff and A. Fidora publish a collective volume on <em>Ramon Mart\u00ed&#8221;s Pugio fidei: Studies and Texts<\/em> (contributions by Ph. Bobichon, A. Fidora, A. Giletti, G.K. Hasselhoff, R. Szpiech, S. Wiersma and Y. Yisraeli). <a href=\"https:\/\/ddd.uab.cat\/pub\/llibres\/2017\/183594\/OE_ExSch8_PugioFidei_Final.pdf\">Read on-line<\/a>.<\/p>\n\n\n\n<p>26\/10\/2017: A. Fidora gives a lecture at the<a href=\"https:\/\/abrahamicprograms.uconn.edu\/inaugural-symposium-jewish-christian-muslim-intellectual-exchanges-in-the-medieval-and-early-modern-mediterranean\/\"> Abrahamic Programs Inaugural Symposium<\/a>, University of Connecticut.<\/p>\n\n\n\n<p>07\/08\/2017: F. Dal Bo, A. Gonz\u00e1lez and E. Vernet organize a session on the Latin Talmud at the <a href=\"https:\/\/drive.google.com\/file\/d\/0B-zkgea53xmcS1lpN0o2NlRnbVU\/view\">World Congress of Jewish Studies in Jerusalem<\/a>.<\/p>\n\n\n\n<p>31\/07\/2017: Read an article by I. Lampurlan\u00e9s on the section <a href=\"https:\/\/webs.uab.cat\/lattal\/wp-content\/uploads\/sites\/229\/2014\/10\/de_messia.pdf\">De Messia of the Extractiones<\/a>.<\/p>\n\n\n\n<p>27\/07\/2017: A. Fidora will give a paper with the titel &#8220;Alia lex, quae dicitur Talmud&#8221; at the <a href=\"https:\/\/www.siepm.uni-freiburg.de\/conferences\/siepm-congresses\/forthcoming-congresses\/2017-07-2428-xiv-siepm-congress-programjune.pdf\">14th Congress of the SIEPM<\/a> in Porto Alegre.<\/p>\n\n\n\n<p>14\/07\/2017: Read an article by A. Fidora on <a href=\"https:\/\/webs.uab.cat\/lattal\/wp-content\/uploads\/sites\/229\/2014\/10\/5_fidora.pdf\">Albertus Magnus and the Latin Talmud<\/a>.<\/p>\n\n\n\n<p>10\/07\/2017: Read an article by U. Cecini on the <a href=\"https:\/\/webs.uab.cat\/lattal\/wp-content\/uploads\/sites\/229\/2014\/10\/article_cecini.pdf\">Hebrew-Latin Talmud manusscript in Florence<\/a>.<\/p>\n\n\n\n<p>27\/06\/2017: A. Fidora gives a paper on &#8220;The Latin Talmud and the Extension of Papal Jurisdiction over Jews&#8221; at the <a href=\"https:\/\/pagines.uab.cat\/lattal\/sites\/pagines.uab.cat.lattal\/files\/convivencia_lisbon_2017_flyer_v5.3.pdf\">MPI-Conference &#8220;Convivencia&#8221;<\/a> in Lison.<\/p>\n\n\n\n<p>22\/05\/2017: New article by G. Hasselhoff on <a href=\"https:\/\/webs.uab.cat\/lattal\/wp-content\/uploads\/sites\/229\/2014\/10\/hasselhoff_-_talmudprozess_von_1240_u_rashi_comm_in_ex_lat_-_2017.pdf\" target=\"_blank\" rel=\"noopener\">Rashi&#8217;s Latin comments on Exodus<\/a>.<\/p>\n\n\n\n<p>19\/05\/2017: A. Fidora gives a paper on the Latin Talmud at the <a href=\"https:\/\/webs.uab.cat\/lattal\/wp-content\/uploads\/sites\/229\/2014\/10\/2017-04-27-loeb-tagungsflyer_1.pdf\" target=\"_blank\" rel=\"noopener\">James Loeb Conference<\/a> in Munich.<\/p>\n\n\n\n<p>20\/03\/2017: U. Cecini, G. Hasselhoff and I. Lampurlan\u00e9s will give papers on the Latin Talmud and the Dux Neutrorum at <a href=\"https:\/\/webs.uab.cat\/lattal\/wp-content\/uploads\/sites\/229\/2014\/10\/Kurzprogramm-Symposium.pdf\">the 17th Symposium of the Mediaevistenverband<\/a> in Bonn.<\/p>\n\n\n\n<p>18\/02\/2017: A. Fidora gives an interview on the Latin Talmud for <a href=\"https:\/\/www.ccma.cat\/tv3\/alacarta\/capsules-de-ciencia\/el-talmud-llati-com-els-cristians-del-segle-xiii-entenien-el-judaisme\/video\/5650779\/\" target=\"_blank\" rel=\"noopener\">C\u00e0psules de Ci\u00e8ncia<\/a>, TV3.<\/p>\n\n\n\n<p>21\/12\/2016: Read an article by U. Cecini, \u00d3. de la Cruz and E. Vernet on the Latin Talmud in <a href=\"https:\/\/webs.uab.cat\/lattal\/wp-content\/uploads\/sites\/229\/2014\/10\/Tamid.pdf\" target=\"_blank\" rel=\"noopener\">Tamid<\/a>.<\/p>\n\n\n\n<p>3\/12\/2016: A. Gonz\u00e1lez gives a paper with the title &#8220;The Hebrew Sources of the Latin Translation of the Talmud in the Middle Ages&#8221; at the Congress &#8220;<a href=\"https:\/\/webs.uab.cat\/lattal\/wp-content\/uploads\/sites\/229\/2014\/10\/Imbas-2016-Programme.pdf\" target=\"_blank\" rel=\"noopener\">IMBAS, Transformation and Preservation in Late Antiquity and the Middle Ages<\/a>&#8220;, NUI Galway.<\/p>\n\n\n\n<p>25\/11\/2016: &nbsp;A. Gonz\u00e1lez gives a paper with the title &#8220;La traducci\u00f3 llatina del Talmud: les fonts hebrees&#8221; at the &#8220;<a href=\"https:\/\/iiijornadaspredoctoralesuab.wordpress.com\/\" target=\"_blank\" rel=\"noopener\">III Jornadas Predoctorales en estudios de la antig\u00fcedad y la Edad Media. Culturas en contacto, conflicto, asimilaci\u00f3n e intercambio<\/a>&#8220;. Universitat Aut\u00f2noma de Barcelona.<\/p>\n\n\n\n<p>19\/11\/2016: Two new articles: 1) <a href=\"https:\/\/webs.uab.cat\/lattal\/wp-content\/uploads\/sites\/229\/2014\/10\/Fidora_Cecini_Ex_oriente_lux.pdf\" target=\"_blank\" rel=\"noopener\">Nicholas Donin&#8217;s Thirty-Five Articles Against the Talmud<\/a> by A. Fidora and U. Cecini , and 2) <a href=\"https:\/\/webs.uab.cat\/lattal\/wp-content\/uploads\/sites\/229\/2014\/10\/Hasselhoff_Ex_oriente_lux.pdf\">Rashi and the Dominicans<\/a> by G. Hasselhoff, both in Charles Burnett and Pedro Mantas-Espa\u00f1a (eds.), Ex Oriente lux&#8230;, C\u00f3rdoba\/London 2016, pp. 187-199 and 201-215 respectively.<\/p>\n\n\n\n<p>18\/11\/2016: A. Gonz\u00e1lez gives a paper with the title &#8220;La influ\u00e8ncia del Talmud en la vida quotidi\u00e0na de jueus i cristians a l&#8217;Edad Mitjana&#8221; at the &#8220;<a href=\"https:\/\/webs.uab.cat\/lattal\/wp-content\/uploads\/sites\/229\/2014\/10\/Hostalric.pdf\" target=\"_blank\" rel=\"noopener\">V Seminari d&#8217;estudis medievals d&#8217;Hostalric. Hist\u00f2ries del dia a dia a l&#8217;Edad Mitjana<\/a>&#8220;, Ajuntament d&#8217;Hostalric and Arxiu Hist\u00f2ric d&#8217;Hostalric.<\/p>\n\n\n\n<p>19-20\/09\/2016: A. Gonz\u00e1lez participates at the &#8220;IV Corso intensivo di Paleografi ebraica&#8221; held by Judith Schlanger and Mauro Perani, at the Laboratorio di Epigrafia e Codicologia Ebraica del Dipartamento di Beni Culturali dell&#8217;alma Mater Universit\u00e0 di Bologna.<\/p>\n\n\n\n<p>19\/07\/2016: LATTAL on Radio <a href=\"https:\/\/www.deutschlandfunk.de\/erste-talmud-uebersetzung-als-sich-juden-und-christen-fremd.886.de.html?dram:article_id=360208\" target=\"_blank\" rel=\"noopener\">Deutschlandfunk<\/a>.<\/p>\n\n\n\n<p>03-07\/07\/2016: LATTAL organises three sessions at the <a href=\"https:\/\/www.leeds.ac.uk\/arts\/info\/125137\/international_medieval_congress\" target=\"_blank\" rel=\"noopener\">International Medieval Congress in Leeds<\/a> (sessions 132, 232, 332).<\/p>\n\n\n\n<p>01\/07\/2016: Dr. Filippo Sedda (Rome) gives a seminar on the Latin Talmud in John of Capistrano&#8217;s library (10am, MRA, UAB).<\/p>\n\n\n\n<p>6-8\/06\/2016, U. Cecini, A. Gonz\u00e1lez, E. Vernet present the LATTAL-project at &#8220;EAJS Laboratory Workshop&#8221; in Aix-en-Provnce.<\/p>\n\n\n\n<p>12-15\/05\/2016: U.Cecini, G. Hasselhoff and E. Vernet organize a session at the <a href=\"https:\/\/wmich.edu\/sites\/default\/files\/attachments\/u434\/2015\/medieval-call-for-papers-2016.pdf\" target=\"_blank\" rel=\"noopener\">51st International Congress of Medieval Studies<\/a> in Kalamazoo.<\/p>\n\n\n\n<p>03\/02\/2016: New book by H. J. Hames, <em>L&#8217;Art de la conversi\u00f3. El Cristianisme i la C\u00e0bala en el segle XIII<\/em>, Barcelona\/Palma 2015.<\/p>\n\n\n\n<p>01\/02\/2016: Read an article by E. Vernet on the <a href=\"https:\/\/webs.uab.cat\/lattal\/wp-content\/uploads\/sites\/229\/2014\/10\/SPRT-JTMS-2015-VERNET.pdf\" target=\"_blank\" rel=\"noopener\">Transcription of Hebrew and Arabic proper names in the Latin Talmud<\/a>.<\/p>\n\n\n\n<p>14\/01\/2016: Read an article by A. Fidora on the <a href=\"https:\/\/webs.uab.cat\/lattal\/wp-content\/uploads\/sites\/229\/2014\/10\/Talmud-Ms-Girona.pdf\" target=\"_blank\" rel=\"noopener\">Girona-manuscript<\/a> of the Latin Talmud.<\/p>\n\n\n\n<p>25\/11\/2015: G. Hasselhoff and I. Lampurlan\u00e9s give two papers at the <a href=\"https:\/\/congres2015.institutmonjuic.cat\/\" target=\"_blank\" rel=\"noopener\">V Congr\u00e9s per a l&#8217;estudi dels jueus en territoris de llengua catalana<\/a>, Institut d&#8217;Estudis Catalans.<\/p>\n\n\n\n<p>18\/11\/2015: A. Fidora gives a paper with the title &#8220;Between Philology and Polemic: The Prologues to the Latin Talmud Dossier&#8221; at the International Conference <a href=\"https:\/\/www.mpiwg-berlin.de\/PDF\/Narratives_On_Translations_Program.pdf\" target=\"_blank\" rel=\"noopener\">&#8220;Narratives on Translation&#8221;<\/a>, Max-Planck-Institut f\u00fcr Wissenschaftsgeschichte, Berlin.<\/p>\n\n\n\n<p>14\/10\/2015: Read an article by A. Fidora on <a href=\"https:\/\/webs.uab.cat\/lattal\/wp-content\/uploads\/sites\/229\/2014\/10\/jtms-2015-0003.pdf\" target=\"_blank\" rel=\"noopener\">The Two Versions of the Latin Talmud<\/a>.<\/p>\n\n\n\n<p>11\/10\/2015: Read an <a href=\"https:\/\/webs.uab.cat\/lattal\/wp-content\/uploads\/sites\/229\/2014\/10\/Henoch-Fidora.pdf\" target=\"_blank\" rel=\"noopener\">article<\/a> by A. Fidora on the Latin Talmud, Nicholas Donin and Thibaud de S\u00e9zanne.<\/p>\n\n\n\n<p>12\/09\/2015: G. Hasselhoff gives a paper on &#8221; A Neglected Chapter: The Domincians and the Talmud as Exemplified with Raymond Martini&#8221; at the Conference <a href=\"https:\/\/www.torch.ox.ac.uk\/influences-dominican-order-middle-ages\" target=\"_blank\" rel=\"noopener\">&#8220;The Influences of the Dominican Order in the Middle Ages&#8221;<\/a>, Lincoln College, Oxford.<\/p>\n\n\n\n<p>14\/07\/2015: \u00d3. de la Cruz gives a paper on &#8220;Primera aproximaci\u00f3n a la traducci\u00f3n latina del Talmud (c. 1240)&#8221;, <a href=\"https:\/\/www.estudiosclasicos.org\/xiv-congreso-seec\/\" target=\"_blank\" rel=\"noopener\">XIV Congreso de la Sociedad Espa\u00f1ola de Estudios Cl\u00e1sicos<\/a>.<\/p>\n\n\n\n<p>13\/07\/2015: A. Fidora, U. Cecini and E. Vernet organize a section on the &#8220;Latin Talmud&#8221; at the <a href=\"https:\/\/eabs.net\/site\/wp-content\/uploads\/2014\/08\/AV_eabsfinal-program-book3.pdf\" target=\"_blank\" rel=\"noopener\">Annual Meeting <\/a>of the European Association of Biblical Stduies in Cordova.<\/p>\n\n\n\n<p>16\/06\/2015: A. Fidora presents LATTAL at E.Y.E. Catalunya: <a href=\"https:\/\/www.youtube.com\/watch?v=96JbAx79u_8\" target=\"_blank\" rel=\"noopener\">video<\/a>.<\/p>\n\n\n\n<p>02\/06\/2015: \u00d3. de la Cruz, U. Cecini and E. Vernet give a paper on <a href=\"https:\/\/webs.uab.cat\/lattal\/wp-content\/uploads\/sites\/229\/2014\/10\/Invitacio-IEC-Talmud.pdf\" target=\"_blank\" rel=\"noopener\">&#8220;Lex super os vel in ore: La traducci\u00f3 del Talmud al llat\u00ed durant el s. XIII&#8221;<\/a>, Societat Catalana d&#8217;Estudis Hebraics, Institut d&#8217;Estudis Catalans.<\/p>\n\n\n\n<p>27\/05\/2015: A. Fidora gives a paper on Nicholas Donin&#8217;s 35 Articles against the Talmud at the <a href=\"https:\/\/webs.uab.cat\/lattal\/wp-content\/uploads\/sites\/229\/2014\/10\/John_of_Seville_Program.pdf\" target=\"_blank\" rel=\"noopener\">C\u00f3rdoba Near Eastern Research Unit<\/a>. He shows that Donin&#8217;s 35 Articles are the result of a collaborative translation &#8220;\u00e0 deux interpr\u00e8tes&#8221; from Hebrew into French into Latin.<\/p>\n\n\n\n<p>11\/03\/2015: The Museu de la Hist\u00f2ria de Barcelona reopens its branch in <a href=\"https:\/\/barcelonacultura.bcn.cat\/descobreix\/muhba-call-jueus-barcelona-medieval-cultura\" target=\"_blank\" rel=\"noopener\">Barcelona&#8217;s Jewish Quarter <\/a>(El Call) with a new exhibition (among the commissioners: A. Fidora and E. Vernet).<\/p>\n\n\n\n<p>13\/01\/2015: A. Fidora gives a paper on &#8220;<a href=\"https:\/\/webs.uab.cat\/lattal\/wp-content\/uploads\/sites\/229\/2014\/10\/Madrid-CCHS-CSIC.pdf\" target=\"_blank\" rel=\"noopener\">Textual Rearrangement and Thwarted Intentions: The Two Versions of the Latin Talmud<\/a>&#8221; at the Workshop &#8220;<a href=\"https:\/\/webs.uab.cat\/lattal\/wp-content\/uploads\/sites\/229\/2014\/10\/cartel_translating.pdf\" target=\"_blank\" rel=\"noopener\">Translating Sacred Texts<\/a>&#8220;, CCHS-CSIC, Madrid.<\/p>\n\n\n\n<p>31\/10\/2014: U. Cecini and A. Fidora give a paper each at the International Workshop&nbsp;\u00ab<a href=\"https:\/\/webs.uab.cat\/lattal\/wp-content\/uploads\/sites\/229\/2014\/10\/Barcelona_Workshop_Cultural-Broker_31_10_2014.pdf\" target=\"_blank\" rel=\"noopener\">The Cultural Broker Comparing Modes of Dis\/integration of Cultural and Religious Otherness in the Mediterranean World and Beyond<\/a>\u00bb, at the Universitat Aut\u00f2noma de Barcelona.<\/p>\n","protected":false},"excerpt":{"rendered":"<p>PhD Theses Isaac Lampurlan\u00e9s, Excerptum de Talmud. Critical Edition and Study. Defended January 2019. Annabel Gonz\u00e1lez, La transmissi\u00f3 dels manuscrits del Talmud de Babil\u00f2nia a Europa: de l&#8217;original hebreu a la traducci\u00f3 llatina del Talmud (Par\u00eds 1244-1245). Defended February 2020. BA Theses Laura Fortea Marin, Glossae Salomonis in Exodum. Edici\u00f3n cr\u00edtica y traducci\u00f3n de la [&hellip;]<\/p>\n","protected":false},"author":20,"featured_media":0,"parent":0,"menu_order":0,"comment_status":"closed","ping_status":"closed","template":"","meta":{"footnotes":""},"class_list":["post-63","page","type-page","status-publish","hentry"],"_links":{"self":[{"href":"https:\/\/webs.uab.cat\/lattal\/wp-json\/wp\/v2\/pages\/63","targetHints":{"allow":["GET"]}}],"collection":[{"href":"https:\/\/webs.uab.cat\/lattal\/wp-json\/wp\/v2\/pages"}],"about":[{"href":"https:\/\/webs.uab.cat\/lattal\/wp-json\/wp\/v2\/types\/page"}],"author":[{"embeddable":true,"href":"https:\/\/webs.uab.cat\/lattal\/wp-json\/wp\/v2\/users\/20"}],"replies":[{"embeddable":true,"href":"https:\/\/webs.uab.cat\/lattal\/wp-json\/wp\/v2\/comments?post=63"}],"version-history":[{"count":4,"href":"https:\/\/webs.uab.cat\/lattal\/wp-json\/wp\/v2\/pages\/63\/revisions"}],"predecessor-version":[{"id":496,"href":"https:\/\/webs.uab.cat\/lattal\/wp-json\/wp\/v2\/pages\/63\/revisions\/496"}],"wp:attachment":[{"href":"https:\/\/webs.uab.cat\/lattal\/wp-json\/wp\/v2\/media?parent=63"}],"curies":[{"name":"wp","href":"https:\/\/api.w.org\/{rel}","templated":true}]}}