{"id":66,"date":"2014-10-07T12:46:23","date_gmt":"2014-10-07T10:46:23","guid":{"rendered":"https:\/\/webs.uab.cat\/lattal\/links\/"},"modified":"2022-09-28T12:43:44","modified_gmt":"2022-09-28T10:43:44","slug":"links","status":"publish","type":"page","link":"https:\/\/webs.uab.cat\/lattal\/links\/","title":{"rendered":"Links"},"content":{"rendered":"\n<ul class=\"wp-block-list\"><li><a title=\"AAR\" href=\"https:\/\/www.aarweb.org\/\" target=\"_blank\" rel=\"noopener\">American Academy of Religion (AAR)<\/a><\/li><li><a title=\"AISG\" href=\"http:\/\/www.aisg.it\/\" target=\"_blank\" rel=\"noopener\">Associazione Italiana per lo Studio del Giudaismo &#8211; Italian Association for Jewish Studies (AISG).<\/a><\/li><li><a title=\"AJS Perspectives\" href=\"http:\/\/perspectives.ajsnet.org\/the-iran-iraq-issue-fall-2010\/online-resources-talmud-research-study-teaching\/\" target=\"_blank\" rel=\"noopener\">AJS Perspectives. Online Resources for Talmud Research, Study, and Teaching<\/a><\/li><li><a title=\"alhatorah\" href=\"http:\/\/mg.alhatorah.org\" target=\"_blank\" rel=\"noopener\">alhatorah.org<\/a>: This site offers electronic consultation of the Talmud and several Talmudic comments.<\/li><li><a title=\"Samuel Berger (1983)\" href=\"https:\/\/archive.org\/details\/quamnotitiamlin00berggoog\" target=\"_blank\" rel=\"noopener\">Berger, Samuel (1893), <em>Quam notitiam linguae hebraicae habuerint Christiani medii aevi temporibus in Gallia<\/em>, Nantes.<\/a><\/li><li><a title=\"Biblia Medieval\" href=\"http:\/\/www.bibliamedieval.es\" target=\"_blank\" rel=\"noopener\">Biblia Medieval<\/a><br>Andr\u00e9s Enrique-Arias (coord.). Universitat de les Illes Balears (Palma de Mallorca). The <em>Biblia medieval<\/em> website is a collection of interactive electronic resources for the study of an important corpus of medieval Spanish texts: the Old Spanish translations of the Bible.<\/li><li><a title=\"Chabad\" href=\"http:\/\/www.chabad.org\/\" target=\"_blank\" rel=\"noopener\">Chabad.org<\/a><br>Chabad.org is a division of the Chabad-Lubavitch Media Center \u00b7 Under the auspices of the Lubavitch World Headquarters.This website offers Hebrew texts with transcription and translation into English and other languages.<\/li><li><a title=\"Biblia Paralela\" href=\"http:\/\/bibliaparalela.com\" target=\"_blank\" rel=\"noopener\">Biblia Paralela<\/a><br>Concordances of the Bible, linguistic analysis and commentaries. Plurilingual versions.<\/li><li><a title=\"Dictionnaire du Moyen Fran\u00e7ais\" href=\"http:\/\/www.atilf.fr\/dmf\" target=\"_blank\" rel=\"noopener\">Dictionnaire du Moyen Fran\u00e7ais (1330-1500)<\/a><br>Le <em>Dictionnaire du Moyen Fran\u00e7ais<\/em> (DMF), qui s&#8217;\u00e9labore \u00e0 Nancy au Laboratoire ATILF du CNRS (&#8220;Analyse et Traitement Informatique de la Langue Fran\u00e7aise&#8221;) et de l&#8217;Universit\u00e9 de Lorraine, est un dictionnaire \u00e9lectronique librement accessible.<\/li><li><a title=\"Documenta Catholica Omnia\" href=\"http:\/\/www.documentacatholicaomnia.eu\" target=\"_blank\" rel=\"noopener\">Documenta Catholica Omnia. Cooperatorum Veritatis Societatis. <\/a><br>Literary and doctrinal Christian texts, including Acta Conciliorum, etc. and other documents concerning Church History.<\/li><li><a title=\"EABS\" href=\"http:\/\/www.eabs.net\/site\/\" target=\"_blank\" rel=\"noopener\">European Association of Biblical Studies (EABS)<\/a><\/li><li><a href=\"http:\/\/www.jewish-languages.org\/\" target=\"_blank\" rel=\"noopener\">Jewish Language Research Website<\/a><\/li><li><a title=\"Halakhah. Babylonian Talmud\" href=\"http:\/\/www.halakhah.com\" target=\"_blank\" rel=\"noopener\">Halakha.com. English translation of the Babylonian Talmud (ed. Soncino)<\/a><\/li><li><a href=\"http:\/\/www.jewish-languages.org\/\" target=\"_blank\" rel=\"noopener\">Jewish Language Research Website<\/a><\/li><li><a title=\"Patrologia Graeca\" href=\"http:\/\/patristica.net\/graeca\/\" target=\"_blank\" rel=\"noopener\">Patrologia Graeca, J.P. Migne<\/a><\/li><li><a title=\"Patrologia Latina\" href=\"http:\/\/patristica.net\/latina\/\" target=\"_blank\" rel=\"noopener\">Patrologia Latina, J.P. Migne<\/a><\/li><li><a title=\"Patrologia Orientalis\" href=\"http:\/\/archive.org\/search.php?query=patrologia%20orientalis\" target=\"_blank\" rel=\"noopener\">Patrologia Orientalis<\/a><\/li><li><a title=\"pharetra\" href=\"http:\/\/www.europeana.eu\/portal\/record\/9200386\/BibliographicResource_3000045427837.html\" target=\"_blank\" rel=\"noopener\">Pharetra<\/a><br><em>Errores Iudaeorum in Talmud<\/em> exemplar in M\u00fcnchen, Bayerische Staatsbibliothek &#8212; 2 Inc.s.a. 656, printed in 1473, s.l.: Incipiunt errores iudeorum extracti ex Talmut. Et quid sit Talmut.<\/li><li><a title=\"Sefaria\" href=\"http:\/\/www.sefaria.org\/texts\" target=\"_blank\" rel=\"noopener\">Sefaria<\/a><\/li><li><a title=\"The Mediterranean Seminar\" href=\"http:\/\/humweb.ucsc.edu\/mediterraneanseminar\/info\/\" target=\"_blank\" rel=\"noopener\">The Mediterranean Seminar<\/a><br>Dir. Brian A. Catlos (History, UCSC\/Religious Studies, University of Colorado at Boulder) &#8211; Dir. Sharon Kinoshita (Literature, UCSC)<\/li><li><a title=\"Toldot Yeshu\" href=\"http:\/\/www.orajhaemeth.org\/2013\/12\/toldot-yeshu-version-strasbourg.html\" target=\"_blank\" rel=\"noopener\">Toldot Yeshu<\/a><br>This website offers other sources of Hebrew tradition in Spain or in Spanish and Sephardic language.<\/li><\/ul>\n","protected":false},"excerpt":{"rendered":"<p>American Academy of Religion (AAR) Associazione Italiana per lo Studio del Giudaismo &#8211; Italian Association for Jewish Studies (AISG). AJS Perspectives. Online Resources for Talmud Research, Study, and Teaching alhatorah.org: This site offers electronic consultation of the Talmud and several Talmudic comments. Berger, Samuel (1893), Quam notitiam linguae hebraicae habuerint Christiani medii aevi temporibus in [&hellip;]<\/p>\n","protected":false},"author":20,"featured_media":0,"parent":0,"menu_order":0,"comment_status":"closed","ping_status":"closed","template":"","meta":{"footnotes":""},"class_list":["post-66","page","type-page","status-publish","hentry"],"_links":{"self":[{"href":"https:\/\/webs.uab.cat\/lattal\/wp-json\/wp\/v2\/pages\/66","targetHints":{"allow":["GET"]}}],"collection":[{"href":"https:\/\/webs.uab.cat\/lattal\/wp-json\/wp\/v2\/pages"}],"about":[{"href":"https:\/\/webs.uab.cat\/lattal\/wp-json\/wp\/v2\/types\/page"}],"author":[{"embeddable":true,"href":"https:\/\/webs.uab.cat\/lattal\/wp-json\/wp\/v2\/users\/20"}],"replies":[{"embeddable":true,"href":"https:\/\/webs.uab.cat\/lattal\/wp-json\/wp\/v2\/comments?post=66"}],"version-history":[{"count":1,"href":"https:\/\/webs.uab.cat\/lattal\/wp-json\/wp\/v2\/pages\/66\/revisions"}],"predecessor-version":[{"id":355,"href":"https:\/\/webs.uab.cat\/lattal\/wp-json\/wp\/v2\/pages\/66\/revisions\/355"}],"wp:attachment":[{"href":"https:\/\/webs.uab.cat\/lattal\/wp-json\/wp\/v2\/media?parent=66"}],"curies":[{"name":"wp","href":"https:\/\/api.w.org\/{rel}","templated":true}]}}