{"id":93,"date":"2014-10-28T18:14:51","date_gmt":"2014-10-28T16:14:51","guid":{"rendered":"https:\/\/webs.uab.cat\/lattal\/publications-george-hasselhoff\/"},"modified":"2022-09-28T15:23:21","modified_gmt":"2022-09-28T13:23:21","slug":"publications-george-hasselhoff","status":"publish","type":"page","link":"https:\/\/webs.uab.cat\/lattal\/publications-george-hasselhoff\/","title":{"rendered":"Publications George Hasselhoff"},"content":{"rendered":"\n<div class=\"wp-block-media-text is-stacked-on-mobile has-primary-background-color has-background\" style=\"grid-template-columns:30% auto\"><figure class=\"wp-block-media-text__media\"><img decoding=\"async\" src=\"http:\/\/pagines.uab.cat\/lattal\/sites\/pagines.uab.cat.lattal\/files\/images\/fotohasselhoff.jpg\" alt=\"\"\/><\/figure><div class=\"wp-block-media-text__content\">\n<p class=\"has-small-font-size\"><strong>G\u00f6rge Hasselhoff<br><\/strong><a href=\"mailto:goerge.hasselhoff@tu-dortmund.de\">goerge.hasselhoff@tu-dortmund.de<\/a><\/p>\n\n\n\n<p class=\"has-small-font-size\">TU Dortmund<br>FB 14 Humanwissenschaften und Theologie<br>Emil-Figge-Str. 50; 2.406<br>D-44227 Dortmund \/ Germany<\/p>\n<\/div><\/div>\n\n\n\n<h2 class=\"wp-block-heading\"><strong>Recent and forthcoming papers:<\/strong><\/h2>\n\n\n\n<ul class=\"wp-block-list\"><li>&#8212;, \u00d3scar de la Cruz (2015), &#8220;Ein Maulbronner Fragment der lateinischen Talmud\u00fcbertragung des 13. Jahrhunderts&#8221; (mit Edition), <em>Zeitschrift f\u00fcr W\u00fcrttembergische Landesgeschichte<\/em> (ZWLG) 74, 331-344. <a href=\"http:\/\/pagines.uab.cat\/lattal\/sites\/pagines.uab.cat.lattal\/files\/Maulbronner Talmudfragment 2015.pdf\" target=\"_blank\" rel=\"noopener\">[read in pdf]<\/a><\/li><\/ul>\n\n\n\n<p><strong>Monographs<strong> (selection):<br><\/strong><\/strong><\/p>\n\n\n\n<ul class=\"wp-block-list\"><li>&#8212; (2014), Raimundus Martini, Texte zur Gotteslehre. Pugio fidei I-III, 1-6. Lateinisch \u2013 Hebr\u00e4isch \/ Aram\u00e4isch \u2013 Deutsch; Hrsg., \u00fcbersetzt und eingeleitet, Freiburg u.a.: Herder (HBPhMA, Bd. 31).<\/li><li>&#8212; (2004), <em>Dicit Rabbi Moyses<\/em>: Studien zum Bild von Moses Maimonides im lateinischen Westen vom 13. bis 15. Jahrhundert, W\u00fcrzburg: K\u00f6nigshausen &amp; Neumann (2nd ext. ed. 2005).<\/li><\/ul>\n\n\n\n<h2 class=\"wp-block-heading\"><strong><strong><br><strong>Volumes <\/strong>(selection):<\/strong><\/strong><\/h2>\n\n\n\n<ul class=\"wp-block-list\"><li>&#8212; (2015), (t\/w Knut Martin St\u00fcnkel), <em>Transcending Words: The Language of Religious Contact Between Buddhists, Christians, Jews, and Muslims in Predmodern Times<\/em>, Bochum: Winkler.<\/li><li>&#8212; (2010), <em>Die Entdeckung des Christentums in der Wissenschaft des Judentums<\/em>, (<em>Studia Judaica<\/em>. Forschungen zur Wissenschaft des Judentums, Bd. 54), Berlin; New York: de Gruyter.<\/li><\/ul>\n\n\n\n<p><strong><strong><br><strong>Articles<\/strong> (selection):<\/strong><\/strong><\/p>\n\n\n\n<ul class=\"wp-block-list\"><li>&#8212; (2014), &#8220;Die Rashi-Texte in Ram\u00f3n Mart\u00eds <em>Pugio fidei<\/em>&#8220;, in: <em>Judaica<\/em> 70 (2014), 165-173.<\/li><li>&#8212; (2014), &#8220;J\u00fcdisches Gesetz christlich interpretiert: Ramon Mart\u00eds <em>Pugio fidei<\/em>&#8220;, in: Andreas Speer \/ Guy Guldentops (Hg.),<em> Das Gesetz \u2013 The Law \u2013 La Loi<\/em> (Miscellanea Mediaevalia, 38), Berlin; Boston: De Gruyter, 574-582.<\/li><li>&#8212; (2013 [2014]), &#8220;Towards an Edition of Ramon Mart\u00ed\u2019s <em>Pugio fidei<\/em>&#8220;, in: <em>Bulletin de Philosophie M\u00e9di\u00e9vale<\/em> 55, 45-56.<\/li><\/ul>\n\n\n\n<ul class=\"wp-block-list\"><li>&#8212; (2013), &#8220;Tradu\u00e7\u00f5es latinas de textos religiosos judaicos no s\u00e9culo 13&#8221;, in: <em>Teocomunica\u00e7\u00e3o<\/em>. Revista quadrimestral de Faculdade de Teologia da PUCRS 43, 298-324 (online <a href=\"http:\/\/revistaseletronicas.pucrs.br\/teo\/ojs\/index.php\/teo\/article\/view\/16431\/10813\" target=\"_blank\" rel=\"noopener\">here<\/a><a href=\"mailto:goerge.hasselhoff@tu-dortmund.de\">).<\/a><\/li><li>&#8212; (2012), &#8220;Revising the Vulgate: Jerome and his Jewish Interlocutors&#8221;, in: <em>Zeitschrift f\u00fcr Religions- und Geistesgeschichte<\/em> 64, 209-221.<\/li><li>&#8212; (2012), &#8220;Modelos de di\u00e1logos inter-religiosos na hist\u00f3ria da Igreja&#8221;, in: <em>Teocomunica\u00e7\u00e3o<\/em>. Revista quadrimestral de Faculdade de Teologia da PUCRS 42, 144-178 (online <a href=\"http:\/\/revistaseletronicas.pucrs.br\/teo\/ojs\/index.php\/teo\/article\/viewFile\/11301\/7708\" target=\"_blank\" rel=\"noopener\"> here<\/a>).<\/li><li>&#8212; (2011), &#8220;Lateinische \u00dcbertragungen j\u00fcdischer religi\u00f6ser Texte im 13. Jahrhundert als Beitrag zu einer Friedenskultur? \u2013 Eine Skizze&#8221;, in: <em>Arnulf von Scheliha; Eveline Goodman-Thau (Hg.), Zwischen Formation und Transformation: Die Religionen Europas auf dem Weg des Friedens<\/em>, G\u00f6ttingen: V &amp; R unipress \/ Universit\u00e4tsverlag Osnabr\u00fcck, 121-130.<\/li><li>&#8212; (2004 [2005]), &#8220;Zur Problematik kritischer Ausgaben der Schriften von Moses Maimonides&#8221;, in: <em>Bulletin de Philosophie M\u00e9di\u00e9vale<\/em> 46, 39-53.<\/li><li>&#8212; (2004), &#8220;Self-definition, Apology, and the Jew Moses Maimonides: Thomas Aquinas, Raymundus Martini, Meister Eckhart, Nicholas of Lyre&#8221;, in: <em>Religious Apologetics \u2013 Philosophical Argumentation<\/em>; ed. by Yossef Schwartz and Volkhard Krech (Religion in Philosophy and Theology, 11), T\u00fcbingen: Mohr-Siebeck, 285-316.<\/li><li>&#8212; (2002 [2003]), &#8220;Some Remarks On Raymond Martini\u2019s (c. 1215\/30 \u2013 c. 1284\/94) Use Of Moses Maimonides&#8221;, in: <em>Trumah<\/em> 12, 133-148.<\/li><\/ul>\n\n\n\n<p><strong><strong><a href=\"http:\/\/webs.uab.cat\/lattal\/team\">go to the Team<\/a> || <a href=\"http:\/\/webs.uab.cat\/lattal\/information-gorge-halsselhoff\">go to +Info<\/a><\/strong><\/strong><\/p>\n","protected":false},"excerpt":{"rendered":"<p>G\u00f6rge Hasselhoffgoerge.hasselhoff@tu-dortmund.de TU DortmundFB 14 Humanwissenschaften und TheologieEmil-Figge-Str. 50; 2.406D-44227 Dortmund \/ Germany Recent and forthcoming papers: &#8212;, \u00d3scar de la Cruz (2015), &#8220;Ein Maulbronner Fragment der lateinischen Talmud\u00fcbertragung des 13. Jahrhunderts&#8221; (mit Edition), Zeitschrift f\u00fcr W\u00fcrttembergische Landesgeschichte (ZWLG) 74, 331-344. [read in pdf] Monographs (selection): &#8212; (2014), Raimundus Martini, Texte zur Gotteslehre. Pugio fidei [&hellip;]<\/p>\n","protected":false},"author":20,"featured_media":0,"parent":0,"menu_order":0,"comment_status":"closed","ping_status":"closed","template":"","meta":{"footnotes":""},"class_list":["post-93","page","type-page","status-publish","hentry"],"_links":{"self":[{"href":"https:\/\/webs.uab.cat\/lattal\/wp-json\/wp\/v2\/pages\/93","targetHints":{"allow":["GET"]}}],"collection":[{"href":"https:\/\/webs.uab.cat\/lattal\/wp-json\/wp\/v2\/pages"}],"about":[{"href":"https:\/\/webs.uab.cat\/lattal\/wp-json\/wp\/v2\/types\/page"}],"author":[{"embeddable":true,"href":"https:\/\/webs.uab.cat\/lattal\/wp-json\/wp\/v2\/users\/20"}],"replies":[{"embeddable":true,"href":"https:\/\/webs.uab.cat\/lattal\/wp-json\/wp\/v2\/comments?post=93"}],"version-history":[{"count":1,"href":"https:\/\/webs.uab.cat\/lattal\/wp-json\/wp\/v2\/pages\/93\/revisions"}],"predecessor-version":[{"id":389,"href":"https:\/\/webs.uab.cat\/lattal\/wp-json\/wp\/v2\/pages\/93\/revisions\/389"}],"wp:attachment":[{"href":"https:\/\/webs.uab.cat\/lattal\/wp-json\/wp\/v2\/media?parent=93"}],"curies":[{"name":"wp","href":"https:\/\/api.w.org\/{rel}","templated":true}]}}