{"id":95,"date":"2014-10-28T18:17:17","date_gmt":"2014-10-28T16:17:17","guid":{"rendered":"https:\/\/webs.uab.cat\/lattal\/information-eulalia-vernet\/"},"modified":"2022-09-28T15:30:06","modified_gmt":"2022-09-28T13:30:06","slug":"information-eulalia-vernet","status":"publish","type":"page","link":"https:\/\/webs.uab.cat\/lattal\/information-eulalia-vernet\/","title":{"rendered":"Information Eul\u00e0lia Vernet"},"content":{"rendered":"\n<div class=\"wp-block-media-text is-stacked-on-mobile has-primary-background-color has-background\" style=\"grid-template-columns:30% auto\"><figure class=\"wp-block-media-text__media\"><img decoding=\"async\" src=\"http:\/\/pagines.uab.cat\/lattal\/sites\/pagines.uab.cat.lattal\/files\/images\/fotoeulalia.jpg\" alt=\"\"\/><\/figure><div class=\"wp-block-media-text__content\">\n<p class=\"has-small-font-size\"><strong><strong>Eul\u00e0lia Vernet<br><\/strong><\/strong><a href=\"mailto:eulalia.vernet@uab.cat\">eulalia.vernet@uab.cat<\/a><br>Phone: +34 935868797<\/p>\n\n\n\n<p class=\"has-small-font-size\">Post-doc Researcher<br>Universitat Aut\u00f2noma de Barcelona<br>Dep. Ci\u00e8ncies de l&#8217;Antiguitat i de l&#8217;Edat Mitjana<br>08193 Bellaterra-Cerdanyola (Barcelona)<br>Spain<\/p>\n<\/div><\/div>\n\n\n\n<p>Eul\u00e0lia Vernet was born in 1978 in Barcelona (Catalonia). She graduated in Classical Philology (2001) and Semitic Philology (2004) at the Universitat de Barcelona. She obtained two PhD Grants (2002-2006, <em>Ministerio de Ciencia y Tecnolog\u00eda<\/em>; 2006, <em>Deutscher Akademischer Austauschdienst Deutschland<\/em>) for doctoral studies in Germany (Freie Universit\u00e4t Berlin,&nbsp; Seminar f\u00fcr Semitistik).<br>She obtained in 2008 her PhD in Semitic Philology. From 2007 to 2014 she has been assistant professor at the Department of Semitic Philology of the Universitat de Barcelona, were she taught biblical Hebrew and Aramaic languages. From 2011 to 2014, she has been IP of the research project \u201cEstudio etimol\u00f3gico de los verbos de tercera glotal *H en protosem\u00edtico\u201d of the Ministerio de Ciencia e Innovaci\u00f3n at the Universitat de Barcelona.<br>She is member of the <a href=\"http:\/\/www.ub.edu\/ipoa\/ipoa_membres_eng.html\" target=\"_blank\" rel=\"noopener\">Institut del Pr\u00f2xim Orient Antic<\/a> (UB). Since 2013 she is member of the editorial committee of the journal for Hebrew and Jewish studies<a href=\"http:\/\/revistes.iec.cat\/index.php\/tamid\/index\" target=\"_blank\" rel=\"noopener\"> <em>Tamid<\/em><\/a> (Institut d\u2019Estudis Catalans). Since 2012 she collaborates with the <a href=\"http:\/\/museuhistoria.bcn.cat\/ca\/node\/195\" target=\"_blank\" rel=\"noopener\">Museu d\u2019Hist\u00f2ria de Barcelona<\/a> as specialist in the medieval Jewish quarter of the city.<br>Her research interests are semitic historical linguistics, the verbal system of semitic languages, the biblical Hebrew and Aramaic languages and the transmission of biblical texts during the intertestamental and rabbinic periods.<\/p>\n\n\n\n<p><a href=\"http:\/\/webs.uab.cat\/lattal\/team\">go to the Team<\/a> || <a href=\"https:\/\/webs.uab.cat\/lattal\/publications-eulalia-vernet\/\">go to Publications<\/a><\/p>\n","protected":false},"excerpt":{"rendered":"<p>Eul\u00e0lia Verneteulalia.vernet@uab.catPhone: +34 935868797 Post-doc ResearcherUniversitat Aut\u00f2noma de BarcelonaDep. Ci\u00e8ncies de l&#8217;Antiguitat i de l&#8217;Edat Mitjana08193 Bellaterra-Cerdanyola (Barcelona)Spain Eul\u00e0lia Vernet was born in 1978 in Barcelona (Catalonia). She graduated in Classical Philology (2001) and Semitic Philology (2004) at the Universitat de Barcelona. She obtained two PhD Grants (2002-2006, Ministerio de Ciencia y Tecnolog\u00eda; 2006, Deutscher [&hellip;]<\/p>\n","protected":false},"author":20,"featured_media":0,"parent":0,"menu_order":0,"comment_status":"closed","ping_status":"closed","template":"","meta":{"footnotes":""},"class_list":["post-95","page","type-page","status-publish","hentry"],"_links":{"self":[{"href":"https:\/\/webs.uab.cat\/lattal\/wp-json\/wp\/v2\/pages\/95","targetHints":{"allow":["GET"]}}],"collection":[{"href":"https:\/\/webs.uab.cat\/lattal\/wp-json\/wp\/v2\/pages"}],"about":[{"href":"https:\/\/webs.uab.cat\/lattal\/wp-json\/wp\/v2\/types\/page"}],"author":[{"embeddable":true,"href":"https:\/\/webs.uab.cat\/lattal\/wp-json\/wp\/v2\/users\/20"}],"replies":[{"embeddable":true,"href":"https:\/\/webs.uab.cat\/lattal\/wp-json\/wp\/v2\/comments?post=95"}],"version-history":[{"count":1,"href":"https:\/\/webs.uab.cat\/lattal\/wp-json\/wp\/v2\/pages\/95\/revisions"}],"predecessor-version":[{"id":395,"href":"https:\/\/webs.uab.cat\/lattal\/wp-json\/wp\/v2\/pages\/95\/revisions\/395"}],"wp:attachment":[{"href":"https:\/\/webs.uab.cat\/lattal\/wp-json\/wp\/v2\/media?parent=95"}],"curies":[{"name":"wp","href":"https:\/\/api.w.org\/{rel}","templated":true}]}}