{"id":98,"date":"2015-10-05T20:52:41","date_gmt":"2015-10-05T18:52:41","guid":{"rendered":"https:\/\/webs.uab.cat\/lattal\/information-annabel-gonzalez-flores\/"},"modified":"2022-09-28T13:12:35","modified_gmt":"2022-09-28T11:12:35","slug":"information-annabel-gonzalez-flores","status":"publish","type":"page","link":"https:\/\/webs.uab.cat\/lattal\/information-annabel-gonzalez-flores\/","title":{"rendered":"Information-Annabel-Gonzalez-Flores"},"content":{"rendered":"\n<div class=\"wp-block-media-text is-stacked-on-mobile has-primary-background-color has-background\" style=\"grid-template-columns:30% auto\"><figure class=\"wp-block-media-text__media\"><img decoding=\"async\" src=\"http:\/\/pagines.uab.cat\/lattal\/sites\/pagines.uab.cat.lattal\/files\/images\/fotoannabel.jpg\" alt=\"\"\/><\/figure><div class=\"wp-block-media-text__content\">\n<p class=\"has-small-font-size\"><strong><strong><strong>Annabel Gonz\u00e1lez Flores<br><\/strong><\/strong><a href=\"mailto:anabel.gonzalez@uab.cat\">anabel.gonzalez@uab.cat<\/a><br><\/strong>Phone: +34 935868797<\/p>\n\n\n\n<p class=\"has-small-font-size\">Researcher<br>Hebrew Philology<br>Universitat Aut\u00f2noma de Barcelona<br>Dep. Ci\u00e8ncies de l&#8217;Antiguitat i de l&#8217;Edat Mitjana<br>08193 Bellaterra-Cerdanyola (Barcelona)<br>Spain<\/p>\n<\/div><\/div>\n\n\n\n<p>Annabel Gonz\u00e1lez Flores was born in 1981 in Barcelona (Catalonia). She graduated in Estudis \u00c0rabs i Hebreus [Arabic and Hebrew Studies] at the Universitat de Barcelona. She studied a Master in Assyriology, and another Master in &#8220;Cultures i Lleng\u00fces de l\u2019Antiguitat&#8221;, the subject of her master&#8217;s thesis was: \u00abThe root of suffering: a lexicography analysis of the book of Job and two Babylonian wisdom texts\u00bb.<br>Her doctoral thesis consists in describing the early manuscripts of the Talmud Bavli preserved in Europe (12th-13th. C) in order to reconstruct, if possible, plausible Talmudic sources for the medieval Latin translation.<br>PhD Title: <em>The transmission of the manuscripts of the Talmud Bavli in Europe: from the original Hebrew to theLatin translation of the Talmud (Paris, 1244-1245)<\/em>.<\/p>\n\n\n\n<p><a href=\"http:\/\/webs.uab.cat\/lattal\/team\">go to the Team<\/a> || <a href=\"http:\/\/webs.uab.cat\/lattal\/publications-Annabel-Gonzalez-Flores\">go to Publications<\/a><\/p>\n\n\n\n<hr class=\"wp-block-separator has-alpha-channel-opacity\"\/>\n","protected":false},"excerpt":{"rendered":"<p>Annabel Gonz\u00e1lez Floresanabel.gonzalez@uab.catPhone: +34 935868797 ResearcherHebrew PhilologyUniversitat Aut\u00f2noma de BarcelonaDep. Ci\u00e8ncies de l&#8217;Antiguitat i de l&#8217;Edat Mitjana08193 Bellaterra-Cerdanyola (Barcelona)Spain Annabel Gonz\u00e1lez Flores was born in 1981 in Barcelona (Catalonia). She graduated in Estudis \u00c0rabs i Hebreus [Arabic and Hebrew Studies] at the Universitat de Barcelona. She studied a Master in Assyriology, and another Master in [&hellip;]<\/p>\n","protected":false},"author":20,"featured_media":0,"parent":0,"menu_order":0,"comment_status":"closed","ping_status":"closed","template":"","meta":{"footnotes":""},"class_list":["post-98","page","type-page","status-publish","hentry"],"_links":{"self":[{"href":"https:\/\/webs.uab.cat\/lattal\/wp-json\/wp\/v2\/pages\/98","targetHints":{"allow":["GET"]}}],"collection":[{"href":"https:\/\/webs.uab.cat\/lattal\/wp-json\/wp\/v2\/pages"}],"about":[{"href":"https:\/\/webs.uab.cat\/lattal\/wp-json\/wp\/v2\/types\/page"}],"author":[{"embeddable":true,"href":"https:\/\/webs.uab.cat\/lattal\/wp-json\/wp\/v2\/users\/20"}],"replies":[{"embeddable":true,"href":"https:\/\/webs.uab.cat\/lattal\/wp-json\/wp\/v2\/comments?post=98"}],"version-history":[{"count":1,"href":"https:\/\/webs.uab.cat\/lattal\/wp-json\/wp\/v2\/pages\/98\/revisions"}],"predecessor-version":[{"id":377,"href":"https:\/\/webs.uab.cat\/lattal\/wp-json\/wp\/v2\/pages\/98\/revisions\/377"}],"wp:attachment":[{"href":"https:\/\/webs.uab.cat\/lattal\/wp-json\/wp\/v2\/media?parent=98"}],"curies":[{"name":"wp","href":"https:\/\/api.w.org\/{rel}","templated":true}]}}