{"id":99,"date":"2015-10-05T21:06:23","date_gmt":"2015-10-05T19:06:23","guid":{"rendered":"https:\/\/webs.uab.cat\/lattal\/publications-annabel-gonzalez-flores\/"},"modified":"2022-09-28T13:13:50","modified_gmt":"2022-09-28T11:13:50","slug":"publications-annabel-gonzalez-flores","status":"publish","type":"page","link":"https:\/\/webs.uab.cat\/lattal\/publications-annabel-gonzalez-flores\/","title":{"rendered":"Publications-Annabel-Gonzalez-Flores"},"content":{"rendered":"\n<div class=\"wp-block-media-text is-stacked-on-mobile has-primary-background-color has-background\" style=\"grid-template-columns:30% auto\"><figure class=\"wp-block-media-text__media\"><img decoding=\"async\" src=\"http:\/\/pagines.uab.cat\/lattal\/sites\/pagines.uab.cat.lattal\/files\/images\/fotoannabel.jpg\" alt=\"\"\/><\/figure><div class=\"wp-block-media-text__content\">\n<p class=\"has-small-font-size\"><strong><strong><strong>Annabel Gonz\u00e1lez Flores<\/strong><\/strong><br><a href=\"mailto:anabel.gonzalez@uab.cat\">anabel.gonzalez@uab.cat<\/a><\/strong><br>Phone: +34 935868797<\/p>\n\n\n\n<p class=\"has-small-font-size\">Researcher<br>Hebrew Philology<br>Universitat Aut\u00f2noma de Barcelona<br>Dep. Ci\u00e8ncies de l&#8217;Antiguitat i de l&#8217;Edat Mitjana<br>08193 Bellaterra-Cerdanyola (Barcelona)<br>Spain<\/p>\n<\/div><\/div>\n\n\n\n<h2 class=\"wp-block-heading\"><strong>Recent and forthcoming papers:<\/strong><\/h2>\n\n\n\n<ul class=\"wp-block-list\"><li>&#8212; (2017), &#8220;<a href=\"http:\/\/pagines.uab.cat\/lattal\/sites\/pagines.uab.cat.lattal\/files\/sep_gonzalez_cecini_vernet_studies_talmud.pdf\">The Latin Talmud Translation: The Hebrew Sources<\/a>&#8220;, in U. Cecini and E. Vernet (eds.), <em>Studies on the Latin Talmud<\/em>, Bellaterra: Servei de Publicacions de la UAB, pp. 77-91.<\/li><\/ul>\n\n\n\n<p><a href=\"http:\/\/webs.uab.cat\/lattal\/team\">go to the Team<\/a> || <a href=\"http:\/\/webs.uab.cat\/lattal\/information-annabel-gonzalez-flores\">go to +Info<\/a><\/p>\n\n\n\n<hr class=\"wp-block-separator has-alpha-channel-opacity\"\/>\n","protected":false},"excerpt":{"rendered":"<p>Annabel Gonz\u00e1lez Floresanabel.gonzalez@uab.catPhone: +34 935868797 ResearcherHebrew PhilologyUniversitat Aut\u00f2noma de BarcelonaDep. Ci\u00e8ncies de l&#8217;Antiguitat i de l&#8217;Edat Mitjana08193 Bellaterra-Cerdanyola (Barcelona)Spain Recent and forthcoming papers: &#8212; (2017), &#8220;The Latin Talmud Translation: The Hebrew Sources&#8220;, in U. Cecini and E. Vernet (eds.), Studies on the Latin Talmud, Bellaterra: Servei de Publicacions de la UAB, pp. 77-91. go to [&hellip;]<\/p>\n","protected":false},"author":20,"featured_media":0,"parent":0,"menu_order":0,"comment_status":"closed","ping_status":"closed","template":"","meta":{"footnotes":""},"class_list":["post-99","page","type-page","status-publish","hentry"],"_links":{"self":[{"href":"https:\/\/webs.uab.cat\/lattal\/wp-json\/wp\/v2\/pages\/99","targetHints":{"allow":["GET"]}}],"collection":[{"href":"https:\/\/webs.uab.cat\/lattal\/wp-json\/wp\/v2\/pages"}],"about":[{"href":"https:\/\/webs.uab.cat\/lattal\/wp-json\/wp\/v2\/types\/page"}],"author":[{"embeddable":true,"href":"https:\/\/webs.uab.cat\/lattal\/wp-json\/wp\/v2\/users\/20"}],"replies":[{"embeddable":true,"href":"https:\/\/webs.uab.cat\/lattal\/wp-json\/wp\/v2\/comments?post=99"}],"version-history":[{"count":1,"href":"https:\/\/webs.uab.cat\/lattal\/wp-json\/wp\/v2\/pages\/99\/revisions"}],"predecessor-version":[{"id":378,"href":"https:\/\/webs.uab.cat\/lattal\/wp-json\/wp\/v2\/pages\/99\/revisions\/378"}],"wp:attachment":[{"href":"https:\/\/webs.uab.cat\/lattal\/wp-json\/wp\/v2\/media?parent=99"}],"curies":[{"name":"wp","href":"https:\/\/api.w.org\/{rel}","templated":true}]}}