{"id":31,"date":"2012-04-24T15:41:53","date_gmt":"2012-04-24T15:41:53","guid":{"rendered":"https:\/\/webs.uab.cat\/lba\/inici-2\/"},"modified":"2022-08-22T11:11:16","modified_gmt":"2022-08-22T11:11:16","slug":"inici-2","status":"publish","type":"page","link":"https:\/\/webs.uab.cat\/lba\/es\/","title":{"rendered":"inici"},"content":{"rendered":"\n<p>El Laboratorio de Bioseguridad Alimentaria (LBA) es un Servicio que ofrece un espacio que permite el trabajo con microrganismos pat\u00f3genos de transmisi\u00f3n alimentaria que precisan de un nivel de contenci\u00f3n 3, seg\u00fan lo establecido en el Real Decreto 664\/1997 sobre la protecci\u00f3n de los trabajadores contra los riesgos relacionados con la exposici\u00f3n a agentes biol\u00f3gicos durante el trabajo<br>(enlace: h<a href=\"ttp:\/\/www.insht.es\/InshtWeb\/Contenidos\/Normativa\/TextosLegales\/RD\/1997\/664_97\/PDFs\/realdecreto6641997de12demayoprotecciondelostrabajadores.pdf\">ttp:\/\/www.insht.es\/InshtWeb\/Contenidos\/Normativa\/TextosLegales\/RD\/1997\/664_97\/PDFs\/realdecreto6641997de12demayoprotecciondelostrabajadores.pdf<\/a>).<\/p>\n\n\n\n<p>Este espacio fue creado para apoyar la investigaci\u00f3n en materia de seguridad alimentaria que se desarrolla en el Centro Especial de Investigaci\u00f3n-Planta de Tecnolog\u00eda de los Alimentos y en el Departamento de Ciencia Animal y de los Alimentos de la Facultad de Veterinaria del a UAB. Este equipamiento se constituy\u00f3 como servicio el a\u00f1o 2010, para poder ofrecerlo tambi\u00e9n al resto de Departamentos y Centros de Investigaci\u00f3n de la Universidad Aut\u00f3noma, as\u00ed como a usuarios externos a la misma.<\/p>\n","protected":false},"excerpt":{"rendered":"<p>El Laboratorio de Bioseguridad Alimentaria (LBA) es un Servicio que ofrece un espacio que permite el trabajo con microrganismos pat\u00f3genos de transmisi\u00f3n alimentaria que precisan de un nivel de contenci\u00f3n 3, seg\u00fan lo establecido en el Real Decreto 664\/1997 sobre la protecci\u00f3n de los trabajadores contra los riesgos relacionados con la exposici\u00f3n a agentes biol\u00f3gicos [&hellip;]<\/p>\n","protected":false},"author":20,"featured_media":0,"parent":0,"menu_order":0,"comment_status":"closed","ping_status":"closed","template":"","meta":{"footnotes":""},"class_list":["post-31","page","type-page","status-publish","hentry"],"_links":{"self":[{"href":"https:\/\/webs.uab.cat\/lba\/es\/wp-json\/wp\/v2\/pages\/31","targetHints":{"allow":["GET"]}}],"collection":[{"href":"https:\/\/webs.uab.cat\/lba\/es\/wp-json\/wp\/v2\/pages"}],"about":[{"href":"https:\/\/webs.uab.cat\/lba\/es\/wp-json\/wp\/v2\/types\/page"}],"author":[{"embeddable":true,"href":"https:\/\/webs.uab.cat\/lba\/es\/wp-json\/wp\/v2\/users\/20"}],"replies":[{"embeddable":true,"href":"https:\/\/webs.uab.cat\/lba\/es\/wp-json\/wp\/v2\/comments?post=31"}],"version-history":[{"count":1,"href":"https:\/\/webs.uab.cat\/lba\/es\/wp-json\/wp\/v2\/pages\/31\/revisions"}],"predecessor-version":[{"id":117,"href":"https:\/\/webs.uab.cat\/lba\/es\/wp-json\/wp\/v2\/pages\/31\/revisions\/117"}],"wp:attachment":[{"href":"https:\/\/webs.uab.cat\/lba\/es\/wp-json\/wp\/v2\/media?parent=31"}],"curies":[{"name":"wp","href":"https:\/\/api.w.org\/{rel}","templated":true}]}}