{"id":34,"date":"2012-04-24T16:36:17","date_gmt":"2012-04-24T16:36:17","guid":{"rendered":"https:\/\/webs.uab.cat\/lba\/servicios-que-se-ofrecen\/"},"modified":"2012-04-24T16:36:17","modified_gmt":"2012-04-24T16:36:17","slug":"servicios-que-se-ofrecen","status":"publish","type":"page","link":"https:\/\/webs.uab.cat\/lba\/es\/servicios-que-se-ofrecen\/","title":{"rendered":"Servicios que se ofrecen"},"content":{"rendered":"<ol>\n<li>Alquiler de espacio y equipos para trabajar con microorganismos pat\u00f3genos de transmisi\u00f3n alimentaria de nivel de riesgo 3 (LBA) seg\u00fan lo establecido en el Real Decreto 664\/1997.\n<ul>\n<li>Se ofrece el uso del espacio, con las medidas de contenci\u00f3n correspondientes, a los Laboratorios o empresas que deban realizar trabajos experimentales que impliquen el uso de microorganismos pat\u00f3genos de transmisi\u00f3n alimentaria que requieran de hasta un nivel 3 de contenci\u00f3n .<\/li>\n<li>Las tarifas oficiales para el uso de los espacios y los equipamientos del laboratorio han sido aprobadas por la junta de gobierno de la UAB y se pueden consultar en el siguiente documento, aunque se recomienda contactar con el responsable del laboratorio para concretar las tarifas en funci\u00f3n de las condiciones de uso (arturxavier.roig@uab.cat)<\/li>\n<\/ul>\n<\/li>\n<li>Asesoramiento y realizaci\u00f3n de:\n<ul>\n<li>Dise\u00f1o y realizaci\u00f3n de ensayos con microrganismos pat\u00f3genos (challenge test) para la validaci\u00f3n de tecnolog\u00edas y procesos para la industria alimentaria o para fines experimentales<\/li>\n<li>Determinaci\u00f3n de la vida \u00fatil potencial de alimentos basados en criterios de seguridad microbiol\u00f3gica seg\u00fan lo establecido en el Reglamento 2073\/2005<\/li>\n<li>Ensayos de eficacia de productos microbicidas para la industria alimentaria<\/li>\n<li>Validaci\u00f3n de m\u00e9todos r\u00e1pidos de detecci\u00f3n y cuantificaci\u00f3n de microrganismos pat\u00f3genos de transmisi\u00f3n alimentaria<\/li>\n<\/ul>\n<\/li>\n<\/ol>\n<p>Para pedir un presupuesto para alguna de estas actividades, contactar con el responsable del laboratorio (arturxavier.roig@uab.cat)<\/p>\n","protected":false},"excerpt":{"rendered":"<p>Alquiler de espacio y equipos para trabajar con microorganismos pat\u00f3genos de transmisi\u00f3n alimentaria de nivel de riesgo 3 (LBA) seg\u00fan lo establecido en el Real Decreto 664\/1997. Se ofrece el uso del espacio, con las medidas de contenci\u00f3n correspondientes, a los Laboratorios o empresas que deban realizar trabajos experimentales que impliquen el uso de microorganismos [&hellip;]<\/p>\n","protected":false},"author":20,"featured_media":0,"parent":0,"menu_order":0,"comment_status":"closed","ping_status":"closed","template":"","meta":{"footnotes":""},"class_list":["post-34","page","type-page","status-publish","hentry"],"_links":{"self":[{"href":"https:\/\/webs.uab.cat\/lba\/es\/wp-json\/wp\/v2\/pages\/34","targetHints":{"allow":["GET"]}}],"collection":[{"href":"https:\/\/webs.uab.cat\/lba\/es\/wp-json\/wp\/v2\/pages"}],"about":[{"href":"https:\/\/webs.uab.cat\/lba\/es\/wp-json\/wp\/v2\/types\/page"}],"author":[{"embeddable":true,"href":"https:\/\/webs.uab.cat\/lba\/es\/wp-json\/wp\/v2\/users\/20"}],"replies":[{"embeddable":true,"href":"https:\/\/webs.uab.cat\/lba\/es\/wp-json\/wp\/v2\/comments?post=34"}],"version-history":[{"count":0,"href":"https:\/\/webs.uab.cat\/lba\/es\/wp-json\/wp\/v2\/pages\/34\/revisions"}],"wp:attachment":[{"href":"https:\/\/webs.uab.cat\/lba\/es\/wp-json\/wp\/v2\/media?parent=34"}],"curies":[{"name":"wp","href":"https:\/\/api.w.org\/{rel}","templated":true}]}}