{"id":30,"date":"2012-04-24T15:41:53","date_gmt":"2012-04-24T15:41:53","guid":{"rendered":"https:\/\/webs.uab.cat\/lba\/inici\/"},"modified":"2022-08-22T11:09:36","modified_gmt":"2022-08-22T11:09:36","slug":"inici","status":"publish","type":"page","link":"https:\/\/webs.uab.cat\/lba\/","title":{"rendered":"inici"},"content":{"rendered":"\n<p>El Laboratori de Bioseguretat Alimentaria (LBA) \u00e9s un Servei que ofereix un espai que permet el treball amb microorganismes pat\u00f2gens de transmissi\u00f3 aliment\u00e0ria que precisen d\u2019un nivell de contenci\u00f3 3 segons el que s\u2019estableix al Reial Decret 664\/1997 sobre la protecci\u00f3 dels treballadors contra els riscos relacionats amb l\u2019exposici\u00f3 a agents biol\u00f2gics durant el treball<br>(enlla\u00e7: <a href=\"http:\/\/www.insht.es\/InshtWeb\/Contenidos\/Normativa\/TextosLegales\/RD\/1997\/664_97\/PDFs\/realdecreto6641997de12demayoprotecciondelostrabajadores.pdf\">http:\/\/www.insht.es\/InshtWeb\/Contenidos\/Normativa\/TextosLegales\/RD\/1997\/664_97\/PDFs\/realdecreto6641997de12demayoprotecciondelostrabajadores.pdf<\/a>).<\/p>\n\n\n\n<p>Aquest espai va ser creat per donar suport a la recerca en mat\u00e8ria de seguretat alimentaria que es desenvolupa al Centre Especial de Recerca-Planta de Tecnologia dels Aliments i al Departament de Ci\u00e8ncia Animal i dels Aliments de la Facultat de Veterin\u00e0ria del a UAB. Aquest equipament es va constituir com a servei l\u2019any 2010, per poder oferir-lo tamb\u00e9 a la resta de Departaments i Centres de Recerca de la Universitat Aut\u00f2noma, aix\u00ed com a usuaris externs a la Universitat Aut\u00f2noma de Barcelona.<\/p>\n","protected":false},"excerpt":{"rendered":"<p>El Laboratori de Bioseguretat Alimentaria (LBA) \u00e9s un Servei que ofereix un espai que permet el treball amb microorganismes pat\u00f2gens de transmissi\u00f3 aliment\u00e0ria que precisen d\u2019un nivell de contenci\u00f3 3 segons el que s\u2019estableix al Reial Decret 664\/1997 sobre la protecci\u00f3 dels treballadors contra els riscos relacionats amb l\u2019exposici\u00f3 a agents biol\u00f2gics durant el treball(enlla\u00e7: [&hellip;]<\/p>\n","protected":false},"author":20,"featured_media":0,"parent":0,"menu_order":0,"comment_status":"closed","ping_status":"closed","template":"","meta":{"footnotes":""},"class_list":["post-30","page","type-page","status-publish","hentry"],"_links":{"self":[{"href":"https:\/\/webs.uab.cat\/lba\/wp-json\/wp\/v2\/pages\/30","targetHints":{"allow":["GET"]}}],"collection":[{"href":"https:\/\/webs.uab.cat\/lba\/wp-json\/wp\/v2\/pages"}],"about":[{"href":"https:\/\/webs.uab.cat\/lba\/wp-json\/wp\/v2\/types\/page"}],"author":[{"embeddable":true,"href":"https:\/\/webs.uab.cat\/lba\/wp-json\/wp\/v2\/users\/20"}],"replies":[{"embeddable":true,"href":"https:\/\/webs.uab.cat\/lba\/wp-json\/wp\/v2\/comments?post=30"}],"version-history":[{"count":1,"href":"https:\/\/webs.uab.cat\/lba\/wp-json\/wp\/v2\/pages\/30\/revisions"}],"predecessor-version":[{"id":115,"href":"https:\/\/webs.uab.cat\/lba\/wp-json\/wp\/v2\/pages\/30\/revisions\/115"}],"wp:attachment":[{"href":"https:\/\/webs.uab.cat\/lba\/wp-json\/wp\/v2\/media?parent=30"}],"curies":[{"name":"wp","href":"https:\/\/api.w.org\/{rel}","templated":true}]}}