{"id":33,"date":"2012-04-24T16:28:38","date_gmt":"2012-04-24T16:28:38","guid":{"rendered":"https:\/\/webs.uab.cat\/lba\/serveis-que-sofereixen\/"},"modified":"2012-04-24T16:28:38","modified_gmt":"2012-04-24T16:28:38","slug":"serveis-que-sofereixen","status":"publish","type":"page","link":"https:\/\/webs.uab.cat\/lba\/serveis-que-sofereixen\/","title":{"rendered":"Serveis que s\u2019ofereixen"},"content":{"rendered":"<ol>\n<li>Lloguer d&#8217;espai i equips per a treballar amb microorganismes pat\u00f2gens de transmissi\u00f3 alimentaria de nivell de risc 3 (LBA) segons el que s\u2019estableix al Reial Decret 664\/1997.\n<ul>\n<li>S\u2019ofereix l&#8217;\u00fas de l&#8217;espai, amb les mesures de contenci\u00f3 corresponents, als Laboratorios o empreses que hagin de realitzar treballs experimentals que impliquin l\u2019\u00fas de microorganismes pat\u00f2gens de transmissi\u00f3 alimentaria que requereixin de fins a un nivell 3 de contenci\u00f3.<\/li>\n<p><!--more--><\/p>\n<ol>\n<li>Lloguer d&#8217;espai i equips per a treballar amb microorganismes pat\u00f2gens de transmissi\u00f3 alimentaria de nivell de risc 3 (LBA) segons el que s\u2019estableix al Reial Decret 664\/1997.\n<ul>\n<li>S\u2019ofereix l&#8217;\u00fas de l&#8217;espai, amb les mesures de contenci\u00f3 corresponents, als Laboratorios o empreses que hagin de realitzar treballs experimentals que impliquin l\u2019\u00fas de microorganismes pat\u00f2gens de transmissi\u00f3 alimentaria que requereixin de fins a un nivell 3 de contenci\u00f3.<\/li>\n<li>Les tarifes oficials per l&#8217;\u00fas dels espais i dels equipaments del laboratori han estat aprovades per la junta de govern de la UAB i es poden consultar al seg\u00fcent document, tot i que es recomana contactar amb el responsable de la instal\u00b7laci\u00f3 per concretar-les en funci\u00f3 de les condicions d\u2019\u00fas (arturxavier.roig@uab.cat)<\/li>\n<\/ul>\n<\/li>\n<li>Assessorament i realitzaci\u00f3 de:\n<ul>\n<li>Disseny i realitzaci\u00f3 d&#8217;assajos amb microorganismes pat\u00f2gens (challenge test) per a la validaci\u00f3 de tecnologies i processos per a la industria alimentaria o per a finalitats experimentals<\/li>\n<li>Determinaci\u00f3 de la vida \u00fatil potencial d\u2019aliments basats en criteris de seguretat microbiol\u00f2gica segons el que estableix el Reglament 2073\/2005<\/li>\n<li>Assajos d&#8217;efic\u00e0cia de productes microbicides per la ind\u00fastria aliment\u00e0ria<\/li>\n<li>Validaci\u00f3 de m\u00e8todes r\u00e0pids de detecci\u00f3 i quantificaci\u00f3 de microorganismes pat\u00f2gens de transmissi\u00f3 aliment\u00e0ria<\/li>\n<\/ul>\n<\/li>\n<\/ol>\n<p>Per demanar un pressupost per alguna d\u2019aquestes activitats, podeu contactar amb el responsable del laboratori (arturxavier.roig@uab.cat)<\/p>\n","protected":false},"excerpt":{"rendered":"<p>Lloguer d&#8217;espai i equips per a treballar amb microorganismes pat\u00f2gens de transmissi\u00f3 alimentaria de nivell de risc 3 (LBA) segons el que s\u2019estableix al Reial Decret 664\/1997. S\u2019ofereix l&#8217;\u00fas de l&#8217;espai, amb les mesures de contenci\u00f3 corresponents, als Laboratorios o empreses que hagin de realitzar treballs experimentals que impliquin l\u2019\u00fas de microorganismes pat\u00f2gens de transmissi\u00f3 [&hellip;]<\/p>\n","protected":false},"author":20,"featured_media":0,"parent":0,"menu_order":0,"comment_status":"closed","ping_status":"closed","template":"","meta":{"footnotes":""},"class_list":["post-33","page","type-page","status-publish","hentry"],"_links":{"self":[{"href":"https:\/\/webs.uab.cat\/lba\/wp-json\/wp\/v2\/pages\/33","targetHints":{"allow":["GET"]}}],"collection":[{"href":"https:\/\/webs.uab.cat\/lba\/wp-json\/wp\/v2\/pages"}],"about":[{"href":"https:\/\/webs.uab.cat\/lba\/wp-json\/wp\/v2\/types\/page"}],"author":[{"embeddable":true,"href":"https:\/\/webs.uab.cat\/lba\/wp-json\/wp\/v2\/users\/20"}],"replies":[{"embeddable":true,"href":"https:\/\/webs.uab.cat\/lba\/wp-json\/wp\/v2\/comments?post=33"}],"version-history":[{"count":0,"href":"https:\/\/webs.uab.cat\/lba\/wp-json\/wp\/v2\/pages\/33\/revisions"}],"wp:attachment":[{"href":"https:\/\/webs.uab.cat\/lba\/wp-json\/wp\/v2\/media?parent=33"}],"curies":[{"name":"wp","href":"https:\/\/api.w.org\/{rel}","templated":true}]}}