{"id":36,"date":"2012-04-24T16:48:25","date_gmt":"2012-04-24T16:48:25","guid":{"rendered":"https:\/\/webs.uab.cat\/lba\/personal\/"},"modified":"2022-08-22T11:06:39","modified_gmt":"2022-08-22T11:06:39","slug":"personal","status":"publish","type":"page","link":"https:\/\/webs.uab.cat\/lba\/personal\/","title":{"rendered":"Personal"},"content":{"rendered":"\n<h2 class=\"wp-block-heading\"><strong>Responsable del Servei<\/strong>:<\/h2>\n\n\n\n<p>Dr. Artur X. Roig Sagu\u00e9s<br>Professor Titular d\u2019Universitat<br>CERPTA-Departament de Ci\u00e8ncia Animal i dels Aliments<br>Facultat de Veterin\u00e0ria<br>Universitat Aut\u00f2noma de Barcelona<br>08193 Bellaterra<br>Tel. +34935812582<br>Fax. +34935812006<br>E.mail: <a href=\"mailto:arturxavier.roig@uab.cat\">arturxavier.roig@uab.cat<\/a><\/p>\n\n\n\n<h2 class=\"wp-block-heading\"><strong>Equip de treball<\/strong>:<\/h2>\n\n\n\n<p>Dr. Artur X. Roig<br>Tel. +34935812582<br>Fax. +34935812006<br>E.mail: arturxavier.roig@uab.cat<\/p>\n\n\n\n<p>Dra. Manuela Hern\u00e1ndez Herrero<br>Tel. +34935811460<br>Fax. +34935812006<br>E.mail: manuela.hernandez@uab.cat<\/p>\n","protected":false},"excerpt":{"rendered":"<p>Responsable del Servei: Dr. Artur X. Roig Sagu\u00e9sProfessor Titular d\u2019UniversitatCERPTA-Departament de Ci\u00e8ncia Animal i dels AlimentsFacultat de Veterin\u00e0riaUniversitat Aut\u00f2noma de Barcelona08193 BellaterraTel. +34935812582Fax. +34935812006E.mail: arturxavier.roig@uab.cat Equip de treball: Dr. Artur X. RoigTel. +34935812582Fax. +34935812006E.mail: arturxavier.roig@uab.cat Dra. Manuela Hern\u00e1ndez HerreroTel. +34935811460Fax. +34935812006E.mail: manuela.hernandez@uab.cat<\/p>\n","protected":false},"author":20,"featured_media":0,"parent":0,"menu_order":0,"comment_status":"closed","ping_status":"closed","template":"","meta":{"footnotes":""},"class_list":["post-36","page","type-page","status-publish","hentry"],"_links":{"self":[{"href":"https:\/\/webs.uab.cat\/lba\/wp-json\/wp\/v2\/pages\/36","targetHints":{"allow":["GET"]}}],"collection":[{"href":"https:\/\/webs.uab.cat\/lba\/wp-json\/wp\/v2\/pages"}],"about":[{"href":"https:\/\/webs.uab.cat\/lba\/wp-json\/wp\/v2\/types\/page"}],"author":[{"embeddable":true,"href":"https:\/\/webs.uab.cat\/lba\/wp-json\/wp\/v2\/users\/20"}],"replies":[{"embeddable":true,"href":"https:\/\/webs.uab.cat\/lba\/wp-json\/wp\/v2\/comments?post=36"}],"version-history":[{"count":1,"href":"https:\/\/webs.uab.cat\/lba\/wp-json\/wp\/v2\/pages\/36\/revisions"}],"predecessor-version":[{"id":106,"href":"https:\/\/webs.uab.cat\/lba\/wp-json\/wp\/v2\/pages\/36\/revisions\/106"}],"wp:attachment":[{"href":"https:\/\/webs.uab.cat\/lba\/wp-json\/wp\/v2\/media?parent=36"}],"curies":[{"name":"wp","href":"https:\/\/api.w.org\/{rel}","templated":true}]}}