{"id":146,"date":"2016-11-26T16:42:05","date_gmt":"2016-11-26T14:42:05","guid":{"rendered":"https:\/\/webs.uab.cat\/led\/armif-guideway-project\/"},"modified":"2016-11-26T16:42:05","modified_gmt":"2016-11-26T14:42:05","slug":"armif-guideway-project","status":"publish","type":"page","link":"https:\/\/webs.uab.cat\/led\/en\/armif-guideway-project\/","title":{"rendered":"ARMIF &#8220;Guideway&#8221; project"},"content":{"rendered":"<p><strong>GUIDEWAY:&nbsp;Research on the English-Medium Bachelor\u2019s Degree in Primary Education. The Guided way towards the integrated learning of curricular content and the development of discourse competence<\/strong><\/p>\n<p><em>GUIDEWAY: Recerca sobre el Grau d&#8217;Educaci\u00f3 Prim\u00e0ria en angl\u00e8s. Guiatge per a l&#8217;aprenentatge integrat de continguts acad\u00e8mics i el desenvolupament de la compet\u00e8ncia discursiva<\/em><\/p>\n<ul>\n<li>Principal investigator of this project: Cristina Escobar Urmeneta<\/li>\n<li>Entitat finan\u00e7adora: Ag\u00e8ncia de Gesti\u00f3 d&#8217;Ajuts Universitaris i de Recerca<\/li>\n<li>Entitats participants: Universitat Aut\u00f2noma de Barcelona<\/li>\n<li>Refer\u00e8ncia de la concessi\u00f3:&nbsp;2014 ARMIF 00009<\/li>\n<li>Quantia de la subvenci\u00f3: 10.500\u20ac<\/li>\n<li>Duraci\u00f3: de 15\/07\/2014 fins a 30\/06\/2016<\/li>\n<\/ul>\n<p>&nbsp;<\/p>\n<p>The challenge that Content and Language Integrated Learning (CLIL) poses to primary education requires professionals trained to act as teachers in these types of context<s>;<\/s>, that is to say, teachers fully involved in the school\u2019s pedagogic and linguistic project, with communicative competence in English and both general and specific professional competences in CLIL teaching. To address these multiple needs, in 2012 the UAB\u2019s Faculty of Educational Sciences set in motion a pilot plan for teacher training<s>,<\/s> which adopts the approached called Integration of Content and Language in Higher Education (abbreviated as ICLHE in English and ICLES in Catalan). The result is the Degree of Primary Education in English, or EMI-PEBD.<\/p>\n<p>Project GUIDEWAY (Ref. 2014 ARMIF 00009) was set up with the twin goals of improving the quality of teachings in English within EMI-PEBD and evaluating the results of that pilot programme. More specifically, the objectives of GUIDEWAY are:<\/p>\n<ol>\n<li>To design an ILCHE-based pedagogical strategy for the guidance or support of integrated development of academic discursive competence in English, so future teachers can attain in an integrated way the double goal of professionalization and communication.<\/li>\n<li>To monitor the deployment of the aforementioned mechanism.<\/li>\n<li>To evaluate the results of the pilot programme as a whole and, more specifically, to evaluate the effects of the support strategy now in process of design and experimentation.<\/li>\n<\/ol>\n<p>GUIDEWAY research deals with objectives 1 and 2 through methodologies of a qualitative leaning, while objective 3 is tackled through quantitative designs. The stages of development planned for the project are:<\/p>\n<ul>\n<li>Stage 0. Design and pre-piloting of the GUIDEWAY guidance mechanism.<\/li>\n<li>Stage 1. Implementation of the GUIDEWAY guidance strategy in the course of a semester, and evaluation of the results through a pre-experimental pre-test\/treatment\/post-test design.<\/li>\n<li>Stage 2. Comparative analysis of academic performance among students doing the degree with English as their language of instruction (EMI-PEBD) and students taking the degree in their native Catalan (Non-EMI PEBD).<\/li>\n<li>Stage 3. Comparative analysis of the linguistic competence in Catalan of EMI-PEBD versus Non-EMI PEBD students.<\/li>\n<li>Throughout the process: Monitoring of the deployment process of EMI-PEBD.<\/li>\n<\/ul>\n<p>&nbsp;<\/p>\n<p><strong>Most significant research results thus far<\/strong><\/p>\n<p>Project GUIDEWAY has focused its research on the UAB\u2019s Degree in Primary Education &#8211; Teaching in English (EMI-PEBD). EMI-PEBD aims at training teachers with the capacity to \u2018practice teaching in Catalan and English, within a Catalan school context\u2019. GUIDEWAY has produced three types of results, closely interrelated and derived from: a) actions related to innovation in the training of primary school teachers; b) studies performed on the deployment of the degree; and c) the coining of Catalan terminology and acronyms for terms widely used in the international literature about university-level teaching in English.<\/p>\n<p>INNOVATION IN THE TRAINING OF TEACHERS AND TERMINOLOGY<\/p>\n<p>Two documents have been created with the objective of orienting and providing support to the teachers of content subjects who teach in English in EMI-PEBD, as well as a glossary (Dr. Ctistina Escobar Urmeneta, coordinator)<\/p>\n<ul>\n<li><em>The Handbook of Linguistic Uses for University Degrees Taught in English<\/em>, which, based on research about multilingual education and up-to-date theoretical currents about integrated teaching in the university milieu, is intended to help teachers manage language in a context in which the main reason for offering teaching in English is to facilitate the learning of this language.<\/li>\n<li><em>The GUIDEWAY Planning Template<\/em><s>:<\/s>, a document that helps teachers to plan the demands they place on their students in an integrated way, sharing with the students the goals and discursive-linguistic assessment criteria combined with those based on content, and offering students support and guidance on comprehension, production and interaction activities.<\/li>\n<li><em>Catalan-English Terminological Glossary, <\/em>which compiles the Catalan translation of terminology and acronyms referring to concepts originally developed in English.<\/li>\n<\/ul>\n<p>RESEARCH ON EMI-PEBD<\/p>\n<p>Eight studies examining the EMI-PEBD from different angles have been undertaken. From these studies we can conclude that:<\/p>\n<ul>\n<li>EMI-PEBD attracts quality students (those with the highest cut-off marks), with a higher level of English than the rest of the UAB but still lower than desirable.<\/li>\n<li>The choice of this degree on the students\u2019 part responds to diverse factors, such as the desire to gain access to cultural and intercultural experiences which would not be available without this language, and the willingness to belong to a global community.<\/li>\n<li>Regarding the teaching staff, the meaning of \u2018teaching in English\u2019 is still controversial and materializes very differently in actual classroom practice, mainly as a result of ideologically confronted approaches to multilingual education.<\/li>\n<li>The CLIL (Content and Language Integrated Learning) approach applied during an academic semester achieves positive results in terms of the learning of English, without entailing negative effects for academic results or Catalan linguistic competence. However, this result needs to be confirmed through further studies.<\/li>\n<li>An integrated approach cannot be guaranteed, though, in a generalized way, for reasons such as the self-delegitimization of teachers as \u2018people expert in the disciplinary discourse\u2019 or the lack of adequate training on how to implement this approach.<\/li>\n<li>Academic results of EMI-PEBD students are similar to the results of those who take the degree in Catalan (Non-EMI PEBD).<\/li>\n<li>Though it is not a conclusive result, the level of Catalan of the EMI-PEBD group is not inferior to that of the Non-EMI PEBD group.<\/li>\n<li>The Departments responsible for hiring the teaching staff need tools to evaluate the linguistic and didactic qualifications of EMI-PEBD teachers. The official evaluation questionnaires do not include any item related to teaching in English. As a whole, this means that it is not possible to fully guarantee that the teaching staff attached to EMI-PEBD is sufficiently qualified to teach in English in a degree one of whose main goals is to improve the language level of its students.<\/li>\n<li>Students value very positively those subjects dealing with specific didactics which incorporate CLIL strategies oriented towards primary teaching.<\/li>\n<li>EMI-PEBD has become an environment that strongly favours innovative educational experiences related to multilingual education, either as \u2018home\u2019 experiences or through participation in exchange study or teaching practice abroad programmes.<\/li>\n<li>The language change proved itself to be a chance to rethink teaching practice itself and to generate multidisciplinary teaching teams able to exchange ideas and discuss in concert different pedagogical options.<\/li>\n<\/ul>\n<p>Publications resulting from these studies will be made available through the results sections of this website.<\/p>\n<p>&nbsp;<\/p>\n<p><strong>Proposals for the improvement of teacher education<\/strong><\/p>\n<ul>\n<li>The degrees in English teaching represent a potentially valuable strategy for teacher training, but they are insufficient as they stand. It is necessary to improve the training of future teachers, and therefore study plans for preschool and primary education at different universities should be revised in order to provide foreign languages with a greater prominence than they currently enjoy.<\/li>\n<li>The CLIL approach (teaching in English with adjustments to facilitate the learning of the L2) has revealed itself to be a potentially viable instrument to achieve this purpose, even in short teaching periods (e.g., a single academic semester). That is to say, the results suggest that it would be potentially useful to offer, for instance, some modalities of the teacher education degrees in Catalan in which all subjects of a semester, or 50% of them during two semesters, were taught in English.<\/li>\n<li>The Catalan government\u2019s education authorities, jointly with the universities of the country, should urgently design protocols for the assignation of linguistically and didactically qualified teacher to the degrees in English.<\/li>\n<li>Teaching staff need guidance on those ways of implementing \u2018teaching in English\u2019 that are effective in the promotion of L2 learning and at the same time respectful of the students\u2019 linguistic rights (see <em>Manual d\u2019usos ling\u00fcistics<\/em>).<\/li>\n<li>In order to define the type of pedagogical qualification required from instructors in the degrees taught in English, it will be necessary to distinguish between EMI degrees (teaching in English as a <em>lingua franca<\/em>, which facilitates the incorporation of foreign students in Catalan university classrooms) and ICLHE degrees (where teaching in English is aimed at helping local students develop receptive, productive and interactive advanced competences in that language; see the Guideway Template). Degrees in teaching clearly belong to the latter group.<\/li>\n<li>It is necessary to organize teacher education activities for the staff who will teach in English through two types of action: training in DUA teaching (e.g. the MOOC that the UAB offers at Coursera) and training in ICLHE teaching. It is not known if any Catalan university is currently offering this second type of course.<\/li>\n<li>The quality of teaching in English must be evaluated. Therefore, universities should include at least one item on teaching in English in their teacher evaluation systems.<\/li>\n<li>At the moment, the EMI teacher-education degrees do not entail a specific access test measuring the level of English, with the result that students whose language level is insufficient are admitted to the programmes. Making access to programmes contingent on passing language level tests would not be necessary if the Faculties of Education could find ways to use the accepted international standards as part of their assessment system (e.g., B2 accreditation at the end of first year, and\/or C1 at the end of third year). This would enable the programme to&nbsp;<em>a<\/em>) grant access to good students even if they had not received quality language instruction in compulsory schooling, and<em> b<\/em>) guarantee proper linguistic progress.<\/li>\n<li>The linguistic training of future teachers is a necessary but not sufficient requirement. A degree claiming to train teachers to teach in English in primary education must train teachers in the CLIL methodology, and must itself follow an ICLHE methodology.<\/li>\n<li>University degrees in English must guarantee an appropriate level of professional-linguistic competence in Catalan. It is necessary, therefore, that the degrees in teaching in English explicitly incorporate initiatives for guaranteeing the acquisition of the terminology and the professional discourse in the co-official languages at use in Catalonia, namely Catalan and Spanish.<\/li>\n<\/ul>\n<p>&nbsp;<\/p>\n<p>&nbsp;<strong>Members of the GUIDEWAY project<\/strong><\/p>\n<ul>\n<li>Cristina Escobar Urmeneta (IP)&nbsp;(UAB) (Dept. Did\u00e0ctica de la Llengua i la Literatura i de les Ci\u00e8ncies Socials, \u00c0rea de Did\u00e0ctica de la Llengua i de la Literatura)<\/li>\n<li>Isabel \u00c1lvarez C\u00e1novas (UAB)&nbsp;(Dept.&nbsp;Pedagogia Sistem\u00e0tica i Social, \u00c0rea de Teoria i d&#8217;Hist\u00f2ria de l&#8217;Educaci\u00f3)<\/li>\n<li>Laura Arnau Sabat\u00e9s&nbsp;(UAB) (Dept.&nbsp;Pedagogia Sistem\u00e0tica i Social, \u00c0rea de Teoria i d&#8217;Hist\u00f2ria de l&#8217;Educaci\u00f3)<\/li>\n<li>Josep Coral Mateu (UAB &#8211; Departament d&#8217;Ensenyament)&nbsp;(Dept.&nbsp;Did\u00e0ctica de l&#8217;Expressi\u00f3 Musical, Pl\u00e0stica i Corporal, \u00c0rea de Did\u00e0ctica de l&#8217;Expressi\u00f3 Corporal)<\/li>\n<li>Anna Cros Alavedra&nbsp;(UAB)&nbsp;(Dept.&nbsp;Did\u00e0ctica de la Llengua i la Literatura i de les Ci\u00e8ncies Socials, \u00c0rea de Did\u00e0ctica de la Llengua i de la Literatura)<\/li>\n<li>Ainhoa Flecha Fern\u00e1ndez-Sanmamed&nbsp;(UAB)&nbsp;(Dept.&nbsp;Sociologia, \u00c0rea de Sociologia)<\/li>\n<li>Georgeta Ion&nbsp;(UAB) (Dept.&nbsp;Pedagogia Aplicada, \u00c0rea de Did\u00e0ctica i d&#8217;Organitzaci\u00f3 Educativa)<\/li>\n<li>Emilee Moore (UAB &#8211; UIC)&nbsp;(Dept.&nbsp;Did\u00e0ctica de la Llengua i la Literatura i de les Ci\u00e8ncies Socials, \u00c0rea de Did\u00e0ctica de la Llengua i de la Literatura)<\/li>\n<li>Patricia Olmos Rueda&nbsp;(UAB)&nbsp;(Dept.&nbsp;Pedagogia Aplicada, \u00c0rea de Did\u00e0ctica i d&#8217;Organitzaci\u00f3 Educativa)<\/li>\n<li>Berta Rapesta Montmany (CEIP Els Quatre Vents, Canovelles)<\/li>\n<\/ul>\n<p>Collaborators<\/p>\n<ul>\n<li>Ingrid Agud Morell (UAB)&nbsp;(Dept. Pedagogia Sistem\u00e0tica i Social &#8211; \u00c0rea de Teoria i d&#8217;Hist\u00f2ria de l&#8217;Educaci\u00f3)<\/li>\n<li>Joan Borr\u00e0s-Comes (UAB &#8211; UPF) (Dept. Did\u00e0ctica de la Llengua i la Literatura i de les Ci\u00e8ncies Socials, \u00c0rea de Did\u00e0ctica de la Llengua i de la Literatura)<\/li>\n<li>Natalia&nbsp;Evnitskaya (Universidad Aut\u00f3noma de Madrid)<\/li>\n<li>Ruben Jim\u00e9nez Gal\u00e1n&nbsp;(UAB)&nbsp;(Dept. Did\u00e0ctica de la Llengua i la Literatura i de les Ci\u00e8ncies Socials, \u00c0rea de Did\u00e0ctica de la Llengua i de la Literatura)<\/li>\n<li>Helga Mart\u00ednez-Cipr\u00e9s&nbsp;(UAB)&nbsp;(Dept. Did\u00e0ctica de la Llengua i la Literatura i de les Ci\u00e8ncies Socials, \u00c0rea de Did\u00e0ctica de la Llengua i de la Literatura)<\/li>\n<li>Antonio S\u00e1nchez-Sola (UAB)&nbsp;(Dept. Did\u00e0ctica de la Llengua i la Literatura i de les Ci\u00e8ncies Socials, \u00c0rea de Did\u00e0ctica de la Llengua i de la Literatura)<\/li>\n<li>Sandra Saura Mas (UAB) (Departament de Biologia Animal, de Biologia Vegetal i d&#8217;Ecologia, \u00c0rea d&#8217;Ecologia)<\/li>\n<li>Sonia Sierra (UAB) (Departament de Filologia Espanyola)<\/li>\n<li>Berta Torras Vila (UAB)&nbsp;(Dept. Did\u00e0ctica de la Llengua i la Literatura i de les Ci\u00e8ncies Socials, \u00c0rea de Did\u00e0ctica de la Llengua i de la Literatura)<\/li>\n<\/ul>\n<p>&nbsp;<\/p>\n<p><strong>More information about MIF programme<\/strong>&nbsp;in this link:&nbsp;<a href=\"http:\/\/mif.cat\/home\/\">http:\/\/mif.cat\/home\/<\/a><\/p>\n","protected":false},"excerpt":{"rendered":"<p>GUIDEWAY:&nbsp;Research on the English-Medium Bachelor\u2019s Degree in Primary Education. The Guided way towards the integrated learning of curricular content and the development of discourse competence GUIDEWAY: Recerca sobre el Grau d&#8217;Educaci\u00f3 Prim\u00e0ria en angl\u00e8s. Guiatge per a l&#8217;aprenentatge integrat de continguts acad\u00e8mics i el desenvolupament de la compet\u00e8ncia discursiva Principal investigator of this project: Cristina [&hellip;]<\/p>\n","protected":false},"author":20,"featured_media":0,"parent":0,"menu_order":0,"comment_status":"closed","ping_status":"closed","template":"","meta":{"footnotes":""},"class_list":["post-146","page","type-page","status-publish","hentry"],"_links":{"self":[{"href":"https:\/\/webs.uab.cat\/led\/en\/wp-json\/wp\/v2\/pages\/146","targetHints":{"allow":["GET"]}}],"collection":[{"href":"https:\/\/webs.uab.cat\/led\/en\/wp-json\/wp\/v2\/pages"}],"about":[{"href":"https:\/\/webs.uab.cat\/led\/en\/wp-json\/wp\/v2\/types\/page"}],"author":[{"embeddable":true,"href":"https:\/\/webs.uab.cat\/led\/en\/wp-json\/wp\/v2\/users\/20"}],"replies":[{"embeddable":true,"href":"https:\/\/webs.uab.cat\/led\/en\/wp-json\/wp\/v2\/comments?post=146"}],"version-history":[{"count":0,"href":"https:\/\/webs.uab.cat\/led\/en\/wp-json\/wp\/v2\/pages\/146\/revisions"}],"wp:attachment":[{"href":"https:\/\/webs.uab.cat\/led\/en\/wp-json\/wp\/v2\/media?parent=146"}],"curies":[{"name":"wp","href":"https:\/\/api.w.org\/{rel}","templated":true}]}}