{"id":119,"date":"2015-09-21T18:06:56","date_gmt":"2015-09-21T16:06:56","guid":{"rendered":"https:\/\/webs.uab.cat\/led\/projectes-de-recerca-finalitzats\/"},"modified":"2023-03-14T12:55:17","modified_gmt":"2023-03-14T10:55:17","slug":"projectes-de-recerca-finalitzats","status":"publish","type":"page","link":"https:\/\/webs.uab.cat\/led\/projectes-de-recerca-finalitzats\/","title":{"rendered":"Projectes de recerca finalitzats"},"content":{"rendered":"\n<p><a href=\"http:\/\/webs.uab.cat\/led\/projecte-armif-guideway\"><strong>PATHWAY: Avaluaci\u00f3 del projecte d&#8217;internacionalitzaci\u00f3 en el Grau d\u2019Educaci\u00f3 Prim\u00e0ria-angl\u00e8s UAB: proc\u00e9s i producte<\/strong><\/a><strong>\u00a0(<a href=\"http:\/\/grupsderecerca.uab.cat\/led\/es\/node\/121\">es<\/a>) (<a href=\"http:\/\/grupsderecerca.uab.cat\/led\/en\/node\/120\">en<\/a>)<\/strong><\/p>\n\n\n\n<ul class=\"wp-block-list\"><li>Investigador\/a principal d\u2019aquest projecte: Cristina Escobar Urmeneta<\/li><li>Entitat finan\u00e7adora: Ag\u00e8ncia de Gesti\u00f3 d&#8217;Ajuts Universitaris i de Recerca<\/li><li>Entitats participants: Universitat Aut\u00f2noma de Barcelona<\/li><li>Refer\u00e8ncia de la concessi\u00f3:&nbsp;2015 ARMIF 00001<\/li><li>Quantia de la subvenci\u00f3: 16.500\u20ac<\/li><li>Duraci\u00f3: de 30\/06\/2016 fins a 30\/04\/2017<\/li><\/ul>\n\n\n\n<p><strong><a href=\"http:\/\/webs.uab.cat\/led\/projecte-armif-guideway\">GUIDEWAY: Recerca sobre el Grau d&#8217;Educaci\u00f3 Prim\u00e0ria en angl\u00e8s. Guiatge per a l&#8217;aprenentatge integrat de continguts acad\u00e8mics i el desenvolupament de la compet\u00e8ncia discursiva<\/a>\u00a0(<a href=\"http:\/\/grupsderecerca.uab.cat\/led\/en\/node\/116\">en<\/a>)<\/strong><\/p>\n\n\n\n<ul class=\"wp-block-list\"><li>Investigador\/a principal d\u2019aquest projecte: Cristina Escobar<\/li><li>Entitat finan\u00e7adora: Ag\u00e8ncia de Gesti\u00f3 d&#8217;Ajuts Universitaris i de Recerca<\/li><li>Entitats participants: Universitat Aut\u00f2noma de Barcelona<\/li><li>Refer\u00e8ncia de la concessi\u00f3:&nbsp;2014 ARMIF 00009<\/li><li>Quantia de la subvenci\u00f3: 10.500\u20ac<\/li><li>Duraci\u00f3: de 2014 fins a 2015<\/li><\/ul>\n\n\n\n<p><a href=\"https:\/\/webs.uab.cat\/led\/projecte-gi-ides-millora-de-la-qualitat-de-la-docencia-en-angles\/\" data-type=\"page\" data-id=\"128\"><strong>Grup d&#8217;Inter\u00e8s (GI-IDES). Millora de la qualitat de la doc\u00e8ncia en angl\u00e8s<\/strong><\/a><\/p>\n\n\n\n<ul class=\"wp-block-list\"><li>Investigador\/a principal d\u2019aquest projecte: Cristina Escobar<\/li><li>Entitat finan\u00e7adora: Universitat Aut\u00f2noma de Barcelona<\/li><li>Entitats participants: Universitat Aut\u00f2noma de Barcelona<\/li><li>Refer\u00e8ncia de la concessi\u00f3: GI-IDES. Projecte intern UAB.<\/li><li>Quantia de la subvenci\u00f3: despeses de funcionament<\/li><li>Duraci\u00f3: de maig 2011 a desembre 2015<\/li><\/ul>\n\n\n\n<p><a href=\"http:\/\/webs.uab.cat\/led\/dale-apecs\"><strong>Discurso acad\u00e9mico en lengua extranjera: aprendizaje y evaluaci\u00f3n de contenidos cient\u00edficos en el aula\u00a0multiling\u00fce (DALE-APECS)<\/strong><\/a><\/p>\n\n\n\n<ul class=\"wp-block-list\"><li>Investigador\/a principal d\u2019aquest projecte: Cristina Escobar Urmeneta<\/li><li>Entitat finan\u00e7adora: MICINN.<\/li><li>Entitats participants: Universitat Aut\u00f2noma de Barcelona,&nbsp;Universitat de Almeria, amb el suport del Departament&nbsp;d\u2019Ensenyament.<\/li><li>Refer\u00e8ncia de la concessi\u00f3: MICINN EDU 2010-15783.<\/li><li>Quantia de la subvenci\u00f3: 37.120\u20ac<\/li><li>Duraci\u00f3: de 2009 fins a 2014<\/li><\/ul>\n\n\n\n<p><strong>Education for democratic citizenship: Core competences for teachers<\/strong><\/p>\n\n\n\n<ul class=\"wp-block-list\"><li>Investigadora principal a la UAB: Merc\u00e8 Bernaus<\/li><li>Entitat finan\u00e7adora: Pestalozzi Program. Council of Europe Training Programme for Education Professionals. Council of Europe.<\/li><li>Duraci\u00f3: de 2009 fins a 2010<\/li><\/ul>\n\n\n\n<p><strong>Content Based Teaching + Plurilingual\/Cultural Awareness<\/strong><\/p>\n\n\n\n<ul class=\"wp-block-list\"><li>Investigadora principal: Merc\u00e8 Bernaus<\/li><li>Entitat finan\u00e7adora: European Centre for Modern Languages Programme. Council of Europe.<\/li><li>Duraci\u00f3: de 2008 fins a 2011<\/li><\/ul>\n\n\n\n<p><a href=\"http:\/\/webs.uab.cat\/led\/rec-maicle\"><strong>Estudi dels espais de reflexi\u00f3 compartida entre professorat novell i expert que brollen a partir de la creaci\u00f3 conjunta de material did\u00e0ctic per a l\u2019aprenentatge integrat de continguts i llengua en aules inclusives (REC-MAICLE)<\/strong><\/a><\/p>\n\n\n\n<ul class=\"wp-block-list\"><li>Investigador\/a principal d\u2019aquest projecte: Cristina Escobar Urmeneta<\/li><li>Entitat finan\u00e7adora: DURSI.<\/li><li>Entitats participants: Universitat Aut\u00f2noma de Barcelona i centres p\u00fablics de Catalunya.<\/li><li>Refer\u00e8ncia de la concessi\u00f3: ARIE 2008-00034.<\/li><li>Quantia de la subvenci\u00f3: 37.120\u20ac<\/li><li>Duraci\u00f3: de 2008 fins a 2009<\/li><\/ul>\n\n\n\n<p><strong>Linguistic and Cultural diversity<\/strong><\/p>\n\n\n\n<ul class=\"wp-block-list\"><li>Investigadora principal a la UAB: Merc\u00e8 Bernaus<\/li><li>Entitat finan\u00e7adora: Pestalozzi Program. Council of Europe Training Programme for Education Professionals. Council of Europe.<\/li><li>Duraci\u00f3: de 2007 fins a 2009<\/li><\/ul>\n\n\n\n<p><a href=\"http:\/\/webs.uab.cat\/led\/fopp-si\"><strong>Dise\u00f1o y experimentaci\u00f3n de un modelo de formaci\u00f3n del profesorado para aulas de semi-inmersi\u00f3n en lengua extranjera. 2007-2008<\/strong><\/a><\/p>\n\n\n\n<ul class=\"wp-block-list\"><li>Investigador\/a principal d\u2019aquest projecte: Cristina Escobar Urmeneta<\/li><li>Entitat finan\u00e7adora: DURSI.<\/li><li>Entitats participants: Universitat Aut\u00f2noma de Barcelona i centres p\u00fablics de Catalunya.<\/li><li>Refer\u00e8ncia de la concessi\u00f3: ARIE 2007-0001.<\/li><\/ul>\n\n\n\n<p><a href=\"http:\/\/webs.uab.cat\/led\/fopp-si\"><strong>Dise\u00f1o de un modelo de formaci\u00f3n del profesorado para aulas de semi-immersi\u00f3n en lengua extranjera. 2006-2007<\/strong><\/a><\/p>\n\n\n\n<ul class=\"wp-block-list\"><li>Investigador\/a principal d\u2019aquest projecte: Cristina Escobar Urmeneta<\/li><li>Entitat finan\u00e7adora: DURSI.<\/li><li>Entitats participants: Universitat Aut\u00f2noma de Barcelona i centres p\u00fablics de Catalunya.<\/li><li>Refer\u00e8ncia de la concessi\u00f3: ARIE 2006-10011.<\/li><\/ul>\n\n\n\n<p><strong>Plurilingual and Pluricultural awareness in Language Teacher Education<\/strong><\/p>\n\n\n\n<ul class=\"wp-block-list\"><li>Investigadora principal: Merc\u00e8 Bernaus<\/li><li>Entitat finan\u00e7adora: European Centre for Modern Languages Programme. Council of Europe.<\/li><li>Duraci\u00f3: de 2004 fins a 2007<\/li><\/ul>\n\n\n\n<p><a href=\"http:\/\/webs.uab.cat\/led\/article\"><strong>Evaluaci\u00f3n de tareas colaborativas y logro de objetivos de aprendizaje en aulas AICLE de Ciencias en Lengua Extranjera. (Proyecto de continuidad). 2005-2006<\/strong><\/a><\/p>\n\n\n\n<ul class=\"wp-block-list\"><li>Investigador\/a principal d\u2019aquest projecte: Cristina Escobar Urmeneta<\/li><li>Entitat finan\u00e7adora: DURSI.<\/li><li>Entitats participants: Universitat Aut\u00f2noma de Barcelona i centres p\u00fablics de Catalunya.<\/li><li>Refer\u00e8ncia de la concessi\u00f3: ARIE 2005-10056.<\/li><\/ul>\n\n\n\n<p><a href=\"http:\/\/webs.uab.cat\/led\/article\"><strong>Tareas colaborativas y aprendizajes ling\u00fc\u00edsticos y acad\u00e9micos en aulas &#8220;AICLE&#8221; inclusivas de ciencias en lengua extranjera. 2004-2005<\/strong><\/a><\/p>\n\n\n\n<ul class=\"wp-block-list\"><li>Investigador\/a principal d\u2019aquest projecte: Cristina Escobar Urmeneta<\/li><li>Entitat finan\u00e7adora: DURSI.<\/li><li>Entitats participants: Universitat Aut\u00f2noma de Barcelona i centres p\u00fablics de Catalunya.<\/li><li>Refer\u00e8ncia de la concessi\u00f3: ARIE 2004-00058.<\/li><\/ul>\n\n\n\n<p><strong>Altres projectes amb participaci\u00f3 de membres del LED<\/strong><\/p>\n\n\n\n<p>Curriculum Bi-Modal y Contral el Fracaso Escolar<\/p>\n\n\n\n<ul class=\"wp-block-list\"><li>Investigador\/a principal d\u2019aquest projecte: Pere Marqu\u00e9s<\/li><li>Entitat finan\u00e7adora: Fundaci\u00f3n Telefonica<\/li><li>Entitats participants: Universitat Aut\u00f2noma de Barcelona,&nbsp;Fundaci\u00f3 Telefonica i Centres p\u00fablics de Catalunya.<\/li><li>Refer\u00e8ncia de la concessi\u00f3: No12339.<\/li><li>Quantia de la subvenci\u00f3: 60.760\u20ac<\/li><li>Duraci\u00f3: de 2011 fins a 2013<\/li><\/ul>\n\n\n\n<p>V-Learning: Definici\u00f3 d\u2019entorns virtuals i avatars docents aplicats a activitats grupals i de tutoritzaci\u00f3. Estudi del seu impacte en diferents metodologies d&#8217;aprenentatge cooperatiu<\/p>\n\n\n\n<ul class=\"wp-block-list\"><li>Investigador\/a principal d\u2019aquest projecte: Enric Marti<\/li><li>Entitat finan\u00e7adora: AGAUR<\/li><li>Entitats participants: Universitat Aut\u00f2noma de Barcelona<\/li><li>Refer\u00e8ncia de la concessi\u00f3: 2010 MQD00044.<\/li><li>Quantia de la subvenci\u00f3: 11.000\u20ac<\/li><li>Duraci\u00f3: de 2009 fins a 2010<\/li><\/ul>\n","protected":false},"excerpt":{"rendered":"<p>PATHWAY: Avaluaci\u00f3 del projecte d&#8217;internacionalitzaci\u00f3 en el Grau d\u2019Educaci\u00f3 Prim\u00e0ria-angl\u00e8s UAB: proc\u00e9s i producte\u00a0(es) (en) Investigador\/a principal d\u2019aquest projecte: Cristina Escobar Urmeneta Entitat finan\u00e7adora: Ag\u00e8ncia de Gesti\u00f3 d&#8217;Ajuts Universitaris i de Recerca Entitats participants: Universitat Aut\u00f2noma de Barcelona Refer\u00e8ncia de la concessi\u00f3:&nbsp;2015 ARMIF 00001 Quantia de la subvenci\u00f3: 16.500\u20ac Duraci\u00f3: de 30\/06\/2016 fins a 30\/04\/2017 [&hellip;]<\/p>\n","protected":false},"author":20,"featured_media":0,"parent":0,"menu_order":0,"comment_status":"closed","ping_status":"closed","template":"","meta":{"footnotes":""},"class_list":["post-119","page","type-page","status-publish","hentry"],"_links":{"self":[{"href":"https:\/\/webs.uab.cat\/led\/wp-json\/wp\/v2\/pages\/119","targetHints":{"allow":["GET"]}}],"collection":[{"href":"https:\/\/webs.uab.cat\/led\/wp-json\/wp\/v2\/pages"}],"about":[{"href":"https:\/\/webs.uab.cat\/led\/wp-json\/wp\/v2\/types\/page"}],"author":[{"embeddable":true,"href":"https:\/\/webs.uab.cat\/led\/wp-json\/wp\/v2\/users\/20"}],"replies":[{"embeddable":true,"href":"https:\/\/webs.uab.cat\/led\/wp-json\/wp\/v2\/comments?post=119"}],"version-history":[{"count":1,"href":"https:\/\/webs.uab.cat\/led\/wp-json\/wp\/v2\/pages\/119\/revisions"}],"predecessor-version":[{"id":217,"href":"https:\/\/webs.uab.cat\/led\/wp-json\/wp\/v2\/pages\/119\/revisions\/217"}],"wp:attachment":[{"href":"https:\/\/webs.uab.cat\/led\/wp-json\/wp\/v2\/media?parent=119"}],"curies":[{"name":"wp","href":"https:\/\/api.w.org\/{rel}","templated":true}]}}