{"id":124,"date":"2015-10-11T20:42:29","date_gmt":"2015-10-11T18:42:29","guid":{"rendered":"https:\/\/webs.uab.cat\/led\/phd-thesis\/"},"modified":"2015-10-11T20:42:29","modified_gmt":"2015-10-11T18:42:29","slug":"phd-thesis","status":"publish","type":"page","link":"https:\/\/webs.uab.cat\/led\/phd-thesis\/","title":{"rendered":"PhD Thesis"},"content":{"rendered":"<p><strong>In progress<\/strong><\/p>\n<p class=\"rteindent1\">Ca\u00f1as Villareal, J.&nbsp;(in progress). <em>Crosslinguistic Influence in the acquisition of syntax in Greek as a Foreign Language: Explicit vs. Implicit learning.<\/em> Co-directed by Mar\u00eda Andri\u00e1 (UAB) &amp; M. Luz Celaya Villanueva (UB).<\/p>\n<p class=\"rteindent1\">Felip Falc\u00f3, R. (in progress: 2020). <em>The integration of emergent technologies in CLIL contexts<\/em>. Departament de Pedagogia, UdG. Departament de Did\u00e0ctica de la Llengua i de la Literatura, UAB. Codirected by M. Estebanell &amp; C. Escobar Urmeneta<\/p>\n<p class=\"rteindent1\">Lovtskaya, Anastasia. (in progress). <em>s\/t<\/em>.&nbsp;Departament de Did\u00e0ctica de la Llengua i de la Literatura. UAB. Codirected by C. Escobar Urmeneta &amp; Marilisa Birello<\/p>\n<p class=\"rteindent1\">Molina Naar, J. (in progress). <em>EMI (English Medium of Instruction) Practices\/Models\/Programs in Latin American HEIs (Higher Education Institutions): A Three-country Interpretative\/Multiple Case Study<\/em>.&nbsp;Departament de Did\u00e0ctica de la Llengua i de la Literatura. UAB. Directed by C. Escobar Urmeneta<\/p>\n<p class=\"rteindent1\">Scott, Y. &nbsp;(in progress). A framework for technologically integrating TBLT in CLIL contexts: design of dual-focused materials. UPF. Codirected by H. Roquet (UIC) &amp; N. Evnitskaya (UIC)<\/p>\n<p class=\"rteindent1\">Sonja Andjelkov. (in progress). <em>The Integrated Assessment of Content and Language in English Medium Instruction (EMI) in Higher Education: A Case study<\/em>.&nbsp;Departament de Did\u00e0ctica de la Llengua i de la Literatura. UAB. Directed by C. Escobar Urmeneta<\/p>\n<p class=\"rteindent1\">Wang, N. (in progress). <em>Good Practices of English Medium Instruction Course and Class Design: Comparative Analysis of Spanish and Taiwanese High Education Institutes<\/em>.&nbsp;Departament de Did\u00e0ctica de la Llengua i de la Literatura. UAB. Directed by C. Escobar Urmeneta<\/p>\n<p><strong>2018<\/strong><\/p>\n<p class=\"rteindent1\">Ottin Pecchio, G. (2018). <a href=\"https:\/\/www.tdx.cat\/handle\/10803\/665184\">Oralidad y escritura compartida en la alfabetizaci\u00f3n inicial. Estudio en un contexto multiling\u00fce<\/a>. Departament de Did\u00e0ctica de la Llengua i de la Literatura. UAB. Codirected by C. Escobar Urmeneta &amp; Ana Teberosky Coronado (UB).&nbsp;26\/10\/2018<\/p>\n<p><strong>2016<\/strong><\/p>\n<p class=\"rteindent1\">Torras Vila, B. (2016). <a href=\"http:\/\/www.tdx.cat\/handle\/10803\/400872\">The role of student-teachers\u2019 imagined identities in their investments in English in an \u201cIntegrating Content and Language in Higher Education\u201d (ICLHE) Catalan pre-service teacher education context<\/a>. Departament de Did\u00e0ctica de la Llengua i de la Literatura. UAB. Codirected by N. Evnitskaya &amp; C. Escobar Urmeneta.&nbsp;29\/11\/2016<\/p>\n<p class=\"rteindent1\">Denissenko, A. (2016). <a href=\"http:\/\/www.tdx.cat\/handle\/10803\/349216\">L&#8217;Adquisici\u00f3 del rus com a llengua estrangera en un context d&#8217;instrucci\u00f3 formal a l&#8217;aula: complexitat, correcci\u00f3 i flu\u00efdesa i \u00fas del cas en la producci\u00f3 escrita<\/a>. Departament de Traducci\u00f3 i Ci\u00e8ncies del Llenguatge, UPF. Codirected by C. Perez-Vidal &amp; N. Evnitskaya.<\/p>\n<p><strong>2015<\/strong><\/p>\n<p class=\"rteindent1\">Dulsat Ort\u00edz, C. (2015). <a href=\"http:\/\/www.tdx.cat\/handle\/10803\/326462\">Les resist\u00e8ncies en la formaci\u00f3 a dist\u00e0ncia dels t\u00e8cnics esportius de la RFEP<\/a>. Departament de Did\u00e0ctica de la Llengua i de la Literatura, UAB. Directed by I. \u00c1lvarez C\u00e1novas.&nbsp;4\/12\/2015<\/p>\n<p><strong>2014<\/strong><\/p>\n<p class=\"rteindent1\">S\u00e1nchez Sola, A. (2014). <a href=\"http:\/\/www.tdx.cat\/handle\/10803\/284054\">Ense\u00f1ar ingl\u00e9s a futuros maestros mediante el chat pedag\u00f3gico: estudio de la reparaci\u00f3n y las estrategias comunicativas e interactivas entre aprendices de lengua<\/a>. Departament de Did\u00e0ctica de la Llengua i de la Literatura, UAB. 06\/10\/2014. Co-directed by C. Escobar Urmeneta &amp; M. Trenchs Parera.&nbsp;06\/10\/2014<\/p>\n<p><strong>2013<\/strong><\/p>\n<p class=\"rteindent1\">S\u00e1ez, S. (2013). An\u00e1lisis de met\u00e1foras en educaci\u00f3n para la salud. Un recurso pedag\u00f3gico. Departament de Did\u00e0ctica de la Llengua i de la Literatura, UAB. Directed by I. \u00c1lvarez C\u00e1novas. 28\/11\/2013.<\/p>\n<p><strong>2012<\/strong><\/p>\n<p class=\"rteindent1\">Evnitskaya, N. (2012). <a href=\"http:\/\/www.tdx.cat\/handle\/10803\/129640\">Talking science in a second language: The interactional co-construction of dialogic explanations in the CLIL science classroom<\/a>. Departament de Did\u00e0ctica de la Llengua i de la Literatura, UAB. Directed by C. Escobar Urmeneta.&nbsp;10\/10\/2012<\/p>\n<p class=\"rteindent1\">Wilson, A. E. (2012). Language Learning Motivation and Attitudes among Immigrant Background Students. Departament de Did\u00e0ctica de la Llengua i de la Literatura, UAB. Directed by Merc\u00e8 Bernaus. 16\/03\/2012.<\/p>\n","protected":false},"excerpt":{"rendered":"<p>In progress Ca\u00f1as Villareal, J.&nbsp;(in progress). Crosslinguistic Influence in the acquisition of syntax in Greek as a Foreign Language: Explicit vs. Implicit learning. Co-directed by Mar\u00eda Andri\u00e1 (UAB) &amp; M. Luz Celaya Villanueva (UB). Felip Falc\u00f3, R. (in progress: 2020). The integration of emergent technologies in CLIL contexts. Departament de Pedagogia, UdG. Departament de Did\u00e0ctica [&hellip;]<\/p>\n","protected":false},"author":20,"featured_media":0,"parent":0,"menu_order":0,"comment_status":"closed","ping_status":"closed","template":"","meta":{"footnotes":""},"class_list":["post-124","page","type-page","status-publish","hentry"],"_links":{"self":[{"href":"https:\/\/webs.uab.cat\/led\/wp-json\/wp\/v2\/pages\/124","targetHints":{"allow":["GET"]}}],"collection":[{"href":"https:\/\/webs.uab.cat\/led\/wp-json\/wp\/v2\/pages"}],"about":[{"href":"https:\/\/webs.uab.cat\/led\/wp-json\/wp\/v2\/types\/page"}],"author":[{"embeddable":true,"href":"https:\/\/webs.uab.cat\/led\/wp-json\/wp\/v2\/users\/20"}],"replies":[{"embeddable":true,"href":"https:\/\/webs.uab.cat\/led\/wp-json\/wp\/v2\/comments?post=124"}],"version-history":[{"count":0,"href":"https:\/\/webs.uab.cat\/led\/wp-json\/wp\/v2\/pages\/124\/revisions"}],"wp:attachment":[{"href":"https:\/\/webs.uab.cat\/led\/wp-json\/wp\/v2\/media?parent=124"}],"curies":[{"name":"wp","href":"https:\/\/api.w.org\/{rel}","templated":true}]}}