{"id":126,"date":"2015-10-12T01:34:58","date_gmt":"2015-10-11T23:34:58","guid":{"rendered":"https:\/\/webs.uab.cat\/led\/projecte-sgr-llengua-i-educacio\/"},"modified":"2015-10-12T01:34:58","modified_gmt":"2015-10-11T23:34:58","slug":"projecte-sgr-llengua-i-educacio","status":"publish","type":"page","link":"https:\/\/webs.uab.cat\/led\/projecte-sgr-llengua-i-educacio\/","title":{"rendered":"Projecte SGR &#8220;Llengua i Educaci\u00f3&#8221;"},"content":{"rendered":"<p><strong>Grup de Recerca Llengua i Educaci\u00f3 (LED)<\/strong><\/p>\n<ul>\n<li>Investigador\/a principal d\u2019aquest projecte: Cristina Escobar Urmeneta<\/li>\n<li>Entitat finan\u00e7adora: Ag\u00e8ncia de Gesti\u00f3 d&#8217;Ajuts Universitaris i de&nbsp;Recerca<\/li>\n<li>Entitats participants: Departament d&#8217;Economia i Coneixement &#8211;&nbsp;Generalitat de Catalunya<\/li>\n<li>Refer\u00e8ncia de la concessi\u00f3: 2014 SGR 01190.<\/li>\n<li>Quantia de la subvenci\u00f3: 21.600\u20ac<\/li>\n<li>Duraci\u00f3: de 2014 fins a 2016<\/li>\n<\/ul>\n<p>Vegeu m\u00e9s informaci\u00f3 sobre el projecte a l&#8217;apartat <a href=\"http:\/\/grupsderecerca.uab.cat\/led\/content\/recerca\">Recerca<\/a> d&#8217;aquest web.<\/p>\n","protected":false},"excerpt":{"rendered":"<p>Grup de Recerca Llengua i Educaci\u00f3 (LED) Investigador\/a principal d\u2019aquest projecte: Cristina Escobar Urmeneta Entitat finan\u00e7adora: Ag\u00e8ncia de Gesti\u00f3 d&#8217;Ajuts Universitaris i de&nbsp;Recerca Entitats participants: Departament d&#8217;Economia i Coneixement &#8211;&nbsp;Generalitat de Catalunya Refer\u00e8ncia de la concessi\u00f3: 2014 SGR 01190. Quantia de la subvenci\u00f3: 21.600\u20ac Duraci\u00f3: de 2014 fins a 2016 Vegeu m\u00e9s informaci\u00f3 sobre el [&hellip;]<\/p>\n","protected":false},"author":20,"featured_media":0,"parent":0,"menu_order":0,"comment_status":"closed","ping_status":"closed","template":"","meta":{"footnotes":""},"class_list":["post-126","page","type-page","status-publish","hentry"],"_links":{"self":[{"href":"https:\/\/webs.uab.cat\/led\/wp-json\/wp\/v2\/pages\/126","targetHints":{"allow":["GET"]}}],"collection":[{"href":"https:\/\/webs.uab.cat\/led\/wp-json\/wp\/v2\/pages"}],"about":[{"href":"https:\/\/webs.uab.cat\/led\/wp-json\/wp\/v2\/types\/page"}],"author":[{"embeddable":true,"href":"https:\/\/webs.uab.cat\/led\/wp-json\/wp\/v2\/users\/20"}],"replies":[{"embeddable":true,"href":"https:\/\/webs.uab.cat\/led\/wp-json\/wp\/v2\/comments?post=126"}],"version-history":[{"count":0,"href":"https:\/\/webs.uab.cat\/led\/wp-json\/wp\/v2\/pages\/126\/revisions"}],"wp:attachment":[{"href":"https:\/\/webs.uab.cat\/led\/wp-json\/wp\/v2\/media?parent=126"}],"curies":[{"name":"wp","href":"https:\/\/api.w.org\/{rel}","templated":true}]}}