{"id":133,"date":"2016-07-30T20:25:58","date_gmt":"2016-07-30T18:25:58","guid":{"rendered":"https:\/\/webs.uab.cat\/led\/article\/"},"modified":"2016-07-30T20:25:58","modified_gmt":"2016-07-30T18:25:58","slug":"article","status":"publish","type":"page","link":"https:\/\/webs.uab.cat\/led\/article\/","title":{"rendered":"ArtICLE"},"content":{"rendered":"<p><strong><span style=\"text-decoration: underline;\">ArtICLE<\/span><\/strong><\/p>\n<p>ArtICLE \u00e9s el nom amb qu\u00e8 es coneix el projecte titulat <strong><em>&#8220;Avaluaci\u00f3 de tasques col\u00b7laboratives i assoliment d&#8217;objectius d&#8217;aprenentatge en aules AICLE de ci\u00e8ncies en llengua estrangera&#8221;<\/em><\/strong>, subvencionat pel DURSI dins del programa ARIE (N\u00ba 2004-00058) l&#8217;any 2004, i a la seva continuaci\u00f3 durant el 2005.<\/p>\n<p><strong><span style=\"text-decoration: underline;\">Resum<\/span><\/strong><\/p>\n<p>La construcci\u00f3 de la UE fa necessari que els sistemes educatius dels pa\u00efsos membres garanteixin que els seus ciutadans siguin capa\u00e7os de funcionar confortablement en m\u00e9s d&#8217;una llengua estrangera. Tanmateix, nombrosos estudis demostren que l&#8217;ensenyament de lleng\u00fces estrangeres com a objecte d&#8217;estudi no garanteix l&#8217;assoliment dels nivells de compet\u00e8ncies adequats en lleng\u00fces estrangeres a l&#8217;acabament dels ensenyaments obligatoris. <\/p>\n<p> Complementar l&#8217;ensenyament DE lleng\u00fces estrangeres amb ensenyament de continguts curriculars no ling\u00fc\u00edstics EN llengua estrangera \u00e9s una opci\u00f3 que guanya terreny dia a dia, a mida que es va demostrant que l&#8217;ensenyament en modalitat de semiimmersi\u00f3 o AICLE (Aprenentatge Integrat de Continguts i Llengua Estrangera) millora de manera substancial les compet\u00e8ncies en lleng\u00fces estrangeres dels aprenents, sense que les seves compet\u00e8ncies en lleng\u00fces primeres resultin negativament afectades. <\/p>\n<p> Des del projecte ArtICLE, un equip composat per investigadors universitaris i de professorat d&#8217;educaci\u00f3 prim\u00e0ria i secund\u00e0ria de Catalunya vam treballar per oferir a tota la comunitat docent propostes educatives en llengua estrangera degudament avaluades i contrastades, que fossin adients a la realitat educativa catalana, i que promoguessin aprenentatges de qualitat en l&#8217;\u00e0rea de ci\u00e8ncies.<\/p>\n<p><strong><span style=\"text-decoration: underline;\">Finalitat<\/span><\/strong><\/p>\n<p>Les caracter\u00edstiques definit\u00f2ries de les estrat\u00e8gies did\u00e0ctiques objecte de recerca durant la primera fase del projecte van \u00e9sser:<\/p>\n<ol>\n<li>L&#8217;adequaci\u00f3 de les activitats a diferents tipus d&#8217;alumnat en aules inclusives.<\/li>\n<li>La interacci\u00f3 entre aprenents mitjan\u00e7ant el desenvolupament de tasques col\u00b7laboratives.<\/li>\n<li>L&#8217;\u00fas d&#8217;Internet com a font b\u00e0sica d&#8217;informaci\u00f3.<\/li>\n<\/ol>\n<p>La continuaci\u00f3 del projecte durant l&#8217;any 2005 ens va permetre:<\/p>\n<ol>\n<li>Aprofundir en l\u2019an\u00e0lisi de les dades recollides.<\/li>\n<li>Reformular i reexperimentar la proposta did\u00e0ctica inicial a partir dels resultats obtinguts a la primera fase.<\/li>\n<li>Avaluar l&#8217;impacte del nou format de la proposta did\u00e0ctica.<\/li>\n<li>Contrastar els resultats d&#8217;ambdues propostes.<\/li>\n<\/ol>\n<p><strong><span style=\"text-decoration: underline;\">Resultats<\/span><\/strong><\/p>\n<p>L\u2019acceptaci\u00f3 de la nostra proposta did\u00e0ctica per part del professorat i els aprenentatges assolits per l&#8217;alumnat segons els resultats de les an\u00e0lisis de les dades recollides confirmen la validesa de la proposta. Vegeu a continuaci\u00f3 la llista dels productes de recerca sorgits de l\u2019an\u00e0lisi d\u2019aquestes dades:<\/p>\n<ol>\n<li><span style=\"font-family: Helvetica,Arial,sans-serif;\"><a href=\"http:\/\/grupsderecerca.uab.cat\/led\/content\/treballs-de-recerca-article\">Treballs de recerca<\/a><span><br \/><\/span><\/span><\/li>\n<li><span style=\"font-family: Helvetica,Arial,sans-serif;\"><a href=\"http:\/\/grupsderecerca.uab.cat\/led\/content\/publicacions-article\">Publicacions<\/a><span><br \/><\/span><\/span><\/li>\n<li><span style=\"font-family: Helvetica,Arial,sans-serif;\"><a href=\"http:\/\/grupsderecerca.uab.cat\/led\/content\/aportacions-jornades-congressos-etc-article\">Aportacions a jornades, congressos, etc.<\/a><br \/><\/span><\/li>\n<li><span style=\"font-family: Helvetica,Arial,sans-serif;\"><a href=\"http:\/\/grupsderecerca.uab.cat\/led\/content\/llic%C3%A8ncies-destudis-article\">Llic\u00e8ncies d&#8217;estudis<\/a><br \/><\/span><\/li>\n<li><a href=\"http:\/\/ddd.uab.cat\/record\/59434\"><span style=\"font-family: Helvetica,Arial,sans-serif;\">Mem\u00f2ria projecte <\/span>ARIE2004-00058<\/a><\/li>\n<\/ol>\n","protected":false},"excerpt":{"rendered":"<p>ArtICLE ArtICLE \u00e9s el nom amb qu\u00e8 es coneix el projecte titulat &#8220;Avaluaci\u00f3 de tasques col\u00b7laboratives i assoliment d&#8217;objectius d&#8217;aprenentatge en aules AICLE de ci\u00e8ncies en llengua estrangera&#8221;, subvencionat pel DURSI dins del programa ARIE (N\u00ba 2004-00058) l&#8217;any 2004, i a la seva continuaci\u00f3 durant el 2005. Resum La construcci\u00f3 de la UE fa necessari [&hellip;]<\/p>\n","protected":false},"author":20,"featured_media":0,"parent":0,"menu_order":0,"comment_status":"closed","ping_status":"closed","template":"","meta":{"footnotes":""},"class_list":["post-133","page","type-page","status-publish","hentry"],"_links":{"self":[{"href":"https:\/\/webs.uab.cat\/led\/wp-json\/wp\/v2\/pages\/133","targetHints":{"allow":["GET"]}}],"collection":[{"href":"https:\/\/webs.uab.cat\/led\/wp-json\/wp\/v2\/pages"}],"about":[{"href":"https:\/\/webs.uab.cat\/led\/wp-json\/wp\/v2\/types\/page"}],"author":[{"embeddable":true,"href":"https:\/\/webs.uab.cat\/led\/wp-json\/wp\/v2\/users\/20"}],"replies":[{"embeddable":true,"href":"https:\/\/webs.uab.cat\/led\/wp-json\/wp\/v2\/comments?post=133"}],"version-history":[{"count":0,"href":"https:\/\/webs.uab.cat\/led\/wp-json\/wp\/v2\/pages\/133\/revisions"}],"wp:attachment":[{"href":"https:\/\/webs.uab.cat\/led\/wp-json\/wp\/v2\/media?parent=133"}],"curies":[{"name":"wp","href":"https:\/\/api.w.org\/{rel}","templated":true}]}}