{"id":95,"date":"2009-05-25T14:05:25","date_gmt":"2009-05-25T12:05:25","guid":{"rendered":"https:\/\/webs.uab.cat\/led\/on-som\/"},"modified":"2023-03-14T12:51:04","modified_gmt":"2023-03-14T10:51:04","slug":"on-som","status":"publish","type":"page","link":"https:\/\/webs.uab.cat\/led\/on-som\/","title":{"rendered":"On som?"},"content":{"rendered":"\n<p>Departament de Did\u00e0ctica de la Llengua, la Literatura i les Ci\u00e8ncies Socials<\/p>\n\n\n\n<p>Facultat de Ci\u00e8ncies de l\u2019Educaci\u00f3, UAB.<\/p>\n\n\n\n<p>Edifici G-5.&nbsp;08193 Bellaterra (Cerdanyola del Vall\u00e8s)<\/p>\n\n\n\n<p><a href=\"https:\/\/www.google.com\/maps\/place\/Edifici+G5,+08290+Cerdanyola+del+Vall%C3%A8s,+Barcelona,+Espanya\/@41.505513,2.1024313,17z\/data=!3m1!5s0x12a4942b3c37644f:0xa75832fc0294242c!4m15!1m9!4m8!1m0!1m6!1m2!1s0x12a4942b3c36f901:0x90419931ca214d97!2sEdifici+G5,+08290+Cerdanyola+del+Vall%C3%A8s,+Barcelona,+Espanya!2m2!1d2.1046155!2d41.5055194!3m4!1s0x12a4942b3c36f901:0x90419931ca214d97!8m2!3d41.5055194!4d2.1046155\" target=\"_blank\" rel=\"noopener\">Mapa<\/a><\/p>\n","protected":false},"excerpt":{"rendered":"<p>Departament de Did\u00e0ctica de la Llengua, la Literatura i les Ci\u00e8ncies Socials Facultat de Ci\u00e8ncies de l\u2019Educaci\u00f3, UAB. Edifici G-5.&nbsp;08193 Bellaterra (Cerdanyola del Vall\u00e8s) Mapa<\/p>\n","protected":false},"author":20,"featured_media":0,"parent":0,"menu_order":0,"comment_status":"closed","ping_status":"closed","template":"","meta":{"footnotes":""},"class_list":["post-95","page","type-page","status-publish","hentry"],"_links":{"self":[{"href":"https:\/\/webs.uab.cat\/led\/wp-json\/wp\/v2\/pages\/95","targetHints":{"allow":["GET"]}}],"collection":[{"href":"https:\/\/webs.uab.cat\/led\/wp-json\/wp\/v2\/pages"}],"about":[{"href":"https:\/\/webs.uab.cat\/led\/wp-json\/wp\/v2\/types\/page"}],"author":[{"embeddable":true,"href":"https:\/\/webs.uab.cat\/led\/wp-json\/wp\/v2\/users\/20"}],"replies":[{"embeddable":true,"href":"https:\/\/webs.uab.cat\/led\/wp-json\/wp\/v2\/comments?post=95"}],"version-history":[{"count":1,"href":"https:\/\/webs.uab.cat\/led\/wp-json\/wp\/v2\/pages\/95\/revisions"}],"predecessor-version":[{"id":207,"href":"https:\/\/webs.uab.cat\/led\/wp-json\/wp\/v2\/pages\/95\/revisions\/207"}],"wp:attachment":[{"href":"https:\/\/webs.uab.cat\/led\/wp-json\/wp\/v2\/media?parent=95"}],"curies":[{"name":"wp","href":"https:\/\/api.w.org\/{rel}","templated":true}]}}