{"id":96,"date":"2015-09-21T16:48:52","date_gmt":"2015-09-21T14:48:52","guid":{"rendered":"https:\/\/webs.uab.cat\/led\/membres\/"},"modified":"2023-03-14T12:52:32","modified_gmt":"2023-03-14T10:52:32","slug":"membres","status":"publish","type":"page","link":"https:\/\/webs.uab.cat\/led\/membres\/","title":{"rendered":"Membres"},"content":{"rendered":"<style type=\"text\/css\">img { margin:0 !important; padding:0 ! important; background-color: #fff ! important; }<br \/>\n<\/style>\n<h2>Coordinadora<\/h2>\n<ul>\n<li>Cristina Escobar Urmeneta <a href=\"https:\/\/scholar.google.es\/citations?user=LyK2A38AAAAJ\" target=\"_blank\" rel=\"noopener\"><img decoding=\"async\" src=\"http:\/\/grupsderecerca.uab.cat\/led\/sites\/grupsderecerca.uab.cat.led\/files\/favicon_gscholar.png\" alt=\"\" \/><\/a>\u00a0<a href=\"http:\/\/gent.uab.cat\/cristinaescobar\/\" target=\"_blank\" rel=\"noopener\"><img decoding=\"async\" src=\"http:\/\/grupsderecerca.uab.cat\/led\/sites\/grupsderecerca.uab.cat.led\/files\/favicon_personaluab.png\" alt=\"\" \/><\/a>\u00a0<a href=\"https:\/\/uab.academia.edu\/CristinaEscobarUrmeneta\" target=\"_blank\" rel=\"noopener\"><img decoding=\"async\" src=\"http:\/\/grupsderecerca.uab.cat\/led\/sites\/grupsderecerca.uab.cat.led\/files\/favicon_academia.png\" alt=\"\" \/><\/a>\u00a0<a href=\"https:\/\/www.researchgate.net\/profile\/Cristina_Urmeneta\" target=\"_blank\" rel=\"noopener\"><img decoding=\"async\" src=\"http:\/\/grupsderecerca.uab.cat\/led\/sites\/grupsderecerca.uab.cat.led\/files\/favicon_researchgate.png\" alt=\"\" \/><\/a>\u00a0<a href=\"http:\/\/orcid.org\/0000-0003-4894-6260\" target=\"_blank\" rel=\"noopener\"><img decoding=\"async\" src=\"http:\/\/grupsderecerca.uab.cat\/led\/sites\/grupsderecerca.uab.cat.led\/files\/favicon_orcid.png\" alt=\"\" \/><\/a><\/li>\n<\/ul>\n<h2>Investigadors doctors<\/h2>\n<ul>\n<li>Isabel \u00c1lvarez C\u00e1novas\u00a0<a href=\"https:\/\/scholar.google.es\/citations?user=_eFz7rYAAAAJ\" target=\"_blank\" rel=\"noopener\"><img decoding=\"async\" src=\"http:\/\/grupsderecerca.uab.cat\/led\/sites\/grupsderecerca.uab.cat.led\/files\/favicon_gscholar.png\" alt=\"\" \/><\/a>\u00a0<a href=\"http:\/\/orcid.org\/0000-0001-9488-9960\" target=\"_blank\" rel=\"noopener\"><img decoding=\"async\" src=\"http:\/\/grupsderecerca.uab.cat\/led\/sites\/grupsderecerca.uab.cat.led\/files\/favicon_orcid.png\" alt=\"\" \/><\/a><\/li>\n<li>Mar\u00eda Andri\u00e1\u00a0<a href=\"https:\/\/scholar.google.es\/citations?user=EqKBCYIAAAAJ\" target=\"_blank\" rel=\"noopener\"><img decoding=\"async\" src=\"http:\/\/grupsderecerca.uab.cat\/led\/sites\/grupsderecerca.uab.cat.led\/files\/favicon_gscholar.png\" alt=\"\" \/><\/a>\u00a0<a href=\"https:\/\/uab.academia.edu\/MariaAndria\" target=\"_blank\" rel=\"noopener\"><img decoding=\"async\" src=\"http:\/\/grupsderecerca.uab.cat\/led\/sites\/grupsderecerca.uab.cat.led\/files\/favicon_academia.png\" alt=\"\" \/><\/a>\u00a0<a href=\"https:\/\/www.researchgate.net\/profile\/Maria_Andria\" target=\"_blank\" rel=\"noopener\"><img decoding=\"async\" src=\"http:\/\/grupsderecerca.uab.cat\/led\/sites\/grupsderecerca.uab.cat.led\/files\/favicon_researchgate.png\" alt=\"\" \/><\/a>\u00a0<a href=\"http:\/\/orcid.org\/0000-0001-8123-2169\" target=\"_blank\" rel=\"noopener\"><img decoding=\"async\" src=\"http:\/\/grupsderecerca.uab.cat\/led\/sites\/grupsderecerca.uab.cat.led\/files\/favicon_orcid.png\" alt=\"\" \/><\/a><\/li>\n<li>Joan Borr\u00e0s-Comes\u00a0<a href=\"https:\/\/scholar.google.es\/citations?user=1thwH90AAAAJ\" target=\"_blank\" rel=\"noopener\"><img decoding=\"async\" src=\"http:\/\/grupsderecerca.uab.cat\/led\/sites\/grupsderecerca.uab.cat.led\/files\/favicon_gscholar.png\" alt=\"\" \/><\/a>\u00a0<a href=\"http:\/\/about.me\/ebrenc\/\" target=\"_blank\" rel=\"noopener\"><img decoding=\"async\" src=\"http:\/\/grupsderecerca.uab.cat\/led\/sites\/grupsderecerca.uab.cat.led\/files\/favicon_aboutme.png\" alt=\"\" \/><\/a>\u00a0<a href=\"https:\/\/uab.academia.edu\/JoanBorr%C3%A0sComes\" target=\"_blank\" rel=\"noopener\"><img decoding=\"async\" src=\"http:\/\/grupsderecerca.uab.cat\/led\/sites\/grupsderecerca.uab.cat.led\/files\/favicon_academia.png\" alt=\"\" \/><\/a>\u00a0<a href=\"https:\/\/www.researchgate.net\/profile\/Joan_Borras-Comes\" target=\"_blank\" rel=\"noopener\"><img decoding=\"async\" src=\"http:\/\/grupsderecerca.uab.cat\/led\/sites\/grupsderecerca.uab.cat.led\/files\/favicon_researchgate.png\" alt=\"\" \/><\/a>\u00a0<a href=\"http:\/\/orcid.org\/0000-0002-2855-7340\" target=\"_blank\" rel=\"noopener\"><img decoding=\"async\" src=\"http:\/\/grupsderecerca.uab.cat\/led\/sites\/grupsderecerca.uab.cat.led\/files\/favicon_orcid.png\" alt=\"\" \/><\/a><\/li>\n<li>Natalia Evnitskaya\u00a0<a href=\"https:\/\/scholar.google.es\/citations?user=mG54cokAAAAJ\" target=\"_blank\" rel=\"noopener\"><img decoding=\"async\" src=\"http:\/\/grupsderecerca.uab.cat\/led\/sites\/grupsderecerca.uab.cat.led\/files\/favicon_gscholar.png\" alt=\"\" \/><\/a>\u00a0<a href=\"https:\/\/uam.academia.edu\/NataliaEvnitskaya\" target=\"_blank\" rel=\"noopener\"><img decoding=\"async\" src=\"http:\/\/grupsderecerca.uab.cat\/led\/sites\/grupsderecerca.uab.cat.led\/files\/favicon_academia.png\" alt=\"\" \/><\/a>\u00a0<a href=\"https:\/\/www.researchgate.net\/profile\/Natalia_Evnitskaya\" target=\"_blank\" rel=\"noopener\"><img decoding=\"async\" src=\"http:\/\/grupsderecerca.uab.cat\/led\/sites\/grupsderecerca.uab.cat.led\/files\/favicon_researchgate.png\" alt=\"\" \/><\/a>\u00a0<a href=\"http:\/\/orcid.org\/0000-0002-9823-6147\" target=\"_blank\" rel=\"noopener\"><img decoding=\"async\" src=\"http:\/\/grupsderecerca.uab.cat\/led\/sites\/grupsderecerca.uab.cat.led\/files\/favicon_orcid.png\" alt=\"\" \/><\/a><\/li>\n<li>Neus Lorenzo Gal\u00e9s\u00a0<a href=\"https:\/\/scholar.google.es\/citations?user=zgjLLoAAAAAJ\" target=\"_blank\" rel=\"noopener\"><img decoding=\"async\" src=\"http:\/\/grupsderecerca.uab.cat\/led\/sites\/grupsderecerca.uab.cat.led\/files\/favicon_gscholar.png\" alt=\"\" \/><\/a>\u00a0<a href=\"https:\/\/gencat.academia.edu\/NeusLorenzoGales\" target=\"_blank\" rel=\"noopener\"><img decoding=\"async\" src=\"http:\/\/grupsderecerca.uab.cat\/led\/sites\/grupsderecerca.uab.cat.led\/files\/favicon_academia.png\" alt=\"\" \/><\/a>\u00a0<a href=\"https:\/\/www.researchgate.net\/profile\/Neus_Lorenzo_Gales\" target=\"_blank\" rel=\"noopener\"><img decoding=\"async\" src=\"http:\/\/grupsderecerca.uab.cat\/led\/sites\/grupsderecerca.uab.cat.led\/files\/favicon_researchgate.png\" alt=\"\" \/><\/a>\u00a0<a href=\"https:\/\/orcid.org\/0000-0003-4733-3817\" target=\"_blank\" rel=\"noopener\"><img decoding=\"async\" src=\"http:\/\/grupsderecerca.uab.cat\/led\/sites\/grupsderecerca.uab.cat.led\/files\/favicon_orcid.png\" alt=\"\" \/><\/a><\/li>\n<li>Teresa Nav\u00e9s\u00a0<a href=\"https:\/\/scholar.google.es\/citations?user=fmKGCk0AAAAJ\" target=\"_blank\" rel=\"noopener\"><img decoding=\"async\" src=\"http:\/\/grupsderecerca.uab.cat\/led\/sites\/grupsderecerca.uab.cat.led\/files\/favicon_gscholar.png\" alt=\"\" \/><\/a>\u00a0<a href=\"https:\/\/oxford.academia.edu\/TeresaNaves\" target=\"_blank\" rel=\"noopener\"><img decoding=\"async\" src=\"http:\/\/grupsderecerca.uab.cat\/led\/sites\/grupsderecerca.uab.cat.led\/files\/favicon_academia.png\" alt=\"\" \/><\/a>\u00a0<a href=\"https:\/\/www.researchgate.net\/profile\/Maria-Teresa-Naves\" target=\"_blank\" rel=\"noopener\"><img decoding=\"async\" src=\"http:\/\/grupsderecerca.uab.cat\/led\/sites\/grupsderecerca.uab.cat.led\/files\/favicon_researchgate.png\" alt=\"\" \/><\/a>\u00a0<a href=\"http:\/\/orcid.org\/0000-0001-5416-1801\" target=\"_blank\" rel=\"noopener\"><img decoding=\"async\" src=\"http:\/\/grupsderecerca.uab.cat\/led\/sites\/grupsderecerca.uab.cat.led\/files\/favicon_orcid.png\" alt=\"\" \/><\/a><\/li>\n<li>Giovanna Ottin Pecchio\u00a0<a href=\"https:\/\/www.researchgate.net\/profile\/Giovanna_Ottin_Pecchio\" target=\"_blank\" rel=\"noopener\"><img decoding=\"async\" src=\"http:\/\/grupsderecerca.uab.cat\/led\/sites\/grupsderecerca.uab.cat.led\/files\/favicon_researchgate.png\" alt=\"\" \/><\/a>\u00a0<a href=\"http:\/\/orcid.org\/0000-0002-5141-9288\" target=\"_blank\" rel=\"noopener\"><img decoding=\"async\" src=\"http:\/\/grupsderecerca.uab.cat\/led\/sites\/grupsderecerca.uab.cat.led\/files\/favicon_orcid.png\" alt=\"\" \/><\/a><\/li>\n<li>Berta Torras Vila\u00a0<a href=\"https:\/\/scholar.google.com\/citations?user=URywhgIAAAAJ\" target=\"_blank\" rel=\"noopener\"><img decoding=\"async\" src=\"http:\/\/grupsderecerca.uab.cat\/led\/sites\/grupsderecerca.uab.cat.led\/files\/favicon_gscholar.png\" alt=\"\" \/><\/a>\u00a0<a href=\"https:\/\/uab.academia.edu\/BertaTorrasVila\" target=\"_blank\" rel=\"noopener\"><img decoding=\"async\" src=\"http:\/\/grupsderecerca.uab.cat\/led\/sites\/grupsderecerca.uab.cat.led\/files\/favicon_academia.png\" alt=\"\" \/><\/a>\u00a0<a href=\"https:\/\/www.researchgate.net\/profile\/Berta_Torras_Vila\" target=\"_blank\" rel=\"noopener\"><img decoding=\"async\" src=\"http:\/\/grupsderecerca.uab.cat\/led\/sites\/grupsderecerca.uab.cat.led\/files\/favicon_researchgate.png\" alt=\"\" \/><\/a>\u00a0<a href=\"http:\/\/orcid.org\/0000-0002-7316-3789\" target=\"_blank\" rel=\"noopener\"><img decoding=\"async\" src=\"http:\/\/grupsderecerca.uab.cat\/led\/sites\/grupsderecerca.uab.cat.led\/files\/favicon_orcid.png\" alt=\"\" \/><\/a><\/li>\n<\/ul>\n<h2>Investigadors en formaci\u00f3<\/h2>\n<ul>\n<li>Sonja Andjelkov<\/li>\n<li>M\u00f2nica Clua Serrano<\/li>\n<li>Anastasia Lovtskaya<\/li>\n<li>Rosa Maria Felip Falc\u00f3\u00a0<a href=\"https:\/\/scholar.google.es\/citations?user=LjPWVYcAAAAJ\" target=\"_blank\" rel=\"noopener\"><img decoding=\"async\" src=\"http:\/\/grupsderecerca.uab.cat\/led\/sites\/grupsderecerca.uab.cat.led\/files\/favicon_gscholar.png\" alt=\"\" \/><\/a>\u00a0<a href=\"https:\/\/about.me\/rosamariafelipfalco\" target=\"_blank\" rel=\"noopener\"><img decoding=\"async\" src=\"http:\/\/grupsderecerca.uab.cat\/led\/sites\/grupsderecerca.uab.cat.led\/files\/favicon_aboutme.png\" alt=\"\" \/><\/a>\u00a0<a href=\"https:\/\/uoc.academia.edu\/RosamariaFelipFalc%C3%B3\" target=\"_blank\" rel=\"noopener\"><img decoding=\"async\" src=\"http:\/\/grupsderecerca.uab.cat\/led\/sites\/grupsderecerca.uab.cat.led\/files\/favicon_academia.png\" alt=\"\" \/><\/a>\u00a0<a href=\"https:\/\/orcid.org\/0000-0002-6668-1377\" target=\"_blank\" rel=\"noopener\"><img decoding=\"async\" src=\"http:\/\/grupsderecerca.uab.cat\/led\/sites\/grupsderecerca.uab.cat.led\/files\/favicon_orcid.png\" alt=\"\" \/><\/a><\/li>\n<li>Mario Molina Naar\u00a0<a href=\"https:\/\/scholar.google.es\/citations?user=79yI7FMAAAAJ\" target=\"_blank\" rel=\"noopener\"><img decoding=\"async\" src=\"http:\/\/grupsderecerca.uab.cat\/led\/sites\/grupsderecerca.uab.cat.led\/files\/favicon_gscholar.png\" alt=\"\" \/><\/a>\u00a0<a href=\"https:\/\/independent.academia.edu\/JoseMolina76\" target=\"_blank\" rel=\"noopener\"><img decoding=\"async\" src=\"http:\/\/grupsderecerca.uab.cat\/led\/sites\/grupsderecerca.uab.cat.led\/files\/favicon_academia.png\" alt=\"\" \/><\/a>\u00a0<a href=\"https:\/\/www.researchgate.net\/profile\/Jose_Molina57\" target=\"_blank\" rel=\"noopener\"><img decoding=\"async\" src=\"http:\/\/grupsderecerca.uab.cat\/led\/sites\/grupsderecerca.uab.cat.led\/files\/favicon_researchgate.png\" alt=\"\" \/><\/a>\u00a0<a href=\"https:\/\/orcid.org\/0000-0002-8717-4390\" target=\"_blank\" rel=\"noopener\"><img decoding=\"async\" src=\"http:\/\/grupsderecerca.uab.cat\/led\/sites\/grupsderecerca.uab.cat.led\/files\/favicon_orcid.png\" alt=\"\" \/><\/a><\/li>\n<li>Nora Wang<\/li>\n<\/ul>\n<h2>Col\u00b7laboradors<\/h2>\n<ul>\n<li>Anna Corredera Capdevila<\/li>\n<li>Oriol Pallar\u00e9s Monge\u00a0<a href=\"https:\/\/uab.academia.edu\/OriolPallar%C3%A9s\" target=\"_blank\" rel=\"noopener\"><img decoding=\"async\" src=\"http:\/\/grupsderecerca.uab.cat\/led\/sites\/grupsderecerca.uab.cat.led\/files\/favicon_academia.png\" alt=\"\" \/><\/a><\/li>\n<li>Borja Riquelme<\/li>\n<li>Jill Simon\u00a0Auerbach<\/li>\n<\/ul>\n<h2>Antics membres<\/h2>\n<ul>\n<li>Merc\u00e8 Bernaus Queralt\u00a0<a href=\"https:\/\/scholar.google.es\/citations?user=9cKfya0AAAAJ\" target=\"_blank\" rel=\"noopener\"><img decoding=\"async\" src=\"http:\/\/grupsderecerca.uab.cat\/led\/sites\/grupsderecerca.uab.cat.led\/files\/favicon_gscholar.png\" alt=\"\" \/><\/a>\u00a0<a href=\"https:\/\/independent.academia.edu\/Merc%C3%A8Bernaus\" target=\"_blank\" rel=\"noopener\"><img decoding=\"async\" src=\"http:\/\/grupsderecerca.uab.cat\/led\/sites\/grupsderecerca.uab.cat.led\/files\/favicon_academia.png\" alt=\"\" \/><\/a>\u00a0<a href=\"https:\/\/www.researchgate.net\/profile\/Merce_Bernaus\" target=\"_blank\" rel=\"noopener\"><img decoding=\"async\" src=\"http:\/\/grupsderecerca.uab.cat\/led\/sites\/grupsderecerca.uab.cat.led\/files\/favicon_researchgate.png\" alt=\"\" \/><\/a><\/li>\n<li>Yufei Bian\u00a0<a href=\"https:\/\/www.researchgate.net\/profile\/Yufei_Bian\" target=\"_blank\" rel=\"noopener\"><img decoding=\"async\" src=\"http:\/\/grupsderecerca.uab.cat\/led\/sites\/grupsderecerca.uab.cat.led\/files\/favicon_researchgate.png\" alt=\"\" \/><\/a><\/li>\n<li>Josep Coral-Mateu\u00a0<a href=\"https:\/\/scholar.google.es\/citations?user=5iJW4DkAAAAJ\" target=\"_blank\" rel=\"noopener\"><img decoding=\"async\" src=\"http:\/\/grupsderecerca.uab.cat\/led\/sites\/grupsderecerca.uab.cat.led\/files\/favicon_gscholar.png\" alt=\"\" \/><\/a>\u00a0<a href=\"http:\/\/uab.academia.edu\/JosepCoralMateu\" target=\"_blank\" rel=\"noopener\"><img decoding=\"async\" src=\"http:\/\/grupsderecerca.uab.cat\/led\/sites\/grupsderecerca.uab.cat.led\/files\/favicon_academia.png\" alt=\"\" \/><\/a>\u00a0<a href=\"https:\/\/www.researchgate.net\/profile\/Josep_Coral-Mateu\/\" target=\"_blank\" rel=\"noopener\"><img decoding=\"async\" src=\"http:\/\/grupsderecerca.uab.cat\/led\/sites\/grupsderecerca.uab.cat.led\/files\/favicon_researchgate.png\" alt=\"\" \/><\/a>\u00a0<a href=\"http:\/\/orcid.org\/0000-0003-4522-1141\" target=\"_blank\" rel=\"noopener\"><img decoding=\"async\" src=\"http:\/\/grupsderecerca.uab.cat\/led\/sites\/grupsderecerca.uab.cat.led\/files\/favicon_orcid.png\" alt=\"\" \/><\/a><\/li>\n<li>Elisabeth Eixarch Dom\u00e8nech\u00a0<a href=\"https:\/\/independent.academia.edu\/ElisabethEixarch\" target=\"_blank\" rel=\"noopener\"><img decoding=\"async\" src=\"http:\/\/grupsderecerca.uab.cat\/led\/sites\/grupsderecerca.uab.cat.led\/files\/favicon_academia.png\" alt=\"\" \/><\/a><\/li>\n<li>Miquel \u00c0ngel Fuentes Arjona\u00a0<a href=\"https:\/\/uab.academia.edu\/Miquel%C3%80ngelFuentes\" target=\"_blank\" rel=\"noopener\"><img decoding=\"async\" src=\"http:\/\/grupsderecerca.uab.cat\/led\/sites\/grupsderecerca.uab.cat.led\/files\/favicon_academia.png\" alt=\"\" \/><\/a>\u00a0<a href=\"http:\/\/orcid.org\/0000-0002-9441-2254\" target=\"_blank\" rel=\"noopener\"><img decoding=\"async\" src=\"http:\/\/grupsderecerca.uab.cat\/led\/sites\/grupsderecerca.uab.cat.led\/files\/favicon_orcid.png\" alt=\"\" \/><\/a><\/li>\n<li>Ruben Jim\u00e9nez Gal\u00e1n\u00a0<a href=\"https:\/\/www.researchgate.net\/profile\/Ruben_Galan\" target=\"_blank\" rel=\"noopener\"><img decoding=\"async\" src=\"http:\/\/grupsderecerca.uab.cat\/led\/sites\/grupsderecerca.uab.cat.led\/files\/favicon_researchgate.png\" alt=\"\" \/><\/a><\/li>\n<li>M. Jos\u00e9 Lobo V\u00edrseda<\/li>\n<li>Helga Mart\u00ednez Cipr\u00e9s\u00a0<a href=\"https:\/\/uab.academia.edu\/HelgaMart%C3%ADnezCipr%C3%A9s\" target=\"_blank\" rel=\"noopener\"><img decoding=\"async\" src=\"http:\/\/grupsderecerca.uab.cat\/led\/sites\/grupsderecerca.uab.cat.led\/files\/favicon_academia.png\" alt=\"\" \/><\/a>\u00a0<a href=\"http:\/\/orcid.org\/0000-0002-7544-8470\" target=\"_blank\" rel=\"noopener\"><img decoding=\"async\" src=\"http:\/\/grupsderecerca.uab.cat\/led\/sites\/grupsderecerca.uab.cat.led\/files\/favicon_orcid.png\" alt=\"\" \/><\/a><\/li>\n<li>Berta Rapesta Montmany\u00a0<a href=\"https:\/\/uab.academia.edu\/BERTARAPESTAMONTMANY\" target=\"_blank\" rel=\"noopener\"><img decoding=\"async\" src=\"http:\/\/grupsderecerca.uab.cat\/led\/sites\/grupsderecerca.uab.cat.led\/files\/favicon_academia.png\" alt=\"\" \/><\/a><\/li>\n<li>Antonio S\u00e1nchez Sola\u00a0<a href=\"https:\/\/independent.academia.edu\/ANTONIOSANCHEZSOLA\" target=\"_blank\" rel=\"noopener\"><img decoding=\"async\" src=\"http:\/\/grupsderecerca.uab.cat\/led\/sites\/grupsderecerca.uab.cat.led\/files\/favicon_academia.png\" alt=\"\" \/><\/a>\u00a0<a href=\"http:\/\/asanchez.weebly.com\/\" target=\"_blank\" rel=\"noopener\"><img decoding=\"async\" src=\"http:\/\/grupsderecerca.uab.cat\/led\/sites\/grupsderecerca.uab.cat.led\/files\/favicon_weebly.png\" alt=\"\" \/><\/a><\/li>\n<li>Eul\u00e0lia Vilagin\u00e9s Serra\u00a0<a href=\"http:\/\/orcid.org\/0000-0002-0639-1239\" target=\"_blank\" rel=\"noopener\"><img decoding=\"async\" src=\"http:\/\/grupsderecerca.uab.cat\/led\/sites\/grupsderecerca.uab.cat.led\/files\/favicon_orcid.png\" alt=\"\" \/><\/a><\/li>\n<\/ul>\n<h2>Antics col\u00b7laboradors<\/h2>\n<ul>\n<li>Berta de Dios Garc\u00eda<\/li>\n<li>Maria Galera Cazorla<\/li>\n<\/ul>\n","protected":false},"excerpt":{"rendered":"<p>Coordinadora Cristina Escobar Urmeneta \u00a0\u00a0\u00a0\u00a0 Investigadors doctors Isabel \u00c1lvarez C\u00e1novas\u00a0\u00a0 Mar\u00eda Andri\u00e1\u00a0\u00a0\u00a0\u00a0 Joan Borr\u00e0s-Comes\u00a0\u00a0\u00a0\u00a0\u00a0 Natalia Evnitskaya\u00a0\u00a0\u00a0\u00a0 Neus Lorenzo Gal\u00e9s\u00a0\u00a0\u00a0\u00a0 Teresa Nav\u00e9s\u00a0\u00a0\u00a0\u00a0 Giovanna Ottin Pecchio\u00a0\u00a0 Berta Torras Vila\u00a0\u00a0\u00a0\u00a0 Investigadors en formaci\u00f3 Sonja Andjelkov M\u00f2nica Clua Serrano Anastasia Lovtskaya Rosa Maria Felip Falc\u00f3\u00a0\u00a0\u00a0\u00a0 Mario Molina Naar\u00a0\u00a0\u00a0\u00a0 Nora Wang Col\u00b7laboradors Anna Corredera Capdevila Oriol Pallar\u00e9s Monge\u00a0 Borja Riquelme [&hellip;]<\/p>\n","protected":false},"author":20,"featured_media":0,"parent":0,"menu_order":0,"comment_status":"closed","ping_status":"closed","template":"","meta":{"footnotes":""},"class_list":["post-96","page","type-page","status-publish","hentry"],"_links":{"self":[{"href":"https:\/\/webs.uab.cat\/led\/wp-json\/wp\/v2\/pages\/96","targetHints":{"allow":["GET"]}}],"collection":[{"href":"https:\/\/webs.uab.cat\/led\/wp-json\/wp\/v2\/pages"}],"about":[{"href":"https:\/\/webs.uab.cat\/led\/wp-json\/wp\/v2\/types\/page"}],"author":[{"embeddable":true,"href":"https:\/\/webs.uab.cat\/led\/wp-json\/wp\/v2\/users\/20"}],"replies":[{"embeddable":true,"href":"https:\/\/webs.uab.cat\/led\/wp-json\/wp\/v2\/comments?post=96"}],"version-history":[{"count":2,"href":"https:\/\/webs.uab.cat\/led\/wp-json\/wp\/v2\/pages\/96\/revisions"}],"predecessor-version":[{"id":211,"href":"https:\/\/webs.uab.cat\/led\/wp-json\/wp\/v2\/pages\/96\/revisions\/211"}],"wp:attachment":[{"href":"https:\/\/webs.uab.cat\/led\/wp-json\/wp\/v2\/media?parent=96"}],"curies":[{"name":"wp","href":"https:\/\/api.w.org\/{rel}","templated":true}]}}