{"id":2,"date":"2024-10-24T11:07:23","date_gmt":"2024-10-24T09:07:23","guid":{"rendered":"https:\/\/webs.uab.cat\/liec\/?page_id=2"},"modified":"2026-03-26T12:16:48","modified_gmt":"2026-03-26T10:16:48","slug":"pagina-exemple","status":"publish","type":"page","link":"https:\/\/webs.uab.cat\/liec\/","title":{"rendered":"Inici"},"content":{"rendered":"\n<p><\/p>\n\n\n\n<p>El grup de recerca i innovaci\u00f3 <strong>LIEC<\/strong> (Llenguatge i Ensenyament de les Ci\u00e8ncies) forma part del grup de recerca consolidat <strong>ACELEC<\/strong> (Activitat Cient\u00edfica Escolar, Llenguatge Eines i Comunicaci\u00f3), i est\u00e0 format per professorat de Ci\u00e8ncies de Secund\u00e0ria, professorat de Did\u00e0ctica de les Ci\u00e8ncies i estudiants del M\u00e0ster de Recerca i de Doctorat. El LIEC est\u00e0 vinculat al departament de Did\u00e0ctica de la Matem\u00e0tica i les Ci\u00e8ncies Experimentals de la UAB.<\/p>\n\n\n\n<p>El grup de recerca <strong>LIEC<\/strong> es va formar l\u2019any 1995 a partir del projecte organitzat per l\u2019<strong>Institut de Ci\u00e8ncies de l\u2019Educaci\u00f3<\/strong> (ICE) de la UAB sobre la import\u00e0ncia de la llengua per a l\u2019aprenentatge en les diferents \u00e0rees curriculars, centrant-se en l\u2019an\u00e0lisi de textos amb els que treballa l\u2019alumnat. Posteriorment, es va aprofundir en el desenvolupament de les habilitats cognitivoling\u00fc\u00edstiques en el marc de l\u2019aprenentatge de les ci\u00e8ncies \u2013 treball que va mer\u00e8ixer el <strong>premi Rosa Sensat de Pedagogia 2002<\/strong>&#8211; i es va continuar, en les interrelacions entre el desenvolupament de la compet\u00e8ncia cient\u00edfica i lectora. Actualment, s\u2019ha centrat en la promoci\u00f3 del pensament cr\u00edtic a l\u2019aula de ci\u00e8ncies.<\/p>\n\n\n\n<p>Ha rebut finan\u00e7ament des diverses institucions nacionals (a trav\u00e9s dels programes SGR de la Generalitat de Catalunya) i estatals (a trav\u00e9s de projectes competitius finan\u00e7ats pel Govern espanyol).<\/p>\n\n\n\n<p>El web est\u00e0 organitzat en funci\u00f3 dels aspectes sobre els que s\u2019ha innovat i investigat. A cadascuna de les pestanyes hi trobareu les contribucions m\u00e9s rellevants produ\u00efdes aix\u00ed com les refer\u00e8ncies als projectes finan\u00e7ats que han fet possible aquestes recerques. Aix\u00ed a la primera pestanya, s\u2019explica la primer etapa del grup (anys 90) on ens va centrar en el paper del <strong>Parlar i escriure<\/strong> a les classes de ci\u00e8ncies. A la seg\u00fcent, es presenten les contribucions fetes en relaci\u00f3 a la <strong>Lectura<\/strong>. A la tercera pestanya, hi trobareu tota la recerca feta en relaci\u00f3 a la import\u00e0ncia de <strong>Contextualitzaci\u00f3<\/strong> per promoure l\u2019aprenentatge de les ci\u00e8ncies i per \u00faltim, hi ha la pestanya del <strong>Pensament Cr\u00edtic<\/strong>, que \u00e9s el focus actual de la nostra recerca i innovaci\u00f3.<\/p>\n\n\n\n<p>Per m\u00e9s informaci\u00f3 podeu contactar amb nosaltres a trav\u00e9s de <a href=\"mailto:pr.liec@uab.cat\">pr.liec@uab.cat<\/a>.<\/p>\n","protected":false},"excerpt":{"rendered":"<p>El grup de recerca i innovaci\u00f3 LIEC (Llenguatge i Ensenyament de les Ci\u00e8ncies) forma part del grup de recerca consolidat ACELEC (Activitat Cient\u00edfica Escolar, Llenguatge Eines i Comunicaci\u00f3), i est\u00e0 format per professorat de Ci\u00e8ncies de Secund\u00e0ria, professorat de Did\u00e0ctica de les Ci\u00e8ncies i estudiants del M\u00e0ster de Recerca i de Doctorat. El LIEC est\u00e0 [&hellip;]<\/p>\n","protected":false},"author":74,"featured_media":0,"parent":0,"menu_order":1,"comment_status":"closed","ping_status":"open","template":"","meta":{"footnotes":""},"class_list":["post-2","page","type-page","status-publish","hentry"],"_links":{"self":[{"href":"https:\/\/webs.uab.cat\/liec\/wp-json\/wp\/v2\/pages\/2","targetHints":{"allow":["GET"]}}],"collection":[{"href":"https:\/\/webs.uab.cat\/liec\/wp-json\/wp\/v2\/pages"}],"about":[{"href":"https:\/\/webs.uab.cat\/liec\/wp-json\/wp\/v2\/types\/page"}],"author":[{"embeddable":true,"href":"https:\/\/webs.uab.cat\/liec\/wp-json\/wp\/v2\/users\/74"}],"replies":[{"embeddable":true,"href":"https:\/\/webs.uab.cat\/liec\/wp-json\/wp\/v2\/comments?post=2"}],"version-history":[{"count":12,"href":"https:\/\/webs.uab.cat\/liec\/wp-json\/wp\/v2\/pages\/2\/revisions"}],"predecessor-version":[{"id":163,"href":"https:\/\/webs.uab.cat\/liec\/wp-json\/wp\/v2\/pages\/2\/revisions\/163"}],"wp:attachment":[{"href":"https:\/\/webs.uab.cat\/liec\/wp-json\/wp\/v2\/media?parent=2"}],"curies":[{"name":"wp","href":"https:\/\/api.w.org\/{rel}","templated":true}]}}