{"id":90,"date":"2026-03-20T18:15:23","date_gmt":"2026-03-20T16:15:23","guid":{"rendered":"https:\/\/webs.uab.cat\/liec\/?page_id=90"},"modified":"2026-03-26T11:46:04","modified_gmt":"2026-03-26T09:46:04","slug":"parlar-i-escriure","status":"publish","type":"page","link":"https:\/\/webs.uab.cat\/liec\/parlar-i-escriure\/","title":{"rendered":"Parlar i escriure"},"content":{"rendered":"\n<p>A finals dels anys 90, els professors i professores del grup <strong>LIEC<\/strong> ja est\u00e0vem conven\u00e7uts de l\u2019estreta relaci\u00f3 entre aprendre ci\u00e8ncies i aprendre a parlar, escriure, i llegir ci\u00e8ncies, i del paper del llenguatge com a instrument mediador per excel\u00b7l\u00e8ncia de l\u2019aprenentatge. Aquest convenciment, potser de manera inicial t\u00edmid &#8211; no deix\u00e0vem de ser professors i professores de ci\u00e8ncies &#8211; ens va portar a reflexionar i consensuar un marc de refer\u00e8ncia com\u00fa, a partir tamb\u00e9 de les aportacions que ens feien l\u2019<strong>\u00c0ngels Prat<\/strong> (de Did\u00e0ctica de la Llengua) i la <strong>Isabel G\u00f3mez<\/strong> (de Psicologia), i amb la coordinaci\u00f3 de la <strong>Neus Sanmart\u00ed<\/strong> i la <strong>Merc\u00e8 Izquierdo<\/strong>. Aix\u00ed vam comen\u00e7ar a dissenyar activitats i a investigar-ne la seva incid\u00e8ncia, on s\u2019enseny\u00e9s, expl\u00edcitament, a escriure alhora que aprenien contingut cient\u00edfic. En aquest context es van dissenyar tot de bastides per tal que els i les alumnes les facin servir per fer descripcions, justificacions o argumentacions. Tamb\u00e9 es va fer molt d\u2019\u00e8mfasis en el <strong>paper de la conversa i de les preguntes<\/strong> (tant les que fa el professorat com les que fan els i i les alumnes), i en concret de les preguntes investigables, a les classes de ci\u00e8ncies.<br>En aquesta \u00e8poca es va comen\u00e7ar a col\u00b7laborar amb la Universidade de Santiago de Compostela, concretament amb el <strong>grup RODA<\/strong> (Razonamiento, Discurso e Argumentaci\u00f3n) dirigit en aquell moment per la <strong>Dra. Marilar Jim\u00e9nez Aleixandre<\/strong>.<\/p>\n\n\n\n<div class=\"wp-block-group\"><div class=\"wp-block-group__inner-container is-layout-constrained wp-block-group-is-layout-constrained\">\n<div class=\"wp-block-media-text is-stacked-on-mobile\"><figure class=\"wp-block-media-text__media\"><img loading=\"lazy\" decoding=\"async\" width=\"100\" height=\"156\" src=\"https:\/\/webs.uab.cat\/liec\/wp-content\/uploads\/sites\/601\/2026\/03\/ImatgeParlar1-1.jpg\" alt=\"\" class=\"wp-image-135 size-full\" \/><\/figure><div class=\"wp-block-media-text__content\">\n<p>El resultat de tot aquell treball va ser, entre d\u2019altres, el llibre Aprendre ci\u00e8ncies tot aprenent a escriure ci\u00e8ncies, coordinat per la Neus Sanmart\u00ed que va ser reconegut amb el Premi de Pedagogia Rosa Sensat 2002. El llibre El llibre proposa una manera d\u02bcensenyar ci\u00e8ncies que integra l\u02bcescriptura com a eina fonamental d\u02bcaprenentatge. Mostra com el fet de descriure, argumentar i explicar fen\u00f2mens ajuda l\u2019alumnat a co nstruir millor el coneixement cient\u00edfic. A partir d&#8217;exemples de pr\u00e0ctiques d&#8217;aula, defensa un enfocament reflexiu i comunicatiu per promoure el pensament cient\u00edfic dels i les alumnes de secund\u00e0ria.<\/p>\n<\/div><\/div>\n<\/div><\/div>\n\n\n\n<div class=\"wp-block-group\"><div class=\"wp-block-group__inner-container is-layout-constrained wp-block-group-is-layout-constrained\">\n<div class=\"wp-block-media-text is-stacked-on-mobile\"><figure class=\"wp-block-media-text__media\"><img loading=\"lazy\" decoding=\"async\" width=\"120\" height=\"171\" src=\"https:\/\/webs.uab.cat\/liec\/wp-content\/uploads\/sites\/601\/2026\/03\/ImatgeParlar2.jpg\" alt=\"\" class=\"wp-image-124 size-full\" \/><\/figure><div class=\"wp-block-media-text__content\">\n<p>Vint anys despr\u00e9s, en Jordi Dom\u00e8nech Casal va publicar Mueve la lengua que el cerebro te seguir\u00e1, una obra on es proposen activitats aplicades a les aules de sobre com podem fer servir eines ling\u00fc\u00edstiques per promoure els tipus de processos mentals que volem ensenyar a l&#8217;alumnat: dissenyar experiments, treure conclusions de dades, determinar la certesa d&#8217;una proposici\u00f3\u2026 Les experi\u00e8ncies s&#8217;analitzen des de diferents marcs de la Filosofia del Llenguatge i la Did\u00e0ctica de les Ci\u00e8ncies, i es proposen 41 suports i bastides did\u00e0ctiques (plantilles, exemples, r\u00fabriques,\u2026). El manuscrit original del llibre va ser premiat amb el XXXI Premi Joan Profit\u00f3s d\u00b4Assaig Pedag\u00f2gic.<\/p>\n<\/div><\/div>\n<\/div><\/div>\n\n\n\n<div class=\"wp-block-group\"><div class=\"wp-block-group__inner-container is-layout-constrained wp-block-group-is-layout-constrained\">\n<div class=\"wp-block-media-text is-stacked-on-mobile\"><figure class=\"wp-block-media-text__media\"><img loading=\"lazy\" decoding=\"async\" width=\"120\" height=\"178\" src=\"https:\/\/webs.uab.cat\/liec\/wp-content\/uploads\/sites\/601\/2026\/03\/ImatgeParlar3.jpg\" alt=\"\" class=\"wp-image-123 size-full\" \/><\/figure><div class=\"wp-block-media-text__content\">\n<p>Anteriorment, el 2004 es va publicar el llibre Pensar, actuar i parlar a la classe de ci\u00e8ncies: per un ensenyament de les ci\u00e8ncies racional i raonable, on la Merc\u00e8 Izquierdo i en Joan Aliberas plantegen la necessitat de caracteritzar la ci\u00e8ncia escolar per tal que pugui acomplir la tasca que t\u00e9 encomanada. En el llibre s\u2019analitzen diverses concepcions de ci\u00e8ncia per tal d\u2019identificar els aspectes b\u00e0sics de l\u2019activitat cient\u00edfica a l\u2019escola: l\u2019estructura de l\u2019activitat d\u2019aprenentatge, els valors que la mouen, els models te\u00f2rics que li proporcionen els continguts espec\u00edfics, els problemes te\u00f2rics i pr\u00e0ctics que apareixen, i el domini dels llenguatges que s\u00f3n necessaris per comunicar i llegir ci\u00e8ncies.<\/p>\n<\/div><\/div>\n<\/div><\/div>\n\n\n\n<details class=\"wp-block-mamaduka-toggles wp-block-toggles\"><summary>Contribucions m\u00e9s rellevants en aquesta tem\u00e0tica (ordenades cronol\u00f2gicament)<\/summary><div class=\"wp-block-toggles__content\">\n<ul class=\"wp-block-list\">\n<li>Vergara&nbsp;Sandoval, C., L\u00f3pez Sim\u00f3, V. &amp; Couso&nbsp;Lagaron, D. M.,&nbsp;(2005).&nbsp;<a href=\"https:\/\/portalrecerca.uab.cat\/ca\/publications\/dialogar-en-un-aula-para-construir-ideas-cient%C3%ADficas-caracterizac\/\" target=\"_blank\" rel=\"noreferrer noopener\">Dialogar en un aula para construir ideas cient\u00edficas: caracterizaci\u00f3n del discurso docente<\/a>,&nbsp;\u00c1pice.&nbsp;<em>Revista de&nbsp;Educaci\u00f3n&nbsp;Cient\u00edfica<\/em>. 9, 1, p\u00e0g. 2-0&nbsp;<\/li>\n\n\n\n<li>Aguada&nbsp;Bertea, M. R.,&nbsp;Pipitone&nbsp;Vela, C., &amp;&nbsp;Marb\u00e0&nbsp;Tallada, A. (2023).&nbsp;<a href=\"https:\/\/revistas.uca.es\/index.php\/eureka\/article\/view\/9019\" target=\"_blank\" rel=\"noreferrer noopener\">Aprender&nbsp;a formular&nbsp;preguntas&nbsp;investigables en la&nbsp;formaci\u00f3n&nbsp;inicial del&nbsp;profesorado&nbsp;de&nbsp;educaci\u00f3n&nbsp;primaria<\/a>.&nbsp;<em>Revista Eureka sobre&nbsp;Ense\u00f1anza&nbsp;y&nbsp;Divulgaci\u00f3n&nbsp;de las&nbsp;Ciencias<\/em>, 20(2), 260101\u2013260117.&nbsp;<\/li>\n\n\n\n<li>Tena, \u00c8., &amp; Couso, D. (2023).&nbsp;<a href=\"https:\/\/ensciencias.uab.cat\/article\/download\/v41-n1-tena-couso\/5573-pdf-es\/26500\" target=\"_blank\" rel=\"noreferrer noopener\">El&nbsp;dise\u00f1o&nbsp;de&nbsp;preguntas&nbsp;investigables en el&nbsp;ciclo&nbsp;superior de&nbsp;primaria<\/a>.&nbsp;<em>Ense\u00f1anza&nbsp;de las&nbsp;Ciencias<\/em>, 41(1), 101\u2013123.&nbsp;<\/li>\n\n\n\n<li>Dom\u00e8nech Casal, J. (2019).&nbsp;<a href=\"https:\/\/revistascientificas.us.es\/index.php\/IE\/article\/view\/8926\" target=\"_blank\" rel=\"noreferrer noopener\">Estrategias&nbsp;ling\u00fc\u00edsticas&nbsp;para el&nbsp;tr\u00e1nsito&nbsp;a la&nbsp;competencia&nbsp;cient\u00edfica:&nbsp;Hablar&nbsp;y&nbsp;escribir&nbsp;para pensar en el aula de<em>&nbsp;<\/em>ciencias<\/a>.&nbsp;<em>Investigaci\u00f3n&nbsp;en la&nbsp;Escuela,<\/em>&nbsp;97, 47\u201363.&nbsp;<\/li>\n\n\n\n<li>Aliberas&nbsp;Maymi, J., Guti\u00e9rrez&nbsp;Goncet, R. &amp; Izquierdo Aymerich, M., (2017).&nbsp;Introducci\u00f3n&nbsp;a un&nbsp;m\u00e9todo&nbsp;para la&nbsp;conducci\u00f3n&nbsp;y&nbsp;an\u00e1lisis&nbsp;de&nbsp;di\u00e1logos&nbsp;did\u00e1cticos&nbsp;basado&nbsp;en la&nbsp;evaluaci\u00f3n&nbsp;de&nbsp;modelos&nbsp;mentales, a&nbsp;<em>Ense\u00f1anza&nbsp;de las&nbsp;ciencias: revista de&nbsp;investigaci\u00f3n&nbsp;y&nbsp;experiencias&nbsp;did\u00e1cticas<\/em>. 35, 2, p\u00e0g. 7-28 21 p\u00e0g.<\/li>\n\n\n\n<li>Piptone, C., Garc\u00eda-Llad\u00f3, \u00c0., Guitart Mas, J., Caminal de Mingo, A.,&nbsp;Marchan&nbsp;\u2013 Carvajal, I.,&nbsp;Agudelo, C., Mar\u00edn&nbsp;Hern\u00e1nedez, E: (2016).&nbsp;<a href=\"https:\/\/www.raco.cat\/index.php\/Ciencies\/article\/view\/327436\" target=\"_blank\" rel=\"noreferrer noopener\">Actividades&nbsp;dial\u00f3gicas&nbsp;de&nbsp;ciencias&nbsp;en la&nbsp;formaci\u00f3n&nbsp;inicial del&nbsp;profesorado&nbsp;de&nbsp;educaci\u00f3n&nbsp;primaria<\/a>&nbsp;&nbsp;<br>Campo&nbsp;abierto: Revista de&nbsp;educaci\u00f3n, Vol. 35, N\u00ba 1, 2016,&nbsp;p\u00e1gs. 93-108 <\/li>\n\n\n\n<li>March\u00e1n, I. &amp;&nbsp;Sanmart\u00ed, N. (2014).<em>&nbsp;\u00bfC\u00f3mo&nbsp;elaborar una&nbsp;prueba&nbsp;de&nbsp;evaluaci\u00f3n&nbsp;escrita<\/em>&nbsp;<br>Alambique.&nbsp;Did\u00e1ctica&nbsp;de las&nbsp;Ciencias&nbsp;Experimentales&nbsp;78, 1-10&nbsp;<\/li>\n\n\n\n<li>Roca Tort, M., M\u00e1rquez Bargall\u00f3, C., &amp;&nbsp;Sanmart\u00ed&nbsp;Puig, N. (2012). Las&nbsp;preguntas&nbsp;de los&nbsp;alumnos: una&nbsp;propuesta&nbsp;de&nbsp;an\u00e1lisis.&nbsp;<em>Ense\u00f1anza&nbsp;De Las&nbsp;Ciencias. Revista De&nbsp;investigaci\u00f3n&nbsp;Y&nbsp;Experiencias&nbsp;did\u00e1cticas<\/em>,&nbsp;<em>31<\/em>(1), 95\u2013114. https:\/\/doi.org\/10.5565\/rev\/ec\/v31n1.603&nbsp;<\/li>\n\n\n\n<li>Sanmart\u00ed, N. &amp; M\u00e1rquez, C. (2012).&nbsp;Ense\u00f1ar&nbsp;a&nbsp;plantear&nbsp;preguntas&nbsp;investigables,&nbsp;<em>Alambique.<\/em>&nbsp;70, p\u00e0g. 27-36&nbsp;<\/li>\n\n\n\n<li>Pedreira, M. &amp; M\u00e1rquez, C.,(2011). Per qu\u00e8 insistim a conversar per aprendre&nbsp;Ci\u00e8ncies? a&nbsp;<em>Articles. De&nbsp;Did\u00e0cica&nbsp;de la Llengua i la Literatura<\/em>. 54, p\u00e0g. 29-36&nbsp;<\/li>\n\n\n\n<li>M\u00e1rquez&nbsp;Bargallo,&nbsp;C.Roca&nbsp;Tort, M. (2006).&nbsp;Plantear&nbsp;preguntas: un punto de partida para&nbsp;aprender&nbsp;ciencias, a&nbsp;Educaci\u00f3n&nbsp;y&nbsp;Pedagog\u00eda, 18&nbsp;(45)&nbsp;p:61-71.&nbsp;<\/li>\n\n\n\n<li>Oliveras Prat, B., &amp;&nbsp;Sanmart\u00ed, N. (2001).&nbsp;<em>Comparar&nbsp;ideas,&nbsp;m\u00e1s&nbsp;dif\u00edcil que comparar&nbsp;cifras<\/em>.&nbsp;<em>Aula de&nbsp;Innovaci\u00f3n&nbsp;Educativa,<\/em>&nbsp;105, 29\u201332.&nbsp;<\/li>\n\n\n\n<li>Ribas, N., &amp;&nbsp;Sanmart\u00ed, N. (2002).&nbsp;<em>Elaboraci\u00f3n&nbsp;de textos&nbsp;expositivos:&nbsp;Orientaciones&nbsp;did\u00e1cticas<\/em>.&nbsp;<em>Aula de&nbsp;Innovaci\u00f3n&nbsp;Educativa<\/em>, 108, 49\u201351.&nbsp;<\/li>\n\n\n\n<li>Solsona&nbsp;Pair\u00f3, N., Izquierdo i Aymerich, M., &amp; Guti\u00e9rrez&nbsp;Goncet, R. (2000).&nbsp;<em>El uso de&nbsp;razonamientos&nbsp;causales&nbsp;en&nbsp;relaci\u00f3n&nbsp;con la&nbsp;significatividad&nbsp;de los&nbsp;modelos&nbsp;te\u00f3ricos<\/em>.&nbsp;<em>Ense\u00f1anza&nbsp;de las&nbsp;Ciencias<\/em>, 18(1), 15\u201323.&nbsp;<br>https:\/\/ensciencias.uab.cat\/issue\/view\/v31-n2&nbsp;<a href=\"https:\/\/ensciencias.uab.cat\/issue\/view\/v31-n2\" target=\"_blank\" rel=\"noreferrer noopener\">[ensciencias.uab.cat]<\/a>&nbsp;<\/li>\n\n\n\n<li>Sard\u00e0 i Jorge, A., &amp;&nbsp;Sanmart\u00ed, N. (2000).&nbsp;Ense\u00f1ar&nbsp;a argumentar cient\u00edficament: Un repte de les classes de ci\u00e8ncies.&nbsp;<em>Ense\u00f1anza&nbsp;de las&nbsp;Ciencias<\/em>, 18(3), 405\u2013422.&nbsp;<a href=\"https:\/\/ensciencias.uab.cat\/\" target=\"_blank\" rel=\"noreferrer noopener\">https:\/\/ensciencias.uab.cat<\/a>&nbsp;<\/li>\n\n\n\n<li>Sanmart\u00ed&nbsp;i Puig, N., &amp; Izquierdo i Aymerich, M. (1999).&nbsp;Hablar&nbsp;y&nbsp;escribir: Una&nbsp;condici\u00f3n&nbsp;necesaria&nbsp;para&nbsp;aprender&nbsp;ciencias<em>.&nbsp;Cuadernos&nbsp;de&nbsp;Pedagog\u00eda<\/em>, 281, 54\u201358.&nbsp;<\/li>\n\n\n\n<li>Custodio Fit\u00f3, E., &amp;&nbsp;Sanmart\u00ed, N. (1997). Aprendre a justificar cient\u00edficament: El cas de l&#8217;origen dels \u00e9ssers vius.&nbsp;<em>Temps d\u2019Educaci\u00f3, 18<\/em>, 17\u201341.&nbsp;<\/li>\n<\/ul>\n<\/div><\/details>\n\n\n\n<details class=\"wp-block-mamaduka-toggles wp-block-toggles\"><summary>Tesis<\/summary><div class=\"wp-block-toggles__content\">\n<ul class=\"wp-block-list\">\n<li><strong>Dialogando sobre part\u00edculas: an\u00e1lisis de las pr\u00e1cticas dial\u00f3gicas de maestras en formaci\u00f3n con ni\u00f1as y ni\u00f1os de primaria<\/strong>.   Autora: Mar\u00eda Rosa Aguada Bertea . Directores: Carolina Pipitone Vela i Anna Marb\u00e0 Tallada. Data de defensa:<\/li>\n\n\n\n<li><strong>An\u00e1lisis del discurso docente en actividades de modelizaci\u00f3n sobre fuerzas y movimiento<\/strong>.  Autor: Camilo Vergara Sandoval, C.  Directors: Digna i V\u00efctor L\u00f3pez Sim\u00f3.  Data de defensa: 16 de des. 2022<\/li>\n\n\n\n<li><strong><a href=\"https:\/\/www.tdx.cat\/handle\/10803\/400387#page=1\" target=\"_blank\" rel=\"noreferrer noopener\">Estudi de la col.laboraci\u00f3 discursiva en l\u2019ensenyament integrat de les ci\u00e8ncies i l\u2019angl\u00e8s a l\u2019aula d\u2019educaci\u00f3 prim\u00e0ria: la doc\u00e8ncia compartida com a eina per promoure el di\u00e0leg disciplinar<\/a><\/strong>.  Autora: Laura Vald\u00e9s S\u00e1nchez.  Directora: Mariona Espinet.  Data de defensa: 19 de desembre de 2016<\/li>\n\n\n\n<li><strong><a href=\"https:\/\/www.tdx.cat\/handle\/10803\/284055#page=1\" target=\"_blank\" rel=\"noreferrer noopener\">Caracter\u00edstiques d&#8217;una pr\u00e0ctica docent i la seva influ\u00e8ncia en el desenvolupament de la compet\u00e8ncia cient\u00edfica<\/a><\/strong>.  Autora: Anna Sarda Jorge.  Directores: Conxita M\u00e1rquez Bargall\u00f3 i Neus Sanmart\u00ed Puig.  Data de defensa: 17 d\u2019octubre de 2014<\/li>\n\n\n\n<li><strong>Els textos justificatius en l&#8217;ensenyament de les ci\u00e8ncies a secund\u00e0ria<\/strong>.  Autor: Enric Custodio Fit\u00f3.  Directores: Conxita M\u00e1rquez Bargall\u00f3 i Neus Sanmart\u00ed Puig.  Data de defensa: 8 de juliol 2011<\/li>\n\n\n\n<li><a href=\"https:\/\/www.tdx.cat\/handle\/10803\/4715#page=1\" target=\"_blank\" rel=\"noreferrer noopener\"><strong>Les preguntes en l&#8217;aprenentatge de les ci\u00e8ncies. An\u00e0lisi de les preguntes dels alumnes en les activitats de la unitat did\u00e0ctica &#8220;El cicle de l&#8217;aigua<\/strong>&#8220;<\/a>.  Autora: Montserrat Roca Tort.  Directores: Conxita M\u00e1rquez Bargall\u00f3 i Neus Sanmart\u00ed Puig.  Data de defensa: 8 de febrer 2008<\/li>\n\n\n\n<li><strong><a href=\"https:\/\/www.tdx.cat\/handle\/10803\/4694#page=1\" target=\"_blank\" rel=\"noreferrer noopener\">La comunicaci\u00f3 multimodal en l&#8217;ensenyament del cicle de l&#8217;aigua<\/a><\/strong>.  Autora: Conxita M\u00e1rquez Bargall\u00f3.  Directores: Mariona Espinet Blanch i Merc\u00e8 Izquierdo Aymerich.  Data de defensa: 31 de maig 2002<\/li>\n\n\n\n<li><strong>Relaci\u00f3n entre la construcci\u00f3n del experimento escrito y el desarrollo de la creatividad como estrategia de aprendizaje en el laboratorio escolar<\/strong>.  Autor: Mario Quintanilla Gatica.  Directora: Merc\u00e8 Izquierdo Aymerich.  Data de defensa: 19 de noviembre de 1997<\/li>\n<\/ul>\n<\/div><\/details>\n\n\n\n<details class=\"wp-block-mamaduka-toggles wp-block-toggles\"><summary>Finan\u00e7ament rebut<\/summary><div class=\"wp-block-toggles__content\">\n<p>Aquestes contribucions s\u2019han pogut\u00a0realizar\u00a0gr\u00e0cies al finan\u00e7ament rebut per diverses institucions:\u00a0<\/p>\n\n\n\n<p><strong>Desarrollo de competencias cient\u00edficas: modelos y evidencias en la lectura, la escritura y la experimentaci\u00f3n.<\/strong><br>Marquez Bargallo, C. (IP)<br>Ministerio de Innovaci\u00f3n y Ciencia<br>1\/01\/10 \u2192 31\/12\/12<\/p>\n\n\n\n<p><strong>La compet\u00e8ncia comunicativa en les classes de ci\u00e8ncies: an\u00e0lisi d\u2019estrat\u00e8gies orientades a construir i compartir significats en el proc\u00e9s d&#8217;aprenentatge de models cient\u00edfics.<\/strong><br>Sanmarti Puig, N. (IP)<br>Ministerio de Ciencia y Tecnolog\u00eda<br>1\/12\/02 \u2192 1\/12\/05<br>\u20ac25,208.00<\/p>\n\n\n\n<p><strong>Les explicacions dels alumnes de ci\u00e8ncies i matem\u00e0tiques. An\u00e0lisis, caracteritzaci\u00f3 i representaci\u00f3\u201d.<\/strong><br>Merc\u00e8 Izquierdo (IP)<br>Direcci\u00f3n General de Investigaci\u00f3n Cient\u00edfica y T\u00e9cnica (DGICYT);<br>Juny 1993-Desembre 1996;9.616\u20ac;<\/p>\n\n\n\n<p><strong>La clase comunicativa: una estrategia para una ense\u00f1anza de calidad<br>Merc\u00e8 Izquierdo (IP).<\/strong><br>Centro de Investigaci\u00f3n y documentaci\u00f3n educativa;<br>Gener 1999-Desembre 2000;<br>12.020\u20ac,<\/p>\n\n\n\n<p><strong>La classe comunicativa: una estrat\u00e8gia per a un ensenyament de Qualitat<br>Merc\u00e8 Izquierdo (IP)<\/strong>.<br>Ministerio de Educaci\u00f3n y Cultura<br>Setembre 1998-Setembre 2000<br>10.818\u20ac<\/p>\n<\/div><\/details>\n","protected":false},"excerpt":{"rendered":"<p>A finals dels anys 90, els professors i professores del grup LIEC ja est\u00e0vem conven\u00e7uts de l\u2019estreta relaci\u00f3 entre aprendre ci\u00e8ncies i aprendre a parlar, escriure, i llegir ci\u00e8ncies, i del paper del llenguatge com a instrument mediador per excel\u00b7l\u00e8ncia de l\u2019aprenentatge. Aquest convenciment, potser de manera inicial t\u00edmid &#8211; no deix\u00e0vem de ser professors [&hellip;]<\/p>\n","protected":false},"author":74,"featured_media":0,"parent":0,"menu_order":2,"comment_status":"closed","ping_status":"closed","template":"","meta":{"footnotes":""},"class_list":["post-90","page","type-page","status-publish","hentry"],"_links":{"self":[{"href":"https:\/\/webs.uab.cat\/liec\/wp-json\/wp\/v2\/pages\/90","targetHints":{"allow":["GET"]}}],"collection":[{"href":"https:\/\/webs.uab.cat\/liec\/wp-json\/wp\/v2\/pages"}],"about":[{"href":"https:\/\/webs.uab.cat\/liec\/wp-json\/wp\/v2\/types\/page"}],"author":[{"embeddable":true,"href":"https:\/\/webs.uab.cat\/liec\/wp-json\/wp\/v2\/users\/74"}],"replies":[{"embeddable":true,"href":"https:\/\/webs.uab.cat\/liec\/wp-json\/wp\/v2\/comments?post=90"}],"version-history":[{"count":32,"href":"https:\/\/webs.uab.cat\/liec\/wp-json\/wp\/v2\/pages\/90\/revisions"}],"predecessor-version":[{"id":156,"href":"https:\/\/webs.uab.cat\/liec\/wp-json\/wp\/v2\/pages\/90\/revisions\/156"}],"wp:attachment":[{"href":"https:\/\/webs.uab.cat\/liec\/wp-json\/wp\/v2\/media?parent=90"}],"curies":[{"name":"wp","href":"https:\/\/api.w.org\/{rel}","templated":true}]}}