{"id":199,"date":"2023-07-04T13:09:09","date_gmt":"2023-07-04T11:09:09","guid":{"rendered":"https:\/\/webs.uab.cat\/lifelongmove\/?page_id=199"},"modified":"2023-07-04T13:24:45","modified_gmt":"2023-07-04T11:24:45","slug":"collaborations-and-partner-institutions","status":"publish","type":"page","link":"https:\/\/webs.uab.cat\/lifelongmove\/collaborations-and-partner-institutions\/","title":{"rendered":"Collaborations and partner institutions"},"content":{"rendered":"\n<ul class=\"wp-block-list\">\n<li><strong>Danilo Bolano \u2013 Bocconi University<\/strong>  <\/li>\n\n\n\n<li><strong>Francisco Viciana \u2013 Instituto de Estad\u00edstica y Cartograf\u00eda de Andaluc\u00eda<\/strong><\/li>\n\n\n\n<li><strong>Ignacio Cabib \u2013 Pontif\u00edcia Universidad Cat\u00f3lica de Chile <\/strong><\/li>\n\n\n\n<li><strong>Aude Bernard \u2013 The University of Queensland<\/strong><\/li>\n\n\n\n<li><strong>Maria Brand\u00e9n \u2013 Link\u00f6ping University<\/strong> <\/li>\n\n\n\n<li><strong>Patricia McMullin \u2013 University of Turku<\/strong> <\/li>\n<\/ul>\n","protected":false},"excerpt":{"rendered":"","protected":false},"author":2067,"featured_media":0,"parent":0,"menu_order":0,"comment_status":"closed","ping_status":"closed","template":"","meta":{"footnotes":""},"class_list":["post-199","page","type-page","status-publish","hentry"],"_links":{"self":[{"href":"https:\/\/webs.uab.cat\/lifelongmove\/wp-json\/wp\/v2\/pages\/199","targetHints":{"allow":["GET"]}}],"collection":[{"href":"https:\/\/webs.uab.cat\/lifelongmove\/wp-json\/wp\/v2\/pages"}],"about":[{"href":"https:\/\/webs.uab.cat\/lifelongmove\/wp-json\/wp\/v2\/types\/page"}],"author":[{"embeddable":true,"href":"https:\/\/webs.uab.cat\/lifelongmove\/wp-json\/wp\/v2\/users\/2067"}],"replies":[{"embeddable":true,"href":"https:\/\/webs.uab.cat\/lifelongmove\/wp-json\/wp\/v2\/comments?post=199"}],"version-history":[{"count":2,"href":"https:\/\/webs.uab.cat\/lifelongmove\/wp-json\/wp\/v2\/pages\/199\/revisions"}],"predecessor-version":[{"id":213,"href":"https:\/\/webs.uab.cat\/lifelongmove\/wp-json\/wp\/v2\/pages\/199\/revisions\/213"}],"wp:attachment":[{"href":"https:\/\/webs.uab.cat\/lifelongmove\/wp-json\/wp\/v2\/media?parent=199"}],"curies":[{"name":"wp","href":"https:\/\/api.w.org\/{rel}","templated":true}]}}