{"id":64,"date":"2022-07-19T17:12:24","date_gmt":"2022-07-19T15:12:24","guid":{"rendered":"https:\/\/webs.uab.cat\/lis\/desreificar-la-percepcion\/"},"modified":"2022-07-19T17:12:24","modified_gmt":"2022-07-19T15:12:24","slug":"desreificar-la-percepcion","status":"publish","type":"page","link":"https:\/\/webs.uab.cat\/lis\/es\/desreificar-la-percepcion\/","title":{"rendered":"Desreificar la percepci\u00f3n"},"content":{"rendered":"\n<div class=\"wp-block-media-text alignwide is-stacked-on-mobile is-vertically-aligned-top\" style=\"grid-template-columns:22% auto\"><figure class=\"wp-block-media-text__media\"><img loading=\"lazy\" decoding=\"async\" width=\"160\" height=\"160\" src=\"https:\/\/webs.uab.cat\/lis\/wp-content\/uploads\/sites\/55\/2022\/07\/Lis_SelCercle160_02.png\" alt=\"\" class=\"wp-image-28 size-full\" srcset=\"https:\/\/webs.uab.cat\/lis\/wp-content\/uploads\/sites\/55\/2022\/07\/Lis_SelCercle160_02.png 160w, https:\/\/webs.uab.cat\/lis\/wp-content\/uploads\/sites\/55\/2022\/07\/Lis_SelCercle160_02-150x150.png 150w\" sizes=\"auto, (max-width: 160px) 100vw, 160px\" \/><\/figure><div class=\"wp-block-media-text__content\">\n<p>Nuestras premisas epistemol\u00f3gicas y te\u00f3ricas articulan las dimensiones biol\u00f3gicas, ps\u00edquicas y sociales de la vida humana desde una perspectiva sociol\u00f3gica cr\u00edtica, feminista y psicoanal\u00edtica. Espec\u00edficamente, tomamos como referencia el marco interaccionista que entiende de forma dial\u00e9ctica la relaci\u00f3n entre esas dimensiones. Partimos del supuesto de que existe una dimensi\u00f3n biol\u00f3gica que posibilita la existencia humana, pero esta dimensi\u00f3n ni explica ni causa sus comportamientos, significaciones, acciones, desigualdades, poder, etc. Considerem la dimensi\u00f3 biol\u00f2gica com l&#8217;equipament que fa possible l&#8217;exist\u00e8ncia humana en una pluralitat de vies que no pot predir ni predeterminar. La dimensi\u00f3 biol\u00f2gica est\u00e0 en interacci\u00f3 amb les dimensions ps\u00edquiques i socials. Asimismo, la dimensi\u00f3n biol\u00f3gica, como posibilidad abierta, lo est\u00e1 tambi\u00e9n a modificaciones y alteraciones no naturales sino sociales. Desde esta perspectiva lo social tiene impacto en la biolog\u00eda de forma mediata (a trav\u00e9s de la dimensi\u00f3n ps\u00edquica) e inmediata (a trav\u00e9s del medio). Esto implica entender que la naturaleza humana no se puede explicar de forma independiente de lo social y de lo ps\u00edquico. Tenemos especial inter\u00e9s en desligar las concepciones dualistas entre cuerpo y mente, cuerpo y cultura, biolog\u00eda y sociedad.      <\/p>\n\n\n\n<p>Definimos la corporalidad como producto y como productor de la vulnerabilidad de g\u00e9nero, de la orientaci\u00f3n sexual y de los imperativos institucionales que la sustentan, bajo relaciones de poder, de dominio y de explotaci\u00f3n. En nuestros estudios y encuentros privilegiamos como eje de aproximaci\u00f3n la articulaci\u00f3n de las relaciones de g\u00e9nero, de sexo, de sexualidad, de clase y de edad en la producci\u00f3n de la corporalidad y de la subjetividad en el actual contexto occidental objetivado en instituciones capitalistas y patriarcales, hist\u00f3ricamente producido. Prestamos especial atenci\u00f3n a los \u00e1mbitos de la salud, del trabajo y del deporte. Nuestra aproximaci\u00f3n es cr\u00edtica en cuanto el conocimiento cient\u00edfico que producimos tanto si se trata de investigaci\u00f3n fundamental no orientada como si se trata de la elaboraci\u00f3n de diagn\u00f3sticos. Se apoya en una \u00e9tica que somete a cr\u00edtica los fines del conocimiento cient\u00edfico, su impacto sobre el bienestar humano y su contribuci\u00f3n a reducir el sufrimiento evitable, especialmente el referido a la desigualdad sexual, de g\u00e9nero, de orientaci\u00f3n sexual, de clase y de diversidad funcional.    <\/p>\n<\/div><\/div>\n","protected":false},"excerpt":{"rendered":"<p>Nuestras premisas epistemol\u00f3gicas y te\u00f3ricas articulan las dimensiones biol\u00f3gicas, ps\u00edquicas y sociales de la vida humana desde una perspectiva sociol\u00f3gica cr\u00edtica, feminista y psicoanal\u00edtica. Espec\u00edficamente, tomamos como referencia el marco interaccionista que entiende de forma dial\u00e9ctica la relaci\u00f3n entre esas dimensiones. Partimos del supuesto de que existe una dimensi\u00f3n biol\u00f3gica que posibilita la existencia humana, [&hellip;]<\/p>\n","protected":false},"author":20,"featured_media":0,"parent":0,"menu_order":0,"comment_status":"closed","ping_status":"closed","template":"","meta":{"footnotes":""},"class_list":["post-64","page","type-page","status-publish","hentry"],"_links":{"self":[{"href":"https:\/\/webs.uab.cat\/lis\/es\/wp-json\/wp\/v2\/pages\/64","targetHints":{"allow":["GET"]}}],"collection":[{"href":"https:\/\/webs.uab.cat\/lis\/es\/wp-json\/wp\/v2\/pages"}],"about":[{"href":"https:\/\/webs.uab.cat\/lis\/es\/wp-json\/wp\/v2\/types\/page"}],"author":[{"embeddable":true,"href":"https:\/\/webs.uab.cat\/lis\/es\/wp-json\/wp\/v2\/users\/20"}],"replies":[{"embeddable":true,"href":"https:\/\/webs.uab.cat\/lis\/es\/wp-json\/wp\/v2\/comments?post=64"}],"version-history":[{"count":0,"href":"https:\/\/webs.uab.cat\/lis\/es\/wp-json\/wp\/v2\/pages\/64\/revisions"}],"wp:attachment":[{"href":"https:\/\/webs.uab.cat\/lis\/es\/wp-json\/wp\/v2\/media?parent=64"}],"curies":[{"name":"wp","href":"https:\/\/api.w.org\/{rel}","templated":true}]}}