{"id":65,"date":"2022-07-19T17:11:26","date_gmt":"2022-07-19T15:11:26","guid":{"rendered":"https:\/\/webs.uab.cat\/lis\/hilar-la-corporalitat\/"},"modified":"2024-11-01T22:54:06","modified_gmt":"2024-11-01T20:54:06","slug":"hilar-la-corporalitat","status":"publish","type":"page","link":"https:\/\/webs.uab.cat\/lis\/es\/hilar-la-corporalitat\/","title":{"rendered":"Hilar la corporalidad"},"content":{"rendered":"\n<div class=\"wp-block-media-text alignwide is-stacked-on-mobile is-vertically-aligned-top\" style=\"grid-template-columns:24% auto\"><figure class=\"wp-block-media-text__media\"><img loading=\"lazy\" decoding=\"async\" width=\"160\" height=\"160\" src=\"https:\/\/webs.uab.cat\/lis\/wp-content\/uploads\/sites\/55\/2022\/07\/Lis_SelCercleReticula160_04.png\" alt=\"\" class=\"wp-image-24 size-full\" srcset=\"https:\/\/webs.uab.cat\/lis\/wp-content\/uploads\/sites\/55\/2022\/07\/Lis_SelCercleReticula160_04.png 160w, https:\/\/webs.uab.cat\/lis\/wp-content\/uploads\/sites\/55\/2022\/07\/Lis_SelCercleReticula160_04-150x150.png 150w\" sizes=\"auto, (max-width: 160px) 100vw, 160px\" \/><\/figure><div class=\"wp-block-media-text__content\">\n<p>De la multitud de hebras que forman nuestro campo de estudio nos centramos en las siguientes lineas de investigaci\u00f3n:<\/p>\n\n\n\n<p>1) La articulaci\u00f3n de los aspectos ps\u00edquicos y sociales de la divisi\u00f3n sexual del trabajo, de las instituciones sociales de g\u00e9nero, de los mandatos de g\u00e9nero y de las disidencias sexuales, de g\u00e9nero y de sexualidad.<\/p>\n\n\n\n<p>2) La articulaci\u00f3n de los aspectos ps\u00edquicos y sociales en la producci\u00f3n de la corporalidad, sexuada y de g\u00e9nero. Instituciones corporales normativas, capacitismo y disidencias corporales.<\/p>\n\n\n\n<p>3) Los contextos sociales de vulnerabilidad de g\u00e9nero de la salud.<\/p>\n\n\n\n<p>4) G\u00e9nero, subjetividad, corporalidad y salud.<\/p>\n\n\n\n<p>5) Organizaci\u00f3n social de la salud, org\u00e1nica y mental y del sistema sanitario.<\/p>\n\n\n\n<p>6) Organizaciones y experiencia subjetiva profesional sanitaria.<\/p>\n\n\n\n<p>7) La organizaci\u00f3n social y de g\u00e9nero de los sentidos.<\/p>\n\n\n\n<p>8) Corporalidad, capacitismo, emociones y desigualdad social en la actividad deportiva desde una perspectiva de g\u00e9nero. Pol\u00edticas deportivas.<\/p>\n\n\n\n<p>9) M\u00e9todos y t\u00e9cnicas, individuales y grupales, cr\u00edticas de g\u00e9nero de producci\u00f3n de datos. Comunidades reflexivas de g\u00e9nero.<\/p>\n\n\n\n<p><strong>Perspectiva de investigaci\u00f3n<\/strong>: Epistemolog\u00edas y metodolog\u00edas feministas. Perspectiva de g\u00e9nero interseccional. Estudios Queer. Estudios Trans. Estudios Cr\u00edticos de la Discapacidad. Estudios Crip. An\u00e1lisis cr\u00edtico del discurso. An\u00e1lisis cr\u00edtico visual. Etnograf\u00eda focal. Etnograf\u00eda digital. Investigaci\u00f3n Participativa<\/p>\n\n\n\n<p><strong>Descriptores<\/strong>: Sociolog\u00eda Cl\u00ednica Cr\u00edtica de G\u00e9nero. Sociolog\u00eda Psicoanal\u00edtica Cr\u00edtica de G\u00e9nero. Sociolog\u00eda de las Emociones. Sociolog\u00eda Visual<\/p>\n<\/div><\/div>\n","protected":false},"excerpt":{"rendered":"<p>De la multitud de hebras que forman nuestro campo de estudio nos centramos en las siguientes lineas de investigaci\u00f3n: 1) La articulaci\u00f3n de los aspectos ps\u00edquicos y sociales de la divisi\u00f3n sexual del trabajo, de las instituciones sociales de g\u00e9nero, de los mandatos de g\u00e9nero y de las disidencias sexuales, de g\u00e9nero y de sexualidad. [&hellip;]<\/p>\n","protected":false},"author":20,"featured_media":0,"parent":0,"menu_order":0,"comment_status":"closed","ping_status":"closed","template":"","meta":{"footnotes":""},"class_list":["post-65","page","type-page","status-publish","hentry"],"_links":{"self":[{"href":"https:\/\/webs.uab.cat\/lis\/es\/wp-json\/wp\/v2\/pages\/65","targetHints":{"allow":["GET"]}}],"collection":[{"href":"https:\/\/webs.uab.cat\/lis\/es\/wp-json\/wp\/v2\/pages"}],"about":[{"href":"https:\/\/webs.uab.cat\/lis\/es\/wp-json\/wp\/v2\/types\/page"}],"author":[{"embeddable":true,"href":"https:\/\/webs.uab.cat\/lis\/es\/wp-json\/wp\/v2\/users\/20"}],"replies":[{"embeddable":true,"href":"https:\/\/webs.uab.cat\/lis\/es\/wp-json\/wp\/v2\/comments?post=65"}],"version-history":[{"count":3,"href":"https:\/\/webs.uab.cat\/lis\/es\/wp-json\/wp\/v2\/pages\/65\/revisions"}],"predecessor-version":[{"id":242,"href":"https:\/\/webs.uab.cat\/lis\/es\/wp-json\/wp\/v2\/pages\/65\/revisions\/242"}],"wp:attachment":[{"href":"https:\/\/webs.uab.cat\/lis\/es\/wp-json\/wp\/v2\/media?parent=65"}],"curies":[{"name":"wp","href":"https:\/\/api.w.org\/{rel}","templated":true}]}}