{"id":69,"date":"2022-07-19T17:04:19","date_gmt":"2022-07-19T15:04:19","guid":{"rendered":"https:\/\/webs.uab.cat\/lis\/presentacion\/"},"modified":"2024-10-06T12:54:13","modified_gmt":"2024-10-06T10:54:13","slug":"presentacion","status":"publish","type":"page","link":"https:\/\/webs.uab.cat\/lis\/es\/","title":{"rendered":"Presentaci\u00f3n"},"content":{"rendered":"\n<div class=\"wp-block-media-text is-stacked-on-mobile is-vertically-aligned-top alignwide\" style=\"grid-template-columns:20% auto\"><figure class=\"wp-block-media-text__media\"><img loading=\"lazy\" decoding=\"async\" width=\"160\" height=\"160\" src=\"https:\/\/webs.uab.cat\/lis\/wp-content\/uploads\/sites\/55\/2022\/07\/Lis_SelCercle160_17.png\" alt=\"\" class=\"wp-image-7 size-full\" srcset=\"https:\/\/webs.uab.cat\/lis\/wp-content\/uploads\/sites\/55\/2022\/07\/Lis_SelCercle160_17.png 160w, https:\/\/webs.uab.cat\/lis\/wp-content\/uploads\/sites\/55\/2022\/07\/Lis_SelCercle160_17-150x150.png 150w\" sizes=\"auto, (max-width: 160px) 100vw, 160px\" \/><\/figure><div class=\"wp-block-media-text__content\">\n<p><img loading=\"lazy\" decoding=\"async\" width=\"1489\" height=\"287\" class=\"wp-image-186\" style=\"width: 800px\" src=\"https:\/\/webs.uab.cat\/lis\/wp-content\/uploads\/sites\/55\/2024\/01\/Lis_Def02LogoFrontalMosaicAcoplatAjustatFitCurt_Mes.jpg\" alt=\"\" srcset=\"https:\/\/webs.uab.cat\/lis\/wp-content\/uploads\/sites\/55\/2024\/01\/Lis_Def02LogoFrontalMosaicAcoplatAjustatFitCurt_Mes.jpg 1489w, https:\/\/webs.uab.cat\/lis\/wp-content\/uploads\/sites\/55\/2024\/01\/Lis_Def02LogoFrontalMosaicAcoplatAjustatFitCurt_Mes-300x58.jpg 300w, https:\/\/webs.uab.cat\/lis\/wp-content\/uploads\/sites\/55\/2024\/01\/Lis_Def02LogoFrontalMosaicAcoplatAjustatFitCurt_Mes-1024x197.jpg 1024w, https:\/\/webs.uab.cat\/lis\/wp-content\/uploads\/sites\/55\/2024\/01\/Lis_Def02LogoFrontalMosaicAcoplatAjustatFitCurt_Mes-768x148.jpg 768w, https:\/\/webs.uab.cat\/lis\/wp-content\/uploads\/sites\/55\/2024\/01\/Lis_Def02LogoFrontalMosaicAcoplatAjustatFitCurt_Mes-1200x231.jpg 1200w\" sizes=\"auto, (max-width: 1489px) 100vw, 1489px\" \/><\/p>\n\n\n\n<p><em>Lis &#8211; Estudios sociales y de g\u00e9nero sobre la corporalidad, la subjetividad y el sufrimiento evitable,<\/em>, adscrito al Departamento de Sociolog\u00eda de la Universidad Aut\u00f3noma de Barcelona (UAB), tiene por objetivo analizar las condiciones sociales de producci\u00f3n de la corporalidad, la subjetividad, las emociones, y sus efectos de poder, especialmente en el campo de la salud, el trabajo y el deporte. Condiciones caracterizadas por relaciones de desigualdad de sexo, g\u00e9nero, sexualidad, clase social, diversidad funcional y edad, desde una aproximaci\u00f3n sociol\u00f3gica, feminista y psicoanal\u00edtica. Abreviamos el nombre del grupo con el t\u00e9rmino \u00abLis\u00bb. <em>Lis<\/em> es un t\u00e9rmino que adoptamos de Maria Jes\u00fas Izquierdo en<em>Las, los, les (lis, lus): el sistema sexo\/g\u00e9nero y la mujer como sujeto de transformaci\u00f3n social<\/em> (1983), y lo tomamos como un significante que incorpora un pasado y se orienta hacia un futuro de disoluci\u00f3n de los g\u00e9neros. Para nosotros <em>Lis<\/em> es un neologismo para designar v\u00ednculos, pr\u00e1cticas, emociones y significados de-generados o que tienden a serlo. \u00c9stos surgen de las interacciones de los sujetos en las m\u00faltiples formas de resistencia reflexiva, emocional y activa, frente a los sufrimientos evitables.<\/p>\n\n\n\n<p>En nuestros estudios damos un sitio central a la corporalidad, porque nuestra premisa es que somos seres corporales en nuestras interacciones sociales de efectos objetivadores y subjetivadores encarnados. Queremos contribuir en el campo del an\u00e1lisis social y, de forma espec\u00edfica, en la sociolog\u00eda i la sociolog\u00eda cl\u00ednica, a insertar en su trama explicativa e interpretativa la dimensi\u00f3n corporal. El objetivo fundamental d<em>e Lis<\/em> es generar conocimiento, formar y contribuir en los procesos de transformaci\u00f3n social presididos por la igualdad, equidad y justicia psicosocial, para lograr reducir el sufrimiento evitable encarnado. El grupo est\u00e1 formado por personas investigadoras del \u00e1mbito de la sociolog\u00eda, de la psicolog\u00eda y del psicoan\u00e1lisis, y por personas en formaci\u00f3n doctoral.<\/p>\n\n\n\n<p><em>Lis<\/em> es heredero del GESES &#8211; Grupo de Estudios sobre Emociones, Sentimientos y Sociedad (1991-2013) del Departamento de Sociolog\u00eda de la UAB, fundado por la profesora Mar\u00eda Jes\u00fas Izquierdo. El GESES ten\u00eda como objetivos fundacionales potenciar la investigaci\u00f3n social en el campo de los estudios de g\u00e9nero, fomentar la incorporaci\u00f3n de la perspectiva de g\u00e9nero de forma transversal a la investigaci\u00f3n social, y estudiar desde una perspectiva interdisciplinaria la construcci\u00f3n social de las emociones en relaci\u00f3n con las principales dimensiones de la desigualdad social.&nbsp;Hemos iniciado esta nueva etapa en enero de 2014<em>,<\/em>adoptando estos objetivos fundacionales y orient\u00e1ndolos el campo de los estudios de la corporalidad y la subjetividad.<\/p>\n\n\n\n<p>Actualmente, <em>Lis<\/em> forma parte de los Grupos de Investigaci\u00f3n de la Generalidad de Catalu\u00f1a reconocidos (2021 SGR 00014), coordinado por el Doctor Enrico Mora, y forma parte del CORE en Salud Mental de la Esfera UAB (CEI), Comunidad de Investigaci\u00f3n Estrat\u00e9gica de la UAB.<\/p>\n\n\n\n<p>Pol\u00edtica de acceso abierto:<\/p>\n\n\n\n<figure class=\"wp-block-image size-full\"><img loading=\"lazy\" decoding=\"async\" width=\"80\" height=\"15\" src=\"https:\/\/webs.uab.cat\/lis\/wp-content\/uploads\/sites\/55\/2022\/07\/80x15.png\" alt=\"\" class=\"wp-image-19\" \/><\/figure>\n\n\n\n<p>Este obra est\u00e1 bajo una licencia de <a href=\"https:\/\/creativecommons.org\/licenses\/by-nc\/4.0\/\">Creative Commons Reconocimiento-NoComercial 4.0 Internacional.<\/a><\/p>\n<\/div><\/div>\n\n\n\n<figure class=\"wp-block-image size-large\"><img loading=\"lazy\" decoding=\"async\" width=\"1024\" height=\"540\" src=\"https:\/\/webs.uab.cat\/lis\/wp-content\/uploads\/sites\/55\/2024\/10\/Captura-de-pantalla-2024-10-05-a-las-19.29.02-1024x540.png\" alt=\"\" class=\"wp-image-235\" srcset=\"https:\/\/webs.uab.cat\/lis\/wp-content\/uploads\/sites\/55\/2024\/10\/Captura-de-pantalla-2024-10-05-a-las-19.29.02-1024x540.png 1024w, https:\/\/webs.uab.cat\/lis\/wp-content\/uploads\/sites\/55\/2024\/10\/Captura-de-pantalla-2024-10-05-a-las-19.29.02-300x158.png 300w, https:\/\/webs.uab.cat\/lis\/wp-content\/uploads\/sites\/55\/2024\/10\/Captura-de-pantalla-2024-10-05-a-las-19.29.02-768x405.png 768w, https:\/\/webs.uab.cat\/lis\/wp-content\/uploads\/sites\/55\/2024\/10\/Captura-de-pantalla-2024-10-05-a-las-19.29.02-1200x633.png 1200w, https:\/\/webs.uab.cat\/lis\/wp-content\/uploads\/sites\/55\/2024\/10\/Captura-de-pantalla-2024-10-05-a-las-19.29.02.png 1330w\" sizes=\"auto, (max-width: 1024px) 100vw, 1024px\" \/><\/figure>\n\n\n\n<blockquote class=\"wp-block-quote is-layout-flow wp-block-quote-is-layout-flow\">\n<p>Desde hace diversos d\u00edas, se est\u00e1 llevando a cabo un violento ataque contra un grupo de investigaci\u00f3n de la&nbsp;<strong>Universit\u00e0 degli Studi Roma Tre<\/strong>&nbsp;que est\u00e1 llevando a cabo un estudio sobre la infancia de g\u00e9nero creativo. La investigaci\u00f3n, aprobada por el Comit\u00e9 de \u00c9tica de la Universidad y que no ha recibido financiaci\u00f3n p\u00fablica, ha sido objeto de ataques por parte de organizaciones italianas como \u00abRadFem Italia\u00bb y \u00abProVita e Famiglia\u00bb, a trav\u00e9s de la difusi\u00f3n de informaci\u00f3n falsa, bulos, art\u00edculos enga\u00f1osos y campa\u00f1as sociales difamatorias. As\u00ed mismo, estas organizaciones tambi\u00e9n han publicado los nombres de lxs investigadores, exponi\u00e9ndolxs a campa\u00f1as de odio y generando un clima de miedo entre las familias que voluntariamente quisieron participar en esta investigaci\u00f3n. Este ataque tambi\u00e9n ha amplificado a nivel pol\u00edtico: el vicepresidente de la C\u00e1mara de Diputados, Fabio Rampelli (del partido pol\u00edtico Fratelli d\u2019Italia), ha declarado que va a presentar una interpelaci\u00f3n parlamentaria para que la Ministra de Universidades e Investigaci\u00f3n, Anna Maria Bernini (del partido pol\u00edtico Forza Italia), intervenga en lo que Rampelli define como \u201clocura ideol\u00f3gica\u201d.<\/p>\n\n\n\n<p>Como red GIFTS, un colectivo de investigadoras, investigadores y invetsigadorxs que, dentro o fuera de la Universidad, se dedican a estudios de G\u00e9nero, Intersexuales, Feministas, Transfeministas y sobre Sexualidad,&nbsp;<strong>denunciamos abierta y firmemente esta deriva autoritaria dirigida a limitar la autonom\u00eda y la libertad de la investigaci\u00f3n cient\u00edfica, garantizadas por los art\u00edculos 9 y 33 de la Constituci\u00f3n de Italia<\/strong>.<\/p>\n\n\n\n<p><strong>El trabajo de investigaci\u00f3n es y debe seguir siendo libre de presiones pol\u00edtico-institucionales, independiente y basado en evidencias cient\u00edficas, y no en creencias ideol\u00f3gicas que buscan invisibilizar la existencia y la experiencia vivida de aquellos colectivos que no encajan con esas creencias.<\/strong>&nbsp;La realidad de los hechos no puede someterse a la visi\u00f3n partidista de ning\u00fan partido pol\u00edtico.<\/p>\n\n\n\n<p>Es imprescindible que quienes investigan puedan trabajar en un ambiente tranquilo, sin temer ataques, linchamientos medi\u00e1ticos, intrusiones en su vida privada o instrumentalizaciones pol\u00edticas. Sin embargo, las personas que hacen investigaci\u00f3n, especialmente las personas trans en situaci\u00f3n precaria, actualmente se encuentran enfrent\u00e1ndose a un estr\u00e9s adicional y un creciente deterioro de sus condiciones de trabajo, siendo cada d\u00eda m\u00e1s precarias.&nbsp;<\/p>\n\n\n\n<p>Como red GIFTS, expresamos todo nuestro apoyo y solidaridad con lxs colegas investigadores objeto de este ataque.<\/p>\n\n\n\n<p>Lo ocurrido en la Universit\u00e0 degli Studi Roma Tre no es un hecho aislado en Italia, sino que forma parte de un&nbsp;<strong>clima cultural y pol\u00edtico general de ataques sistem\u00e1ticos contra la vida de personas trans y no binarias, especialmente ni\u00f1xs y adolescentes, como, por ejemplo, lo acaecido en la inspecci\u00f3n en el Hospital Careggi de Firenze.<\/strong><\/p>\n\n\n\n<p>Este \u00faltimo evento que ahora denunciamos confirma no solo el car\u00e1cter transf\u00f3bico y abiertamente hostil del clima cultural, social y pol\u00edtico hacia la comunidad LGBTIQIA+, sino tambi\u00e9n el intento de controlar los centros de investigaci\u00f3n y las universidades en la producci\u00f3n de conocimientos en este campo.<\/p>\n\n\n\n<p>Por ello, como red GIFTS, esperamos que el mundo acad\u00e9mico responda de manera unida ante esta peligrosa y violenta injerencia de la pol\u00edtica, mostrando su solidaridad con el grupo de investigaci\u00f3n de la Universit\u00e0 degli Studi Roma Tre, respecto al cual el Rector de la universidad ha emitido dos comunicados:&nbsp;<a href=\"https:\/\/www.uniroma3.it\/articoli\/nota-stampa-la-ricerca-laboratorio-sui-giovani-gender-il-contributo-scientifico-di-roma-tre-464342\/\">lee aqu\u00ed los comunicados<\/a>.<\/p>\n\n\n\n<p>Ante esto, la Universidad no puede permanecer en silencio ni ser c\u00f3mplice, sino que debe defender con fuerza la libertad de investigaci\u00f3n, la importancia y validez de los estudios de g\u00e9nero y sexualidad, creando las condiciones para que los conocimientos trans y queer puedan desarrollarse sin interferencias indebidas.<\/p>\n\n\n\n<p><strong>29.09.2024&nbsp;<\/strong><strong>|&nbsp;<\/strong><a href=\"mailto:rete.gifts@gmail.com\"><strong>rete.gifts@gmail.com<\/strong><\/a><strong>&nbsp;|https:\/\/retegifts.wordpress.com&nbsp;<\/strong><\/p>\n<\/blockquote>\n\n\n\n<p><\/p>\n","protected":false},"excerpt":{"rendered":"<p>Desde hace diversos d\u00edas, se est\u00e1 llevando a cabo un violento ataque contra un grupo de investigaci\u00f3n de la&nbsp;Universit\u00e0 degli Studi Roma Tre&nbsp;que est\u00e1 llevando a cabo un estudio sobre la infancia de g\u00e9nero creativo. La investigaci\u00f3n, aprobada por el Comit\u00e9 de \u00c9tica de la Universidad y que no ha recibido financiaci\u00f3n p\u00fablica, ha sido [&hellip;]<\/p>\n","protected":false},"author":20,"featured_media":0,"parent":0,"menu_order":0,"comment_status":"closed","ping_status":"closed","template":"","meta":{"footnotes":""},"class_list":["post-69","page","type-page","status-publish","hentry"],"_links":{"self":[{"href":"https:\/\/webs.uab.cat\/lis\/es\/wp-json\/wp\/v2\/pages\/69","targetHints":{"allow":["GET"]}}],"collection":[{"href":"https:\/\/webs.uab.cat\/lis\/es\/wp-json\/wp\/v2\/pages"}],"about":[{"href":"https:\/\/webs.uab.cat\/lis\/es\/wp-json\/wp\/v2\/types\/page"}],"author":[{"embeddable":true,"href":"https:\/\/webs.uab.cat\/lis\/es\/wp-json\/wp\/v2\/users\/20"}],"replies":[{"embeddable":true,"href":"https:\/\/webs.uab.cat\/lis\/es\/wp-json\/wp\/v2\/comments?post=69"}],"version-history":[{"count":6,"href":"https:\/\/webs.uab.cat\/lis\/es\/wp-json\/wp\/v2\/pages\/69\/revisions"}],"predecessor-version":[{"id":240,"href":"https:\/\/webs.uab.cat\/lis\/es\/wp-json\/wp\/v2\/pages\/69\/revisions\/240"}],"wp:attachment":[{"href":"https:\/\/webs.uab.cat\/lis\/es\/wp-json\/wp\/v2\/media?parent=69"}],"curies":[{"name":"wp","href":"https:\/\/api.w.org\/{rel}","templated":true}]}}