{"id":70,"date":"2022-07-19T17:13:12","date_gmt":"2022-07-19T15:13:12","guid":{"rendered":"https:\/\/webs.uab.cat\/lis\/producir-y-sentir-los-significados\/"},"modified":"2022-07-19T17:13:12","modified_gmt":"2022-07-19T15:13:12","slug":"producir-y-sentir-los-significados","status":"publish","type":"page","link":"https:\/\/webs.uab.cat\/lis\/es\/producir-y-sentir-los-significados\/","title":{"rendered":"Producir y sentir los significados"},"content":{"rendered":"\n<div class=\"wp-block-media-text alignwide is-stacked-on-mobile is-vertically-aligned-top\" style=\"grid-template-columns:21% auto\"><figure class=\"wp-block-media-text__media\"><img loading=\"lazy\" decoding=\"async\" width=\"160\" height=\"160\" src=\"https:\/\/webs.uab.cat\/lis\/wp-content\/uploads\/sites\/55\/2022\/07\/Lis_SelCercle160_05.png\" alt=\"\" class=\"wp-image-33 size-full\" srcset=\"https:\/\/webs.uab.cat\/lis\/wp-content\/uploads\/sites\/55\/2022\/07\/Lis_SelCercle160_05.png 160w, https:\/\/webs.uab.cat\/lis\/wp-content\/uploads\/sites\/55\/2022\/07\/Lis_SelCercle160_05-150x150.png 150w\" sizes=\"auto, (max-width: 160px) 100vw, 160px\" \/><\/figure><div class=\"wp-block-media-text__content\">\n<p>El despliegue t\u00e9cnico de producci\u00f3n de datos viene de su encaje itinerante entre las consideraciones te\u00f3ricas y las interpretativas que obtenemos de nuestra constante vinculaci\u00f3n con los contextos situados que analizamos y de nuestra contratransferencia o impacto emocional. El despliegue reflexivo sobre nuestra forma de analizar, interpretar y explicar la realidad biopsicosocial es una herramienta central para evaluar la calidad de nuestra producci\u00f3n de conocimiento cient\u00edfico, as\u00ed como evitar caer en una producci\u00f3n de conocimiento basada en la \u201cobjetividad universal\u201d. Maturana en <em>Realidad: La b\u00fasqueda de la objetividad o la persecuci\u00f3n del argumento que obliga (<\/em>1996), se\u00f1ala que en el origen de las explicaciones hay una base emocional. Es decir, el an\u00e1lisis de la realidad depende del camino explicativo que adoptemos y este depende del dominio emocional en el cual nos encontramos cuando explicamos.   <\/p>\n\n\n\n<p>Los estudios psicosociales sobre la corporalidad han experimentado un amplio desarrollo en las \u00faltimas d\u00e9cadas. Sin embargo, en dichas narrativas se obvia un dato fundamental: el desarrollo sostenido, interdisciplinar y pionero de los estudios feministas sobre el tema. Es en el campo del conocimiento cient\u00edfico feminista que se produce un proceso creciente de atenci\u00f3n sobre que ocurre con la corporalidad, porque \u00e9sta es siempre adjetivada. No hay una corporalidad neutra o universal, aunque el conocimiento androc\u00e9ntrico, etnoc\u00e9ntrico y euroc\u00e9ntrico ha pretendido consagrar lo que la vida social ya produce como un efecto fundamental de nuestras sociedades desiguales: la construcci\u00f3n de un universal, el \u00abcuerpo masculino blanco adulto normalizado heterosexual\u00bb, constituy\u00e9ndo el resto de corporalidades como alteridades subalternas, como otredades no sim\u00e9tricas, sino subordinadas en el sentido de Beauvoir. En su c\u00e9lebre ensayo <em>El segundo Sexo<\/em> (1949), se\u00f1ala el car\u00e1cter inesencial de la alteridad de las mujeres respecto al car\u00e1cter de valor absoluto de los hombres, en las sociedades sexistas. La mujer, en la sociedades sexistas, se determina y se diferencia con respecto al hombre y no a la inversa. \u00c9l, y su corporalidad, es el Sujeto, es el Absoluto: ella, y su corporalidad, es la Alteridad.      <\/p>\n\n\n\n<p>Las principales v\u00edas de producci\u00f3n de datos que empleamos son la historia de vida, o novela familiar, la entrevista semi-dirigidas, el grupo de discusi\u00f3n, la etnograf\u00eda, la fotograf\u00eda, el an\u00e1lisis de contenido, el an\u00e1lisis cr\u00edtico del discurso, el an\u00e1lisis visual (en especial el fundamentado en el campo de la sociolog\u00eda visual). Tambi\u00e9n nos apoyamos en cuestionarios estandarizados (convencionales y Delphi) y datos estad\u00edsticos. <\/p>\n<\/div><\/div>\n","protected":false},"excerpt":{"rendered":"<p>El despliegue t\u00e9cnico de producci\u00f3n de datos viene de su encaje itinerante entre las consideraciones te\u00f3ricas y las interpretativas que obtenemos de nuestra constante vinculaci\u00f3n con los contextos situados que analizamos y de nuestra contratransferencia o impacto emocional. El despliegue reflexivo sobre nuestra forma de analizar, interpretar y explicar la realidad biopsicosocial es una herramienta [&hellip;]<\/p>\n","protected":false},"author":20,"featured_media":0,"parent":0,"menu_order":0,"comment_status":"closed","ping_status":"closed","template":"","meta":{"footnotes":""},"class_list":["post-70","page","type-page","status-publish","hentry"],"_links":{"self":[{"href":"https:\/\/webs.uab.cat\/lis\/es\/wp-json\/wp\/v2\/pages\/70","targetHints":{"allow":["GET"]}}],"collection":[{"href":"https:\/\/webs.uab.cat\/lis\/es\/wp-json\/wp\/v2\/pages"}],"about":[{"href":"https:\/\/webs.uab.cat\/lis\/es\/wp-json\/wp\/v2\/types\/page"}],"author":[{"embeddable":true,"href":"https:\/\/webs.uab.cat\/lis\/es\/wp-json\/wp\/v2\/users\/20"}],"replies":[{"embeddable":true,"href":"https:\/\/webs.uab.cat\/lis\/es\/wp-json\/wp\/v2\/comments?post=70"}],"version-history":[{"count":0,"href":"https:\/\/webs.uab.cat\/lis\/es\/wp-json\/wp\/v2\/pages\/70\/revisions"}],"wp:attachment":[{"href":"https:\/\/webs.uab.cat\/lis\/es\/wp-json\/wp\/v2\/media?parent=70"}],"curies":[{"name":"wp","href":"https:\/\/api.w.org\/{rel}","templated":true}]}}