{"id":71,"date":"2022-07-19T17:15:20","date_gmt":"2022-07-19T15:15:20","guid":{"rendered":"https:\/\/webs.uab.cat\/lis\/vinculos\/"},"modified":"2022-07-19T17:15:20","modified_gmt":"2022-07-19T15:15:20","slug":"vinculos","status":"publish","type":"page","link":"https:\/\/webs.uab.cat\/lis\/es\/vinculos\/","title":{"rendered":"V\u00ednculos"},"content":{"rendered":"\n<div class=\"wp-block-media-text alignwide is-stacked-on-mobile is-vertically-aligned-top\" style=\"grid-template-columns:24% auto\"><figure class=\"wp-block-media-text__media\"><img loading=\"lazy\" decoding=\"async\" width=\"160\" height=\"160\" src=\"https:\/\/webs.uab.cat\/lis\/wp-content\/uploads\/sites\/55\/2022\/07\/Lis_SelCercle160_07.png\" alt=\"\" class=\"wp-image-45 size-full\" srcset=\"https:\/\/webs.uab.cat\/lis\/wp-content\/uploads\/sites\/55\/2022\/07\/Lis_SelCercle160_07.png 160w, https:\/\/webs.uab.cat\/lis\/wp-content\/uploads\/sites\/55\/2022\/07\/Lis_SelCercle160_07-150x150.png 150w\" sizes=\"auto, (max-width: 160px) 100vw, 160px\" \/><\/figure><div class=\"wp-block-media-text__content\">\n<p>La vinculaci\u00f3n con <em>Lis<\/em> es abierta a aquellas personas que compartan la tem\u00e1tica del grupo y las premisas fundamentales que enfocan nuestro trabajo, des del respeto a la pluralidad y a las formas de entender la investigaci\u00f3n y el estudio de la corporalidad y la subjetividad con perspectiva de g\u00e9nero. Las personas que deseen vincularse pueden dirigirse al coordinador del grupo, adjuntando una breve carta de motivaci\u00f3n y un curr\u00edculum reducido.<\/p>\n\n\n\n<p>La vinculaci\u00f3n con <em>Lis<\/em> no es exclusiva ni excluyente, respecto a la participaci\u00f3n con otros \u00e1mbitos y espacios de estudio y de investigaci\u00f3n acad\u00e9mica. Tambi\u00e9n la vinculaci\u00f3n es variable en dedicaci\u00f3n, permanencia y responsabilidad, a acordar en cada caso. No es una condici\u00f3n necesaria pertenecer al mundo acad\u00e9mico para participar de las actividades <em>Lis<\/em>, si bien es recomendable disponer de un conocimiento suficiente sobre las cuestiones tratadas por el grupo.<\/p>\n\n\n\n<h2 class=\"wp-block-heading\">Personal investigador:<\/h2>\n\n\n\n<p>Dr. Enrico Mora.&nbsp;Coordinador del grupo.&nbsp;Universitat Aut\u00f2noma de Barcelona. Departamento de Sociolog\u00eda<\/p>\n\n\n\n<p>Dra. Margot Pujal i Llombart. Universitat Aut\u00f2noma de Barcelona. Departament de Psicologia Social<\/p>\n\n\n\n<p>Dra. Pilar Albertin Carbo. Universitat de Girona. Departament de Psicologia<\/p>\n\n\n\n<p>Dra. Carmen Castro.&nbsp;El Colegio de Sonora.&nbsp;Centro de Estudios en Salud y Sociedad.&nbsp;<\/p>\n\n\n\n<p>Dr. Luis Jimenez.&nbsp;University of East London.&nbsp;School of Psychology.<\/p>\n\n\n\n<p>Dra. Andrea&nbsp;Lizama-Lefno. Universidad de Santiago de Chile.&nbsp;Facultad de Ciencias M\u00e9dicas<\/p>\n\n\n\n<p>Dr. Albert Martin i G\u00f3mez. Ajutanment de Barcelona i Universitat Aut\u00f2noma de Barcelona,&nbsp;Departament de Sociologia<\/p>\n\n\n\n<p>Dr. Juan Andr\u00e9s Pino.&nbsp;Universidad de O&#8217;Higgins<\/p>\n\n\n\n<p>Dra. Lorena Etcheberry. Universidad de Chile<\/p>\n\n\n\n<p>Dra. Alicia Rain. Universidad Aut\u00f3noma de Chile<\/p>\n\n\n\n<p>Dra. Michela Mariotto<\/p>\n\n\n\n<h2 class=\"wp-block-heading\">Personal investigador doctoral:<\/h2>\n\n\n\n<p>Sra. Laura Fern\u00e1ndez.&nbsp;Programa de Doctorat en Sociologia (Departament de Sociologia)<\/p>\n\n\n\n<p>Sra. Irina Schapova. Programa de&nbsp;Doctorat Interuniversitari en Estudis de G\u00e8nere: Cultures, Societats i Pol\u00edtiques (Institut Interuniversitari en&nbsp;Estudis de Dones i G\u00e8nere &#8211; iiEDG &#8211; UAB)<\/p>\n\n\n\n<p>Sra. Beatriz P\u00e9rez P\u00e9rez.&nbsp;Programa de Doctorat&nbsp;Persona i Societat en el M\u00f3n Contemporani (Departament de Psicologia Social)<\/p>\n\n\n\n<p>Sra. Grecia Guzman.&nbsp;Programa de Doctorat&nbsp;Persona i Societat en el M\u00f3n Contemporani (Departament de Psicologia Social)<\/p>\n\n\n\n<p>Sr. Diego Andres Bravo.&nbsp;Programa de Doctorat en Sociologia (Departament de Sociologia)<\/p>\n\n\n\n<p>Sra. Valeska Morales.Programa de Doctorat en Sociologia (Departament de Sociologia)<\/p>\n\n\n\n<p>Sra. Dahiana Gamboa Morales.&nbsp;Programa de Doctorat en Sociologia (Departament de Sociologia)<\/p>\n\n\n\n<p>Sra. Fernanda Marin Rey. Programa de&nbsp;Doctorat Interuniversitari en Estudis de G\u00e8nere: Cultures, Societats i Pol\u00edtiques (Institut Interuniversitari en&nbsp;Estudis de Dones i G\u00e8nere &#8211; iiEDG &#8211; UAB)<\/p>\n\n\n\n<p>Sra. Gloria Casanova Molina. Programa de Doctorat en Antropologia Social (Departament d&#8217;Antropologia)<\/p>\n\n\n\n<p>Sra. Mar\u00eda S\u00e1nchez Fern\u00e1ndez.&nbsp;Programa de&nbsp;Doctorat Interuniversitari en Estudis de G\u00e8nere: Cultures, Societats i Pol\u00edtiques (Institut Interuniversitari en&nbsp;Estudis de Dones i G\u00e8nere &#8211; iiEDG &#8211; UAB)<\/p>\n\n\n\n<h2 class=\"wp-block-heading\">Afinitats:<\/h2>\n\n\n\n<p>Centre Joan Rivi\u00e8re en Psicologia i G\u00e8nere:&nbsp;<a href=\"https:\/\/serveis.uab.cat\/psicologiagenere\/\">https:\/\/serveis.uab.cat\/psicologiagenere\/<\/a><\/p>\n\n\n\n<p>Des-Subjectant.GESPGI (Grup d&#8217;Estudis Socials de la Subjecci\u00f3 i la Subjectivitat des d&#8217;una Perspectiva de G\u00e8nere Interseccional):&nbsp;<a href=\"https:\/\/serveis.uab.cat\/psicologiagenere\/content\/recerca-en-g%C3%A8nere-en-psicologia\">https:\/\/serveis.uab.cat\/psicologiagenere\/content\/recerca-en-g\u00e8nere-en-psicologia<\/a><\/p>\n\n\n\n<p>Departament de Sociologia de la UAB:&nbsp;<a href=\"https:\/\/www.uab.cat\/departament\/sociologia\/\" target=\"_blank\" rel=\"noreferrer noopener\">https:\/\/www.uab.cat\/departament\/sociologia\/<\/a><\/p>\n\n\n\n<p>Departament de Psicologia Social de la UAB:&nbsp;<a href=\"https:\/\/www.uab.cat\/departament\/psicologia-social\/\" target=\"_blank\" rel=\"noreferrer noopener\">https:\/\/www.uab.cat\/departament\/psicologia-social\/<\/a><\/p>\n\n\n\n<p>Institut Interuniversitari d&#8217;Estudis de Dones i G\u00e8nere (iiEDG):&nbsp;<a href=\"https:\/\/www.iiedg.org\/que-es\" target=\"_blank\" rel=\"noreferrer noopener\">https:\/\/www.iiedg.org\/que-es<\/a><\/p>\n\n\n\n<p>iPsi, Centre d\u2019Atenci\u00f3, Doc\u00e8ncia i Investigaci\u00f3 en Salut Mental:&nbsp;<a href=\"https:\/\/www.centreipsi.com\" target=\"_blank\" rel=\"noreferrer noopener\">https:\/\/www.centreipsi.com<\/a><\/p>\n\n\n\n<p>Instituto Complutense de Estudios Internacionales. G\u00e9nero:&nbsp;<a href=\"https:\/\/www.ucm.es\/icei\/genero\" target=\"_blank\" rel=\"noreferrer noopener\">https:\/\/www.ucm.es\/icei\/genero<\/a><\/p>\n\n\n\n<p>Grupo de Estudios sobre Sociolog\u00eda de las Emociones y los Cuerpos:&nbsp;<a href=\"https:\/\/cuerposyemociones.com.ar\" target=\"_blank\" rel=\"noreferrer noopener\">https:\/\/cuerposyemociones.com.ar<\/a><\/p>\n\n\n\n<p>Medical Anthropology Research Center:&nbsp;<a href=\"https:\/\/www.marc.urv.cat\/es_index\/\" target=\"_blank\" rel=\"noreferrer noopener\">https:\/\/www.marc.urv.cat\/es_index\/<\/a><\/p>\n\n\n\n<p>Revista Latinoamericana de Estudios sobre Cuerpos, Emociones y Sociedad:&nbsp;<a href=\"https:\/\/www.relaces.com.ar\/index.php\/relaces\" target=\"_blank\" rel=\"noreferrer noopener\">https:\/\/www.relaces.com.ar\/index.php\/relaces<\/a><\/p>\n\n\n\n<p>Centro de Estudios en Salud y Sociedad (El Colegio de Sonora):&nbsp;<a href=\"https:\/\/www.colson.edu.mx:8080\/Investigacion\/Centro.aspx?i=12%20\" target=\"_blank\" rel=\"noreferrer noopener\">https:\/\/www.colson.edu.mx:8080\/Investigacion\/Centro.aspx?i=12%20<\/a><\/p>\n<\/div><\/div>\n","protected":false},"excerpt":{"rendered":"<p>La vinculaci\u00f3n con Lis es abierta a aquellas personas que compartan la tem\u00e1tica del grupo y las premisas fundamentales que enfocan nuestro trabajo, des del respeto a la pluralidad y a las formas de entender la investigaci\u00f3n y el estudio de la corporalidad y la subjetividad con perspectiva de g\u00e9nero. Las personas que deseen vincularse [&hellip;]<\/p>\n","protected":false},"author":20,"featured_media":0,"parent":0,"menu_order":0,"comment_status":"closed","ping_status":"closed","template":"","meta":{"footnotes":""},"class_list":["post-71","page","type-page","status-publish","hentry"],"_links":{"self":[{"href":"https:\/\/webs.uab.cat\/lis\/es\/wp-json\/wp\/v2\/pages\/71","targetHints":{"allow":["GET"]}}],"collection":[{"href":"https:\/\/webs.uab.cat\/lis\/es\/wp-json\/wp\/v2\/pages"}],"about":[{"href":"https:\/\/webs.uab.cat\/lis\/es\/wp-json\/wp\/v2\/types\/page"}],"author":[{"embeddable":true,"href":"https:\/\/webs.uab.cat\/lis\/es\/wp-json\/wp\/v2\/users\/20"}],"replies":[{"embeddable":true,"href":"https:\/\/webs.uab.cat\/lis\/es\/wp-json\/wp\/v2\/comments?post=71"}],"version-history":[{"count":0,"href":"https:\/\/webs.uab.cat\/lis\/es\/wp-json\/wp\/v2\/pages\/71\/revisions"}],"wp:attachment":[{"href":"https:\/\/webs.uab.cat\/lis\/es\/wp-json\/wp\/v2\/media?parent=71"}],"curies":[{"name":"wp","href":"https:\/\/api.w.org\/{rel}","templated":true}]}}