{"id":22,"date":"2022-07-19T17:11:26","date_gmt":"2022-07-19T15:11:26","guid":{"rendered":"https:\/\/webs.uab.cat\/lis\/?page_id=22"},"modified":"2024-01-21T22:54:19","modified_gmt":"2024-01-21T20:54:19","slug":"filar-la-corporalitat","status":"publish","type":"page","link":"https:\/\/webs.uab.cat\/lis\/filar-la-corporalitat\/","title":{"rendered":"Filar la corporalitat"},"content":{"rendered":"\n<div class=\"wp-block-media-text alignwide is-stacked-on-mobile is-vertically-aligned-top\" style=\"grid-template-columns:24% auto\"><figure class=\"wp-block-media-text__media\"><img loading=\"lazy\" decoding=\"async\" width=\"160\" height=\"160\" src=\"https:\/\/webs.uab.cat\/lis\/wp-content\/uploads\/sites\/55\/2022\/07\/Lis_SelCercleReticula160_04.png\" alt=\"\" class=\"wp-image-23 size-full\" srcset=\"https:\/\/webs.uab.cat\/lis\/wp-content\/uploads\/sites\/55\/2022\/07\/Lis_SelCercleReticula160_04.png 160w, https:\/\/webs.uab.cat\/lis\/wp-content\/uploads\/sites\/55\/2022\/07\/Lis_SelCercleReticula160_04-150x150.png 150w\" sizes=\"auto, (max-width: 160px) 100vw, 160px\" \/><\/figure><div class=\"wp-block-media-text__content\">\n<p>De la multitud de brins que formen el nostre camp d&#8217;estudi ens centrem en les seg\u00fcents l\u00ednies de recerca:<\/p>\n\n\n\n<p>1) L\u2019articulaci\u00f3 dels aspectes ps\u00edquics i socials de la divisi\u00f3 sexual del treball, de les institucions socials de g\u00e8nere, dels mandats de g\u00e8nere i de les dissid\u00e8ncies sexuals, de g\u00e8nere i de sexualitat.<\/p>\n\n\n\n<p>2) L\u2019articulaci\u00f3 dels aspectes ps\u00edquics i socials en la producci\u00f3 de la corporalitat, sexuada i de g\u00e8nere. Institucions corporals normatives, capacitisme i dissid\u00e8ncies corporals.<\/p>\n\n\n\n<p>3) Els contextos socials de vulnerabilitat de g\u00e8nere de la salut.<\/p>\n\n\n\n<p>4) G\u00e8nere, subjectivitat, corporalitat i salut.<\/p>\n\n\n\n<p>5) Organitzaci\u00f3 social de la salut, org\u00e0nica i mental i del sistema sanitari.<\/p>\n\n\n\n<p>6) Organitzacions i experi\u00e8ncia subjectiva professional sanit\u00e0ria.<\/p>\n\n\n\n<p>7) L&#8217;organitzaci\u00f3 social i de g\u00e8nere dels sentits.<\/p>\n\n\n\n<p>8) Corporalitat, capacitisme, emocions i desigualtat social en l&#8217;activitat esportiva des d&#8217;una perspectiva de g\u00e8nere. Pol\u00edtiques esportives.<\/p>\n\n\n\n<p>9) M\u00e8todes i t\u00e8cniques, individuals i grupals, cr\u00edtiques de g\u00e8nere de producci\u00f3 de dades. Comunitats reflexives de g\u00e8nere.<\/p>\n\n\n\n<p><strong>Perspectiva d\u2019investigaci\u00f3<\/strong>:\u00a0Epistemologies i metodologies feministes. Perspectiva de g\u00e8nere interseccional. Estudis Queer. Estudis Trans. Estudis Cr\u00edtics de la Discapacitat. Estudis Crip. An\u00e0lisi cr\u00edtic del discurs. An\u00e0lisi cr\u00edtic visual. Etnografia focal. Etnografia digital. Recerca Participativa<\/p>\n\n\n\n<p><strong>Descriptors<\/strong>:\u00a0Sociologia Cl\u00ednica Cr\u00edtica de G\u00e8nere. Sociologia Psicoanal\u00edtica Cr\u00edtica de G\u00e8nere. Sociologia de les Emocions. Sociologia Visual<\/p>\n<\/div><\/div>\n","protected":false},"excerpt":{"rendered":"<p>De la multitud de brins que formen el nostre camp d&#8217;estudi ens centrem en les seg\u00fcents l\u00ednies de recerca: 1) L\u2019articulaci\u00f3 dels aspectes ps\u00edquics i socials de la divisi\u00f3 sexual del treball, de les institucions socials de g\u00e8nere, dels mandats de g\u00e8nere i de les dissid\u00e8ncies sexuals, de g\u00e8nere i de sexualitat. 2) L\u2019articulaci\u00f3 dels [&hellip;]<\/p>\n","protected":false},"author":20,"featured_media":0,"parent":0,"menu_order":0,"comment_status":"closed","ping_status":"closed","template":"","meta":{"footnotes":""},"class_list":["post-22","page","type-page","status-publish","hentry"],"_links":{"self":[{"href":"https:\/\/webs.uab.cat\/lis\/wp-json\/wp\/v2\/pages\/22","targetHints":{"allow":["GET"]}}],"collection":[{"href":"https:\/\/webs.uab.cat\/lis\/wp-json\/wp\/v2\/pages"}],"about":[{"href":"https:\/\/webs.uab.cat\/lis\/wp-json\/wp\/v2\/types\/page"}],"author":[{"embeddable":true,"href":"https:\/\/webs.uab.cat\/lis\/wp-json\/wp\/v2\/users\/20"}],"replies":[{"embeddable":true,"href":"https:\/\/webs.uab.cat\/lis\/wp-json\/wp\/v2\/comments?post=22"}],"version-history":[{"count":7,"href":"https:\/\/webs.uab.cat\/lis\/wp-json\/wp\/v2\/pages\/22\/revisions"}],"predecessor-version":[{"id":209,"href":"https:\/\/webs.uab.cat\/lis\/wp-json\/wp\/v2\/pages\/22\/revisions\/209"}],"wp:attachment":[{"href":"https:\/\/webs.uab.cat\/lis\/wp-json\/wp\/v2\/media?parent=22"}],"curies":[{"name":"wp","href":"https:\/\/api.w.org\/{rel}","templated":true}]}}