{"id":26,"date":"2022-07-19T17:12:24","date_gmt":"2022-07-19T15:12:24","guid":{"rendered":"https:\/\/webs.uab.cat\/lis\/?page_id=26"},"modified":"2022-07-19T17:12:24","modified_gmt":"2022-07-19T15:12:24","slug":"desreificar-la-percepcio","status":"publish","type":"page","link":"https:\/\/webs.uab.cat\/lis\/desreificar-la-percepcio\/","title":{"rendered":"Desreificar la percepci\u00f3"},"content":{"rendered":"\n<div class=\"wp-block-media-text alignwide is-stacked-on-mobile is-vertically-aligned-top\" style=\"grid-template-columns:22% auto\"><figure class=\"wp-block-media-text__media\"><img loading=\"lazy\" decoding=\"async\" width=\"160\" height=\"160\" src=\"https:\/\/webs.uab.cat\/lis\/wp-content\/uploads\/sites\/55\/2022\/07\/Lis_SelCercle160_02.png\" alt=\"\" class=\"wp-image-27 size-full\" srcset=\"https:\/\/webs.uab.cat\/lis\/wp-content\/uploads\/sites\/55\/2022\/07\/Lis_SelCercle160_02.png 160w, https:\/\/webs.uab.cat\/lis\/wp-content\/uploads\/sites\/55\/2022\/07\/Lis_SelCercle160_02-150x150.png 150w\" sizes=\"auto, (max-width: 160px) 100vw, 160px\" \/><\/figure><div class=\"wp-block-media-text__content\">\n<p>Les nostres premisses epistemol\u00f2giques i te\u00f2riques articulen les dimensions biol\u00f2giques, ps\u00edquiques i socials de la vida humana des d&#8217;una perspectiva sociol\u00f2gica cr\u00edtica, feminista i psicoanal\u00edtica. Espec\u00edficament, prenem com a refer\u00e8ncia el marc interaccionista que ent\u00e9n de forma dial\u00e8ctica la relaci\u00f3 entre aquestes dimensions. Partim del sup\u00f2sit que hi ha una dimensi\u00f3 biol\u00f2gica que possibilita l&#8217;exist\u00e8ncia humana, per\u00f2 aquesta dimensi\u00f3 ni explica ni causa els seus comportaments, significacions, accions, desigualtats, poder, etc. Considerem la dimensi\u00f3 biol\u00f2gica com l&#8217;equipament que fa possible l&#8217;exist\u00e8ncia humana en una pluralitat de vies que no pot predir ni predeterminar. La dimensi\u00f3 biol\u00f2gica est\u00e0 en interacci\u00f3 amb les dimensions ps\u00edquiques i socials. Alhora, all\u00f2 biol\u00f2gic, com a possibilitat oberta, ho est\u00e0 tamb\u00e9 a modificacions i alteracions no naturals sin\u00f3 socials. Des d&#8217;aquesta perspectiva la vida social t\u00e9 impacte en la biologia de forma immediata (a trav\u00e9s de la dimensi\u00f3 ps\u00edquica) i immediata (a trav\u00e9s del medi). Implica entendre que la naturalesa humana no es pot explicar de forma independent de la vida social i ps\u00edquica. Tenim especial inter\u00e8s en deslligar les concepcions dualistes entre cos i ment, cos i cultura, biologia i societat.<\/p>\n\n\n\n<p>Definim la corporalitat com a producte i com a productor de la vulnerabilitat de g\u00e8nere, de l&#8217;orientaci\u00f3 sexual i dels imperatius institucionals que la sustenten, sota relacions de poder, de domini i d&#8217;explotaci\u00f3. En els nostres estudis i trobades privilegiem com a eix d&#8217;aproximaci\u00f3 l&#8217;articulaci\u00f3 de les relacions de g\u00e8nere, de sexe, de sexualitat, de classe i d&#8217;edat en la producci\u00f3 de la corporalitat i de la subjectivitat en l&#8217;actual context occidental objectivat en institucions capitalistes -patriarcals, hist\u00f2ricament produ\u00eft. Prestem especial atenci\u00f3 als \u00e0mbits de la salut, del treball i de l&#8217;esport. La nostra aproximaci\u00f3 \u00e9s cr\u00edtica pel que fa al coneixement cient\u00edfic que produ\u00efm tant si es tracta d&#8217;investigaci\u00f3 fonamental no orientada com si es tracta de l&#8217;elaboraci\u00f3 de diagn\u00f2stics. Es recolza en una \u00e8tica que sotmet a cr\u00edtica els fins del coneixement cient\u00edfic, el seu impacte sobre el benestar hum\u00e0 i la seva contribuci\u00f3 a reduir el patiment evitable, especialment el referit a la desigualtat sexual, de g\u00e8nere, d&#8217;orientaci\u00f3 sexual, de classe i de diversitat funcional.<\/p>\n<\/div><\/div>\n","protected":false},"excerpt":{"rendered":"<p>Les nostres premisses epistemol\u00f2giques i te\u00f2riques articulen les dimensions biol\u00f2giques, ps\u00edquiques i socials de la vida humana des d&#8217;una perspectiva sociol\u00f2gica cr\u00edtica, feminista i psicoanal\u00edtica. Espec\u00edficament, prenem com a refer\u00e8ncia el marc interaccionista que ent\u00e9n de forma dial\u00e8ctica la relaci\u00f3 entre aquestes dimensions. Partim del sup\u00f2sit que hi ha una dimensi\u00f3 biol\u00f2gica que possibilita l&#8217;exist\u00e8ncia [&hellip;]<\/p>\n","protected":false},"author":20,"featured_media":0,"parent":0,"menu_order":0,"comment_status":"closed","ping_status":"closed","template":"","meta":{"footnotes":""},"class_list":["post-26","page","type-page","status-publish","hentry"],"_links":{"self":[{"href":"https:\/\/webs.uab.cat\/lis\/wp-json\/wp\/v2\/pages\/26","targetHints":{"allow":["GET"]}}],"collection":[{"href":"https:\/\/webs.uab.cat\/lis\/wp-json\/wp\/v2\/pages"}],"about":[{"href":"https:\/\/webs.uab.cat\/lis\/wp-json\/wp\/v2\/types\/page"}],"author":[{"embeddable":true,"href":"https:\/\/webs.uab.cat\/lis\/wp-json\/wp\/v2\/users\/20"}],"replies":[{"embeddable":true,"href":"https:\/\/webs.uab.cat\/lis\/wp-json\/wp\/v2\/comments?post=26"}],"version-history":[{"count":1,"href":"https:\/\/webs.uab.cat\/lis\/wp-json\/wp\/v2\/pages\/26\/revisions"}],"predecessor-version":[{"id":29,"href":"https:\/\/webs.uab.cat\/lis\/wp-json\/wp\/v2\/pages\/26\/revisions\/29"}],"wp:attachment":[{"href":"https:\/\/webs.uab.cat\/lis\/wp-json\/wp\/v2\/media?parent=26"}],"curies":[{"name":"wp","href":"https:\/\/api.w.org\/{rel}","templated":true}]}}