{"id":39,"date":"2022-07-19T17:14:24","date_gmt":"2022-07-19T15:14:24","guid":{"rendered":"https:\/\/webs.uab.cat\/lis\/?page_id=39"},"modified":"2022-07-19T17:14:25","modified_gmt":"2022-07-19T15:14:25","slug":"grafies-comunals","status":"publish","type":"page","link":"https:\/\/webs.uab.cat\/lis\/grafies-comunals\/","title":{"rendered":"Grafies comunals"},"content":{"rendered":"\n<div class=\"wp-block-media-text alignwide is-stacked-on-mobile is-vertically-aligned-top\" style=\"grid-template-columns:22% auto\"><figure class=\"wp-block-media-text__media\"><img loading=\"lazy\" decoding=\"async\" width=\"160\" height=\"160\" src=\"https:\/\/webs.uab.cat\/lis\/wp-content\/uploads\/sites\/55\/2022\/07\/Lis_SelCercle160_03.png\" alt=\"\" class=\"wp-image-40 size-full\" srcset=\"https:\/\/webs.uab.cat\/lis\/wp-content\/uploads\/sites\/55\/2022\/07\/Lis_SelCercle160_03.png 160w, https:\/\/webs.uab.cat\/lis\/wp-content\/uploads\/sites\/55\/2022\/07\/Lis_SelCercle160_03-150x150.png 150w\" sizes=\"auto, (max-width: 160px) 100vw, 160px\" \/><\/figure><div class=\"wp-block-media-text__content\">\n<p>El coneixement \u00e9s un acte col\u00b7lectiu. Aqu\u00ed inserim fragments de la realitat que ens criden especialment l&#8217;atenci\u00f3 en relaci\u00f3 amb l&#8217;an\u00e0lisi de la corporalitat. A manera de nota de nevera, pengem xinxetes de coneixements, d&#8217;experi\u00e8ncies, d&#8217;imatges &#8230;<\/p>\n\n\n\n<p>&#8220;Si la funci\u00f3n de hembra no es suficiente para definir a la mujer, si tambi\u00e9n nos negamos a explicarla por el \u00abeterno femenino\u00bb y si no obstante aceptamos, aunque sea con car\u00e1cter provisional, que existen mujeres sobre la tierra, tenemos que plantearnos la pregunta de rigor: \u00bfqu\u00e9 es una mujer?&#8221;.&nbsp;Beauvoir, Simone de (1999). El Segundo sexo. Madrid: C\u00e1tedra, Universitat de Val\u00e8ncia e Instituto de la Mujer, p. 49, 1949.&nbsp;<\/p>\n\n\n\n<p>\u201cNecesitamos el poder de las teor\u00edas cr\u00edticas modernas sobre c\u00f3mo son creados los significados y los cuerpos, no para negar los significados y los cuerpos, sino para vivir en significados y en cuerpos que tengan una oportunidad en el futuro\u201d.&nbsp;Haraway, Donna J. 1995. Ciencia, cyborgs y mujeres. La reinvenci\u00f3n de la naturaleza. Madrid: C\u00e1tedra, p. 322.<\/p>\n\n\n\n<p>\u201cEl ni\u00f1o [ni\u00f1a] es psicol\u00f3gicamente el padre [madre] del adulto [adulta]\u201d.&nbsp;Freud, Sigmund. (1940 [1938]). Esquema del psicoan\u00e1lisis. Obras Completas. Vol. XXIII. Buenos Aires: Amorrortu Editores, p. 187, 2012.<\/p>\n\n\n\n<p>\u201cTodo cuerpo se forma a partir de la huella \u00edntima de una historia corporal familiar\u201d.&nbsp;Orbach, Susie. (2010). <em>La tiran\u00eda del culto al cuerpo. <\/em>Barcelona: Paid\u00f3s, p. 89,2009.<\/p>\n\n\n\n<p>\u201cEl feminismo ama otra ciencia: las ciencias y las pol\u00edticas de la interpretaci\u00f3n, de la traducci\u00f3n, del tartamudeo y de lo parcialmente comprendido. El feminismo trata de las ciencias del sujeto m\u00faltiple con (como m\u00ednimo) doble visi\u00f3n. El feminismo trata de una visi\u00f3n cr\u00edtica consecuente con un posicionamiento cr\u00edtico en el espacio social generado no homog\u00e9neo\u201d.&nbsp;Haraway, Donna J. 1995. Ciencia, cyborgs y mujeres. La reinvenci\u00f3n de la naturaleza. Madrid: C\u00e1tedra, p. 336.<\/p>\n<\/div><\/div>\n","protected":false},"excerpt":{"rendered":"<p>El coneixement \u00e9s un acte col\u00b7lectiu. Aqu\u00ed inserim fragments de la realitat que ens criden especialment l&#8217;atenci\u00f3 en relaci\u00f3 amb l&#8217;an\u00e0lisi de la corporalitat. A manera de nota de nevera, pengem xinxetes de coneixements, d&#8217;experi\u00e8ncies, d&#8217;imatges &#8230; &#8220;Si la funci\u00f3n de hembra no es suficiente para definir a la mujer, si tambi\u00e9n nos negamos a [&hellip;]<\/p>\n","protected":false},"author":20,"featured_media":0,"parent":0,"menu_order":0,"comment_status":"closed","ping_status":"closed","template":"","meta":{"footnotes":""},"class_list":["post-39","page","type-page","status-publish","hentry"],"_links":{"self":[{"href":"https:\/\/webs.uab.cat\/lis\/wp-json\/wp\/v2\/pages\/39","targetHints":{"allow":["GET"]}}],"collection":[{"href":"https:\/\/webs.uab.cat\/lis\/wp-json\/wp\/v2\/pages"}],"about":[{"href":"https:\/\/webs.uab.cat\/lis\/wp-json\/wp\/v2\/types\/page"}],"author":[{"embeddable":true,"href":"https:\/\/webs.uab.cat\/lis\/wp-json\/wp\/v2\/users\/20"}],"replies":[{"embeddable":true,"href":"https:\/\/webs.uab.cat\/lis\/wp-json\/wp\/v2\/comments?post=39"}],"version-history":[{"count":1,"href":"https:\/\/webs.uab.cat\/lis\/wp-json\/wp\/v2\/pages\/39\/revisions"}],"predecessor-version":[{"id":42,"href":"https:\/\/webs.uab.cat\/lis\/wp-json\/wp\/v2\/pages\/39\/revisions\/42"}],"wp:attachment":[{"href":"https:\/\/webs.uab.cat\/lis\/wp-json\/wp\/v2\/media?parent=39"}],"curies":[{"name":"wp","href":"https:\/\/api.w.org\/{rel}","templated":true}]}}