{"id":4,"date":"2022-07-19T17:04:19","date_gmt":"2022-07-19T15:04:19","guid":{"rendered":"https:\/\/webs.uab.cat\/lis\/?page_id=4"},"modified":"2024-10-05T19:37:20","modified_gmt":"2024-10-05T17:37:20","slug":"presentacio","status":"publish","type":"page","link":"https:\/\/webs.uab.cat\/lis\/","title":{"rendered":"Presentaci\u00f3"},"content":{"rendered":"\n<div class=\"wp-block-media-text alignwide is-stacked-on-mobile is-vertically-aligned-top\" style=\"grid-template-columns:20% auto\"><figure class=\"wp-block-media-text__media\"><img loading=\"lazy\" decoding=\"async\" width=\"160\" height=\"160\" src=\"https:\/\/webs.uab.cat\/lis\/wp-content\/uploads\/sites\/55\/2022\/07\/Lis_SelCercle160_17.png\" alt=\"\" class=\"wp-image-6 size-full\" srcset=\"https:\/\/webs.uab.cat\/lis\/wp-content\/uploads\/sites\/55\/2022\/07\/Lis_SelCercle160_17.png 160w, https:\/\/webs.uab.cat\/lis\/wp-content\/uploads\/sites\/55\/2022\/07\/Lis_SelCercle160_17-150x150.png 150w\" sizes=\"auto, (max-width: 160px) 100vw, 160px\" \/><\/figure><div class=\"wp-block-media-text__content\">\n<p class=\"has-small-font-size\"><img loading=\"lazy\" decoding=\"async\" width=\"1489\" height=\"287\" class=\"wp-image-185\" style=\"width: 800px\" src=\"https:\/\/webs.uab.cat\/lis\/wp-content\/uploads\/sites\/55\/2024\/01\/Lis_Def02LogoFrontalMosaicAcoplatAjustatFitCurt_Mes.jpg\" alt=\"\" srcset=\"https:\/\/webs.uab.cat\/lis\/wp-content\/uploads\/sites\/55\/2024\/01\/Lis_Def02LogoFrontalMosaicAcoplatAjustatFitCurt_Mes.jpg 1489w, https:\/\/webs.uab.cat\/lis\/wp-content\/uploads\/sites\/55\/2024\/01\/Lis_Def02LogoFrontalMosaicAcoplatAjustatFitCurt_Mes-300x58.jpg 300w, https:\/\/webs.uab.cat\/lis\/wp-content\/uploads\/sites\/55\/2024\/01\/Lis_Def02LogoFrontalMosaicAcoplatAjustatFitCurt_Mes-1024x197.jpg 1024w, https:\/\/webs.uab.cat\/lis\/wp-content\/uploads\/sites\/55\/2024\/01\/Lis_Def02LogoFrontalMosaicAcoplatAjustatFitCurt_Mes-768x148.jpg 768w, https:\/\/webs.uab.cat\/lis\/wp-content\/uploads\/sites\/55\/2024\/01\/Lis_Def02LogoFrontalMosaicAcoplatAjustatFitCurt_Mes-1200x231.jpg 1200w\" sizes=\"auto, (max-width: 1489px) 100vw, 1489px\" \/><\/p>\n\n\n\n<p><\/p>\n\n\n\n<p><em>Lis &#8211; Estudis socials i de g\u00e8nere sobre la corporalitat, la subjectivitat i el patiment evitable<\/em>, adscrit al Departament de Sociologia de la Universitat Aut\u00f2noma de Barcelona (UAB), t\u00e9 per objectiu analitzar les condicions socials de producci\u00f3 de la corporalitat, la subjectivitat, les emocions, i els seus efectes de poder, especialment en el camp de la salut , el treball i l&#8217;esport. Condicions caracteritzades per relacions de desigualtat de sexe, g\u00e8nere, sexualitat, classe social, diversitat funcional i edat, des d&#8217;una aproximaci\u00f3 sociol\u00f2gica, feminista i psicoanal\u00edtica. Abreviem el nom del grup amb el terme &#8220;Lis&#8221;. <em>Lis<\/em> \u00e9s un terme que adoptem de Maria Jes\u00fas Izquierdo a <em>Las, los, les (lis, lus): el sistema sexo\/g\u00e9nero y la mujer como sujeto de transformaci\u00f3n social<\/em> (1983), i el prenem com a un significant que incorpora un passat i s&#8217;orienta cap a un futur de dissoluci\u00f3 dels g\u00e8neres. Per a nosaltres <em>Lis<\/em> \u00e9s un neologisme per a designar vincles, pr\u00e0ctiques, emocions i significats de-generats o que tendeixen a ser-ho. Aquests sorgeixen de les interaccions dels subjectes en les m\u00faltiples formes de resist\u00e8ncia reflexiva, emocional i activa, enfront dels patiments evitables.<\/p>\n\n\n\n<p>En els nostres estudis donem un lloc central a la corporalitat, perqu\u00e8 la nostra premissa \u00e9s que som \u00e9ssers corporals en les nostres interaccions socials d\u2019efectes objectivadors i subjectivadors encarnats. Volem contribuir en el camp de l&#8217;an\u00e0lisi social i, de manera espec\u00edfica, en el sociol\u00f2gic, a inserir en la seva trama explicativa i interpretativa la dimensi\u00f3 corporal. L&#8217;objectiu fonamental de <em>Lis<\/em> \u00e9s doncs generar coneixement, formar i contribuir en els processos de transformaci\u00f3 social presidits per la igualtat, equitat i just\u00edcia psicosocial, per aconseguir reduir el patiment evitable encarnat. El grup est\u00e0 format per persones investigadores de l&#8217;\u00e0mbit de la sociologia, de la psicologia i de la psicoan\u00e0lisi, i per persones en formaci\u00f3 doctoral.<\/p>\n\n\n\n<p><em>Lis<\/em> \u00e9s hereu del GESES &#8211; Grup d&#8217;Estudis sobre Emocions, Sentiments i Societat (1991-2013) del Departament de Sociologia de la UAB, fundat per la professora Mar\u00eda Jes\u00fas Izquierdo. El GESES tenia com a objectius fundacionals potenciar la investigaci\u00f3 social en el camp dels estudis de g\u00e8nere, fomentar la incorporaci\u00f3 de la perspectiva de g\u00e8nere de forma transversal en la investigaci\u00f3 social, i estudiar des d&#8217;una perspectiva interdisciplin\u00e0ria la construcci\u00f3 social de les emocions en relaci\u00f3 amb les principals dimensions de la desigualtat social.&nbsp;Hem iniciat aquesta nova etapa al gener del 2014<em>,<\/em> hem fet nostres aquests objectius fundacionals i els hem orientat cap al camp dels estudis de la corporalitat i la subjectivitat.<\/p>\n\n\n\n<p>Actualment, <em>Lis<\/em> forma part dels Grups de Recerca de la Generalitat de Catalunya reconeguts (2021 SGR 00014), coordinat pel Doctor Enrico Mora, i forma part del CORE en Salut Mental de l\u2019Esfera UAB (CEI), Comunitat de Recerca Estrat\u00e8gica de la UAB.<\/p>\n\n\n\n<p>Pol\u00edtica d&#8217;acc\u00e9s obert:<\/p>\n\n\n\n<figure class=\"wp-block-image size-full\"><img loading=\"lazy\" decoding=\"async\" width=\"80\" height=\"15\" src=\"https:\/\/webs.uab.cat\/lis\/wp-content\/uploads\/sites\/55\/2022\/07\/80x15.png\" alt=\"\" class=\"wp-image-18\" \/><\/figure>\n\n\n\n<p>Aquesta obra est\u00e0 subjecta a una llic\u00e8ncia de <a href=\"https:\/\/creativecommons.org\/licenses\/by-nc\/4.0\/\">Reconeixement-NoComercial 4.0 Internacional de Creative Commons<\/a>.<\/p>\n<\/div><\/div>\n\n\n<div class=\"wp-block-image\">\n<figure class=\"alignleft size-full\"><img loading=\"lazy\" decoding=\"async\" width=\"1330\" height=\"702\" src=\"https:\/\/webs.uab.cat\/lis\/wp-content\/uploads\/sites\/55\/2024\/10\/Captura-de-pantalla-2024-10-05-a-las-19.29.02.png\" alt=\"\" class=\"wp-image-234\" srcset=\"https:\/\/webs.uab.cat\/lis\/wp-content\/uploads\/sites\/55\/2024\/10\/Captura-de-pantalla-2024-10-05-a-las-19.29.02.png 1330w, https:\/\/webs.uab.cat\/lis\/wp-content\/uploads\/sites\/55\/2024\/10\/Captura-de-pantalla-2024-10-05-a-las-19.29.02-300x158.png 300w, https:\/\/webs.uab.cat\/lis\/wp-content\/uploads\/sites\/55\/2024\/10\/Captura-de-pantalla-2024-10-05-a-las-19.29.02-1024x540.png 1024w, https:\/\/webs.uab.cat\/lis\/wp-content\/uploads\/sites\/55\/2024\/10\/Captura-de-pantalla-2024-10-05-a-las-19.29.02-768x405.png 768w, https:\/\/webs.uab.cat\/lis\/wp-content\/uploads\/sites\/55\/2024\/10\/Captura-de-pantalla-2024-10-05-a-las-19.29.02-1200x633.png 1200w\" sizes=\"auto, (max-width: 1330px) 100vw, 1330px\" \/><\/figure>\n<\/div>\n\n\n<p> <\/p>\n\n\n\n<p><\/p>\n\n\n\n<p class=\"has-small-font-size\">Desde hace diversos d\u00edas, se est\u00e1 llevando a cabo un violento ataque contra un grupo de investigaci\u00f3n de la&nbsp;<strong>Universit\u00e0 degli Studi Roma Tre&nbsp;<\/strong>que est\u00e1 llevando a cabo un estudio sobre la infancia de g\u00e9nero creativo. La investigaci\u00f3n, aprobada por el Comit\u00e9 de \u00c9tica de la Universidad y que no ha recibido financiaci\u00f3n p\u00fablica, ha sido objeto de ataques por parte de organizaciones italianas como &#8220;RadFem Italia&#8221; y &#8220;ProVita e Famiglia&#8221;, a trav\u00e9s de la difusi\u00f3n de informaci\u00f3n falsa, bulos, art\u00edculos enga\u00f1osos y campa\u00f1as sociales difamatorias. As\u00ed mismo, estas organizaciones tambi\u00e9n han publicado los nombres de lxs investigadores, exponi\u00e9ndolxs a campa\u00f1as de odio y generando un clima de miedo entre las familias que voluntariamente quisieron participar en esta investigaci\u00f3n. Este ataque tambi\u00e9n ha amplificado a nivel pol\u00edtico: el vicepresidente de la C\u00e1mara de Diputados, Fabio Rampelli (del partido pol\u00edtico Fratelli d\u2019Italia), ha declarado que va a presentar una interpelaci\u00f3n parlamentaria para que la Ministra de Universidades e Investigaci\u00f3n, Anna Maria Bernini (del partido pol\u00edtico Forza Italia), intervenga en lo que Rampelli define como \u201clocura ideol\u00f3gica\u201d.<\/p>\n\n\n\n<p class=\"has-small-font-size\">Como red GIFTS, un colectivo de investigadoras, investigadores y invetsigadorxs que, dentro o fuera de la Universidad, se dedican a estudios de G\u00e9nero, Intersexuales, Feministas, Transfeministas y sobre Sexualidad,&nbsp;<strong>denunciamos abierta y firmemente esta deriva autoritaria dirigida a limitar la autonom\u00eda y la libertad de la investigaci\u00f3n cient\u00edfica, garantizadas por los art\u00edculos 9 y 33 de la Constituci\u00f3n de Italia<\/strong>.<\/p>\n\n\n\n<p class=\"has-small-font-size\"><strong>El trabajo de investigaci\u00f3n es y debe seguir siendo libre de presiones pol\u00edtico- institucionales, independiente y basado en evidencias cient\u00edficas, y no en creencias ideol\u00f3gicas que buscan invisibilizar la existencia y la experiencia vivida de aquellos colectivos que no encajan con esas creencias.&nbsp;<\/strong>La realidad de los hechos no puede someterse a la visi\u00f3n partidista de ning\u00fan partido pol\u00edtico.<\/p>\n\n\n\n<p class=\"has-small-font-size\">Es imprescindible que quienes investigan puedan trabajar en un ambiente tranquilo, sin temer ataques, linchamientos medi\u00e1ticos, intrusiones en su vida privada o instrumentalizaciones pol\u00edticas. Sin embargo, las personas que hacen investigaci\u00f3n, especialmente las personas trans en situaci\u00f3n precaria, actualmente se encuentran enfrent\u00e1ndose a un estr\u00e9s adicional y un creciente deterioro de sus condiciones de trabajo, siendo cada d\u00eda m\u00e1s precarias.<\/p>\n\n\n\n<p class=\"has-small-font-size\">Como red GIFTS, expresamos todo nuestro apoyo y solidaridad con lxs colegas investigadores objeto de este ataque.<\/p>\n\n\n\n<p class=\"has-small-font-size\">Lo ocurrido en la Universit\u00e0 degli Studi Roma Tre no es un hecho aislado en Italia, sino que forma parte de un&nbsp;<strong>clima cultural y pol\u00edtico general de ataques sistem\u00e1ticos contra la vida de personas trans y no binarias, especialmente ni\u00f1xs y adolescentes, como, por ejemplo, lo acaecido en la inspecci\u00f3n en el Hospital Careggi de Firenze.<\/strong><\/p>\n\n\n\n<p class=\"has-small-font-size\">Este \u00faltimo evento que ahora denunciamos confirma no solo el car\u00e1cter transf\u00f3bico y abiertamente hostil del clima cultural, social y pol\u00edtico hacia la comunidad LGBTIQIA+, sino tambi\u00e9n el intento de controlar los centros de investigaci\u00f3n y las universidades en la producci\u00f3n de conocimientos en este campo.<\/p>\n\n\n\n<p class=\"has-small-font-size\">Por ello, como red GIFTS, esperamos que el mundo acad\u00e9mico responda de manera unida ante esta peligrosa y violenta injerencia de la pol\u00edtica, mostrando su solidaridad con el grupo de investigaci\u00f3n de la Universit\u00e0 degli Studi Roma Tre, respecto al cual el Rector de la universidad ha emitido dos comunicados:&nbsp;lee aqu\u00ed los comunicados.<\/p>\n\n\n\n<p class=\"has-small-font-size\">Ante esto, la Universidad no puede permanecer en silencio ni ser c\u00f3mplice, sino que debe defender con fuerza la libertad de investigaci\u00f3n, la importancia y validez de los estudios de g\u00e9nero y sexualidad, creando las condiciones para que los conocimientos trans y queer puedan desarrollarse sin interferencias indebidas.<\/p>\n\n\n\n<p class=\"has-small-font-size\"><strong>29.09.2024 | rete.gifts@gmail.com |https:\/\/retegifts.wordpress.com<\/strong><\/p>\n","protected":false},"excerpt":{"rendered":"<p>Desde hace diversos d\u00edas, se est\u00e1 llevando a cabo un violento ataque contra un grupo de investigaci\u00f3n de la&nbsp;Universit\u00e0 degli Studi Roma Tre&nbsp;que est\u00e1 llevando a cabo un estudio sobre la infancia de g\u00e9nero creativo. La investigaci\u00f3n, aprobada por el Comit\u00e9 de \u00c9tica de la Universidad y que no ha recibido financiaci\u00f3n p\u00fablica, ha sido [&hellip;]<\/p>\n","protected":false},"author":20,"featured_media":0,"parent":0,"menu_order":0,"comment_status":"closed","ping_status":"closed","template":"","meta":{"footnotes":""},"class_list":["post-4","page","type-page","status-publish","hentry"],"_links":{"self":[{"href":"https:\/\/webs.uab.cat\/lis\/wp-json\/wp\/v2\/pages\/4","targetHints":{"allow":["GET"]}}],"collection":[{"href":"https:\/\/webs.uab.cat\/lis\/wp-json\/wp\/v2\/pages"}],"about":[{"href":"https:\/\/webs.uab.cat\/lis\/wp-json\/wp\/v2\/types\/page"}],"author":[{"embeddable":true,"href":"https:\/\/webs.uab.cat\/lis\/wp-json\/wp\/v2\/users\/20"}],"replies":[{"embeddable":true,"href":"https:\/\/webs.uab.cat\/lis\/wp-json\/wp\/v2\/comments?post=4"}],"version-history":[{"count":23,"href":"https:\/\/webs.uab.cat\/lis\/wp-json\/wp\/v2\/pages\/4\/revisions"}],"predecessor-version":[{"id":237,"href":"https:\/\/webs.uab.cat\/lis\/wp-json\/wp\/v2\/pages\/4\/revisions\/237"}],"wp:attachment":[{"href":"https:\/\/webs.uab.cat\/lis\/wp-json\/wp\/v2\/media?parent=4"}],"curies":[{"name":"wp","href":"https:\/\/api.w.org\/{rel}","templated":true}]}}