{"id":43,"date":"2022-07-19T17:15:20","date_gmt":"2022-07-19T15:15:20","guid":{"rendered":"https:\/\/webs.uab.cat\/lis\/?page_id=43"},"modified":"2022-07-19T17:15:20","modified_gmt":"2022-07-19T15:15:20","slug":"vincles","status":"publish","type":"page","link":"https:\/\/webs.uab.cat\/lis\/vincles\/","title":{"rendered":"Vincles"},"content":{"rendered":"\n<div class=\"wp-block-media-text alignwide is-stacked-on-mobile is-vertically-aligned-top\" style=\"grid-template-columns:24% auto\"><figure class=\"wp-block-media-text__media\"><img loading=\"lazy\" decoding=\"async\" width=\"160\" height=\"160\" src=\"https:\/\/webs.uab.cat\/lis\/wp-content\/uploads\/sites\/55\/2022\/07\/Lis_SelCercle160_07.png\" alt=\"\" class=\"wp-image-44 size-full\" srcset=\"https:\/\/webs.uab.cat\/lis\/wp-content\/uploads\/sites\/55\/2022\/07\/Lis_SelCercle160_07.png 160w, https:\/\/webs.uab.cat\/lis\/wp-content\/uploads\/sites\/55\/2022\/07\/Lis_SelCercle160_07-150x150.png 150w\" sizes=\"auto, (max-width: 160px) 100vw, 160px\" \/><\/figure><div class=\"wp-block-media-text__content\">\n<p>El vincle amb <em>Lis<\/em> \u00e9s obert a aquelles persones que comparteixin la tem\u00e0tica del grup i les premisses fonamentals que enfoquen la nostra feina, des del respecte a la pluralitat i a les formes d&#8217;entendre la investigaci\u00f3 i l&#8217;estudi de la corporalitat i la subjectivitat amb perspectiva de g\u00e8nere. Les persones que vulguin vincular-se ho poden fer dirigint-se al coordinador del grup, adjuntant una breu carta de motivaci\u00f3 i un curr\u00edculum redu\u00eft.<\/p>\n\n\n\n<p>El vincle amb <em>Lis<\/em> no \u00e9s exclusiu ni excloent, pel que fa a la participaci\u00f3 amb altres \u00e0mbits i espais d&#8217;estudi i d\u2019investigaci\u00f3 acad\u00e8mica. Tamb\u00e9 la vinculaci\u00f3 \u00e9s variable en dedicaci\u00f3, perman\u00e8ncia i responsabilitat, a acordar en cada cas. No \u00e9s una condici\u00f3 necess\u00e0ria pert\u00e0nyer al m\u00f3n acad\u00e8mic per participar de les activitats <em>Lis<\/em>, si b\u00e9 \u00e9s recomanable disposar d&#8217;un coneixement suficient sobre les q\u00fcestions tractades pel grup.<\/p>\n\n\n\n<h2 class=\"wp-block-heading\">Personal investigador:<\/h2>\n\n\n\n<p>Dr. Enrico Mora.&nbsp;Coordinador del grup.&nbsp;Universitat Aut\u00f2noma de Barcelona. Departament de Sociologia<\/p>\n\n\n\n<p>Dra. Margot Pujal i Llombart. Universitat Aut\u00f2noma de Barcelona. Departament de Psicologia Social<\/p>\n\n\n\n<p>Dra. Pilar Albertin Carbo. Universitat de Girona. Departament de Psicologia<\/p>\n\n\n\n<p>Dra. Carmen Castro.&nbsp;El Colegio de Sonora.&nbsp;Centro de Estudios en Salud y Sociedad.&nbsp;<\/p>\n\n\n\n<p>Dr. Luis Jimenez.&nbsp;University of East London.&nbsp;School of Psychology.<\/p>\n\n\n\n<p>Dra. Andrea&nbsp;Lizama-Lefno. Universidad de Santiago de Chile.&nbsp;Facultad de Ciencias M\u00e9dicas<\/p>\n\n\n\n<p>Dr. Albert Martin i G\u00f3mez. Ajutanment de Barcelona i Universitat Aut\u00f2noma de Barcelona,&nbsp;Departament de Sociologia<\/p>\n\n\n\n<p>Dr. Juan Andr\u00e9s Pino.&nbsp;Universidad de O&#8217;Higgins<\/p>\n\n\n\n<p>Dra. Lorena Etcheberry. Universidad de Chile<\/p>\n\n\n\n<p>Dra. Alicia Rain. Universidad Aut\u00f3noma de Chile<\/p>\n\n\n\n<p>Dra. Michela Mariotto<\/p>\n\n\n\n<h2 class=\"wp-block-heading\">Personal investigador doctoral:<\/h2>\n\n\n\n<p>Sra. Laura Fern\u00e1ndez.&nbsp;Programa de Doctorat en Sociologia (Departament de Sociologia)<\/p>\n\n\n\n<p>Sra. Irina Schapova. Programa de&nbsp;Doctorat Interuniversitari en Estudis de G\u00e8nere: Cultures, Societats i Pol\u00edtiques (Institut Interuniversitari en&nbsp;Estudis de Dones i G\u00e8nere &#8211; iiEDG &#8211; UAB)<\/p>\n\n\n\n<p>Sra. Beatriz P\u00e9rez P\u00e9rez.&nbsp;Programa de Doctorat&nbsp;Persona i Societat en el M\u00f3n Contemporani (Departament de Psicologia Social)<\/p>\n\n\n\n<p>Sra. Grecia Guzman.&nbsp;Programa de Doctorat&nbsp;Persona i Societat en el M\u00f3n Contemporani (Departament de Psicologia Social)<\/p>\n\n\n\n<p>Sr. Diego Andres Bravo.&nbsp;Programa de Doctorat en Sociologia (Departament de Sociologia)<\/p>\n\n\n\n<p>Sra. Valeska Morales.Programa de Doctorat en Sociologia (Departament de Sociologia)<\/p>\n\n\n\n<p>Sra. Dahiana Gamboa Morales.&nbsp;Programa de Doctorat en Sociologia (Departament de Sociologia)<\/p>\n\n\n\n<p>Sra. Fernanda Marin Rey. Programa de&nbsp;Doctorat Interuniversitari en Estudis de G\u00e8nere: Cultures, Societats i Pol\u00edtiques (Institut Interuniversitari en&nbsp;Estudis de Dones i G\u00e8nere &#8211; iiEDG &#8211; UAB)<\/p>\n\n\n\n<p>Sra. Gloria Casanova Molina. Programa de Doctorat en Antropologia Social (Departament d&#8217;Antropologia)<\/p>\n\n\n\n<p>Sra. Mar\u00eda S\u00e1nchez Fern\u00e1ndez.&nbsp;Programa de&nbsp;Doctorat Interuniversitari en Estudis de G\u00e8nere: Cultures, Societats i Pol\u00edtiques (Institut Interuniversitari en&nbsp;Estudis de Dones i G\u00e8nere &#8211; iiEDG &#8211; UAB)<\/p>\n\n\n\n<h2 class=\"wp-block-heading\">Afinitats:<\/h2>\n\n\n\n<p>Centre Joan Rivi\u00e8re en Psicologia i G\u00e8nere:&nbsp;<a href=\"https:\/\/serveis.uab.cat\/psicologiagenere\/\">https:\/\/serveis.uab.cat\/psicologiagenere\/<\/a><\/p>\n\n\n\n<p>Des-Subjectant.GESPGI (Grup d&#8217;Estudis Socials de la Subjecci\u00f3 i la Subjectivitat des d&#8217;una Perspectiva de G\u00e8nere Interseccional):&nbsp;<a href=\"https:\/\/serveis.uab.cat\/psicologiagenere\/content\/recerca-en-g\u00e8nere-en-psicologia\">https:\/\/serveis.uab.cat\/psicologiagenere\/content\/recerca-en-g\u00e8nere-en-psicologia<\/a><\/p>\n\n\n\n<p>Departament de Sociologia de la UAB:&nbsp;<a href=\"https:\/\/www.uab.cat\/departament\/sociologia\/\" target=\"_blank\" rel=\"noreferrer noopener\">https:\/\/www.uab.cat\/departament\/sociologia\/<\/a><\/p>\n\n\n\n<p>Departament de Psicologia Social de la UAB:&nbsp;<a href=\"https:\/\/www.uab.cat\/departament\/psicologia-social\/\" target=\"_blank\" rel=\"noreferrer noopener\">https:\/\/www.uab.cat\/departament\/psicologia-social\/<\/a><\/p>\n\n\n\n<p>Institut Interuniversitari d&#8217;Estudis de Dones i G\u00e8nere (iiEDG):&nbsp;<a href=\"https:\/\/www.iiedg.org\/que-es\" target=\"_blank\" rel=\"noreferrer noopener\">https:\/\/www.iiedg.org\/que-es<\/a><\/p>\n\n\n\n<p>iPsi, Centre d\u2019Atenci\u00f3, Doc\u00e8ncia i Investigaci\u00f3 en Salut Mental:&nbsp;<a href=\"https:\/\/www.centreipsi.com\" target=\"_blank\" rel=\"noreferrer noopener\">https:\/\/www.centreipsi.com<\/a><\/p>\n\n\n\n<p>Instituto Complutense de Estudios Internacionales. G\u00e9nero:&nbsp;<a href=\"https:\/\/www.ucm.es\/icei\/genero\" target=\"_blank\" rel=\"noreferrer noopener\">https:\/\/www.ucm.es\/icei\/genero<\/a><\/p>\n\n\n\n<p>Grupo de Estudios sobre Sociolog\u00eda de las Emociones y los Cuerpos:&nbsp;<a href=\"https:\/\/cuerposyemociones.com.ar\" target=\"_blank\" rel=\"noreferrer noopener\">https:\/\/cuerposyemociones.com.ar<\/a><\/p>\n\n\n\n<p>Medical Anthropology Research Center:&nbsp;<a href=\"https:\/\/www.marc.urv.cat\/es_index\/\" target=\"_blank\" rel=\"noreferrer noopener\">https:\/\/www.marc.urv.cat\/es_index\/<\/a><\/p>\n\n\n\n<p>Revista Latinoamericana de Estudios sobre Cuerpos, Emociones y Sociedad:&nbsp;<a href=\"https:\/\/www.relaces.com.ar\/index.php\/relaces\" target=\"_blank\" rel=\"noreferrer noopener\">https:\/\/www.relaces.com.ar\/index.php\/relaces<\/a><\/p>\n\n\n\n<p>Centro de Estudios en Salud y Sociedad (El Colegio de Sonora):&nbsp;<a href=\"https:\/\/www.colson.edu.mx:8080\/Investigacion\/Centro.aspx?i=12%20\" target=\"_blank\" rel=\"noreferrer noopener\">https:\/\/www.colson.edu.mx:8080\/Investigacion\/Centro.aspx?i=12%20<\/a><\/p>\n<\/div><\/div>\n","protected":false},"excerpt":{"rendered":"<p>El vincle amb Lis \u00e9s obert a aquelles persones que comparteixin la tem\u00e0tica del grup i les premisses fonamentals que enfoquen la nostra feina, des del respecte a la pluralitat i a les formes d&#8217;entendre la investigaci\u00f3 i l&#8217;estudi de la corporalitat i la subjectivitat amb perspectiva de g\u00e8nere. Les persones que vulguin vincular-se ho [&hellip;]<\/p>\n","protected":false},"author":20,"featured_media":0,"parent":0,"menu_order":0,"comment_status":"closed","ping_status":"closed","template":"","meta":{"footnotes":""},"class_list":["post-43","page","type-page","status-publish","hentry"],"_links":{"self":[{"href":"https:\/\/webs.uab.cat\/lis\/wp-json\/wp\/v2\/pages\/43","targetHints":{"allow":["GET"]}}],"collection":[{"href":"https:\/\/webs.uab.cat\/lis\/wp-json\/wp\/v2\/pages"}],"about":[{"href":"https:\/\/webs.uab.cat\/lis\/wp-json\/wp\/v2\/types\/page"}],"author":[{"embeddable":true,"href":"https:\/\/webs.uab.cat\/lis\/wp-json\/wp\/v2\/users\/20"}],"replies":[{"embeddable":true,"href":"https:\/\/webs.uab.cat\/lis\/wp-json\/wp\/v2\/comments?post=43"}],"version-history":[{"count":1,"href":"https:\/\/webs.uab.cat\/lis\/wp-json\/wp\/v2\/pages\/43\/revisions"}],"predecessor-version":[{"id":46,"href":"https:\/\/webs.uab.cat\/lis\/wp-json\/wp\/v2\/pages\/43\/revisions\/46"}],"wp:attachment":[{"href":"https:\/\/webs.uab.cat\/lis\/wp-json\/wp\/v2\/media?parent=43"}],"curies":[{"name":"wp","href":"https:\/\/api.w.org\/{rel}","templated":true}]}}