{"id":47,"date":"2022-07-19T17:15:58","date_gmt":"2022-07-19T15:15:58","guid":{"rendered":"https:\/\/webs.uab.cat\/lis\/?page_id=47"},"modified":"2022-07-19T17:15:58","modified_gmt":"2022-07-19T15:15:58","slug":"contacte","status":"publish","type":"page","link":"https:\/\/webs.uab.cat\/lis\/contacte\/","title":{"rendered":"Contacte"},"content":{"rendered":"\n<div class=\"wp-block-media-text alignwide is-stacked-on-mobile is-vertically-aligned-top\" style=\"grid-template-columns:25% auto\"><figure class=\"wp-block-media-text__media\"><img loading=\"lazy\" decoding=\"async\" width=\"160\" height=\"160\" src=\"https:\/\/webs.uab.cat\/lis\/wp-content\/uploads\/sites\/55\/2022\/07\/Lis_SelCercle160_16.png\" alt=\"\" class=\"wp-image-48 size-full\" srcset=\"https:\/\/webs.uab.cat\/lis\/wp-content\/uploads\/sites\/55\/2022\/07\/Lis_SelCercle160_16.png 160w, https:\/\/webs.uab.cat\/lis\/wp-content\/uploads\/sites\/55\/2022\/07\/Lis_SelCercle160_16-150x150.png 150w\" sizes=\"auto, (max-width: 160px) 100vw, 160px\" \/><\/figure><div class=\"wp-block-media-text__content\">\n<p>Coordinaci\u00f3: Enrico Mora<\/p>\n\n\n\n<p>Direcci\u00f3:&nbsp;Despatx <em>Lis,<\/em>&nbsp;B3b-199.2.<\/p>\n\n\n\n<p>Departament de Sociologia, Edificio B<\/p>\n\n\n\n<p>Campus de la Universitat Aut\u00f2noma de Barcelona. 08193 &#8211; Bellaterra (Barcelona). Spain<\/p>\n\n\n\n<p>email: <a href=\"mailto:enrico.mora@uab.cat\">enrico.mora@uab.cat<\/a><\/p>\n<\/div><\/div>\n","protected":false},"excerpt":{"rendered":"<p>Coordinaci\u00f3: Enrico Mora Direcci\u00f3:&nbsp;Despatx Lis,&nbsp;B3b-199.2. Departament de Sociologia, Edificio B Campus de la Universitat Aut\u00f2noma de Barcelona. 08193 &#8211; Bellaterra (Barcelona). Spain email: enrico.mora@uab.cat<\/p>\n","protected":false},"author":20,"featured_media":0,"parent":0,"menu_order":0,"comment_status":"closed","ping_status":"closed","template":"","meta":{"footnotes":""},"class_list":["post-47","page","type-page","status-publish","hentry"],"_links":{"self":[{"href":"https:\/\/webs.uab.cat\/lis\/wp-json\/wp\/v2\/pages\/47","targetHints":{"allow":["GET"]}}],"collection":[{"href":"https:\/\/webs.uab.cat\/lis\/wp-json\/wp\/v2\/pages"}],"about":[{"href":"https:\/\/webs.uab.cat\/lis\/wp-json\/wp\/v2\/types\/page"}],"author":[{"embeddable":true,"href":"https:\/\/webs.uab.cat\/lis\/wp-json\/wp\/v2\/users\/20"}],"replies":[{"embeddable":true,"href":"https:\/\/webs.uab.cat\/lis\/wp-json\/wp\/v2\/comments?post=47"}],"version-history":[{"count":1,"href":"https:\/\/webs.uab.cat\/lis\/wp-json\/wp\/v2\/pages\/47\/revisions"}],"predecessor-version":[{"id":50,"href":"https:\/\/webs.uab.cat\/lis\/wp-json\/wp\/v2\/pages\/47\/revisions\/50"}],"wp:attachment":[{"href":"https:\/\/webs.uab.cat\/lis\/wp-json\/wp\/v2\/media?parent=47"}],"curies":[{"name":"wp","href":"https:\/\/api.w.org\/{rel}","templated":true}]}}