{"id":228,"date":"2026-04-15T19:29:56","date_gmt":"2026-04-15T17:29:56","guid":{"rendered":"https:\/\/webs.uab.cat\/livre-icrea\/?page_id=228"},"modified":"2026-04-15T19:29:56","modified_gmt":"2026-04-15T17:29:56","slug":"related-output","status":"publish","type":"page","link":"https:\/\/webs.uab.cat\/livre-icrea\/related-output\/","title":{"rendered":"Related Output"},"content":{"rendered":"\n<h2 class=\"wp-block-heading\">MA dissertations &amp; final papers<\/h2>\n\n\n\n<ul class=\"wp-block-list\">\n<li>Abel Garcia &amp; Zeanpeng Zhao. Code switching en entornos de realidad virtual. Trabajo final: M\u00e9todos de investigaci\u00f3n en perspectivas pluril\u00edngues. M\u00e1ster en Investigaci\u00f3n en Educaci\u00f3n. Universitat Aut\u00f2noma de Barcelona. March 2026.<\/li>\n<\/ul>\n","protected":false},"excerpt":{"rendered":"<p>MA dissertations &amp; final papers<\/p>\n","protected":false},"author":294,"featured_media":0,"parent":0,"menu_order":0,"comment_status":"closed","ping_status":"closed","template":"","meta":{"footnotes":""},"class_list":["post-228","page","type-page","status-publish","hentry"],"_links":{"self":[{"href":"https:\/\/webs.uab.cat\/livre-icrea\/wp-json\/wp\/v2\/pages\/228","targetHints":{"allow":["GET"]}}],"collection":[{"href":"https:\/\/webs.uab.cat\/livre-icrea\/wp-json\/wp\/v2\/pages"}],"about":[{"href":"https:\/\/webs.uab.cat\/livre-icrea\/wp-json\/wp\/v2\/types\/page"}],"author":[{"embeddable":true,"href":"https:\/\/webs.uab.cat\/livre-icrea\/wp-json\/wp\/v2\/users\/294"}],"replies":[{"embeddable":true,"href":"https:\/\/webs.uab.cat\/livre-icrea\/wp-json\/wp\/v2\/comments?post=228"}],"version-history":[{"count":1,"href":"https:\/\/webs.uab.cat\/livre-icrea\/wp-json\/wp\/v2\/pages\/228\/revisions"}],"predecessor-version":[{"id":230,"href":"https:\/\/webs.uab.cat\/livre-icrea\/wp-json\/wp\/v2\/pages\/228\/revisions\/230"}],"wp:attachment":[{"href":"https:\/\/webs.uab.cat\/livre-icrea\/wp-json\/wp\/v2\/media?parent=228"}],"curies":[{"name":"wp","href":"https:\/\/api.w.org\/{rel}","templated":true}]}}