{"id":192,"date":"2009-05-25T13:31:33","date_gmt":"2009-05-25T11:31:33","guid":{"rendered":"https:\/\/webs.uab.cat\/llibersegur\/que-hacemos\/"},"modified":"2010-01-21T13:41:41","modified_gmt":"2010-01-21T11:41:41","slug":"que-hacemos","status":"publish","type":"page","link":"https:\/\/webs.uab.cat\/llibersegur\/es\/que-hacemos\/","title":{"rendered":"Qu\u00e9 hacemos"},"content":{"rendered":"<p><strong>Qu\u00e9 hacemos<\/strong><\/p>\n<p><strong>Estudiamos las tensiones entre los valores de la libertad y al seguridad en el mundo de hoy. El civismo es un concepto que puede superar esta dicotom\u00eda.<\/strong><\/p>\n<p><strong> Hagamos informes, estudios, publicaciones sobre estos aspectos.<\/strong><\/p>\n<p><strong> Nuestro enfoque es fundamentalmente jur\u00eddico, desde la concepci\u00f3n de la teor\u00eda del estado, abiertos a una reflexi\u00f3n \u00e8tico-pol\u00edtica.<\/strong><\/p>\n","protected":false},"excerpt":{"rendered":"<p>Qu\u00e9 hacemos Estudiamos las tensiones entre los valores de la libertad y al seguridad en el mundo de hoy. El civismo es un concepto que puede superar esta dicotom\u00eda. Hagamos informes, estudios, publicaciones sobre estos aspectos. Nuestro enfoque es fundamentalmente jur\u00eddico, desde la concepci\u00f3n de la teor\u00eda del estado, abiertos a una reflexi\u00f3n \u00e8tico-pol\u00edtica.<\/p>\n","protected":false},"author":20,"featured_media":0,"parent":0,"menu_order":0,"comment_status":"closed","ping_status":"closed","template":"","meta":{"footnotes":""},"class_list":["post-192","page","type-page","status-publish","hentry"],"_links":{"self":[{"href":"https:\/\/webs.uab.cat\/llibersegur\/es\/wp-json\/wp\/v2\/pages\/192","targetHints":{"allow":["GET"]}}],"collection":[{"href":"https:\/\/webs.uab.cat\/llibersegur\/es\/wp-json\/wp\/v2\/pages"}],"about":[{"href":"https:\/\/webs.uab.cat\/llibersegur\/es\/wp-json\/wp\/v2\/types\/page"}],"author":[{"embeddable":true,"href":"https:\/\/webs.uab.cat\/llibersegur\/es\/wp-json\/wp\/v2\/users\/20"}],"replies":[{"embeddable":true,"href":"https:\/\/webs.uab.cat\/llibersegur\/es\/wp-json\/wp\/v2\/comments?post=192"}],"version-history":[{"count":0,"href":"https:\/\/webs.uab.cat\/llibersegur\/es\/wp-json\/wp\/v2\/pages\/192\/revisions"}],"wp:attachment":[{"href":"https:\/\/webs.uab.cat\/llibersegur\/es\/wp-json\/wp\/v2\/media?parent=192"}],"curies":[{"name":"wp","href":"https:\/\/api.w.org\/{rel}","templated":true}]}}