{"id":167,"date":"2009-05-25T13:22:03","date_gmt":"2009-05-25T11:22:03","guid":{"rendered":"https:\/\/webs.uab.cat\/llibersegur\/projectes-rd\/"},"modified":"2022-11-21T16:29:05","modified_gmt":"2022-11-21T14:29:05","slug":"projectes-rd","status":"publish","type":"page","link":"https:\/\/webs.uab.cat\/llibersegur\/projectes-rd\/","title":{"rendered":"Projectes R+D"},"content":{"rendered":"\n<h2 class=\"wp-block-heading\">Universitat Aut\u00f2noma de Barcelona<\/h2>\n\n\n\n<p>IP Joan Llu\u00eds P\u00e9rez Francesch<\/p>\n\n\n\n<p>Subvencions a grups emergents UAB. Concessi\u00f3 per acord de la comissi\u00f3 d\u2019Investigaci\u00f3, 5 de desembre de 2007 (codi: EME 2007-18). Grup &nbsp;de recerca UAB n\u00famero 1765.<\/p>\n\n\n\n<h2 class=\"wp-block-heading\"><strong>Institut de Dret i Tecnologia (UAB)<\/strong>.<\/h2>\n\n\n\n<p>Joan Llu\u00eds P\u00e9rez Francesch<\/p>\n\n\n\n<p>Tom\u00e1s Gil M\u00e0rquez<\/p>\n\n\n\n<p>T\u00edtulo del Proyecto: <strong>CAPER<\/strong> &#8211; Collaborative information, Acquisition, Processing,<br>Exploitation and Reporting for the prevention of organised crime (261712-FP7-SEC-<br>2010-1)<br>Investigador Principal: Carlos Monreal (S21Sec)<br>Investigador Principal IDT: Pompeu Casanovas<br>Coordinador: S21sec<br>Entidad financiadora: European Commission (VII Framework Programme)<br>Periodo: 2011\/07\/18 a 2013\/12\/31<\/p>\n\n\n\n<p>T\u00edtulo del Proyecto: <strong>INTEGRA<\/strong> &#8211; Investigaci\u00f3n en Tecnolog\u00edas para la Gesti\u00f3n de la<br>Migraci\u00f3n (CEN2008-1018)<br>Investigador Principal: Jos\u00e9 M. Molina &amp; M.A. Patricio<br>Investigador Principal IDT: Marta Poblet<br>Coordinator: Telvent Interactiva<br>Entidad financiadora: CDTI<br>Periodo: 2008\/01\/01 a 2011\/12\/31<\/p>\n\n\n\n<p><strong>Consolider-Ingenio<\/strong><\/p>\n\n\n\n<p>Denominaci\u00f3n del proyecto: &#8221;El tiempo de los derechos. Historia de los derechos fundamentales. Siglo<br>XX&#8221;.<br>Investigador\/es responsable\/es: Gregorio Peces-Barba, Eusebio Fern\u00e1ndez, Rafael de As\u00eds, Javier A.<br>Entidad\/es financiadora\/s: Projecte Consolider-Ingenio 2010<br>Fecha de inicio: 01\/02\/2008.<\/p>\n\n\n\n<p><strong>I+D+I<\/strong><\/p>\n\n\n\n<p>&#8220;No discriminaci\u00f3n y persona&#8221;<br>Entidad de realizaci\u00f3n: Universitat Aut\u00f2noma de Barcelona<br>Investigador\/es responsable\/es: M\u00aa del Carmen Gete-Alonso Calera.<\/p>\n\n\n\n<p>Ministerio de Educaci\u00f3n y Ciencia<\/p>\n\n\n\n<p>&#8220;Nuevas configuraci\u00f3n de la persona f\u00edsica. revisi\u00f3n de las condiciones<br>personales, familiares y patrimoniales. El principio de no discriminaci\u00f3n&#8221;<\/p>\n\n\n\n<p>Investigador\/es responsable\/es: M\u00aa del Carmen Gete-Alonso Calera<br>Ministerio de Ciencia e Innovaci\u00f3n<\/p>\n","protected":false},"excerpt":{"rendered":"<p>Universitat Aut\u00f2noma de Barcelona IP Joan Llu\u00eds P\u00e9rez Francesch Subvencions a grups emergents UAB. Concessi\u00f3 per acord de la comissi\u00f3 d\u2019Investigaci\u00f3, 5 de desembre de 2007 (codi: EME 2007-18). Grup &nbsp;de recerca UAB n\u00famero 1765. Institut de Dret i Tecnologia (UAB). Joan Llu\u00eds P\u00e9rez Francesch Tom\u00e1s Gil M\u00e0rquez T\u00edtulo del Proyecto: CAPER &#8211; Collaborative information, [&hellip;]<\/p>\n","protected":false},"author":20,"featured_media":0,"parent":0,"menu_order":0,"comment_status":"closed","ping_status":"closed","template":"","meta":{"footnotes":""},"class_list":["post-167","page","type-page","status-publish","hentry"],"_links":{"self":[{"href":"https:\/\/webs.uab.cat\/llibersegur\/wp-json\/wp\/v2\/pages\/167","targetHints":{"allow":["GET"]}}],"collection":[{"href":"https:\/\/webs.uab.cat\/llibersegur\/wp-json\/wp\/v2\/pages"}],"about":[{"href":"https:\/\/webs.uab.cat\/llibersegur\/wp-json\/wp\/v2\/types\/page"}],"author":[{"embeddable":true,"href":"https:\/\/webs.uab.cat\/llibersegur\/wp-json\/wp\/v2\/users\/20"}],"replies":[{"embeddable":true,"href":"https:\/\/webs.uab.cat\/llibersegur\/wp-json\/wp\/v2\/comments?post=167"}],"version-history":[{"count":1,"href":"https:\/\/webs.uab.cat\/llibersegur\/wp-json\/wp\/v2\/pages\/167\/revisions"}],"predecessor-version":[{"id":466,"href":"https:\/\/webs.uab.cat\/llibersegur\/wp-json\/wp\/v2\/pages\/167\/revisions\/466"}],"wp:attachment":[{"href":"https:\/\/webs.uab.cat\/llibersegur\/wp-json\/wp\/v2\/media?parent=167"}],"curies":[{"name":"wp","href":"https:\/\/api.w.org\/{rel}","templated":true}]}}