{"id":168,"date":"2009-05-25T13:22:59","date_gmt":"2009-05-25T11:22:59","guid":{"rendered":"https:\/\/webs.uab.cat\/llibersegur\/serveis\/"},"modified":"2022-11-21T17:11:43","modified_gmt":"2022-11-21T15:11:43","slug":"serveis","status":"publish","type":"page","link":"https:\/\/webs.uab.cat\/llibersegur\/serveis\/","title":{"rendered":"Serveis"},"content":{"rendered":"\n<h2 class=\"wp-block-heading\">Serveis oferts pel grup<\/h2>\n\n\n\n<p>Assessorament jur\u00eddic en projectes normatius, en especial ordenances de civisme.<\/p>\n\n\n\n<p>Organitzaci\u00f3 de seminaris de reflexi\u00f3 sobre les transformacions de l&#8217;organitzaci\u00f3 de la conviv\u00e8ncia, a partir de les tensions entre els valors de la lllibertat i la seguretat.<\/p>\n\n\n\n<p>Elaboraci\u00f3 de treballs acad\u00e8mics en el si del grup (tesis doctorals, recerques de grau i postgrau).<\/p>\n\n\n\n<p>Suport jur\u00eddic a propostes sobre garantia dels drets de les persones en l&#8217;\u00fas de les TIC&#8217;s.<\/p>\n\n\n\n<h2 class=\"wp-block-heading\"><strong>OBSERVATORI DEL CIVISME I DE LA CONVIV\u00c8NCIA A CATALUNYA:<\/strong><\/h2>\n\n\n\n<p>1) An\u00e0lisi sistem\u00e0tica de les ordenances de civisme, amb la intenci\u00f3 de fer un balan\u00e7 deconductes c\u00edviques i inc\u00edviques, i els valors socials dominants.<\/p>\n\n\n\n<p>2) Explicitar la import\u00e0ncia de l&#8217;espai p\u00fablic en una societat democr\u00e0tica. Estudiar aix\u00ed els conflictes que es donen amb els diferents drets fonamentals de les persones.<\/p>\n\n\n\n<p>3) Fer propostes normatives per al futur (Codi de bones pr\u00e0ctiques civiques).<\/p>\n\n\n\n<p>4) Desenvolupar aplicatius per denuncies, facilitar les funciones dels agents c\u00edvcs i la pol\u00edcia, i en el seu cas sancions o mediacions. En col.laboraci\u00f3 amb l&#8217;IDT.<\/p>\n\n\n\n<p>Director: Dr. Joan Llu\u00eds P\u00e9rez Francesch<\/p>\n\n\n\n<p><a class=\"moz-txt-link-freetext\" href=\"http:\/\/blogs.uab.cat\/observatoriconvivenciaicivisme\/\">http:\/\/blogs.uab.cat\/observatoriconvivenciaicivisme\/<\/a>&nbsp;<\/p>\n","protected":false},"excerpt":{"rendered":"<p>Serveis oferts pel grup Assessorament jur\u00eddic en projectes normatius, en especial ordenances de civisme. Organitzaci\u00f3 de seminaris de reflexi\u00f3 sobre les transformacions de l&#8217;organitzaci\u00f3 de la conviv\u00e8ncia, a partir de les tensions entre els valors de la lllibertat i la seguretat. Elaboraci\u00f3 de treballs acad\u00e8mics en el si del grup (tesis doctorals, recerques de grau [&hellip;]<\/p>\n","protected":false},"author":20,"featured_media":0,"parent":0,"menu_order":0,"comment_status":"closed","ping_status":"closed","template":"","meta":{"footnotes":""},"class_list":["post-168","page","type-page","status-publish","hentry"],"_links":{"self":[{"href":"https:\/\/webs.uab.cat\/llibersegur\/wp-json\/wp\/v2\/pages\/168","targetHints":{"allow":["GET"]}}],"collection":[{"href":"https:\/\/webs.uab.cat\/llibersegur\/wp-json\/wp\/v2\/pages"}],"about":[{"href":"https:\/\/webs.uab.cat\/llibersegur\/wp-json\/wp\/v2\/types\/page"}],"author":[{"embeddable":true,"href":"https:\/\/webs.uab.cat\/llibersegur\/wp-json\/wp\/v2\/users\/20"}],"replies":[{"embeddable":true,"href":"https:\/\/webs.uab.cat\/llibersegur\/wp-json\/wp\/v2\/comments?post=168"}],"version-history":[{"count":4,"href":"https:\/\/webs.uab.cat\/llibersegur\/wp-json\/wp\/v2\/pages\/168\/revisions"}],"predecessor-version":[{"id":505,"href":"https:\/\/webs.uab.cat\/llibersegur\/wp-json\/wp\/v2\/pages\/168\/revisions\/505"}],"wp:attachment":[{"href":"https:\/\/webs.uab.cat\/llibersegur\/wp-json\/wp\/v2\/media?parent=168"}],"curies":[{"name":"wp","href":"https:\/\/api.w.org\/{rel}","templated":true}]}}