{"id":169,"date":"2009-05-25T13:24:08","date_gmt":"2009-05-25T11:24:08","guid":{"rendered":"https:\/\/webs.uab.cat\/llibersegur\/enllacos\/"},"modified":"2009-05-25T13:24:08","modified_gmt":"2009-05-25T11:24:08","slug":"enllacos","status":"publish","type":"page","link":"https:\/\/webs.uab.cat\/llibersegur\/enllacos\/","title":{"rendered":"Enlla\u00e7os"},"content":{"rendered":"<p>Llistat d&#8217;enlla\u00e7os d&#8217;inter\u00e8s:<\/p>\n<p>Institut de dret i tecnologia: <a href=\"http:\/\/idt.uab.es\/index.php?option=com_content&amp;view=article&amp;id=114&amp;Itemid=58\">http:\/\/idt.uab.es<\/a><\/p>\n<p>Facultat de Dret: <a href=\"http:\/\/www.uab.cat\/dret\/\">http:\/\/www.uab.cat\/dret\/<\/a><\/p>\n<p>Universitat Aut\u00f2noma de Barcelona: <a href=\"http:\/\/www.uab.cat\/\">http:\/\/www.uab.cat\/<\/a><\/p>\n<p>Departament de Ci\u00e8ncia Pol\u00edtica i de Dret P\u00fablic: <a href=\"http:\/\/cpdp.uab.es\/\">http:\/\/cpdp.uab.es\/<\/a><\/p>\n<p>OCCCAT (Observatori de la conviv\u00e8ncia i el civisme a Catalunya):&nbsp;<a href=\"http:\/\/blogs.uab.cat\/observatoriconvivenciaicivisme\/\" class=\"moz-txt-link-freetext\">http:\/\/blogs.uab.cat\/observatoriconvivenciaicivisme\/<\/a>&nbsp;<\/p>\n<p>Instituto Espa\u00f1ol de Estudios Estrat\u00e9gicos:&nbsp;<a href=\"http:\/\/www.ieee.es\/\" class=\"moz-txt-link-freetext\">http:\/\/www.ieee.es\/<\/a><\/p>\n<p>Institut Emmanuel Mounier Catalunya: <a href=\"https:\/\/mouniercatalunya.wordpress.com\/\" class=\"moz-txt-link-freetext\">https:\/\/mouniercatalunya.wordpress.com\/<\/a> <\/p>\n<p>Institut de Seguretat P\u00fablica de Catalunya: <a href=\"http:\/\/ispc.gencat.cat\/ca\" class=\"moz-txt-link-freetext\">http:\/\/ispc.gencat.cat\/ca<\/a> <\/p>\n<p>Institut de Ci\u00e8ncies Pol\u00edtiques i Socials: <a href=\"http:\/\/www.icps.cat\/\" class=\"moz-txt-link-freetext\">http:\/\/www.icps.cat\/<\/a> <\/p>\n<p>Comer\u00e7 i ciutat (Cerdanyola del Vall\u00e8s): <a href=\"https:\/\/www.youtube.com\/watch?v=Qgk3LB3oV6s\" class=\"moz-txt-link-freetext\">https:\/\/www.youtube.com\/watch?v=Qgk3LB3oV6s<\/a><\/p>\n<p>CEDHICO, Centre d&#8217;estudis per al desenvolupament hum\u00e0 i comunitari: <a href=\"http:\/\/www.cedhico.org\/\" class=\"moz-txt-link-freetext\">http:\/\/www.cedhico.org<\/a><\/p>\n<p>Universitat de Tblisi: <a href=\"https:\/\/www.tsu.ge\/en\/\" class=\"moz-txt-link-freetext\">https:\/\/www.tsu.ge\/en\/<\/a><\/p>\n","protected":false},"excerpt":{"rendered":"<p>Llistat d&#8217;enlla\u00e7os d&#8217;inter\u00e8s: Institut de dret i tecnologia: http:\/\/idt.uab.es Facultat de Dret: http:\/\/www.uab.cat\/dret\/ Universitat Aut\u00f2noma de Barcelona: http:\/\/www.uab.cat\/ Departament de Ci\u00e8ncia Pol\u00edtica i de Dret P\u00fablic: http:\/\/cpdp.uab.es\/ OCCCAT (Observatori de la conviv\u00e8ncia i el civisme a Catalunya):&nbsp;http:\/\/blogs.uab.cat\/observatoriconvivenciaicivisme\/&nbsp; Instituto Espa\u00f1ol de Estudios Estrat\u00e9gicos:&nbsp;http:\/\/www.ieee.es\/ Institut Emmanuel Mounier Catalunya: https:\/\/mouniercatalunya.wordpress.com\/ Institut de Seguretat P\u00fablica de Catalunya: http:\/\/ispc.gencat.cat\/ca Institut [&hellip;]<\/p>\n","protected":false},"author":20,"featured_media":0,"parent":0,"menu_order":0,"comment_status":"closed","ping_status":"closed","template":"","meta":{"footnotes":""},"class_list":["post-169","page","type-page","status-publish","hentry"],"_links":{"self":[{"href":"https:\/\/webs.uab.cat\/llibersegur\/wp-json\/wp\/v2\/pages\/169","targetHints":{"allow":["GET"]}}],"collection":[{"href":"https:\/\/webs.uab.cat\/llibersegur\/wp-json\/wp\/v2\/pages"}],"about":[{"href":"https:\/\/webs.uab.cat\/llibersegur\/wp-json\/wp\/v2\/types\/page"}],"author":[{"embeddable":true,"href":"https:\/\/webs.uab.cat\/llibersegur\/wp-json\/wp\/v2\/users\/20"}],"replies":[{"embeddable":true,"href":"https:\/\/webs.uab.cat\/llibersegur\/wp-json\/wp\/v2\/comments?post=169"}],"version-history":[{"count":0,"href":"https:\/\/webs.uab.cat\/llibersegur\/wp-json\/wp\/v2\/pages\/169\/revisions"}],"wp:attachment":[{"href":"https:\/\/webs.uab.cat\/llibersegur\/wp-json\/wp\/v2\/media?parent=169"}],"curies":[{"name":"wp","href":"https:\/\/api.w.org\/{rel}","templated":true}]}}